{"id":123,"date":"2015-04-29T13:03:58","date_gmt":"2015-04-29T13:03:58","guid":{"rendered":"http:\/\/wpd.ugr.es\/~icufop\/?page_id=123"},"modified":"2015-04-30T11:11:27","modified_gmt":"2015-04-30T11:11:27","slug":"produccion","status":"publish","type":"page","link":"https:\/\/wpd.ugr.es\/~icufop\/produccion\/","title":{"rendered":"Producci\u00f3n"},"content":{"rendered":"<div id=\"pl-123\"  class=\"panel-layout\" ><div id=\"pg-123-0\"  class=\"panel-grid panel-has-style\" ><div class=\"panel-row-style panel-row-style-for-123-0\" ><div id=\"pgc-123-0-0\"  class=\"panel-grid-cell\" ><div id=\"panel-123-0-0-0\" class=\"so-panel widget widget_black-studio-tinymce widget_black_studio_tinymce panel-first-child panel-last-child\" data-index=\"0\" ><div class=\"textwidget\"><h3 style=\"text-align: center;\"><a title=\"Producci\u00f3n docente\" href=\"http:\/\/wpd.ugr.es\/~icufop\/produccion-docente\/\">PRODUCCI\u00d3N DOCENTE<\/a><\/h3>\n<\/div><\/div><\/div><div id=\"pgc-123-0-1\"  class=\"panel-grid-cell\" ><div id=\"panel-123-0-1-0\" class=\"so-panel widget widget_black-studio-tinymce widget_black_studio_tinymce panel-first-child panel-last-child\" data-index=\"1\" ><div class=\"textwidget\"><h3 style=\"text-align: center;\"><a title=\"Producci\u00f3n acad\u00e9mica\" href=\"http:\/\/wpd.ugr.es\/~icufop\/produccion-academica\/\">PRODUCCI\u00d3N ACAD\u00c9MICA<\/a><\/h3>\n<\/div><\/div><\/div><div id=\"pgc-123-0-2\"  class=\"panel-grid-cell\" ><div id=\"panel-123-0-2-0\" class=\"so-panel widget widget_black-studio-tinymce widget_black_studio_tinymce panel-first-child panel-last-child\" data-index=\"2\" ><div class=\"textwidget\"><h3 style=\"text-align: center;\"><a title=\"Producci\u00f3n investigadora\" href=\"http:\/\/wpd.ugr.es\/~icufop\/produccion-investigadora\/\">PRODUCCI\u00d3N INVESTIGADORA<\/a><\/h3>\n<\/div><\/div><\/div><\/div><\/div><\/div>","protected":false},"excerpt":{"rendered":"<p>PRODUCCI\u00d3N DOCENTE PRODUCCI\u00d3N ACAD\u00c9MICA PRODUCCI\u00d3N INVESTIGADORA<\/p>\n","protected":false},"author":1,"featured_media":233,"parent":0,"menu_order":0,"comment_status":"open","ping_status":"open","template":"","meta":{"_acf_changed":false,"jetpack_post_was_ever_published":false,"footnotes":""},"acf":[],"jetpack_sharing_enabled":false,"jetpack_shortlink":"https:\/\/wp.me\/P64Oaw-1Z","_links":{"self":[{"href":"https:\/\/wpd.ugr.es\/~icufop\/wp-json\/wp\/v2\/pages\/123"}],"collection":[{"href":"https:\/\/wpd.ugr.es\/~icufop\/wp-json\/wp\/v2\/pages"}],"about":[{"href":"https:\/\/wpd.ugr.es\/~icufop\/wp-json\/wp\/v2\/types\/page"}],"author":[{"embeddable":true,"href":"https:\/\/wpd.ugr.es\/~icufop\/wp-json\/wp\/v2\/users\/1"}],"replies":[{"embeddable":true,"href":"https:\/\/wpd.ugr.es\/~icufop\/wp-json\/wp\/v2\/comments?post=123"}],"version-history":[{"count":4,"href":"https:\/\/wpd.ugr.es\/~icufop\/wp-json\/wp\/v2\/pages\/123\/revisions"}],"predecessor-version":[{"id":134,"href":"https:\/\/wpd.ugr.es\/~icufop\/wp-json\/wp\/v2\/pages\/123\/revisions\/134"}],"wp:featuredmedia":[{"embeddable":true,"href":"https:\/\/wpd.ugr.es\/~icufop\/wp-json\/wp\/v2\/media\/233"}],"wp:attachment":[{"href":"https:\/\/wpd.ugr.es\/~icufop\/wp-json\/wp\/v2\/media?parent=123"}],"curies":[{"name":"wp","href":"https:\/\/api.w.org\/{rel}","templated":true}]}}