{"id":125,"date":"2015-04-29T13:07:59","date_gmt":"2015-04-29T13:07:59","guid":{"rendered":"http:\/\/wpd.ugr.es\/~icufop\/?page_id=125"},"modified":"2015-05-01T11:22:44","modified_gmt":"2015-05-01T11:22:44","slug":"produccion-docente","status":"publish","type":"page","link":"https:\/\/wpd.ugr.es\/~icufop\/produccion\/produccion-docente\/","title":{"rendered":"Producci\u00f3n docente"},"content":{"rendered":"<h6 style=\"text-align: center;\">(Datos extraidos de SICA a 29 de abril de 2015)<\/h6>\n<h3>Libro y\/o manual<\/h3>\n<ul>\n<li>Robles-V\u00edlchez, M\u00aa Carmen.. Unidades De Programaci\u00f3n Did\u00e1ctica: Distintas Modalidades. Didactica: Teor\u00eda Y Practica De La Ense\u00f1anza. A Ed. : , 2009. 30<\/li>\n<li>Villena-Higueras, Jos\u00e9 Luis; Molina-Fern\u00e1ndez, Elvira.. La Profec\u00eda: Torneo Por El Conocimiento. A Ed. Camag\u00fcey, Cuba: , 2010. Cd<\/li>\n<li>Robles-V\u00edlchez, M\u00aa Carmen.. Los Materiales Didacticos Impresos Y Su Tecnolog\u00eda. Manual Nuevas Tecnolog\u00edas Aplicadas A La Educaci\u00f3n. Editorial Pir\u00e1mide. A Ed. : , 2006. 21<\/li>\n<\/ul>\n","protected":false},"excerpt":{"rendered":"<p>(Datos extraidos de SICA a 29 de abril de 2015) Libro y\/o manual Robles-V\u00edlchez, M\u00aa Carmen.. Unidades De Programaci\u00f3n Did\u00e1ctica: Distintas Modalidades. Didactica: Teor\u00eda Y Practica De La Ense\u00f1anza. A Ed. : , 2009. 30 Villena-Higueras, Jos\u00e9 Luis; Molina-Fern\u00e1ndez, Elvira.. La Profec\u00eda: Torneo Por El Conocimiento. A Ed. Camag\u00fcey, Cuba: , 2010. Cd Robles-V\u00edlchez, M\u00aa [&hellip;]<\/p>\n","protected":false},"author":1,"featured_media":0,"parent":123,"menu_order":0,"comment_status":"open","ping_status":"open","template":"","meta":{"_acf_changed":false,"jetpack_post_was_ever_published":false,"footnotes":""},"acf":[],"jetpack_sharing_enabled":true,"jetpack_shortlink":"https:\/\/wp.me\/P64Oaw-21","_links":{"self":[{"href":"https:\/\/wpd.ugr.es\/~icufop\/wp-json\/wp\/v2\/pages\/125"}],"collection":[{"href":"https:\/\/wpd.ugr.es\/~icufop\/wp-json\/wp\/v2\/pages"}],"about":[{"href":"https:\/\/wpd.ugr.es\/~icufop\/wp-json\/wp\/v2\/types\/page"}],"author":[{"embeddable":true,"href":"https:\/\/wpd.ugr.es\/~icufop\/wp-json\/wp\/v2\/users\/1"}],"replies":[{"embeddable":true,"href":"https:\/\/wpd.ugr.es\/~icufop\/wp-json\/wp\/v2\/comments?post=125"}],"version-history":[{"count":4,"href":"https:\/\/wpd.ugr.es\/~icufop\/wp-json\/wp\/v2\/pages\/125\/revisions"}],"predecessor-version":[{"id":279,"href":"https:\/\/wpd.ugr.es\/~icufop\/wp-json\/wp\/v2\/pages\/125\/revisions\/279"}],"up":[{"embeddable":true,"href":"https:\/\/wpd.ugr.es\/~icufop\/wp-json\/wp\/v2\/pages\/123"}],"wp:attachment":[{"href":"https:\/\/wpd.ugr.es\/~icufop\/wp-json\/wp\/v2\/media?parent=125"}],"curies":[{"name":"wp","href":"https:\/\/api.w.org\/{rel}","templated":true}]}}