{"id":127,"date":"2015-04-29T13:09:44","date_gmt":"2015-04-29T13:09:44","guid":{"rendered":"http:\/\/wpd.ugr.es\/~icufop\/?page_id=127"},"modified":"2015-04-29T13:26:02","modified_gmt":"2015-04-29T13:26:02","slug":"produccion-academica","status":"publish","type":"page","link":"https:\/\/wpd.ugr.es\/~icufop\/produccion\/produccion-academica\/","title":{"rendered":"Producci\u00f3n acad\u00e9mica"},"content":{"rendered":"<h6 style=\"text-align: center;\">(Datos extraidos de SICA a 29 de abril de 2015)<\/h6>\n<h3>Tesis doctorales<\/h3>\n<ul>\n<li>Tesis Doctoral. Martinez-Rodriguez, Juan Bautista. Los Alumnos Y La Reconstrucci\u00f3n Del Curriculum: An\u00e1lisis De Procesos De Innovaci\u00f3n Curricular. Dirigido Por: Gimeno-Sacristan, Jose;. Universidad De Valencia (Estudi General). Did\u00e1ctica Y Organizaci\u00f3n Escolar. 1990<\/li>\n<li>Tesis Doctoral. Rodriguez-Quiles-Y Garcia, Jose Antonio. La Educaci\u00f3n Musical En Los Proyectos Curriculares De Educaci\u00f3n Primaria En Andaluc\u00eda: Evaluaci\u00f3n De Su Propuesta Y Desarrollo. Dirigido Por: Martinez-Rodriguez, Juan Bautista; Ortiz-Molina, Mar\u00eda Angustias;. Universidad De Granada. Did\u00e1ctica De La Expresion Musical, Pl\u00e1stica Y Corporal. 2001<\/li>\n<li>Tesis Doctoral. . Pensamiento Cr\u00edtico Y Habilidades Comunicativas De Estudiantes Universitarios En Chile: Tensiones Y Desaf\u00edos Asociados A Su Perfil De Ingreso A La Universidad. Dirigido Por: Villena-Higueras, Jos\u00e9 Luis;. . 17\/12\/2012<\/li>\n<li>Trabajo Conducente A Obtenci\u00f3n De Dea. . El Papel De La Escuela Frente A Los Modelos De Identificaci\u00f3n De Los J\u00f3venes. Dirigido Por: Fern\u00e1ndez-Rodr\u00edguez, Eduardo;. . 11\/09\/2013<\/li>\n<li>Proyecto Fin De Carrera. . Reflexi\u00f3n Sobre La Propia Pr\u00e1ctica Docente En La Asignatura Educaci\u00f3n Para La Paz Y La Igualdad En Formaci\u00f3n Inicial Del Profesorado. Una Propuesta De Mejora. Dirigido Por: Ruiz -Requies, In\u00e9s ;. . 04\/09\/2012<\/li>\n<li>Tesis Doctoral. Redon-Pantoja, Salvia Mar\u00eda. Los Significados De La Transversalidad En El Curriculum: Un Estudio De Casos. Dirigido Por: Martinez-Rodriguez, Juan Bautista;. Universidad De C\u00e1diz. Did\u00e1ctica Y Organizaci\u00f3n Escolar. 2006<\/li>\n<li>Tesis Doctoral. . Discriminaci\u00f3n O Igualdad. La Educaci\u00f3n En El Respeto A La Diferencia A Trav\u00e9s De La Ense\u00f1anza De La Historia. Dirigido Por: ;Anguita-Mart\u00ednez, M.Del Roc\u00edo. . 27\/05\/2010<\/li>\n<li>Tesis Doctoral. . Aprender Ciencias: \u00bfEn Igualdad De Condiciones O Con Diferencias? Factores Que Limitan La Participaci\u00f3n De Las Ni\u00f1as En El \u00c1mbito De La Ciencia . Dirigido Por: ;Anguita-Mart\u00ednez, M.Del Roc\u00edo. . 10\/11\/2005<\/li>\n<li>Trabajo Conducente A Obtenci\u00f3n De Dea. . Conceptos De Desarrollo, G\u00e9nero Y Educaci\u00f3n Para El Desarrollo: Base Para Una Propuesta Educativa. Dirigido Por: ;. . 17\/12\/2009<\/li>\n<li>Tesis Doctoral. . Pedagog\u00eda De La Muerte En Personas Con Discapacidad Intelectual. Elaboraci\u00f3n, Aplicaci\u00f3n Y Evaluaci\u00f3n De Un Programa Educativo. Dirigido Por: ;. . 29\/02\/2012<\/li>\n<li>Trabajo Conducente A Obtenci\u00f3n De Dea. . . Investigar En La Escuela Como Base Para El Desarrollo Profesional Docente: Etnograf\u00eda De La Pr\u00e1ctica Docente En Un Aula De Cuarto De Primaria. Dirigido Por: Fern\u00e1ndez-Rodr\u00edguez, Eduardo;. Facultad De Educaci\u00f3n Y Trabajo Social, Valladolid, Espa\u00f1a. 24\/09\/2010<\/li>\n<li>Tesis Doctoral. Padua-Arcos, Daniela. El Estudio De Casos Como Proceso De Conocimiento: El Estudio De Un Caso. Dirigido Por: Martinez-Rodriguez, Juan Bautista;. Junta De Andaluc\u00eda. Otros Departamentos. 1998<\/li>\n<li>Tesis Doctoral. Trigueros-Cervantes, Carmen. Nuevos Significados Del Juego Tradicional En El Desarrollo Curricular De La Educaci\u00f3n F\u00edsica En Centros De Educaci\u00f3n Primaria De Granada. Dirigido Por: Martinez-Rodriguez, Juan Bautista;. Universidad De Granada. Did\u00e1ctica Y Organizaci\u00f3n Escolar. 2001<\/li>\n<li>Trabajo Conducente A Obtenci\u00f3n De Dea. Molina-Fern\u00e1ndez, Elvira. Acci\u00f3n Educativa Con Organizadores Visuales En Alumnado Con Trastorno Espec\u00edfico Del Lenguaje. Dirigido Por: ;. Dto Did\u00e1ctica Y Organizaci\u00f3n Escolar, Facultad De Ciencias De La Educaci\u00f3n, Universidad De Granada. 13\/06\/2007<\/li>\n<li>Tesis Doctoral. . La Construcci\u00f3n De La Infancia De Origen Amazigh En La Escuela: Estudio De Caso En La Ciudad De Melilla. Dirigido Por: ;Martinez-Rodriguez, Juan Bautista; Villena-Higueras, Jos\u00e9 Luis. . 20\/09\/2012<\/li>\n<li>Tesis Doctoral. . Responsabilidad Social Universitaria: Una Nueva Mirada A La Relaci\u00f3n De La Universidad Con La Sociedad Desde La Perspectiva De Las Partes Interesadas. Un Estudio De Caso. Dirigido Por: Guti\u00e9rrez-Peque\u00f1o, Jose Miguel;. . 11\/11\/2010<\/li>\n<li>Tesis Doctoral. Santos-Pastor, Maria Luisa. Las Actividades En El Medio Natural En La Educacion Fisica Escolar. Dirigido Por: Anguita-Mart\u00ednez, M.Del Roc\u00edo;. Universidad De Valladolid. Did\u00e1ctica De La Expresi\u00f3n Plastica, Musical Y Corporal. 1999<\/li>\n<li>Tesis Doctoral. Reyes-L\u00f3pez, Maria Luisa. La Musica En Educaci\u00f3n Primaria. Una Perspectiva Desde El Maestro Especialista. Dirigido Por: Rivera-Garcia, Enrique; Trigueros-Cervantes, Carmen; Ortiz-Molina, Mar\u00eda Angustias;. Universidad De Granada. Did\u00e1ctica De La Expresion Musical, Pl\u00e1stica Y Corporal. 2005<\/li>\n<li>Tesis Doctoral. . El Desarrollo De Competencias En La Formaci\u00f3n Inicial Del Profesorado En Tecnolog\u00eda Educativa : An\u00e1lisis De Los Dise\u00f1os Educativos Cscl A Partir De Un Estudio De Caso M\u00faltiple . Dirigido Por: ;Anguita-Mart\u00ednez, M.Del Roc\u00edo. . 14\/05\/2009<\/li>\n<li>Trabajo Conducente A Obtenci\u00f3n De Dea. . Representaciones E Imaginarios Docentes Respecto De La Formaci\u00f3n Inicial De Profesionales De La Educaci\u00f3n: Un An\u00e1lisis Pol\u00edtico Del Discurso. Dirigido Por: Fern\u00e1ndez-Rodr\u00edguez, Eduardo;. . 10\/07\/2013<\/li>\n<li>Tesis Doctoral. Edesio-Torrealba, Elvis. Aplicaci\u00f3n De La Inform\u00e1tica Como Herramienta De Capacitaci\u00f3n Para Entrenadores De Gimnasia Art\u00edstica. Dirigido Por: D\u00edez-Guti\u00e9rrez, Enrique Javier;. Universidad De Le\u00f3n. Did\u00e1ctica General, Espec\u00edficas Y Teor\u00eda De La Educaci\u00f3n. 2005<\/li>\n<li>Tesis Doctoral. Fern\u00e1ndez-Rodr\u00edguez, Eduardo. Did\u00e1ctica Universitaria. An\u00e1lisis Pol\u00edtico De Los Discursos Sobre La Formaci\u00f3n Profesional En La Educaci\u00f3n Superior. Dirigido Por: Cascante-Fern\u00e1ndez, Cesar Antonio;. Universidad De Oviedo. Ciencias De La Educaci\u00f3n. 2008<\/li>\n<li>Tesis Doctoral. Rubio-Soto, Graciela. Memoria Y Pasado Reciente En La Experiencia Chilena. Dirigido Por: Martinez-Rodriguez, Juan Bautista;. Universidad De Granada. Did\u00e1ctica Y Organizaci\u00f3n Escolar. 2010<\/li>\n<li>Tesis Doctoral. Noguera-Juarez, Maria Del Pilar. An\u00e1lisis De La Ense\u00f1anza Del Espa\u00f1ol Para Inmigrantes Adultos Magreb\u00edes En La Provincia De Granada. Elaboraci\u00f3n De Un M\u00e9todo De Espa\u00f1ol B\u00e1sico. Dirigido Por: Villena-Higueras, Jos\u00e9 Luis; Ortega-Carrillo, Jose Antonio;. Universidad De Granada. Did\u00e1ctica Y Organizaci\u00f3n Escolar. 2011<\/li>\n<li>Tesis Doctoral. Villena-Higueras, Jos\u00e9 Luis. An\u00e1lisis De Un Programa De Interaprendizaje Comunitario En Un Distrito Marginal De Lima (Per\u00fa). Dirigido Por: Ortega-Carrillo, Jose Antonio; Lorenzo-Delgado, Manuel;. Universidad De Granada. Did\u00e1ctica Y Organizaci\u00f3n Escolar. 2004<\/li>\n<li>Tesis Doctoral. Arostegui-Plaza, Jose Luis. Democracia Y Curriculum: La Participacion Del Alumnado En El Aula De Musica. Dirigido Por: Martinez-Rodriguez, Juan Bautista;. Universidad De Granada. Did\u00e1ctica Y Organizaci\u00f3n Escolar. 1999<\/li>\n<li>Tesis Doctoral. . El Curriculum Y Los Libros De Texto De Econom\u00eda: El Caso De Castilla Y Le\u00f3n. Dirigido Por: Anguita-Mart\u00ednez, M.Del Roc\u00edo;. . 20\/01\/2011<\/li>\n<li>Tesina. . Presidente De Tribunal De Tfm. Dirigido Por: ;. . 21\/09\/2012<\/li>\n<li>Proyecto Fin De Carrera. . Reflexi\u00f3n Sobre La Propia Pr\u00e1ctica Docente En La Asignatura Educaci\u00f3n Para La Paz Y La Igualdad En Formaci\u00f3n Inicial Del Profesorado. Una Propuesta De Mejora. Dirigido Por: ;. Escuela Universitaria De Segovia. 04\/09\/2012<\/li>\n<li>Tesis Doctoral. Bustos-Jim\u00e9nez, Antonio. Los Grupos Multigrado De E. Primaria En Andalucia. Dirigido Por: Lorenzo-Delgado, Manuel; Martinez-Rodriguez, Juan Bautista;. Universidad De Granada. Did\u00e1ctica Y Organizaci\u00f3n Escolar. 2006<\/li>\n<li>Tesis Doctoral. . Biblioteca Sem\u00e1ntica De Webquest . Dirigido Por: ;. . 14\/11\/2005<\/li>\n<li>Tesis Doctoral. . Las Mujeres Investigadoras En La Universidad De Valladolid . Dirigido Por: ;Anguita-Mart\u00ednez, M.Del Roc\u00edo. . 16\/06\/2005<\/li>\n<li>Tesis Doctoral. . El Desarrollo Profesional Del Profesorado Centrado En El Uso De Rutinas De Dise\u00f1o Y Pr\u00e1cticas Colaborativas Con Tic En Educaci\u00f3n Primaria. Dirigido Por: ;Anguita-Mart\u00ednez, M.Del Roc\u00edo. Universidad De Valladolid. Facultad De Educaci\u00f3n Y Trabajo Social. 05\/07\/2012<\/li>\n<li>Trabajo Conducente A Obtenci\u00f3n De Dea. . La Tutor\u00eda Universitaria En Una Asignatura De 1\u00ba Grado De Educaci\u00f3n Primaria De La Universidad De Valladolid.. Dirigido Por: Fern\u00e1ndez-Rodr\u00edguez, Eduardo;. . 17\/09\/2010<\/li>\n<li>Trabajo Conducente A Obtenci\u00f3n De Dea. . La Formaci\u00f3n Inicial Del Profesorado De Educaci\u00f3n. An\u00e1lisis Pol\u00edtico Del Discurso Sobre Las Pr\u00e1cticas Docentes En La Universidad Espa\u00f1ola. Dirigido Por: Fern\u00e1ndez-Rodr\u00edguez, Eduardo;. . 10\/07\/2013<\/li>\n<li>Trabajo Conducente A Obtenci\u00f3n De Dea. . Dise\u00f1o De Un Espacio Virtual De Aprendizaje Colaborativo Para Dinamizadores De Telecentros. An\u00e1lisis De Necesidades. Dirigido Por: ;Ruiz -Requies, In\u00e9s . Universidad De Valladolid. Facultad De Educaci\u00f3n Y Trabajo Social. 01\/07\/2011<\/li>\n<li>Tesis Doctoral. Muros-Ruiz, Beatriz. Teorias Implicitas Del Profesorado Universitario Espa\u00f1ol Sobre Su Practica De La Pedagogia Critica. Dirigido Por: Trigueros-Cervantes, Carmen; Rivera-Garcia, Enrique;. Universidad De Granada. Did\u00e1ctica De La Expresion Musical, Pl\u00e1stica Y Corporal. 2004<\/li>\n<li>Tesis Doctoral. Anguita-Mart\u00ednez, M.Del Roc\u00edo. La Socializacion Del Futuro Profesorado De Primaria Durante Las Practicas De Ense\u00f1anza. Dirigido Por: Martinez-Rodriguez, Juan Bautista;. Universidad De Granada. Did\u00e1ctica Y Organizaci\u00f3n Escolar. 1996<\/li>\n<li>Tesis Doctoral. Rivera-Garcia, Enrique. Evaluacion De La Elaboracion Y Desarrollo Del Proyecto Curricular Del Area De E.F. En Centros De Educacion Primaria. Dirigido Por: Martinez-Rodriguez, Juan Bautista;. Junta De Andaluc\u00eda. Otros Departamentos. 1999<\/li>\n<li>Tesis Doctoral. . La Competencia Literaria En Educaci\u00f3n Infantil: Estrategias Did\u00e1cticas Y Materiales Literarios Como Facotr De Desarrollo. Dirigido Por: ;Ruiz -Requies, In\u00e9s . Universidad De Valladolid. Facultad De Educaci\u00f3n Y Trabajo Social. 12\/07\/2012<\/li>\n<li>Proyecto Fin De Carrera. . Uso Pedag\u00f3gico Del Ordenador En La Etapa De Educaci\u00f3n Primaria. Un Estudio De Caso. Dirigido Por: Ruiz -Requies, In\u00e9s ;. . 04\/09\/2012<\/li>\n<li>Tesis Doctoral. Robles-V\u00edlchez, M\u00aa Carmen. Construcci\u00f3n De La Ciudadan\u00eda En El \u00c1mbito Escolar. Un Estudio De La Educaci\u00f3n C\u00edvica En La Costa Granadina.. Dirigido Por: Ortega-Carrillo, Jose Antonio; Bolivar-Botia, Antonio;. Universidad De Granada. Did\u00e1ctica Y Organizaci\u00f3n Escolar. 2010<\/li>\n<li>Tesis Doctoral. Oca\u00f1a-Fern\u00e1ndez, Almudena. Identidad Y Ciclos De Desarrollo Profesional De Los Maestros Y Maestras De Educaci\u00f3n Musical. Dirigido Por: Pozo-Llorente, Maria Teresa; Ortiz-Molina, Mar\u00eda Angustias;. Universidad De Granada. Did\u00e1ctica De La Expresion Musical, Pl\u00e1stica Y Corporal. 2006<\/li>\n<li>Tesis Doctoral. Garcia-Gomez, Teresa. Las Mujeres Y Los Equipos Directivos. An\u00e1lisis En Los Centros P\u00fablicos De Dos Provincias Andaluzas. Dirigido Por: Ballar\u00edn-Domingo, Pilar; Martinez-Rodriguez, Juan Bautista;. Universidad De Granada. Did\u00e1ctica Y Organizaci\u00f3n Escolar. 2002<\/li>\n<li>Trabajo Conducente A Obtenci\u00f3n De Dea. Molina-Fern\u00e1ndez, Elvira. Acci\u00f3n Educativa Con Organizadores Visuales En Alumnado Con Trastorno Espec\u00edfico Del Lenguaje. Dirigido Por: ;. Dto Did\u00e1ctica Y Organizaci\u00f3n Escolar, Facultad De Ciencias De La Educaci\u00f3n, Universidad De Granada. 13\/06\/2007<\/li>\n<li>Trabajo Conducente A Obtenci\u00f3n De Dea. . El Discurso Laicista Que Subyace En La Materia De Educaci\u00f3n Para La Ciudadan\u00eda Y Los Derechos Humanos De 2\u00ba Eso. Dirigido Por: Fern\u00e1ndez-Rodr\u00edguez, Eduardo;. . 07\/07\/2011<\/li>\n<\/ul>\n","protected":false},"excerpt":{"rendered":"<p>(Datos extraidos de SICA a 29 de abril de 2015) Tesis doctorales Tesis Doctoral. Martinez-Rodriguez, Juan Bautista. Los Alumnos Y La Reconstrucci\u00f3n Del Curriculum: An\u00e1lisis De Procesos De Innovaci\u00f3n Curricular. Dirigido Por: Gimeno-Sacristan, Jose;. Universidad De Valencia (Estudi General). Did\u00e1ctica Y Organizaci\u00f3n Escolar. 1990 Tesis Doctoral. Rodriguez-Quiles-Y Garcia, Jose Antonio. La Educaci\u00f3n Musical En Los [&hellip;]<\/p>\n","protected":false},"author":1,"featured_media":0,"parent":123,"menu_order":0,"comment_status":"open","ping_status":"open","template":"","meta":{"_acf_changed":false,"jetpack_post_was_ever_published":false,"footnotes":""},"acf":[],"jetpack_sharing_enabled":true,"jetpack_shortlink":"https:\/\/wp.me\/P64Oaw-23","_links":{"self":[{"href":"https:\/\/wpd.ugr.es\/~icufop\/wp-json\/wp\/v2\/pages\/127"}],"collection":[{"href":"https:\/\/wpd.ugr.es\/~icufop\/wp-json\/wp\/v2\/pages"}],"about":[{"href":"https:\/\/wpd.ugr.es\/~icufop\/wp-json\/wp\/v2\/types\/page"}],"author":[{"embeddable":true,"href":"https:\/\/wpd.ugr.es\/~icufop\/wp-json\/wp\/v2\/users\/1"}],"replies":[{"embeddable":true,"href":"https:\/\/wpd.ugr.es\/~icufop\/wp-json\/wp\/v2\/comments?post=127"}],"version-history":[{"count":1,"href":"https:\/\/wpd.ugr.es\/~icufop\/wp-json\/wp\/v2\/pages\/127\/revisions"}],"predecessor-version":[{"id":128,"href":"https:\/\/wpd.ugr.es\/~icufop\/wp-json\/wp\/v2\/pages\/127\/revisions\/128"}],"up":[{"embeddable":true,"href":"https:\/\/wpd.ugr.es\/~icufop\/wp-json\/wp\/v2\/pages\/123"}],"wp:attachment":[{"href":"https:\/\/wpd.ugr.es\/~icufop\/wp-json\/wp\/v2\/media?parent=127"}],"curies":[{"name":"wp","href":"https:\/\/api.w.org\/{rel}","templated":true}]}}