{"id":145,"date":"2015-04-29T13:33:04","date_gmt":"2015-04-29T13:33:04","guid":{"rendered":"http:\/\/wpd.ugr.es\/~icufop\/?page_id=145"},"modified":"2019-03-08T00:36:41","modified_gmt":"2019-03-08T00:36:41","slug":"actividad-docente","status":"publish","type":"page","link":"https:\/\/wpd.ugr.es\/~icufop\/actividad\/actividad-docente\/","title":{"rendered":"Actividad docente"},"content":{"rendered":"<h6 style=\"text-align: center;\">(Datos extra\u00eddos de SICA a 29 de abril de 2015)<\/h6>\n<h3>Docencia Nacional Oficial<\/h3>\n<ul>\n<li>Garcia-Gomez, Teresa.. Coeducaci\u00f3n (Docencia Oficial). Optativa. . . . . UNIVERSIDAD DE ALMER\u00cdA. &#8211; UNIVERSIDAD DE ALMER\u00cdA.<\/li>\n<li>Garcia-Gomez, Teresa.. Investigaci\u00f3n Cualitativa: Estudios De Caso Y Entrevistas (Docencia Oficial). . . . . . UNIVERSIDAD DE GRANADA. EDUCACION. universidad de granada.<\/li>\n<li>Robles-V\u00edlchez, M\u00aa Carmen.. Did\u00e1ctica De La Educaci\u00f3n Infantil (Docencia Oficial). Troncal. Te\u00f3rico-Pr\u00e1ctico. Presencial. 1. 1. FACULTAD EDUCACI\u00d3N Y HUMANIDADES DE MELILLA. MELILLA.<\/li>\n<li>Robles-V\u00edlchez, M\u00aa Carmen.. Innovacion Docente E Iniciacion A La Investigacion Educativa (Docencia Oficial). Optativa. Teoricos. Presencial. . . FACULTAD DE EDUCACION Y HUMANIDADES DE MELILLA. .<\/li>\n<li>Robles-V\u00edlchez, M\u00aa Carmen.. Didactica: Teoria Y Practica De La Ense\u00f1anza. Grado De Maestro En Educacion Infantil. Melilla (Docencia Oficial). . Te\u00f3rico-Pr\u00e1ctico. Presencial. 1. 1. FACULTAD DE EDUCACION Y HUMANIDADES DE MELILLA. MELILLA.<\/li>\n<li>Ruiz -Requies, In\u00e9s .. Curr\u00edculo Y Sistema Educativo (Docencia Oficial). Troncal. Te\u00f3rico-Pr\u00e1ctico. Presencial. . 1\u00ba. UNIVERSIDAD DE VALLADOLID. FACULTAD DE EDUCACI\u00d3N Y TRABAJO SOCIAL. Departamento de Pedagog\u00eda (Universidad de Valladolid).<\/li>\n<li>Ruiz -Requies, In\u00e9s .. Fuentes Documentales Para La Investigaci\u00f3n: Estrategias De B\u00fasqueda Y An\u00e1lisis (Docencia Oficial). Obligatoria. Te\u00f3rico-Pr\u00e1ctico. Presencial. . 1\u00ba. UNIVERSIDAD DE VALLADOLID. FACULTAD DE EDUCACI\u00d3N Y TRABAJO SOCIAL. Departamento de Pedagog\u00eda (Universidad de Valladolid).<\/li>\n<li>Ruiz -Requies, In\u00e9s .. Bases Pedag\u00f3gicas De La Educaci\u00f3n Especial (Docencia Oficial). Troncal. Te\u00f3rico-Pr\u00e1ctico. Presencial. . 3\u00ba. UNIVERSIDAD DE VALLADOLID. FACULTAD DE EDUCACI\u00d3N Y TRABAJO SOCIAL. Departamento de Pedagog\u00eda (Universidad de Valladolid).<\/li>\n<li>Garcia-Gomez, Teresa.. Relaciones De Poder Entre El Profesorado En Los Centros Educativos (Docencia Oficial). . . . . . UNIVERSIDAD DE ALMER\u00cdA. UNIVERSIDAD ALMER\u00cdA.<\/li>\n<li>Robles-V\u00edlchez, M\u00aa Carmen.. Dise\u00f1o Y Desarrollo De Programas Educativos Interculturales (Docencia Oficial). Obligatoria. Te\u00f3rico-Pr\u00e1ctico. Presencial. 1. 2. UNIVERSIDAD DE GRANADA. FACULTAD EDUCACI\u00d3N Y HUMANIDADES DE MELILLA. MELILLA.<\/li>\n<li>Robles-V\u00edlchez, M\u00aa Carmen.. Recursos Did\u00e1cticos Y Tecnol\u00f3gicos Aplicados A La Educacion. Grado De Maestro En Educaci\u00f3n Infantil. Melilla (Docencia Oficial). . Te\u00f3rico-Pr\u00e1ctico. Presencial. 1. 3. FACULTAD DE EDUCACION Y HUMANIDADES DE MELILLA. MELILLA.<\/li>\n<li>Robles-V\u00edlchez, M\u00aa Carmen.. Organizacion Y Gestion De Centros Educativos. Master Universitario En Profesorado De Educacion Secundaria Obligatoria, Bachillerato, Formaci\u00f3n Profesional Y Escuela De Idiomas (Doctorado) (Docencia Oficial). Optativa. Teoricos. Presencial. . . UNIVERSIDAD DE GRANADA. FACULTAD EDUCACI\u00d3N Y HUMANIDADES DE MELILLA. .<\/li>\n<li>Ortega -Gaite, Sonia .. Orientaci\u00f3n Y Tutor\u00eda Con El Alumnado Y Las Familias (Docencia Oficial). Obligatoria. Te\u00f3rico-Pr\u00e1ctico. Presencial. Grado de Educaci\u00f3n Infantil. Segundo. UNIVERSIDAD DE VALLADOLID. PEDAGOG\u00cdA. Campus Universitario de Palencia, Espa\u00f1a.<\/li>\n<li>Ortega -Gaite, Sonia .. Organizaci\u00f3n Del Centro Escolar (Docencia Oficial). Troncal. Te\u00f3rico-Pr\u00e1ctico. Presencial. Maestro de Educaci\u00f3n Primaria. tercero. Universidad de Valladolid. .<\/li>\n<li>Ortega -Gaite, Sonia .. Orientaci\u00f3n Y Tutor\u00eda Con El Alumnado Y Las Familias (Docencia Oficial). Obligatoria. Te\u00f3rico-Pr\u00e1ctico. Presencial. Grado de Educaci\u00f3n Primaria. Primero. Universidad de Valladolid. Campus Universitario de Palencia, Espa\u00f1a.<\/li>\n<li>Garcia-Gomez, Teresa.. Cursos De \u00bfFundamentos De La Evaluaci\u00f3n Did\u00e1ctica Para El Desarrollo Profesional\u00bf Y \u00bfMetodolog\u00eda De Investigaci\u00f3n Did\u00e1ctica\u00bf (Docencia Oficial). . . . . . . .<\/li>\n<li>Garcia-Gomez, Teresa.. Cursos De Fundamentos De La Evaluaci\u00f3n Did\u00e1ctica Para El Desarrollo Profesional Y Metodolog\u00eda De Investigaci\u00f3n Did\u00e1ctica (Docencia Oficial). . . . . . UNIVERSIDAD DE ALMER\u00cdA. &#8211; UNIVERSIDAD DE ALMER\u00cdA.<\/li>\n<li>Robles-V\u00edlchez, M\u00aa Carmen.. Pr\u00e1cticum (Docencia Oficial). Obligatoria. Practicos. Presencial. 1. 3. FACULTAD DE CIENCIAS DE LA EDUCACI\u00d3N. .<\/li>\n<li>Robles-V\u00edlchez, M\u00aa Carmen.. Did\u00e1ctica: Teor\u00eda Y Pr\u00e1ctica De La Ense\u00f1anza. Grado De Maestro En Educaci\u00f3n Primaria Melilla (Docencia Oficial). Obligatoria. Te\u00f3rico-Pr\u00e1ctico. Presencial. 1. 1. UNIVERSIDAD DE GRANADA. FACULTAD DE EDUCACION Y HUMANIDADES (MELILLA). MELILLA.<\/li>\n<li>Robles-V\u00edlchez, M\u00aa Carmen.. Curriculum Globalizado (Docencia Oficial). Obligatoria. Teoricos. Presencial. 1. 1. UNIVERSIDAD DE GRANADA. FACULTAD EDUCACI\u00d3N Y HUMANIDADES DE MELILLA. MELILLA.<\/li>\n<li>Garcia-Gomez, Teresa.. Organizaci\u00f3n Del Centro Escolar (Docencia Oficial). Troncal. . . . . UNIVERSIDAD DE ALMER\u00cdA. .<\/li>\n<li>Garcia-Gomez, Teresa.. Organizaci\u00f3n Del Centro Escolar (Docencia Oficial). Troncal. . . . . UNIVERSIDAD DE ALMER\u00cdA. &#8211; UNIVERSIDAD DE ALMER\u00cdA.<\/li>\n<li>Robles-V\u00edlchez, M\u00aa Carmen.. Did\u00e1ctica De La Educaci\u00f3n Infantil (Docencia Oficial). Obligatoria. Te\u00f3rico-Pr\u00e1ctico. Presencial. 1. 1. UNIVERSIDAD DE GRANADA. FACULTAD EDUCACI\u00d3N Y HUMANIDADES DE MELILLA. .<\/li>\n<li>Robles-V\u00edlchez, M\u00aa Carmen.. Organizacion Y Gestion De Centros Educativos. Master Universitario En Profesorado De Educacion Secundaria Obligatoria, Bachillerato, Formaci\u00f3n Profesional Y Escuela De Idiomas (Doctorado) (Docencia Oficial). Optativa. Teoricos. Presencial. 1. 1. UNIVERSIDAD DE GRANADA. FACULTAD EDUCACI\u00d3N Y HUMANIDADES DE MELILLA. .<\/li>\n<li>Anguita-Mart\u00ednez, M.Del Roc\u00edo.. Tics Aplicadas A La Educaci\u00f3n (Docencia Oficial). . Te\u00f3rico-Pr\u00e1ctico. Presencial. 1. 2008-2009. UNIVERSIDAD DE VALLADOLID. FACULTAD DE EDUCACI\u00d3N Y TRABAJO SOCIAL. .<\/li>\n<li>Ruiz -Requies, In\u00e9s .. Did\u00e1ctica General (Docencia Oficial). Obligatoria. Te\u00f3rico-Pr\u00e1ctico. Presencial. . 2\u00ba. . Departamento de Pedagog\u00eda (Universidad de Valladolid).<\/li>\n<li>Marin-Marin, Jose Antonio; L\u00f3pez-Gil, M\u00f3nica Mar\u00eda; L\u00f3pez-Gil, M\u00f3nica Mar\u00eda; &#8230; [Et Al]. Organizaci\u00f3n Del Centro Escolar (Docencia Oficial). Troncal. Te\u00f3rico-Pr\u00e1ctico. Presencial. 1. 3. CIENCIAS DE LA EDUCACI\u00d3N UCA. UCA CIENCIAS DE LA EDUCACI\u00d3N.<\/li>\n<li>Garcia-Gomez, Teresa.. La Innovaci\u00f3n Educativa En La Educaci\u00f3n Primaria (Docencia Oficial). Troncal. . . . . UNIVERSIDAD DE ALMER\u00cdA. almeria.<\/li>\n<li>Ortega -Gaite, Sonia .. Orientaci\u00f3n Y Tutor\u00eda Con El Alumnado Y Las Familias (Docencia Oficial). Obligatoria. Te\u00f3rico-Pr\u00e1ctico. Presencial. Grado de Educaci\u00f3n Primaria. primero. UNIVERSIDAD DE VALLADOLID. PEDAGOG\u00cdA. Campus Universitario de Palencia, Espa\u00f1a.<\/li>\n<li>Ortega -Gaite, Sonia .. Organizaci\u00f3n Del Centro Escolar (Docencia Oficial). Troncal. Te\u00f3rico-Pr\u00e1ctico. Presencial. Maestro en Educaci\u00f3n Infantil. tercero. UNIVERSIDAD DE VALLADOLID. PEDAGOG\u00cdA. Campus Universitario de Palencia, Espa\u00f1a.<\/li>\n<li>Ruiz -Requies, In\u00e9s .. Intervenci\u00f3n Logop\u00e9dica En Sujetos Con Discapacidades Auditivas (Docencia Oficial). Obligatoria. Te\u00f3rico-Pr\u00e1ctico. Presencial. . 3\u00ba. FACULTAD DE MEDICINA. Departamento de Pedagog\u00eda (Universidad de Valladolid).<\/li>\n<li>Garcia-Gomez, Teresa.. Gesti\u00f3n Y Direcci\u00f3n De Centros Educativos (Docencia Oficial). Optativa. . . . . UNIVERSIDAD DE ALMER\u00cdA. &#8211; UNIVERSIDAD DE ALMER\u00cdA.<\/li>\n<li>Garcia-Gomez, Teresa.. Gesti\u00f3n Y Direcci\u00f3n De Centros Educativos (Docencia Oficial). Optativa. . . . . UNIVERSIDAD DE ALMER\u00cdA. .<\/li>\n<li>Garcia-Gomez, Teresa.. Relaciones De Poder Entre El Profesorado En Los Centros Educativos (Docencia Oficial). . . . . . UNIVERSIDAD DE ALMER\u00cdA. &#8211; UNIVERSIDAD DE ALMER\u00cdA.<\/li>\n<li>Robles-V\u00edlchez, M\u00aa Carmen.. Did\u00e1ctica: Teor\u00eda Y Pr\u00e1ctica De La Ense\u00f1anza. Grado De Maesteo En Educaci\u00f3n Infantil. Melilla (Docencia Oficial). Troncal. Te\u00f3rico-Pr\u00e1ctico. Presencial. 1. 1. UNIVERSIDAD DE GRANADA. FACULTAD EDUCACI\u00d3N Y HUMANIDADES DE MELILLA. .<\/li>\n<li>Robles-V\u00edlchez, M\u00aa Carmen.. Aspectos Educativos Y Evolutivos De La Deficiencia Visual (Docencia Oficial). Troncal. Te\u00f3rico-Pr\u00e1ctico. Presencial. 1. 2. UNIVERSIDAD DE GRANADA. FACULTAD EDUCACI\u00d3N Y HUMANIDADES DE MELILLA. MELILLA.<\/li>\n<li>Robles-V\u00edlchez, M\u00aa Carmen.. Did\u00e1ctica: Teor\u00eda Y Pr\u00e1ctica De La Ense\u00f1anza. Grado De Maesteo En Educaci\u00f3n Primaria. Melilla (Docencia Oficial). Obligatoria. Te\u00f3rico-Pr\u00e1ctico. Presencial. 1. 1. UNIVERSIDAD DE GRANADA. FACULTAD EDUCACI\u00d3N Y HUMANIDADES DE MELILLA. MELILLA.<\/li>\n<li>Robles-V\u00edlchez, M\u00aa Carmen.. Recursos Diacticos Y Tecnologicos Aplicados A La Educacion. Grado De Maestro En Educacion Primaria. Melilla (Docencia Oficial). Obligatoria. Te\u00f3rico-Pr\u00e1ctico. Presencial. 1. 2. FACULTAD DE EDUCACION Y HUMANIDADES DE MELILLA. MELILLA.<\/li>\n<li>Garcia-Gomez, Teresa.. Organizaci\u00f3n Del Centro Escolar (Docencia Oficial). Troncal. Te\u00f3rico-Pr\u00e1ctico. Presencial. 1\u00ba. 1\u00ba. FACULTAD EDUCACION. .<\/li>\n<li>Garcia-Gomez, Teresa.. Did\u00e1ctica Y Organizaci\u00f3n De La Educaci\u00f3n Primaria I (Docencia Oficial). Troncal. Te\u00f3rico-Pr\u00e1ctico. . . . UNIVERSIDAD DE ALMER\u00cdA. Almeria.<\/li>\n<li>Garcia-Gomez, Teresa.. Cuerpo, Deporte Y G\u00e9nero En El Programa Actividad F\u00edsica Y Deportiva, Sociedad Y Educaci\u00f3n. (Docencia Oficial). . . . . . UNIVERSIDAD DE ALMER\u00cdA. .<\/li>\n<li>Robles-V\u00edlchez, M\u00aa Carmen.. Did\u00e1ctica: Teor\u00eda Y Pr\u00e1ctica De La Ense\u00f1anza. Grado De Maesteo En Educaci\u00f3n Infantil. Melilla (Docencia Oficial). Obligatoria. Te\u00f3rico-Pr\u00e1ctico. Presencial. 1. 1. UNIVERSIDAD DE GRANADA. FACULTAD EDUCACI\u00d3N Y HUMANIDADES DE MELILLA. MELILLA.<\/li>\n<li>Ruiz -Requies, In\u00e9s .. Nuevas Tecnolog\u00edas Aplicadas A La Educaci\u00f3n (Docencia Oficial). Troncal. Te\u00f3rico-Pr\u00e1ctico. Presencial. . 2\u00ba. UNIVERSIDAD DE VALLADOLID. FACULTAD DE EDUCACI\u00d3N Y TRABAJO SOCIAL. Departamento de Pedagog\u00eda (Universidad de Valladolid).<\/li>\n<li>Ruiz -Requies, In\u00e9s .. Psicopedagog\u00eda Del Ni\u00f1o Superdotado (Docencia Oficial). Troncal. Te\u00f3rico-Pr\u00e1ctico. Presencial. . 3\u00ba. UNIVERSIDAD DE VALLADOLID. FACULTAD DE EDUCACI\u00d3N Y TRABAJO SOCIAL. Departamento de Pedagog\u00eda (Universidad de Valladolid).<\/li>\n<\/ul>\n<h3>Otra actividad docente<\/h3>\n<ul>\n<li>Coordinaci\u00f3n Del Programa De Movilidad S\u00f3crates\/Erasmus (Actividades Gen\u00e9ricas Docentes). Almer\u00eda. .<\/li>\n<li>Contratado Doctor (Actividades Gen\u00e9ricas Docentes). . Facultad De Educaci\u00f3n Y Trabajo Social.<\/li>\n<li>Directora Curso Diversidad Cultural Y Educaci\u00f3n Intercultural Iii (Actividades Gen\u00e9ricas Docentes). . Universidad De Granada, Universidad De Granada. Facultad De Educaci\u00f3n Y Humanidades De Melilla.<\/li>\n<li>Curso: El Desarrollo De La Competencia En Comunicaci\u00f3n Lig\u00fc\u00edstica En Castellano Con El Programa \u00abAlehop\u00bb (Actividades Gen\u00e9ricas Docentes). . Ministerio De Educaci\u00f3n, Cultura Y Deportes: Centro De Profesores Y Recursos De Melilla.<\/li>\n<li>Tutora Curso Diversidad Cultural Y Educaci\u00f3n Intercultural Iii (Actividades Gen\u00e9ricas Docentes). . Universidad De Granada.<\/li>\n<li>Garcia-Gomez, Teresa.. Cedap (Centro De Documentaci\u00f3n De Las Alternativas Pedag\u00f3gicas). 2001.<\/li>\n<\/ul>\n","protected":false},"excerpt":{"rendered":"<p>(Datos extra\u00eddos de SICA a 29 de abril de 2015) Docencia Nacional Oficial Garcia-Gomez, Teresa.. Coeducaci\u00f3n (Docencia Oficial). Optativa. . . . . UNIVERSIDAD DE ALMER\u00cdA. &#8211; UNIVERSIDAD DE ALMER\u00cdA. Garcia-Gomez, Teresa.. Investigaci\u00f3n Cualitativa: Estudios De Caso Y Entrevistas (Docencia Oficial). . . . . . UNIVERSIDAD DE GRANADA. EDUCACION. universidad de granada. Robles-V\u00edlchez, M\u00aa [&hellip;]<\/p>\n","protected":false},"author":1,"featured_media":0,"parent":143,"menu_order":0,"comment_status":"open","ping_status":"open","template":"","meta":{"_acf_changed":false,"jetpack_post_was_ever_published":false,"footnotes":""},"acf":[],"jetpack_sharing_enabled":true,"jetpack_shortlink":"https:\/\/wp.me\/P64Oaw-2l","_links":{"self":[{"href":"https:\/\/wpd.ugr.es\/~icufop\/wp-json\/wp\/v2\/pages\/145"}],"collection":[{"href":"https:\/\/wpd.ugr.es\/~icufop\/wp-json\/wp\/v2\/pages"}],"about":[{"href":"https:\/\/wpd.ugr.es\/~icufop\/wp-json\/wp\/v2\/types\/page"}],"author":[{"embeddable":true,"href":"https:\/\/wpd.ugr.es\/~icufop\/wp-json\/wp\/v2\/users\/1"}],"replies":[{"embeddable":true,"href":"https:\/\/wpd.ugr.es\/~icufop\/wp-json\/wp\/v2\/comments?post=145"}],"version-history":[{"count":4,"href":"https:\/\/wpd.ugr.es\/~icufop\/wp-json\/wp\/v2\/pages\/145\/revisions"}],"predecessor-version":[{"id":778,"href":"https:\/\/wpd.ugr.es\/~icufop\/wp-json\/wp\/v2\/pages\/145\/revisions\/778"}],"up":[{"embeddable":true,"href":"https:\/\/wpd.ugr.es\/~icufop\/wp-json\/wp\/v2\/pages\/143"}],"wp:attachment":[{"href":"https:\/\/wpd.ugr.es\/~icufop\/wp-json\/wp\/v2\/media?parent=145"}],"curies":[{"name":"wp","href":"https:\/\/api.w.org\/{rel}","templated":true}]}}