{"id":147,"date":"2015-04-29T13:34:13","date_gmt":"2015-04-29T13:34:13","guid":{"rendered":"http:\/\/wpd.ugr.es\/~icufop\/?page_id=147"},"modified":"2015-04-29T13:34:13","modified_gmt":"2015-04-29T13:34:13","slug":"actividad-academica","status":"publish","type":"page","link":"https:\/\/wpd.ugr.es\/~icufop\/actividad\/actividad-academica\/","title":{"rendered":"Actividad acad\u00e9mica"},"content":{"rendered":"<h6 style=\"text-align: center;\">(Datos extra\u00eddos de SICA a 29 de abril de 2015)<\/h6>\n<h3>Organizaci\u00f3n de actividad de I+D<\/h3>\n<ul>\n<li>Organizaci\u00f3n De Actividad I+D+I En Consejer\u00eda De Educaci\u00f3n Y Ciencia De La Junta De Andaluc\u00eda (Sevilla (Espa\u00f1a)). Consejer\u00eda De Educaci\u00f3n Y Ciencia De La Junta De Andaluc\u00eda. Sevilla (Espa\u00f1a)<\/li>\n<\/ul>\n<h3>Gesti\u00f3n en I+D+I<\/h3>\n<ul>\n<li>Red Universitaria De Investigaci\u00f3n E Innovaci\u00f3n Eduativa (Reuni+D). Red Universitaria De Investigaci\u00f3n E Innovaci\u00f3n Eduativa (Reuni+D).<\/li>\n<\/ul>\n","protected":false},"excerpt":{"rendered":"<p>(Datos extra\u00eddos de SICA a 29 de abril de 2015) Organizaci\u00f3n de actividad de I+D Organizaci\u00f3n De Actividad I+D+I En Consejer\u00eda De Educaci\u00f3n Y Ciencia De La Junta De Andaluc\u00eda (Sevilla (Espa\u00f1a)). Consejer\u00eda De Educaci\u00f3n Y Ciencia De La Junta De Andaluc\u00eda. Sevilla (Espa\u00f1a) Gesti\u00f3n en I+D+I Red Universitaria De Investigaci\u00f3n E Innovaci\u00f3n Eduativa (Reuni+D). [&hellip;]<\/p>\n","protected":false},"author":1,"featured_media":0,"parent":143,"menu_order":0,"comment_status":"open","ping_status":"open","template":"","meta":{"_acf_changed":false,"jetpack_post_was_ever_published":false,"footnotes":""},"acf":[],"jetpack_sharing_enabled":true,"jetpack_shortlink":"https:\/\/wp.me\/P64Oaw-2n","_links":{"self":[{"href":"https:\/\/wpd.ugr.es\/~icufop\/wp-json\/wp\/v2\/pages\/147"}],"collection":[{"href":"https:\/\/wpd.ugr.es\/~icufop\/wp-json\/wp\/v2\/pages"}],"about":[{"href":"https:\/\/wpd.ugr.es\/~icufop\/wp-json\/wp\/v2\/types\/page"}],"author":[{"embeddable":true,"href":"https:\/\/wpd.ugr.es\/~icufop\/wp-json\/wp\/v2\/users\/1"}],"replies":[{"embeddable":true,"href":"https:\/\/wpd.ugr.es\/~icufop\/wp-json\/wp\/v2\/comments?post=147"}],"version-history":[{"count":1,"href":"https:\/\/wpd.ugr.es\/~icufop\/wp-json\/wp\/v2\/pages\/147\/revisions"}],"predecessor-version":[{"id":148,"href":"https:\/\/wpd.ugr.es\/~icufop\/wp-json\/wp\/v2\/pages\/147\/revisions\/148"}],"up":[{"embeddable":true,"href":"https:\/\/wpd.ugr.es\/~icufop\/wp-json\/wp\/v2\/pages\/143"}],"wp:attachment":[{"href":"https:\/\/wpd.ugr.es\/~icufop\/wp-json\/wp\/v2\/media?parent=147"}],"curies":[{"name":"wp","href":"https:\/\/api.w.org\/{rel}","templated":true}]}}