{"id":218,"date":"2015-04-30T10:52:31","date_gmt":"2015-04-30T10:52:31","guid":{"rendered":"http:\/\/wpd.ugr.es\/~icufop\/?page_id=218"},"modified":"2015-10-27T10:32:36","modified_gmt":"2015-10-27T10:32:36","slug":"enlaces","status":"publish","type":"page","link":"https:\/\/wpd.ugr.es\/~icufop\/enlaces\/","title":{"rendered":"Enlaces"},"content":{"rendered":"<div id=\"pl-218\"  class=\"panel-layout\" ><div id=\"pg-218-0\"  class=\"panel-grid panel-no-style\" ><div id=\"pgc-218-0-0\"  class=\"panel-grid-cell panel-grid-cell-empty\" ><\/div><div id=\"pgc-218-0-1\"  class=\"panel-grid-cell panel-grid-cell-mobile-last\" ><div id=\"panel-218-0-1-0\" class=\"so-panel widget widget_black-studio-tinymce widget_black_studio_tinymce panel-first-child panel-last-child\" data-index=\"0\" ><div class=\"panel-widget-style panel-widget-style-for-218-0-1-0\" ><div class=\"textwidget\"><h6 style=\"text-align: center;\"><a href=\"http:\/\/reunid.eu\/\"><img loading=\"lazy\" decoding=\"async\" class=\"aligncenter wp-image-227 size-full\" src=\"http:\/\/wpd.ugr.es\/~icufop\/wp-content\/uploads\/logo-reunid.png\" alt=\"logo-reunid\" width=\"277\" height=\"67\" \/>Red Universitaria de Investigaci\u00f3n e Innovaci\u00f3n Educativa (REUNI+D)<\/a><\/h6>\n<\/div><\/div><\/div><\/div><div id=\"pgc-218-0-2\"  class=\"panel-grid-cell panel-grid-cell-empty\" ><\/div><\/div><div id=\"pg-218-1\"  class=\"panel-grid panel-no-style\" ><div id=\"pgc-218-1-0\"  class=\"panel-grid-cell\" ><div id=\"panel-218-1-0-0\" class=\"so-panel widget widget_black-studio-tinymce widget_black_studio_tinymce panel-first-child panel-last-child\" data-index=\"1\" ><div class=\"panel-widget-style panel-widget-style-for-218-1-0-0\" ><div class=\"textwidget\"><h6 style=\"text-align: center;\"><a href=\"http:\/\/procie.uma.es\/\"><img loading=\"lazy\" decoding=\"async\" class=\"aligncenter size-full wp-image-226\" src=\"http:\/\/wpd.ugr.es\/~icufop\/wp-content\/uploads\/logo-procie.jpg\" alt=\"logo-procie\" width=\"250\" height=\"132\" \/>Profesorado, Cultura e Instituci\u00f3n Educativa (HUM 619)<\/a><\/h6>\n<h6 style=\"text-align: center;\"><a href=\"http:\/\/uma.es\/\">Universidad de M\u00e1laga<\/a><\/h6>\n<\/div><\/div><\/div><\/div><div id=\"pgc-218-1-1\"  class=\"panel-grid-cell\" ><div id=\"panel-218-1-1-0\" class=\"so-panel widget widget_black-studio-tinymce widget_black_studio_tinymce panel-first-child panel-last-child\" data-index=\"2\" ><div class=\"panel-widget-style panel-widget-style-for-218-1-1-0\" ><div class=\"textwidget\"><h6 style=\"text-align: center;\"><a href=\"http:\/\/stellae.usc.es\/\"><img loading=\"lazy\" decoding=\"async\" class=\"aligncenter size-full wp-image-228\" src=\"http:\/\/wpd.ugr.es\/~icufop\/wp-content\/uploads\/logo-stellae.jpg\" alt=\"logo-stellae\" width=\"250\" height=\"132\" \/>STELLAE (GI-1439-USC)<\/a><\/h6>\n<h6 style=\"text-align: center;\"><a href=\"http:\/\/www.usc.es\/\">Universidad de Santiago de Compostela<\/a><\/h6>\n<\/div><\/div><\/div><\/div><div id=\"pgc-218-1-2\"  class=\"panel-grid-cell\" ><div id=\"panel-218-1-2-0\" class=\"so-panel widget widget_black-studio-tinymce widget_black_studio_tinymce panel-first-child panel-last-child\" data-index=\"3\" ><div class=\"panel-widget-style panel-widget-style-for-218-1-2-0\" ><div class=\"textwidget\"><h6 style=\"text-align: center;\"><a href=\"http:\/\/www.ub.edu\/esbrina\"><img loading=\"lazy\" decoding=\"async\" class=\"aligncenter size-full wp-image-225\" src=\"http:\/\/wpd.ugr.es\/~icufop\/wp-content\/uploads\/logo-nouesbrina.jpg\" alt=\"logo-nouesbrina\" width=\"250\" height=\"132\" \/>Esbrina. Subjetividades, visualidades y entornos educativos contempor\u00e1neos (2014 SGR 632)<\/a><\/h6>\n<h6 style=\"text-align: center;\"><a href=\"http:\/\/www.ub.edu\/\">Universitat de Barcelona<\/a><\/h6>\n<\/div><\/div><\/div><\/div><\/div><div id=\"pg-218-2\"  class=\"panel-grid panel-no-style\" ><div id=\"pgc-218-2-0\"  class=\"panel-grid-cell\" ><div id=\"panel-218-2-0-0\" class=\"so-panel widget widget_black-studio-tinymce widget_black_studio_tinymce panel-first-child panel-last-child\" data-index=\"4\" ><div class=\"panel-widget-style panel-widget-style-for-218-2-0-0\" ><div class=\"textwidget\"><h6 style=\"text-align: center;\"><a href=\"http:\/\/www.unex.es\/investigacion\/grupos\/nodo\"><img loading=\"lazy\" decoding=\"async\" class=\"aligncenter size-full wp-image-224\" src=\"http:\/\/wpd.ugr.es\/~icufop\/wp-content\/uploads\/logo-nodo.jpg\" alt=\"logo-nodo\" width=\"250\" height=\"132\" \/>Nodo Educativo<\/a><\/h6>\n<h6 style=\"text-align: center;\"><a href=\"http:\/\/www.unex.es\/\">Universidad de Extremadura<\/a><\/h6>\n<\/div><\/div><\/div><\/div><div id=\"pgc-218-2-1\"  class=\"panel-grid-cell\" ><div id=\"panel-218-2-1-0\" class=\"so-panel widget widget_black-studio-tinymce widget_black_studio_tinymce panel-first-child panel-last-child\" data-index=\"5\" ><div class=\"panel-widget-style panel-widget-style-for-218-2-1-0\" ><div class=\"textwidget\"><h6 style=\"text-align: center;\"><a href=\"http:\/\/inductucm.wordpress.com\/\"><img loading=\"lazy\" decoding=\"async\" class=\"aligncenter size-full wp-image-223\" src=\"http:\/\/wpd.ugr.es\/~icufop\/wp-content\/uploads\/logo-induct.jpg\" alt=\"logo-induct\" width=\"250\" height=\"132\" \/>Inclusi\u00f3n, Dise\u00f1o Universal, Cooperaci\u00f3n y Tecnolog\u00eda (INDUCT, grupo 930448)<\/a><\/h6>\n<h6 style=\"text-align: center;\"><a href=\"http:\/\/www.ucm.es\/\">Universidad Complutense de Madrid<\/a><\/h6>\n<\/div><\/div><\/div><\/div><div id=\"pgc-218-2-2\"  class=\"panel-grid-cell\" ><div id=\"panel-218-2-2-0\" class=\"so-panel widget widget_black-studio-tinymce widget_black_studio_tinymce panel-first-child panel-last-child\" data-index=\"6\" ><div class=\"panel-widget-style panel-widget-style-for-218-2-2-0\" ><div class=\"textwidget\"><h6 style=\"text-align: center;\"><a href=\"http:\/\/giete.us.es\/\"><img loading=\"lazy\" decoding=\"async\" class=\"aligncenter size-full wp-image-222\" src=\"http:\/\/wpd.ugr.es\/~icufop\/wp-content\/uploads\/logo-iete1.jpg\" alt=\"logo-iete1\" width=\"250\" height=\"132\" \/>Grupo de Investigaci\u00f3n, Evaluaci\u00f3n y Tecnolog\u00eda Educativa (HUM154)<\/a><\/h6>\n<h6 style=\"text-align: center;\"><a href=\"http:\/\/www.us.es\/\">Universidad de Sevilla<\/a><\/h6>\n<\/div><\/div><\/div><\/div><\/div><div id=\"pg-218-3\"  class=\"panel-grid panel-no-style\" ><div id=\"pgc-218-3-0\"  class=\"panel-grid-cell\" ><div id=\"panel-218-3-0-0\" class=\"so-panel widget widget_black-studio-tinymce widget_black_studio_tinymce panel-first-child panel-last-child\" data-index=\"7\" ><div class=\"panel-widget-style panel-widget-style-for-218-3-0-0\" ><div class=\"textwidget\"><h6 style=\"text-align: center;\"><a href=\"http:\/\/gite213.usal.es\/\"><img loading=\"lazy\" decoding=\"async\" class=\"aligncenter size-full wp-image-221\" src=\"http:\/\/wpd.ugr.es\/~icufop\/wp-content\/uploads\/logo-gite1.jpg\" alt=\"logo-gite1\" width=\"250\" height=\"132\" \/>Grupo de Investigaci\u00f3n-Innovaci\u00f3n en Tecnolog\u00eda Educativa (GITE-USAL, GR213)<\/a><\/h6>\n<h6 style=\"text-align: center;\"><a href=\"http:\/\/www.usal.es\/\">Universidad de Salamanca<\/a><\/h6>\n<\/div><\/div><\/div><\/div><div id=\"pgc-218-3-1\"  class=\"panel-grid-cell\" ><div id=\"panel-218-3-1-0\" class=\"so-panel widget widget_black-studio-tinymce widget_black_studio_tinymce panel-first-child panel-last-child\" data-index=\"8\" ><div class=\"panel-widget-style panel-widget-style-for-218-3-1-0\" ><div class=\"textwidget\"><h6 style=\"text-align: center;\"><a href=\"http:\/\/elkarrikertuz.ning.com\/\"><img loading=\"lazy\" decoding=\"async\" class=\"aligncenter size-full wp-image-220\" src=\"http:\/\/wpd.ugr.es\/~icufop\/wp-content\/uploads\/logo-elkarrikertuz.jpg\" alt=\"logo-elkarrikertuz\" width=\"250\" height=\"132\" \/>Elkarrikertuz<\/a><\/h6>\n<h6 style=\"text-align: center;\"><a href=\"http:\/\/reunid.eu\/los-grupos\/\">Universidad del Pa\u00eds Vasco<\/a><\/h6>\n<\/div><\/div><\/div><\/div><div id=\"pgc-218-3-2\"  class=\"panel-grid-cell\" ><div id=\"panel-218-3-2-0\" class=\"so-panel widget widget_black-studio-tinymce widget_black_studio_tinymce panel-first-child panel-last-child\" data-index=\"9\" ><div class=\"panel-widget-style panel-widget-style-for-218-3-2-0\" ><div class=\"textwidget\"><h6 style=\"text-align: center;\"><a href=\"http:\/\/edullab.webs.ull.es\/\"><img loading=\"lazy\" decoding=\"async\" class=\"aligncenter size-full wp-image-219\" src=\"http:\/\/wpd.ugr.es\/~icufop\/wp-content\/uploads\/logo-edullab1.jpg\" alt=\"logo-edullab1\" width=\"250\" height=\"132\" \/>EDULLAB. Laboratorio de Educaci\u00f3n y Nuevas Tecnolog\u00edas (n\u00ba de identificaci\u00f3n 1132)<\/a><\/h6>\n<h6 style=\"text-align: center;\"><a href=\"http:\/\/www.ull.es\/\">Universidad de La Laguna<\/a><\/h6>\n<\/div><\/div><\/div><\/div><\/div><div id=\"pg-218-4\"  class=\"panel-grid panel-no-style\" ><div id=\"pgc-218-4-0\"  class=\"panel-grid-cell panel-grid-cell-empty\" ><\/div><div id=\"pgc-218-4-1\"  class=\"panel-grid-cell panel-grid-cell-mobile-last\" ><div id=\"panel-218-4-1-0\" class=\"so-panel widget widget_black-studio-tinymce widget_black_studio_tinymce panel-first-child panel-last-child\" data-index=\"10\" ><div class=\"panel-widget-style panel-widget-style-for-218-4-1-0\" ><div class=\"textwidget\"><h6 style=\"text-align: center;\"><a href=\"http:\/\/campusvirtual.unex.es\/zonauex\/evuex\/login\/index.php?authCAS=NOCAS\" target=\"_blank\"><img loading=\"lazy\" decoding=\"async\" class=\"aligncenter  wp-image-480\" src=\"http:\/\/wpd.ugr.es\/~icufop\/wp-content\/uploads\/Captura-de-pantalla-2015-10-27-a-las-11.27.30.png\" alt=\"ECOEC\" width=\"382\" height=\"228\" srcset=\"https:\/\/wpd.ugr.es\/~icufop\/wp-content\/uploads\/Captura-de-pantalla-2015-10-27-a-las-11.27.30.png 892w, https:\/\/wpd.ugr.es\/~icufop\/wp-content\/uploads\/Captura-de-pantalla-2015-10-27-a-las-11.27.30-300x179.png 300w\" sizes=\"(max-width: 382px) 100vw, 382px\" \/>Acceso a la web del proyecto ECOEC (Moodle)<\/a><\/h6>\n<\/div><\/div><\/div><\/div><div id=\"pgc-218-4-2\"  class=\"panel-grid-cell panel-grid-cell-empty\" ><\/div><\/div><\/div>","protected":false},"excerpt":{"rendered":"<p>Red Universitaria de Investigaci\u00f3n e Innovaci\u00f3n Educativa (REUNI+D) Profesorado, Cultura e Instituci\u00f3n Educativa (HUM 619)Universidad de M\u00e1laga STELLAE (GI-1439-USC)Universidad de Santiago de Compostela Esbrina. Subjetividades, visualidades y entornos educativos contempor\u00e1neos (2014 SGR 632)Universitat de Barcelona<\/p>\n","protected":false},"author":1,"featured_media":0,"parent":0,"menu_order":0,"comment_status":"open","ping_status":"open","template":"","meta":{"_acf_changed":false,"jetpack_post_was_ever_published":false,"footnotes":""},"acf":[],"jetpack_sharing_enabled":true,"jetpack_shortlink":"https:\/\/wp.me\/P64Oaw-3w","_links":{"self":[{"href":"https:\/\/wpd.ugr.es\/~icufop\/wp-json\/wp\/v2\/pages\/218"}],"collection":[{"href":"https:\/\/wpd.ugr.es\/~icufop\/wp-json\/wp\/v2\/pages"}],"about":[{"href":"https:\/\/wpd.ugr.es\/~icufop\/wp-json\/wp\/v2\/types\/page"}],"author":[{"embeddable":true,"href":"https:\/\/wpd.ugr.es\/~icufop\/wp-json\/wp\/v2\/users\/1"}],"replies":[{"embeddable":true,"href":"https:\/\/wpd.ugr.es\/~icufop\/wp-json\/wp\/v2\/comments?post=218"}],"version-history":[{"count":4,"href":"https:\/\/wpd.ugr.es\/~icufop\/wp-json\/wp\/v2\/pages\/218\/revisions"}],"predecessor-version":[{"id":483,"href":"https:\/\/wpd.ugr.es\/~icufop\/wp-json\/wp\/v2\/pages\/218\/revisions\/483"}],"wp:attachment":[{"href":"https:\/\/wpd.ugr.es\/~icufop\/wp-json\/wp\/v2\/media?parent=218"}],"curies":[{"name":"wp","href":"https:\/\/api.w.org\/{rel}","templated":true}]}}