{"id":236,"date":"2015-04-30T13:54:16","date_gmt":"2015-04-30T13:54:16","guid":{"rendered":"http:\/\/wpd.ugr.es\/~icufop\/?page_id=236"},"modified":"2015-04-30T14:53:04","modified_gmt":"2015-04-30T14:53:04","slug":"rocio-anguita-martinez","status":"publish","type":"page","link":"https:\/\/wpd.ugr.es\/~icufop\/miembros-icufop\/rocio-anguita-martinez\/","title":{"rendered":"Roc\u00edo Anguita Mart\u00ednez"},"content":{"rendered":"<div id=\"pl-236\"  class=\"panel-layout\" ><div id=\"pg-236-0\"  class=\"panel-grid panel-no-style\" ><div id=\"pgc-236-0-0\"  class=\"panel-grid-cell\" ><div id=\"panel-236-0-0-0\" class=\"so-panel widget widget_black-studio-tinymce widget_black_studio_tinymce panel-first-child panel-last-child\" data-index=\"0\" ><div class=\"textwidget\"><p><a href=\"http:\/\/wpd.ugr.es\/~icufop\/wp-content\/uploads\/Screen-Shot-2015-04-30-at-16.07.04.png\"><img loading=\"lazy\" decoding=\"async\" class=\"alignleft wp-image-244 size-thumbnail\" src=\"http:\/\/wpd.ugr.es\/~icufop\/wp-content\/uploads\/Screen-Shot-2015-04-30-at-16.07.04-150x150.png\" alt=\"Roc\u00edo Anguita\" width=\"150\" height=\"150\" \/><\/a><\/p>\n<\/div><\/div><\/div><div id=\"pgc-236-0-1\"  class=\"panel-grid-cell\" ><div id=\"panel-236-0-1-0\" class=\"so-panel widget widget_black-studio-tinymce widget_black_studio_tinymce panel-first-child panel-last-child\" data-index=\"1\" ><div class=\"panel-widget-style panel-widget-style-for-236-0-1-0\" ><h3 class=\"widget-title\">Roc\u00edo Anguita Mart\u00ednez<\/h3><div class=\"textwidget\"><h4>Investigadora<\/h4>\n<p>Profesora titular del <a href=\"http:\/\/departamentos.uva.es\/export\/sites\/departamentos\/pedagogia\/\">Departamento de Pedagog\u00eda<\/a> en la <a href=\"http:\/\/www.feyts.uva.es\">Facultad de Educaci\u00f3n y Trabajo Social<\/a> de la <a href=\"http:\/\/www.uva.es\">Universidad de Valladolid<\/a> (Espa\u00f1a) en la que imparte materias relacionadas con el campo de \u201cTecnolog\u00eda Educativa\u201d en distintos grados y sobre procesos de investigaci\u00f3n cualitativa en m\u00e1ster. Licenciada y Doctora en Filosof\u00eda y Ciencias de la Educaci\u00f3n (1990 y 1995 respectivamente) por la Universidad de Granada. Participa el grupo de investigaci\u00f3n interuniversitario ICUFOP. En estos \u00faltimos veinte a\u00f1os ha centrado su l\u00ednea de trabajo en el desarrollo de investigaciones relacionadas con las <em>TIC, G\u00e9nero y Educaci\u00f3n<\/em> donde tiene numerosas publicaciones.<\/p>\n<\/div><\/div><\/div><\/div><\/div><div id=\"pg-236-1\"  class=\"panel-grid panel-no-style\" ><div id=\"pgc-236-1-0\"  class=\"panel-grid-cell panel-grid-cell-empty\" ><\/div><div id=\"pgc-236-1-1\"  class=\"panel-grid-cell panel-grid-cell-mobile-last\" ><div id=\"panel-236-1-1-0\" class=\"so-panel widget widget_black-studio-tinymce widget_black_studio_tinymce panel-first-child panel-last-child\" data-index=\"2\" ><div class=\"textwidget\"><table><tbody><tr><td>Correo electr\u00f3nico<\/td><td><a href=\"mailto:rocioan@pdg.uva.es\">rocioan@pdg.uva.es<\/a><\/td><\/tr><tr><td>Titulaci\u00f3n<\/td><td>Dra. en Filosof\u00eda y Ciencias de la Educaci\u00f3n (Pedagog\u00eda)<\/td><\/tr><tr><td>Puesto de trabajo<\/td><td>Profesora Titular de Universidad<\/td><\/tr><tr><td>Departamento<\/td><td>Pedagog\u00eda<\/td><\/tr><tr><td>Universidad<\/td><td>Facultad de Educaci\u00f3n y Trabajo Social. Universidad de Valladolid<\/td><\/tr><tr><td>P\u00e1gina web<\/td><td>\u00a0<\/td><\/tr><tr><td>Twitter<\/td><td><a href=\"http:\/\/twitter.com\/rocioanguita\">@rocioanguita<\/a><\/td><\/tr><tr><td>L\u00edneas de trabajo y especializaci\u00f3n<\/td><td>TIC y educaci\u00f3n, TIC y g\u00e9nero, Educaci\u00f3n y g\u00e9nero<\/td><\/tr><\/tbody><\/table><p>\u00a0<\/p><\/div><\/div><\/div><div id=\"pgc-236-1-2\"  class=\"panel-grid-cell panel-grid-cell-empty\" ><\/div><\/div><div id=\"pg-236-2\"  class=\"panel-grid panel-no-style\" ><div id=\"pgc-236-2-0\"  class=\"panel-grid-cell\" ><div id=\"panel-236-2-0-0\" class=\"so-panel widget widget_black-studio-tinymce widget_black_studio_tinymce panel-first-child panel-last-child\" data-index=\"3\" ><div class=\"textwidget\"><h4>Publicaciones recientes destacadas:<\/h4>\n<ul>\n<li>S D\u00edaz de Gre\u00f1u, R Anguita Mart\u00ednez, LM Torrego Egido (2013) <a href=\"https:\/\/scholar.google.es\/citations?view_op=view_citation&amp;hl=es&amp;user=dWZ9VxYAAAAJ&amp;sortby=pubdate&amp;citation_for_view=dWZ9VxYAAAAJ:5Ul4iDaHHb8C\">De la teor\u00eda a la pr\u00e1ctica: profesorado y alumnado ante el desarrollo de un proyecto de innovaci\u00f3n sobre la igualdad de g\u00e9nero y la diversidad afectivo-sexual en las aulas de secundaria.<\/a> <em>Profesorado: Revista de curriculum y formaci\u00f3n del profesorado<\/em>, 17 (1), 308.<\/li>\n<li>R Anguita Mart\u00ednez (2011) <a href=\"https:\/\/scholar.google.es\/citations?view_op=view_citation&amp;hl=es&amp;user=dWZ9VxYAAAAJ&amp;sortby=pubdate&amp;citation_for_view=dWZ9VxYAAAAJ:ULOm3_A8WrAC\">El reto de la formaci\u00f3n del profesorado para la igualdad<\/a>. <em>Revista electr\u00f3nica interuniversitaria de formaci\u00f3n del profesorado<\/em>, 14, 43-51.<\/li>\n<li>EJ D\u00edez Guti\u00e9rrez, E Fern\u00e1ndez Rodr\u00edguez, R Anguita Mart\u00ednez (2011) <a href=\"https:\/\/scholar.google.es\/citations?view_op=view_citation&amp;hl=es&amp;user=dWZ9VxYAAAAJ&amp;sortby=pubdate&amp;citation_for_view=dWZ9VxYAAAAJ:B3FOqHPlNUQC\">Hacia una teor\u00eda pol\u00edtica de la socializaci\u00f3n c\u00edvica virtual de la adolescencia<\/a>. <em>Revista Interuniversitaria de Formaci\u00f3n de Profesorado,<\/em> 25 (2), 73-100.<\/li>\n<li>I Ruiz Requies, B Rubia Avi, R Anguita Mart\u00ednez, E Fern\u00e1ndez Rodr\u00edguez (2010) <a href=\"https:\/\/scholar.google.es\/citations?view_op=view_citation&amp;hl=es&amp;user=dWZ9VxYAAAAJ&amp;sortby=pubdate&amp;citation_for_view=dWZ9VxYAAAAJ:q3oQSFYPqjQC\">Formar al profesorado inicialmente en habilidades y competencias en TIC: perfiles de una experiencia colaborativa <\/a><em>Revista de Educaci\u00f3n<\/em>, 352, 149-178<\/li>\n<li>B Rubia Avi, R Anguita Mart\u00ednez, I Ru\u00edz Requies (2010) <a href=\"https:\/\/scholar.google.es\/citations?view_op=view_citation&amp;hl=es&amp;user=dWZ9VxYAAAAJ&amp;sortby=pubdate&amp;citation_for_view=dWZ9VxYAAAAJ:uWQEDVKXjbEC\">Los procesos de innovaci\u00f3n educativa en la formaci\u00f3n universitaria, nuevos generadores de buenas pr\u00e1cticas en tecnolog\u00eda educativa<\/a>.<em>Teor\u00eda de la Educaci\u00f3n: Education in the Knowledge Society<\/em>, 11 (1), 96-120.<\/li>\n<\/ul>\n<\/div><\/div><\/div><\/div><div id=\"pg-236-3\"  class=\"panel-grid panel-no-style\" ><div id=\"pgc-236-3-0\"  class=\"panel-grid-cell panel-grid-cell-empty\" ><\/div><div id=\"pgc-236-3-1\"  class=\"panel-grid-cell panel-grid-cell-mobile-last\" ><div id=\"panel-236-3-1-0\" class=\"so-panel widget widget_black-studio-tinymce widget_black_studio_tinymce panel-first-child panel-last-child\" data-index=\"4\" ><div class=\"panel-widget-style panel-widget-style-for-236-3-1-0\" ><div class=\"textwidget\"><h4 style=\"text-align: center;\"><a href=\"https:\/\/scholar.google.es\/citations?user=dWZ9VxYAAAAJ&amp;hl=es\">Perfil de Google Acad\u00e9mico<\/a><\/h4>\n<\/div><\/div><\/div><\/div><div id=\"pgc-236-3-2\"  class=\"panel-grid-cell panel-grid-cell-empty\" ><\/div><\/div><\/div>","protected":false},"excerpt":{"rendered":"<p>InvestigadoraProfesora titular del Departamento de Pedagog\u00eda en la Facultad de Educaci\u00f3n y Trabajo Social de la Universidad de Valladolid (Espa\u00f1a) en la que imparte materias relacionadas con el campo de \u201cTecnolog\u00eda Educativa\u201d en distintos grados y sobre procesos de investigaci\u00f3n cualitativa en m\u00e1ster. Licenciada y Doctora en Filosof\u00eda y Ciencias de la Educaci\u00f3n (1990 y [&hellip;]<\/p>\n","protected":false},"author":1,"featured_media":0,"parent":10,"menu_order":0,"comment_status":"open","ping_status":"closed","template":"custom-page.php","meta":{"_acf_changed":false,"jetpack_post_was_ever_published":false,"footnotes":""},"acf":[],"jetpack_sharing_enabled":true,"jetpack_shortlink":"https:\/\/wp.me\/P64Oaw-3O","_links":{"self":[{"href":"https:\/\/wpd.ugr.es\/~icufop\/wp-json\/wp\/v2\/pages\/236"}],"collection":[{"href":"https:\/\/wpd.ugr.es\/~icufop\/wp-json\/wp\/v2\/pages"}],"about":[{"href":"https:\/\/wpd.ugr.es\/~icufop\/wp-json\/wp\/v2\/types\/page"}],"author":[{"embeddable":true,"href":"https:\/\/wpd.ugr.es\/~icufop\/wp-json\/wp\/v2\/users\/1"}],"replies":[{"embeddable":true,"href":"https:\/\/wpd.ugr.es\/~icufop\/wp-json\/wp\/v2\/comments?post=236"}],"version-history":[{"count":9,"href":"https:\/\/wpd.ugr.es\/~icufop\/wp-json\/wp\/v2\/pages\/236\/revisions"}],"predecessor-version":[{"id":246,"href":"https:\/\/wpd.ugr.es\/~icufop\/wp-json\/wp\/v2\/pages\/236\/revisions\/246"}],"up":[{"embeddable":true,"href":"https:\/\/wpd.ugr.es\/~icufop\/wp-json\/wp\/v2\/pages\/10"}],"wp:attachment":[{"href":"https:\/\/wpd.ugr.es\/~icufop\/wp-json\/wp\/v2\/media?parent=236"}],"curies":[{"name":"wp","href":"https:\/\/api.w.org\/{rel}","templated":true}]}}