{"id":325,"date":"2015-05-17T15:10:18","date_gmt":"2015-05-17T15:10:18","guid":{"rendered":"http:\/\/wpd.ugr.es\/~icufop\/?page_id=325"},"modified":"2015-05-17T15:10:18","modified_gmt":"2015-05-17T15:10:18","slug":"antonio-bustos-jimenez","status":"publish","type":"page","link":"https:\/\/wpd.ugr.es\/~icufop\/miembros-icufop\/antonio-bustos-jimenez\/","title":{"rendered":"Antonio Bustos Jim\u00e9nez"},"content":{"rendered":"<div id=\"pl-325\"  class=\"panel-layout\" ><div id=\"pg-325-0\"  class=\"panel-grid panel-no-style\" ><div id=\"pgc-325-0-0\"  class=\"panel-grid-cell\" ><div id=\"panel-325-0-0-0\" class=\"so-panel widget widget_black-studio-tinymce widget_black_studio_tinymce panel-first-child panel-last-child\" data-index=\"0\" ><div class=\"textwidget\"><p><a href=\"http:\/\/wpd.ugr.es\/~icufop\/wp-content\/uploads\/f78_20140911_155602.jpg\"><img loading=\"lazy\" decoding=\"async\" class=\"alignleft size-thumbnail wp-image-326\" src=\"http:\/\/wpd.ugr.es\/~icufop\/wp-content\/uploads\/f78_20140911_155602-150x150.jpg\" alt=\"Antonio Bustos\" width=\"150\" height=\"150\" srcset=\"https:\/\/wpd.ugr.es\/~icufop\/wp-content\/uploads\/f78_20140911_155602-150x150.jpg 150w, https:\/\/wpd.ugr.es\/~icufop\/wp-content\/uploads\/f78_20140911_155602-250x250.jpg 250w\" sizes=\"(max-width: 150px) 100vw, 150px\" \/><\/a><\/p>\n<\/div><\/div><\/div><div id=\"pgc-325-0-1\"  class=\"panel-grid-cell\" ><div id=\"panel-325-0-1-0\" class=\"so-panel widget widget_black-studio-tinymce widget_black_studio_tinymce panel-first-child panel-last-child\" data-index=\"1\" ><div class=\"panel-widget-style panel-widget-style-for-325-0-1-0\" ><h3 class=\"widget-title\">Antonio Bustos Jim\u00e9nez<\/h3><div class=\"textwidget\"><h4>Investigador<\/h4>\n<p>Docente del Cuerpo de Maestros desde 1995. Ha sido director de centro educativo de Educaci\u00f3n Infantil y Primaria y profesor asociado en la Universidad de Almer\u00eda.<\/p>\n<\/div><\/div><\/div><\/div><\/div><div id=\"pg-325-1\"  class=\"panel-grid panel-no-style\" ><div id=\"pgc-325-1-0\"  class=\"panel-grid-cell panel-grid-cell-empty\" ><\/div><div id=\"pgc-325-1-1\"  class=\"panel-grid-cell panel-grid-cell-mobile-last\" ><div id=\"panel-325-1-1-0\" class=\"so-panel widget widget_black-studio-tinymce widget_black_studio_tinymce panel-first-child panel-last-child\" data-index=\"2\" ><div class=\"textwidget\"><table><tbody><tr><td>Correo electr\u00f3nico<\/td><td><a href=\"mailto:abustosj@gmail.com\">abustosj@gmail.com<\/a><\/td><\/tr><tr><td>Titulaci\u00f3n<\/td><td>Doctor en Pedagog\u00eda<\/td><\/tr><tr><td>Puesto de trabajo<\/td><td>Asesor de Formaci\u00f3n<\/td><\/tr><tr><td>Centro<\/td><td>Centro del Profesorado de Granada (Consejer\u00eda de Educaci\u00f3n, Cultura y Deporte)<\/td><\/tr><tr><td>L\u00edneas de trabajo y especializaci\u00f3n<\/td><td>Escuelas rurales, ciudadan\u00eda, compensaci\u00f3n educativa, reforma juvenil, competencias clave<\/td><\/tr><\/tbody><\/table><p>\u00a0<\/p><\/div><\/div><\/div><div id=\"pgc-325-1-2\"  class=\"panel-grid-cell panel-grid-cell-empty\" ><\/div><\/div><div id=\"pg-325-2\"  class=\"panel-grid panel-no-style\" ><div id=\"pgc-325-2-0\"  class=\"panel-grid-cell\" ><div id=\"panel-325-2-0-0\" class=\"so-panel widget widget_black-studio-tinymce widget_black_studio_tinymce panel-first-child panel-last-child\" data-index=\"3\" ><div class=\"textwidget\"><h4>Publicaciones recientes destacadas:<\/h4>\n<ul>\n<li>Bustos, A. (2014). La did\u00e1ctica multigrado y las aulas rurales: perspectivas y datos para su an\u00e1lisis. Revista innovaci\u00f3n educativa, 24, 119-131.<\/li>\n<li>Boix, R. y Bustos, A. (2014). La ense\u00f1anza en las aulas multigrado: una aproximaci\u00f3n a las actividades escolares y los recursos did\u00e1cticos desde la perspectiva del profesorado. Revista iberoamericana de evaluaci\u00f3n educativa, 7 (3), 29-43.<\/li>\n<li>Ab\u00f3s, P., Boix, R. y Bustos, A. (2014). Una aproximaci\u00f3n al concepto pedag\u00f3gico de aula multigrado. Revista aula de innovaci\u00f3n educativa, 229.<\/li>\n<li>Arag\u00f3n, Y. y Bustos, A. (2013). \u00bfAprender ahora? Toca entretenerse. Cuadernos de pedagog\u00eda, 440, 32-35.<\/li>\n<li>Bustos, A. (2013). La educaci\u00f3n en la reconstrucci\u00f3n de identidades. Cuadernos de pedagog\u00eda, 440, 83-86.<\/li>\n<li>Bustos, A. (2013). El espacio y el tiempo en la escuela rural: algunas consideraciones sobre la did\u00e1ctica multigrado. Revista investigaci\u00f3n en la escuela, 79, 31-41.<\/li>\n<li>Muros, B., Arag\u00f3n, Y. y Bustos, A. (2013). La ocupaci\u00f3n del tiempo libre de j\u00f3venes en el uso de videojuegos y redes. Revista comunicar, 40, 31-39.<\/li>\n<li>Mart\u00ednez, J.B., y Bustos, A. (2011) Globalizaci\u00f3n, nuevas ruralidades y escuelas. Profesorado. Revista de curriculum y formaci\u00f3n del profesorado, 15 (2), 3-12.<\/li>\n<li>Bustos, A. (2011). Investigaci\u00f3n y escuela rural: \u00bfirreconciliables? Profesorado. Revista de curriculum y formaci\u00f3n del profesorado, 15 (2), 155-170.<\/li>\n<\/ul>\n<\/div><\/div><\/div><\/div><div id=\"pg-325-3\"  class=\"panel-grid panel-no-style\" ><div id=\"pgc-325-3-0\"  class=\"panel-grid-cell panel-grid-cell-empty\" ><\/div><div id=\"pgc-325-3-1\"  class=\"panel-grid-cell panel-grid-cell-mobile-last\" ><div id=\"panel-325-3-1-0\" class=\"so-panel widget widget_black-studio-tinymce widget_black_studio_tinymce panel-first-child panel-last-child\" data-index=\"4\" ><div class=\"panel-widget-style panel-widget-style-for-325-3-1-0\" ><div class=\"textwidget\"><h4 style=\"text-align: center;\"><a href=\"http:\/\/dialnet.unirioja.es\/servlet\/autor?codigo=2147203\">Perfil de Dialnet<\/a><\/h4>\n<\/div><\/div><\/div><\/div><div id=\"pgc-325-3-2\"  class=\"panel-grid-cell panel-grid-cell-empty\" ><\/div><\/div><\/div>","protected":false},"excerpt":{"rendered":"<p>InvestigadorDocente del Cuerpo de Maestros desde 1995. Ha sido director de centro educativo de Educaci\u00f3n Infantil y Primaria y profesor asociado en la Universidad de Almer\u00eda. Correo electr\u00f3nicoabustosj@gmail.comTitulaci\u00f3nDoctor en Pedagog\u00edaPuesto de trabajoAsesor de Formaci\u00f3nCentroCentro del Profesorado de Granada (Consejer\u00eda de Educaci\u00f3n, Cultura y Deporte)L\u00edneas de trabajo y especializaci\u00f3nEscuelas rurales, ciudadan\u00eda, compensaci\u00f3n educativa, reforma juvenil, competencias [&hellip;]<\/p>\n","protected":false},"author":1,"featured_media":0,"parent":10,"menu_order":0,"comment_status":"open","ping_status":"closed","template":"custom-page.php","meta":{"_acf_changed":false,"jetpack_post_was_ever_published":false,"footnotes":""},"acf":[],"jetpack_sharing_enabled":true,"jetpack_shortlink":"https:\/\/wp.me\/P64Oaw-5f","_links":{"self":[{"href":"https:\/\/wpd.ugr.es\/~icufop\/wp-json\/wp\/v2\/pages\/325"}],"collection":[{"href":"https:\/\/wpd.ugr.es\/~icufop\/wp-json\/wp\/v2\/pages"}],"about":[{"href":"https:\/\/wpd.ugr.es\/~icufop\/wp-json\/wp\/v2\/types\/page"}],"author":[{"embeddable":true,"href":"https:\/\/wpd.ugr.es\/~icufop\/wp-json\/wp\/v2\/users\/1"}],"replies":[{"embeddable":true,"href":"https:\/\/wpd.ugr.es\/~icufop\/wp-json\/wp\/v2\/comments?post=325"}],"version-history":[{"count":1,"href":"https:\/\/wpd.ugr.es\/~icufop\/wp-json\/wp\/v2\/pages\/325\/revisions"}],"predecessor-version":[{"id":327,"href":"https:\/\/wpd.ugr.es\/~icufop\/wp-json\/wp\/v2\/pages\/325\/revisions\/327"}],"up":[{"embeddable":true,"href":"https:\/\/wpd.ugr.es\/~icufop\/wp-json\/wp\/v2\/pages\/10"}],"wp:attachment":[{"href":"https:\/\/wpd.ugr.es\/~icufop\/wp-json\/wp\/v2\/media?parent=325"}],"curies":[{"name":"wp","href":"https:\/\/api.w.org\/{rel}","templated":true}]}}