{"id":74,"date":"2015-04-28T13:04:19","date_gmt":"2015-04-28T13:04:19","guid":{"rendered":"http:\/\/wpd.ugr.es\/~icufop\/?page_id=74"},"modified":"2016-11-19T10:41:34","modified_gmt":"2016-11-19T10:41:34","slug":"lineas-de-investigacion","status":"publish","type":"page","link":"https:\/\/wpd.ugr.es\/~icufop\/lineas-de-investigacion\/","title":{"rendered":"L\u00edneas de investigaci\u00f3n"},"content":{"rendered":"<p>Los investigadores e investigadoras de este grupo:<\/p>\n<ol style=\"list-style-type: lower-alpha;\">\n<li>Afrontan los problemas de la desigualdad socioeducativa de nuestra sociedad cada vez m\u00e1s fragmentada como producto de las transformaciones sociales y la econom\u00eda globalizada.<\/li>\n<li>Tienen como objetivo detectar, analizar, investigar y promover procesos educativos innovadores, comprometidos con la equidad la justicia social y la ciudadan\u00eda.<\/li>\n<li>Investigan sobre programas acciones, recursos y pol\u00edticas socioeducativas orientadas a una transformaci\u00f3n social y educativa en el marco de una sociedad del conocimiento cosmopolita, abierta y multicultural.<\/li>\n<\/ol>\n<p>Como equipo multidisciplinar e interuniversitario aplica la investigaci\u00f3n en contextos diversos relacionados con el curriculum, la formaci\u00f3n de docentes, y el desarrollo de procesos formativos en las comunidades de pr\u00e1cticas y la sociedad red.<\/p>\n","protected":false},"excerpt":{"rendered":"<p>Los investigadores e investigadoras de este grupo: Afrontan los problemas de la desigualdad socioeducativa de nuestra sociedad cada vez m\u00e1s fragmentada como producto de las transformaciones sociales y la econom\u00eda globalizada. Tienen como objetivo detectar, analizar, investigar y promover procesos educativos innovadores, comprometidos con la equidad la justicia social y la ciudadan\u00eda. Investigan sobre programas [&hellip;]<\/p>\n","protected":false},"author":1,"featured_media":0,"parent":0,"menu_order":0,"comment_status":"open","ping_status":"open","template":"","meta":{"_acf_changed":false,"jetpack_post_was_ever_published":false,"footnotes":""},"acf":[],"jetpack_sharing_enabled":true,"jetpack_shortlink":"https:\/\/wp.me\/P64Oaw-1c","_links":{"self":[{"href":"https:\/\/wpd.ugr.es\/~icufop\/wp-json\/wp\/v2\/pages\/74"}],"collection":[{"href":"https:\/\/wpd.ugr.es\/~icufop\/wp-json\/wp\/v2\/pages"}],"about":[{"href":"https:\/\/wpd.ugr.es\/~icufop\/wp-json\/wp\/v2\/types\/page"}],"author":[{"embeddable":true,"href":"https:\/\/wpd.ugr.es\/~icufop\/wp-json\/wp\/v2\/users\/1"}],"replies":[{"embeddable":true,"href":"https:\/\/wpd.ugr.es\/~icufop\/wp-json\/wp\/v2\/comments?post=74"}],"version-history":[{"count":3,"href":"https:\/\/wpd.ugr.es\/~icufop\/wp-json\/wp\/v2\/pages\/74\/revisions"}],"predecessor-version":[{"id":621,"href":"https:\/\/wpd.ugr.es\/~icufop\/wp-json\/wp\/v2\/pages\/74\/revisions\/621"}],"wp:attachment":[{"href":"https:\/\/wpd.ugr.es\/~icufop\/wp-json\/wp\/v2\/media?parent=74"}],"curies":[{"name":"wp","href":"https:\/\/api.w.org\/{rel}","templated":true}]}}