{"id":10384,"date":"2023-06-29T10:09:52","date_gmt":"2023-06-29T08:09:52","guid":{"rendered":"https:\/\/wpd.ugr.es\/~imag\/?page_id=10384"},"modified":"2023-06-30T11:03:28","modified_gmt":"2023-06-30T09:03:28","slug":"instrucciones-publicaciones","status":"publish","type":"page","link":"https:\/\/wpd.ugr.es\/~imag\/instrucciones-publicaciones\/","title":{"rendered":"Publicidad a incluir en publicaciones, presentaciones a congresos (incluidos p\u00f3sters), carteles anunciadores de evntos, etc."},"content":{"rendered":"<p>Cada agencia financiadora (AEI, Junta de Andaluc\u00eda, proyectos europeos, Plan Propio UGR) tiene una normativa espec\u00edfica en cada convocatoria, que regula c\u00f3mo agradecer la financiaci\u00f3n correspondiente. A continuaci\u00f3n damos una serie de indicaciones en lo que respecta a proyectos de miembros del IMAG.<\/p>\n<ul>\n<li>En primer lugar se agradecer\u00e1 el proyecto que financia los gastos asociados al art\u00edculo\/presentaci\u00f3n\/p\u00f3ster. Esto se har\u00e1 <strong>siguiendo literalmente la f\u00f3rmula especificada en la normativa<\/strong> que rija con ese proyecto (ver abajo algunos ejemplos). En el caso de que m\u00e1s de un proyecto intervenga, ordenarlos seg\u00fan \u00e1mbito: proyectos europeos, agencia nacional, agencias auton\u00f3micas, financiadores locales.<\/li>\n<li>A la hora de justificar proyectos (informes de seguimiento), <strong>todos los trabajos referenciados en el informe deben contener los agradecimientos a los proyectos correspondientes<\/strong>, incluso aunque no hayan generado gasto a ese proyecto.<\/li>\n<li>Incluir <strong>tanto la referencia como los logos<\/strong> en carteler\u00eda, edici\u00f3n libros, material audiovisual, p\u00e1ginas web, etc\u2026 Adem\u00e1s, en los p\u00f3steres presentados a congresos deben aparecer los c\u00f3digos del\/los proyecto(s) y logos de la entidad(es) financiadora(s).<\/li>\n<li>Seg\u00fan proceda, incluir \u201cFEDER Una manera de hacer Europa\u201d (si el proyecto tiene fondos FEDER), o \u201cUni\u00f3n Europea NextGeneration EU\u201d (si el proyecto tiene fondos del Plan de Recuperaci\u00f3n de la UE), o \u201cPRTR\u201d (si el proyecto tiene fondos del Plan de Recuperaci\u00f3n, Transformaci\u00f3n y Resiliencia de Espa\u00f1a).<\/li>\n<li>En el caso de actividades\/publicaciones financiadas por grupos de la Junta de Andaluc\u00eda o por el Plan Propio UGR, el procedimiento de agradecimientos no es obligatorio.<\/li>\n<\/ul>\n<p>Ejemplos de agradecimientos:<\/p>\n<ul>\n<li>Sello de Excelencia Mar\u00eda de Maeztu: <br \/>\n(Versi\u00f3n espa\u00f1ola) Proyecto CEX2020-001105-M financiado por MCIN\/AEI\/10.13039\/501100011033.<br \/>\n(Versi\u00f3n inglesa) Grant CEX2020-001105-M funded by MCIN\/AEI\/10.13039\/501100011033. <br \/>\n(Versi\u00f3n abreviada) CEX2020-001105-M\/AEI\/10.13039\/501100011033<\/li>\n<li>Proyecto del Plan Nacional: <br \/>\n(Versi\u00f3n espa\u00f1ola) Proyecto (Referencia del proyecto) financiado por MCIN\/AEI\/10.13039\/501100011033.<br \/>\n(Versi\u00f3n inglesa) Grant (Referencia de la ayuda) funded by MCIN\/AEI\/10.13039\/501100011033. <br \/>\n(Versi\u00f3n abreviada) (Referencia de la ayuda)\/AEI\/10.13039\/501100011033<\/li>\n<\/ul>\n","protected":false},"excerpt":{"rendered":"<p>Cada agencia financiadora (AEI, Junta de Andaluc\u00eda, proyectos europeos, Plan Propio UGR) tiene una normativa espec\u00edfica en cada convocatoria, que regula c\u00f3mo agradecer la financiaci\u00f3n correspondiente. A continuaci\u00f3n damos una serie de indicaciones en lo que respecta a proyectos de miembros del IMAG. En primer lugar se agradecer\u00e1 el proyecto<span class=\"more-link\"><a href=\"https:\/\/wpd.ugr.es\/~imag\/instrucciones-publicaciones\/\">Continue Reading<\/a><\/span><\/p>\n","protected":false},"author":1,"featured_media":0,"parent":0,"menu_order":0,"comment_status":"closed","ping_status":"closed","template":"","meta":{"footnotes":""},"translation":{"provider":"WPGlobus","version":"3.0.0","language":"en","enabled_languages":["en"],"languages":{"en":{"title":true,"content":true,"excerpt":false}}},"_links":{"self":[{"href":"https:\/\/wpd.ugr.es\/~imag\/wp-json\/wp\/v2\/pages\/10384"}],"collection":[{"href":"https:\/\/wpd.ugr.es\/~imag\/wp-json\/wp\/v2\/pages"}],"about":[{"href":"https:\/\/wpd.ugr.es\/~imag\/wp-json\/wp\/v2\/types\/page"}],"author":[{"embeddable":true,"href":"https:\/\/wpd.ugr.es\/~imag\/wp-json\/wp\/v2\/users\/1"}],"replies":[{"embeddable":true,"href":"https:\/\/wpd.ugr.es\/~imag\/wp-json\/wp\/v2\/comments?post=10384"}],"version-history":[{"count":14,"href":"https:\/\/wpd.ugr.es\/~imag\/wp-json\/wp\/v2\/pages\/10384\/revisions"}],"predecessor-version":[{"id":10421,"href":"https:\/\/wpd.ugr.es\/~imag\/wp-json\/wp\/v2\/pages\/10384\/revisions\/10421"}],"wp:attachment":[{"href":"https:\/\/wpd.ugr.es\/~imag\/wp-json\/wp\/v2\/media?parent=10384"}],"curies":[{"name":"wp","href":"https:\/\/api.w.org\/{rel}","templated":true}]}}