{"id":1210,"date":"2015-04-14T08:44:48","date_gmt":"2015-04-14T08:44:48","guid":{"rendered":"http:\/\/iemath.ugr.es\/?page_id=1210"},"modified":"2016-01-14T08:27:00","modified_gmt":"2016-01-14T08:27:00","slug":"visitors-2015","status":"publish","type":"page","link":"https:\/\/wpd.ugr.es\/~imag\/visitors-2015\/","title":{"rendered":"Visitors &#8211; 2015"},"content":{"rendered":"<ul  class=\"eo-events eo-events-shortcode\">\n<li class=\"eo-event-venue-iemath-gr-2 eo-event-cat-grant-holder eo-event-cat-visitor eo-event-cat-imag eo-event-past eo-multi-day eo-all-day\">\u00a0<a href=\"https:\/\/wpd.ugr.es\/~imag\/events\/event\/david-molina-munoz\/\">David Molina Mu\u00f1oz<\/a>, Universidad de Granada, 01\/04\/2013 \u00bb 31\/01\/2017\u00a0<\/li>\n<li class=\"eo-event-venue-iemath-gr-2 eo-event-cat-grant-holder eo-event-cat-visitor eo-event-cat-imag eo-event-past eo-multi-day eo-all-day\">\u00a0<a href=\"https:\/\/wpd.ugr.es\/~imag\/events\/event\/alexis-molino\/\">Alexis Molino<\/a>, , 12\/09\/2013 \u00bb 31\/12\/2017\u00a0<\/li>\n<li class=\"eo-event-venue-iemath-gr-2 eo-event-cat-grant-holder eo-event-cat-visitor eo-event-cat-imag eo-event-past eo-multi-day eo-all-day\">\u00a0<a href=\"https:\/\/wpd.ugr.es\/~imag\/events\/event\/lourdes-moreno\/\">Lourdes Moreno<\/a>, Universidad de Granada, 20\/01\/2014 \u00bb 01\/03\/2017\u00a0<\/li>\n<li class=\"eo-event-venue-iemath-gr-2 eo-event-cat-grant-holder eo-event-cat-imag eo-event-past eo-multi-day eo-all-day\">\u00a0<a href=\"https:\/\/wpd.ugr.es\/~imag\/events\/event\/miguel-navarro\/\">Miguel Navarro Burgos<\/a>, UGR, 20\/01\/2014 \u00bb 20\/01\/2015\u00a0<\/li>\n<li class=\"eo-event-venue-iemath-gr-2 eo-event-cat-visitor eo-event-cat-imag eo-event-past eo-multi-day eo-all-day\">\u00a0<a href=\"https:\/\/wpd.ugr.es\/~imag\/events\/event\/carlos-espinoza\/\">Carlos Espinoza<\/a>, Universidade Federal do Rio de Janeiro, Brazil, 01\/09\/2014 \u00bb 31\/08\/2015\u00a0<\/li>\n<li class=\"eo-event-venue-iemath-gr-2 eo-event-cat-visitor eo-event-cat-imag eo-event-past eo-multi-day eo-all-day\">\u00a0<a href=\"https:\/\/wpd.ugr.es\/~imag\/events\/event\/abigail-folha\/\">Abigail Folha<\/a>, Universidad Federal Fluminense, Brazil, 01\/09\/2014 \u00bb 31\/08\/2015\u00a0<\/li>\n<li class=\"eo-event-venue-iemath-gr-2 eo-event-cat-grant-holder eo-event-cat-visitor eo-event-cat-imag eo-event-past eo-multi-day eo-all-day\">\u00a0<a href=\"https:\/\/wpd.ugr.es\/~imag\/events\/event\/javier-alvarez-liebana\/\">Javier Alvarez Li\u00e9bana<\/a>, Universidad de Granada, 01\/09\/2014 \u00bb 31\/01\/2017\u00a0<\/li>\n<li class=\"eo-event-venue-iemath-gr-2 eo-event-cat-visitor eo-event-cat-imag eo-event-past eo-multi-day eo-all-day\">\u00a0<a href=\"https:\/\/wpd.ugr.es\/~imag\/events\/event\/cagri-haciyusufoglui\/\">\u00c7a\u011fr\u0131 Hac\u0131yusufo\u011flui<\/a>, Koc University, Sariyer-Istanbul, Turkey, 15\/09\/2014 \u00bb 14\/09\/2015\u00a0<\/li>\n<li class=\"eo-event-venue-iemath-gr-2 eo-event-cat-grant-holder eo-event-cat-imag eo-event-past eo-multi-day eo-all-day\">\u00a0<a href=\"https:\/\/wpd.ugr.es\/~imag\/events\/event\/jesus-perez-garcia\/\">Jes\u00fas P\u00e9rez Garc\u00eda<\/a>, UGR, 15\/09\/2014 \u00bb 31\/08\/2016\u00a0<\/li>\n<li class=\"eo-event-venue-iemath-gr-2 eo-event-cat-visitor eo-event-cat-imag eo-event-past eo-multi-day eo-all-day\">\u00a0<a href=\"https:\/\/wpd.ugr.es\/~imag\/events\/event\/pieralberto-sicbaldi\/\">Pieralberto Sicbaldi<\/a>, Institut de Math\u00e9matiques de Marseille, France), 20\/09\/2014 \u00bb 28\/02\/2015\u00a0<\/li>\n<li class=\"eo-event-venue-iemath-gr-2 eo-event-cat-grant-holder eo-event-cat-visitor eo-event-cat-imag eo-event-past eo-multi-day eo-all-day\">\u00a0<a href=\"https:\/\/wpd.ugr.es\/~imag\/events\/event\/efstratios-vernadakis-3\/\">Efstratios Vernadakis<\/a>, , 22\/09\/2014 \u00bb 30\/11\/2015\u00a0<\/li>\n<li class=\"eo-event-venue-iemath-gr-2 eo-event-cat-visitor eo-event-cat-imag eo-event-past eo-multi-day eo-all-day\">\u00a0<a href=\"https:\/\/wpd.ugr.es\/~imag\/events\/event\/miguel-sanchez-caja-2\/\">V\u00edctor Aldaya<\/a>, Instituto de Astrof\u00edsica de Andaluc\u00eda, IAA-CSIC, 22\/09\/2014 \u00bb 28\/02\/2015\u00a0<\/li>\n<li class=\"eo-event-venue-iemath-gr-2 eo-event-cat-visitor eo-event-cat-imag eo-event-past eo-multi-day eo-all-day\">\u00a0<a href=\"https:\/\/wpd.ugr.es\/~imag\/events\/event\/francescantonio-oliva\/\">Francescantonio Oliva<\/a>, Universita di Roma &#8220;La Sapienza&#8221;, 05\/10\/2014 \u00bb 28\/02\/2015\u00a0<\/li>\n<li class=\"eo-event-venue-iemath-gr-2 eo-event-cat-grant-holder eo-event-cat-visitor eo-event-cat-imag eo-event-past eo-multi-day eo-all-day\">\u00a0<a href=\"https:\/\/wpd.ugr.es\/~imag\/events\/event\/beatriz-cobo-rodriguez-2\/\">Beatriz Cobo Rodr\u00edguez<\/a>, Universidad de Granada, 31\/10\/2014 \u00bb 01\/09\/2018\u00a0<\/li>\n<li class=\"eo-event-venue-iemath-gr-2 eo-event-cat-grant-holder eo-event-cat-visitor eo-event-cat-imag eo-event-past eo-multi-day eo-all-day\">\u00a0<a href=\"https:\/\/wpd.ugr.es\/~imag\/events\/event\/mohsen-niazi\/\">Mohsen Niazi<\/a>, Faculty of Mathematical Sciences, University of Birjand, Iran, 10\/11\/2014 \u00bb 19\/05\/2015\u00a0<\/li>\n<li class=\"eo-event-venue-iemath-gr-2 eo-event-cat-visitor eo-event-cat-imag eo-event-past eo-multi-day eo-all-day\">\u00a0<a href=\"https:\/\/wpd.ugr.es\/~imag\/events\/event\/antonio-martinez-2\/\">Antonio Mart\u00ednez<\/a>, , 15\/12\/2014 \u00bb 05\/03\/2015\u00a0<\/li>\n<li class=\"eo-event-venue-iemath-gr-2 eo-event-cat-visitor eo-event-cat-imag eo-event-past eo-multi-day eo-all-day\">\u00a0<a href=\"https:\/\/wpd.ugr.es\/~imag\/events\/event\/maitere-aguerrea-planas\/\">Maitere Aguerrea Planas<\/a>, Universidad Cat\u00f3lica del Maule (Chile), 07\/01\/2015 \u00bb 30\/01\/2015\u00a0<\/li>\n<li class=\"eo-event-venue-iemath-gr-2 eo-event-cat-visitor eo-event-cat-imag eo-event-past eo-multi-day eo-all-day\">\u00a0<a href=\"https:\/\/wpd.ugr.es\/~imag\/events\/event\/pascal-romon-3\/\">Pascal Romon<\/a>, Universit\u00e9 Paris-Est Marne-la-Vall\u00e9e, 13\/01\/2015 \u00bb 16\/01\/2015\u00a0<\/li>\n<li class=\"eo-event-venue-iemath-gr-2 eo-event-cat-visitor eo-event-cat-imag eo-event-past eo-multi-day eo-all-day\">\u00a0<a href=\"https:\/\/wpd.ugr.es\/~imag\/events\/event\/amir-aazami\/\">Amir Aazami<\/a>, Duke University Durham, 15\/01\/2015 \u00bb 31\/01\/2015\u00a0<\/li>\n<li class=\"eo-event-venue-iemath-gr-2 eo-event-cat-visitor eo-event-cat-imag eo-event-past eo-multi-day eo-all-day\">\u00a0<a href=\"https:\/\/wpd.ugr.es\/~imag\/events\/event\/miguel-angel-javaloyes\/\">Miguel Angel Javaloyes<\/a>, , 15\/01\/2015 \u00bb 30\/01\/2015\u00a0<\/li>\n<li class=\"eo-event-venue-iemath-gr-2 eo-event-cat-visitor eo-event-cat-imag eo-event-past eo-multi-day eo-all-day\">\u00a0<a href=\"https:\/\/wpd.ugr.es\/~imag\/events\/event\/miguel-sanchez-caja-3\/\">Miguel S\u00e1nchez Caja<\/a>, , 15\/01\/2015 \u00bb 30\/01\/2015\u00a0<\/li>\n<li class=\"eo-event-venue-iemath-gr-2 eo-event-cat-visitor eo-event-cat-imag eo-event-past eo-multi-day eo-all-day\">\u00a0<a href=\"https:\/\/wpd.ugr.es\/~imag\/events\/event\/jose-alfredo-canizo-rincon\/\">Jos\u00e9 Alfredo Ca\u00f1izo Rinc\u00f3n<\/a>, Universidad de Granada, 19\/01\/2015 \u00bb 31\/07\/2015\u00a0<\/li>\n<li class=\"eo-event-venue-iemath-gr-2 eo-event-cat-visitor eo-event-cat-imag eo-event-past eo-multi-day eo-all-day\">\u00a0<a href=\"https:\/\/wpd.ugr.es\/~imag\/events\/event\/david-arcoya-3\/\">David Arcoya<\/a>, Universidad de Granada, 02\/02\/2015 \u00bb 31\/07\/2015\u00a0<\/li>\n<li class=\"eo-event-venue-iemath-gr-2 eo-event-cat-visitor eo-event-cat-imag eo-event-past eo-multi-day eo-all-day\">\u00a0<a href=\"https:\/\/wpd.ugr.es\/~imag\/events\/event\/benedetta-pellacci\/\">Benedetta Pellacci<\/a>, Universit\u00e0 degli Studi di Napoli &#8220;Parthenope&#8221;, Napoles, Italia, 02\/02\/2015 \u00bb 11\/02\/2015\u00a0<\/li>\n<li class=\"eo-event-venue-iemath-gr-2 eo-event-cat-visitor eo-event-cat-imag eo-event-past eo-multi-day eo-all-day\">\u00a0<a href=\"https:\/\/wpd.ugr.es\/~imag\/events\/event\/francisco-odair-vieira-de-paiva\/\">Francisco Odair Vieira de Paiva<\/a>, Universidade Federal de Sao Carlos, Brasil, 08\/02\/2015 \u00bb 20\/02\/2015\u00a0<\/li>\n<li class=\"eo-event-venue-iemath-gr-2 eo-event-cat-visitor eo-event-cat-imag eo-event-past eo-multi-day eo-all-day\">\u00a0<a href=\"https:\/\/wpd.ugr.es\/~imag\/events\/event\/jesus-rosado\/\">Jes\u00fas Rosado<\/a>, Universidad de Buenos Aires, 24\/02\/2015 \u00bb 27\/02\/2015\u00a0<\/li>\n<li class=\"eo-event-venue-iemath-gr-2 eo-event-cat-visitor eo-event-cat-imag eo-event-past eo-multi-day eo-all-day\">\u00a0<a href=\"https:\/\/wpd.ugr.es\/~imag\/events\/event\/fabio-r-pereira\/\">F\u00e1bio R. Pereira<\/a>, Universidade Federal de Juiz de Fora, Brasil, 03\/03\/2015 \u00bb 26\/02\/2016\u00a0<\/li>\n<li class=\"eo-event-venue-iemath-gr-2 eo-event-cat-visitor eo-event-cat-imag eo-event-past eo-multi-day eo-all-day\">\u00a0<a href=\"https:\/\/wpd.ugr.es\/~imag\/events\/event\/laurent-desvillettes\/\">Laurent Desvillettes<\/a>, \u00c9cole Normale Sup\u00e9rieure de Cachan, 10\/03\/2015 \u00bb 11\/03\/2015\u00a0<\/li>\n<li class=\"eo-event-venue-iemath-gr-2 eo-event-cat-visitor eo-event-cat-imag eo-event-past eo-multi-day eo-all-day\">\u00a0<a href=\"https:\/\/wpd.ugr.es\/~imag\/events\/event\/maxime-breden\/\">Maxime Breden<\/a>, \u00c9cole Normale Sup\u00e9rieure de Cachan, 10\/03\/2015 \u00bb 13\/03\/2015\u00a0<\/li>\n<li class=\"eo-event-venue-iemath-gr-2 eo-event-cat-grant-holder eo-event-cat-imag eo-event-past eo-multi-day eo-all-day\">\u00a0<a href=\"https:\/\/wpd.ugr.es\/~imag\/events\/event\/jesus-antonio-bueno-linares\/\">Jes\u00fas Antonio Bueno Linares<\/a>, UGR, 25\/03\/2015 \u00bb 20\/12\/2016\u00a0<\/li>\n<li class=\"eo-event-venue-iemath-gr-2 eo-event-cat-grant-holder eo-event-cat-imag eo-event-past eo-multi-day eo-all-day\">\u00a0<a href=\"https:\/\/wpd.ugr.es\/~imag\/events\/event\/jose-antonio-sanchez-pelegrin\/\">Jose Antonio S\u00e1nchez Pelegr\u00edn<\/a>, UGR, 25\/03\/2015 \u00bb 20\/12\/2016\u00a0<\/li>\n<li class=\"eo-event-venue-iemath-gr-2 eo-event-cat-visitor eo-event-cat-imag eo-event-past eo-multi-day eo-all-day\">\u00a0<a href=\"https:\/\/wpd.ugr.es\/~imag\/events\/event\/graham-smith\/\">Graham Smith<\/a>, Universidade Federal do Rio de Janeiro, 08\/04\/2015 \u00bb 11\/04\/2015\u00a0<\/li>\n<li class=\"eo-event-venue-iemath-gr-2 eo-event-cat-visitor eo-event-cat-imag eo-event-past eo-multi-day eo-all-day\">\u00a0<a href=\"https:\/\/wpd.ugr.es\/~imag\/events\/event\/maciej-czarnecki\/\">Maciej Czarnecki<\/a>, University of Lodz (Poland), 09\/04\/2015 \u00bb 06\/05\/2015\u00a0<\/li>\n<li class=\"eo-event-venue-iemath-gr-2 eo-event-cat-visitor eo-event-cat-imag eo-event-past eo-multi-day eo-all-day\">\u00a0<a href=\"https:\/\/wpd.ugr.es\/~imag\/events\/event\/mu-tao-wang\/\">Mu-Tao Wang<\/a>, Columbia University, 09\/04\/2015 \u00bb 11\/04\/2015\u00a0<\/li>\n<li class=\"eo-event-venue-iemath-gr-2 eo-event-cat-grant-holder eo-event-cat-visitor eo-event-cat-imag eo-event-past eo-multi-day eo-all-day\">\u00a0<a href=\"https:\/\/wpd.ugr.es\/~imag\/events\/event\/pablo-morales-alvarez\/\">Pablo Morales \u00c1lvarez<\/a>, UGR, 22\/04\/2015 \u00bb 19\/11\/2015\u00a0<\/li>\n<li class=\"eo-event-venue-iemath-gr-2 eo-event-cat-grant-holder eo-event-past eo-multi-day eo-all-day\">\u00a0<a href=\"https:\/\/wpd.ugr.es\/~imag\/events\/event\/doris-miranda-huaynalaya\/\">Doris Miranda Huaynalaya<\/a>, Per\u00fa, 05\/05\/2015 \u00bb 31\/12\/2022\u00a0<\/li>\n<li class=\"eo-event-venue-iemath-gr-2 eo-event-cat-visitor eo-event-cat-imag eo-event-past eo-multi-day eo-all-day\">\u00a0<a href=\"https:\/\/wpd.ugr.es\/~imag\/events\/event\/amit-einav\/\">Amit Einav<\/a>, Universidad de Cambridge (Reino Unido), 11\/05\/2015 \u00bb 14\/05\/2015\u00a0<\/li>\n<li class=\"eo-event-venue-iemath-gr-2 eo-event-cat-visitor eo-event-cat-imag eo-event-past eo-multi-day eo-all-day\">\u00a0<a href=\"https:\/\/wpd.ugr.es\/~imag\/events\/event\/anton-galaev\/\">Anton Galaev<\/a>, Univ. Hradec Kr\u00e1lov\u00e9 (Chequia), 08\/06\/2015 \u00bb 20\/06\/2015\u00a0<\/li>\n<li class=\"eo-event-venue-iemath-gr-2 eo-event-cat-visitor eo-event-cat-imag eo-event-past eo-multi-day eo-all-day\">\u00a0<a href=\"https:\/\/wpd.ugr.es\/~imag\/events\/event\/jacek-hejduk-from-university-of-lodz-poland\/\">Jacek Hejduk<\/a>, University of Lodz (Poland), 08\/06\/2015 \u00bb 15\/06\/2015\u00a0<\/li>\n<li class=\"eo-event-venue-iemath-gr-2 eo-event-cat-visitor eo-event-cat-imag eo-event-past eo-multi-day eo-all-day\">\u00a0<a href=\"https:\/\/wpd.ugr.es\/~imag\/events\/event\/jose-m-m-senovilla-2\/\">Jos\u00e9 M. M. Senovilla<\/a>, UPV-EHU, 15\/06\/2015 \u00bb 19\/06\/2015\u00a0<\/li>\n<li class=\"eo-event-venue-iemath-gr-2 eo-event-cat-visitor eo-event-cat-imag eo-event-past eo-multi-day eo-all-day\">\u00a0<a href=\"https:\/\/wpd.ugr.es\/~imag\/events\/event\/n-cipriani\/\">N. Cipriani<\/a>, UPV-EHU, 15\/06\/2015 \u00bb 19\/06\/2015\u00a0<\/li>\n<li class=\"eo-event-venue-iemath-gr-2 eo-event-cat-visitor eo-event-cat-imag eo-event-past eo-multi-day eo-all-day\">\u00a0<a href=\"https:\/\/wpd.ugr.es\/~imag\/events\/event\/miguel-sanchez-caja-4\/\">Miguel S\u00e1nchez Caja<\/a>, Universidad de Granada, 15\/06\/2015 \u00bb 31\/07\/2015\u00a0<\/li>\n<li class=\"eo-event-venue-iemath-gr-2 eo-event-cat-visitor eo-event-cat-imag eo-event-past eo-multi-day eo-all-day\">\u00a0<a href=\"https:\/\/wpd.ugr.es\/~imag\/events\/event\/josue-melendez-sanchez\/\">Josu\u00e9 Mel\u00e9ndez S\u00e1nchez<\/a>, UNAM (M\u00e9xico D.F.), 23\/06\/2015 \u00bb 27\/06\/2015\u00a0<\/li>\n<li class=\"eo-event-venue-iemath-gr-2 eo-event-cat-visitor eo-event-cat-imag eo-event-past eo-multi-day eo-all-day\">\u00a0<a href=\"https:\/\/wpd.ugr.es\/~imag\/events\/event\/nikolai-leonenko\/\">Nikolai Leonenko<\/a>, Universidad de Cardiff, 26\/06\/2015 \u00bb 05\/07\/2015\u00a0<\/li>\n<li class=\"eo-event-venue-iemath-gr-2 eo-event-cat-visitor eo-event-cat-imag eo-event-past eo-multi-day eo-all-day\">\u00a0<a href=\"https:\/\/wpd.ugr.es\/~imag\/events\/event\/andriy-olenko\/\">Andriy Olenko<\/a>, Universidad de Melbourne, 26\/06\/2015 \u00bb 05\/07\/2015\u00a0<\/li>\n<li class=\"eo-event-cat-grant-holder eo-event-cat-visitor eo-event-cat-imag eo-event-past eo-multi-day eo-all-day\">\u00a0<a href=\"https:\/\/wpd.ugr.es\/~imag\/events\/event\/juan-jesus-salamanca-jurado-2\/\">Juan Jes\u00fas Salamanca Jurado<\/a>, , 04\/09\/2015 \u00bb 30\/06\/2016\u00a0<\/li>\n<li class=\"eo-event-venue-iemath-gr-2 eo-event-cat-grant-holder eo-event-cat-visitor eo-event-cat-imag eo-event-past eo-multi-day eo-all-day\">\u00a0<a href=\"https:\/\/wpd.ugr.es\/~imag\/events\/event\/seher-kaya\/\">Seher Kaya<\/a>, Ankara University, 15\/09\/2015 \u00bb 14\/06\/2016\u00a0<\/li>\n<li class=\"eo-event-venue-iemath-gr-2 eo-event-cat-grant-holder eo-event-cat-visitor eo-event-cat-imag eo-event-past eo-multi-day eo-all-day\">\u00a0<a href=\"https:\/\/wpd.ugr.es\/~imag\/events\/event\/misael-marriaga-castillo\/\">Misael Marriaga Castillo<\/a>, Universidad Carlos III de Madrid, 15\/09\/2015 \u00bb 30\/10\/2015\u00a0<\/li>\n<li class=\"eo-event-venue-iemath-gr-2 eo-event-cat-visitor eo-event-cat-imag eo-event-past eo-multi-day eo-all-day\">\u00a0<a href=\"https:\/\/wpd.ugr.es\/~imag\/events\/event\/miguel-a-pinar\/\">Miguel A. Pi\u00f1ar<\/a>, Universidad de Granada, 15\/09\/2015 \u00bb 30\/10\/2015\u00a0<\/li>\n<li class=\"eo-event-venue-iemath-gr-2 eo-event-cat-visitor eo-event-cat-imag eo-event-past eo-multi-day eo-all-day\">\u00a0<a href=\"https:\/\/wpd.ugr.es\/~imag\/events\/event\/francesco-patacchini\/\">Francesco Patacchini<\/a>, Imperial College London, 21\/09\/2015 \u00bb 02\/10\/2015\u00a0<\/li>\n<li class=\"eo-event-venue-iemath-gr-2 eo-event-cat-grant-holder eo-event-cat-visitor eo-event-cat-imag eo-event-past eo-multi-day eo-all-day\">\u00a0<a href=\"https:\/\/wpd.ugr.es\/~imag\/events\/event\/ildefonso-castro-infantes\/\">Ildefonso Castro Infantes<\/a>, UGR, 21\/09\/2015 \u00bb 31\/01\/2017\u00a0<\/li>\n<li class=\"eo-event-venue-iemath-gr-2 eo-event-cat-visitor eo-event-cat-imag eo-event-past eo-multi-day eo-all-day\">\u00a0<a href=\"https:\/\/wpd.ugr.es\/~imag\/events\/event\/magdalena-rodriguez-2\/\">Magdalena Rodr\u00edguez<\/a>, Universidad de Granada, 24\/09\/2015 \u00bb 25\/09\/2015\u00a0<\/li>\n<li class=\"eo-event-venue-iemath-gr-2 eo-event-cat-visitor eo-event-cat-imag eo-event-past eo-multi-day eo-all-day\">\u00a0<a href=\"https:\/\/wpd.ugr.es\/~imag\/events\/event\/jose-luis-teruel-carretero\/\">Jos\u00e9 Luis Teruel Carretero<\/a>, Universidad de Granada, 01\/10\/2015 \u00bb 30\/07\/2016\u00a0<\/li>\n<li class=\"eo-event-venue-iemath-gr-2 eo-event-cat-grant-holder eo-event-cat-visitor eo-event-cat-imag eo-event-past eo-multi-day eo-all-day\">\u00a0<a href=\"https:\/\/wpd.ugr.es\/~imag\/events\/event\/raul-emilio-vidal\/\">Ra\u00fal Emilio Vidal<\/a>, Universidad de C\u00f3rdoba (Argentina), 02\/10\/2015 \u00bb 26\/02\/2016\u00a0<\/li>\n<li class=\"eo-event-venue-iemath-gr-2 eo-event-cat-visitor eo-event-cat-imag eo-event-past eo-multi-day eo-all-day\">\u00a0<a href=\"https:\/\/wpd.ugr.es\/~imag\/events\/event\/thibault-bourgeron\/\">Thibault Bourgeron<\/a>, CNRS \/ ENS Lyon, 18\/10\/2015 \u00bb 24\/10\/2015\u00a0<\/li>\n<li class=\"eo-event-venue-iemath-gr-2 eo-event-cat-visitor eo-event-cat-imag eo-event-past eo-multi-day eo-all-day\">\u00a0<a href=\"https:\/\/wpd.ugr.es\/~imag\/events\/event\/luis-alias\/\">Luis Al\u00edas<\/a>, Universidad de Murcia, 20\/10\/2015 \u00bb 23\/10\/2015\u00a0<\/li>\n<li class=\"eo-event-venue-iemath-gr-2 eo-event-cat-visitor eo-event-cat-imag eo-event-past eo-multi-day eo-all-day\">\u00a0<a href=\"https:\/\/wpd.ugr.es\/~imag\/events\/event\/jose-m-m-senovilla-3\/\">Jos\u00e9 M. M. Senovilla<\/a>, UPV-EHU, 20\/10\/2015 \u00bb 27\/10\/2015\u00a0<\/li>\n<li class=\"eo-event-venue-iemath-gr-2 eo-event-cat-visitor eo-event-cat-imag eo-event-past eo-multi-day eo-all-day\">\u00a0<a href=\"https:\/\/wpd.ugr.es\/~imag\/events\/event\/miguel-sanchez-caja-5\/\">Miguel S\u00e1nchez Caja<\/a>, Universidad de Granada, 20\/10\/2015 \u00bb 27\/10\/2015\u00a0<\/li>\n<li class=\"eo-event-venue-iemath-gr-2 eo-event-cat-visitor eo-event-cat-imag eo-event-past eo-multi-day\">\u00a0<a href=\"https:\/\/wpd.ugr.es\/~imag\/events\/event\/stephane-mischler\/\">St\u00e9phane Mischler<\/a>, Universit\u00e9 Paris-Dauphine, 26\/10\/2015 19:00 \u00bb 01\/11\/2015 20:00\u00a0<\/li>\n<li class=\"eo-event-venue-iemath-gr-2 eo-event-cat-visitor eo-event-cat-imag eo-event-past eo-multi-day eo-all-day\">\u00a0<a href=\"https:\/\/wpd.ugr.es\/~imag\/events\/event\/laurent-mazet\/\">Laurent Mazet<\/a>, Universit\u00e9 Paris-Est, 29\/10\/2015 \u00bb 30\/10\/2015\u00a0<\/li>\n<li class=\"eo-event-venue-iemath-gr-2 eo-event-cat-visitor eo-event-cat-imag eo-event-past eo-multi-day eo-all-day\">\u00a0<a href=\"https:\/\/wpd.ugr.es\/~imag\/events\/event\/pieralberto-sicbaldi-2\/\">Pieralberto Sicbaldi<\/a>, Institut de Math\u00e9matiques de Marseille, 05\/11\/2015 \u00bb 27\/11\/2015\u00a0<\/li>\n<li class=\"eo-event-venue-iemath-gr-2 eo-event-cat-visitor eo-event-cat-imag eo-event-past eo-multi-day eo-all-day\">\u00a0<a href=\"https:\/\/wpd.ugr.es\/~imag\/events\/event\/antonio-ros-2\/\">Antonio Ros<\/a>, Universidad de Granada, 05\/11\/2015 \u00bb 31\/07\/2017\u00a0<\/li>\n<li class=\"eo-event-venue-iemath-gr-2 eo-event-cat-visitor eo-event-cat-imag eo-event-past eo-multi-day eo-all-day\">\u00a0<a href=\"https:\/\/wpd.ugr.es\/~imag\/events\/event\/mike-prest\/\">Mike Prest<\/a>, Manchester University (U.K.), 09\/11\/2015 \u00bb 14\/11\/2015\u00a0<\/li>\n<li class=\"eo-event-venue-iemath-gr-2 eo-event-cat-visitor eo-event-cat-imag eo-event-past eo-multi-day eo-all-day\">\u00a0<a href=\"https:\/\/wpd.ugr.es\/~imag\/events\/event\/j-rosicki\/\">Jiri Rosicki<\/a>, Masaryk University (Brno, Czech Republic), 09\/11\/2015 \u00bb 14\/11\/2015\u00a0<\/li>\n<li class=\"eo-event-venue-iemath-gr-2 eo-event-cat-visitor eo-event-cat-imag eo-event-past eo-multi-day eo-all-day\">\u00a0<a href=\"https:\/\/wpd.ugr.es\/~imag\/events\/event\/ramon-gonzalez\/\">Ram\u00f3n Gonz\u00e1lez<\/a>, Universidad de Vigo, 09\/11\/2015 \u00bb 14\/11\/2015\u00a0<\/li>\n<li class=\"eo-event-venue-iemath-gr-2 eo-event-cat-visitor eo-event-cat-imag eo-event-past eo-multi-day eo-all-day\">\u00a0<a href=\"https:\/\/wpd.ugr.es\/~imag\/events\/event\/amir-aazami-2\/\">Amir Aazami<\/a>, University, 12\/11\/2015 \u00bb 14\/11\/2015\u00a0<\/li>\n<li class=\"eo-event-cat-visitor eo-event-cat-imag eo-event-past eo-multi-day eo-all-day\">\u00a0<a href=\"https:\/\/wpd.ugr.es\/~imag\/events\/event\/miguel-sanchez-caja-6\/\">Miguel S\u00e1nchez Caja<\/a>, Universidad de Granada, 12\/11\/2015 \u00bb 14\/11\/2015\u00a0<\/li>\n<li class=\"eo-event-venue-iemath-gr-2 eo-event-cat-visitor eo-event-cat-imag eo-event-past eo-multi-day eo-all-day\">\u00a0<a href=\"https:\/\/wpd.ugr.es\/~imag\/events\/event\/miguel-angel-javaloyes-2\/\">Miguel Angel Javaloyes<\/a>, Universidad de Murcia, 12\/11\/2015 \u00bb 14\/11\/2015\u00a0<\/li>\n<li class=\"eo-event-venue-iemath-gr-2 eo-event-cat-visitor eo-event-cat-imag eo-event-past eo-multi-day eo-all-day\">\u00a0<a href=\"https:\/\/wpd.ugr.es\/~imag\/events\/event\/udo-simon\/\">Udo Simon<\/a>, Technische Universit\u00e4t Berl\u00edn (Germany), 18\/11\/2015 \u00bb 25\/11\/2015\u00a0<\/li>\n<li class=\"eo-event-venue-iemath-gr-2 eo-event-cat-visitor eo-event-cat-imag eo-event-past eo-multi-day\">\u00a0<a href=\"https:\/\/wpd.ugr.es\/~imag\/events\/event\/antonio-martinez-3\/\">Antonio Mart\u00ednez<\/a>, Universidad de Granada, 18\/11\/2015 15:00 \u00bb 25\/11\/2015 16:00\u00a0<\/li>\n<li class=\"eo-event-venue-iemath-gr-2 eo-event-cat-visitor eo-event-cat-imag eo-event-past eo-multi-day eo-all-day\">\u00a0<a href=\"https:\/\/wpd.ugr.es\/~imag\/events\/event\/jose-a-carrillo\/\">Jos\u00e9 A. Carrillo<\/a>, Imperial College London, 19\/11\/2015 \u00bb 20\/11\/2015\u00a0<\/li>\n<li class=\"eo-event-venue-iemath-gr-2 eo-event-cat-visitor eo-event-cat-imag eo-event-past eo-multi-day eo-all-day\">\u00a0<a href=\"https:\/\/wpd.ugr.es\/~imag\/events\/event\/silvia-cuadrado\/\">Silvia Cuadrado<\/a>, Universitat Aut\u00f2noma de Barcelona, 19\/11\/2015 \u00bb 20\/11\/2015\u00a0<\/li>\n<li class=\"eo-event-venue-iemath-gr-2 eo-event-cat-visitor eo-event-cat-imag eo-event-past eo-multi-day eo-all-day\">\u00a0<a href=\"https:\/\/wpd.ugr.es\/~imag\/events\/event\/angel-calsina\/\">\u00c0ngel Calsina<\/a>, Universitat Aut\u00f2noma de Barcelona, 19\/11\/2015 \u00bb 20\/11\/2015\u00a0<\/li>\n<li class=\"eo-event-venue-iemath-gr-2 eo-event-cat-visitor eo-event-cat-imag eo-event-past eo-multi-day eo-all-day\">\u00a0<a href=\"https:\/\/wpd.ugr.es\/~imag\/events\/event\/carles-barril\/\">Carles Barril<\/a>, Universitat Aut\u00f2noma de Barcelona, 19\/11\/2015 \u00bb 20\/11\/2015\u00a0<\/li>\n<li class=\"eo-event-venue-iemath-gr-2 eo-event-cat-visitor eo-event-cat-imag eo-event-past eo-multi-day eo-all-day\">\u00a0<a href=\"https:\/\/wpd.ugr.es\/~imag\/events\/event\/jose-miguel-mantas-y-pedro-gonzalez-rodelas\/\">Jos\u00e9 Miguel Mantas y Pedro Gonz\u00e1lez Rodelas<\/a>, Universidad de Granada, 19\/11\/2015 \u00bb 20\/11\/2015\u00a0<\/li>\n<li class=\"eo-event-venue-iemath-gr-2 eo-event-cat-grant-holder eo-event-cat-visitor eo-event-cat-imag eo-event-past eo-multi-day eo-all-day\">\u00a0<a href=\"https:\/\/wpd.ugr.es\/~imag\/events\/event\/raul-carballo-rubio\/\">Ra\u00fal Carballo Rubio<\/a>, Universidad de Granada, 20\/11\/2015 \u00bb 16\/01\/2016\u00a0<\/li>\n<li class=\"eo-event-venue-iemath-gr-2 eo-event-cat-visitor eo-event-cat-imag eo-event-past eo-all-day\">\u00a0<a href=\"https:\/\/wpd.ugr.es\/~imag\/events\/event\/pablo-mira\/\">Pablo Mira<\/a>, Universidad Polit\u00e9cnica de Cartagena, 26\/11\/2015 \u00bb 26\/11\/2015\u00a0<\/li>\n<li class=\"eo-event-venue-iemath-gr-2 eo-event-cat-visitor eo-event-cat-imag eo-event-past eo-multi-day eo-all-day\">\u00a0<a href=\"https:\/\/wpd.ugr.es\/~imag\/events\/event\/laurent-hauswirth\/\">Laurent Hauswirth<\/a>, Universit\u00e9 Paris-Est, 30\/11\/2015 \u00bb 02\/12\/2015\u00a0<\/li>\n<li class=\"eo-event-venue-iemath-gr-2 eo-event-cat-visitor eo-event-cat-imag eo-event-past eo-multi-day eo-all-day\">\u00a0<a href=\"https:\/\/wpd.ugr.es\/~imag\/events\/event\/magdalena-rodriguez-3\/\">Magdalena Rodr\u00edguez<\/a>, Universidad de Granada, 30\/11\/2015 \u00bb 02\/12\/2015\u00a0<\/li>\n<li class=\"eo-event-venue-iemath-gr-2 eo-event-cat-visitor eo-event-cat-imag eo-event-past eo-multi-day\">\u00a0<a href=\"https:\/\/wpd.ugr.es\/~imag\/events\/event\/efstratios-vernadakis-4\/\">Efstratios Vernadakis<\/a>, Universidad de Granada, 01\/12\/2015 22:00 \u00bb 01\/05\/2016 23:00\u00a0<\/li>\n<li class=\"eo-event-venue-iemath-gr-2 eo-event-cat-visitor eo-event-cat-imag eo-event-past eo-multi-day eo-all-day\">\u00a0<a href=\"https:\/\/wpd.ugr.es\/~imag\/events\/event\/pieralberto-sicbaldi-3\/\">Pieralberto Sicbaldi<\/a>, Institut de Math\u00e9matiques de Marseille, 07\/12\/2015 \u00bb 21\/12\/2015\u00a0<\/li>\n<li class=\"eo-event-venue-iemath-gr-2 eo-event-cat-visitor eo-event-cat-imag eo-event-past eo-multi-day eo-all-day\">\u00a0<a href=\"https:\/\/wpd.ugr.es\/~imag\/events\/event\/william-h-meeks-iii-2\/\">William H. Meeks III<\/a>, University of Massachusetts, 18\/12\/2015 \u00bb 17\/01\/2016\u00a0<\/li>\n<\/ul>\n","protected":false},"excerpt":{"rendered":"<p><span class=\"more-link\"><a href=\"https:\/\/wpd.ugr.es\/~imag\/events\/event\/william-h-meeks-iii-2\/\">Continue Reading<\/a><\/span><\/p>\n","protected":false},"author":1,"featured_media":0,"parent":0,"menu_order":0,"comment_status":"closed","ping_status":"open","template":"","meta":{"footnotes":""},"translation":{"provider":"WPGlobus","version":"3.0.0","language":"en","enabled_languages":["en"],"languages":{"en":{"title":true,"content":true,"excerpt":false}}},"_links":{"self":[{"href":"https:\/\/wpd.ugr.es\/~imag\/wp-json\/wp\/v2\/pages\/1210"}],"collection":[{"href":"https:\/\/wpd.ugr.es\/~imag\/wp-json\/wp\/v2\/pages"}],"about":[{"href":"https:\/\/wpd.ugr.es\/~imag\/wp-json\/wp\/v2\/types\/page"}],"author":[{"embeddable":true,"href":"https:\/\/wpd.ugr.es\/~imag\/wp-json\/wp\/v2\/users\/1"}],"replies":[{"embeddable":true,"href":"https:\/\/wpd.ugr.es\/~imag\/wp-json\/wp\/v2\/comments?post=1210"}],"version-history":[{"count":12,"href":"https:\/\/wpd.ugr.es\/~imag\/wp-json\/wp\/v2\/pages\/1210\/revisions"}],"predecessor-version":[{"id":1770,"href":"https:\/\/wpd.ugr.es\/~imag\/wp-json\/wp\/v2\/pages\/1210\/revisions\/1770"}],"wp:attachment":[{"href":"https:\/\/wpd.ugr.es\/~imag\/wp-json\/wp\/v2\/media?parent=1210"}],"curies":[{"name":"wp","href":"https:\/\/api.w.org\/{rel}","templated":true}]}}