{"id":12507,"date":"2025-02-11T08:19:44","date_gmt":"2025-02-11T07:19:44","guid":{"rendered":"https:\/\/wpd.ugr.es\/~imag\/?page_id=12507"},"modified":"2025-02-11T09:01:21","modified_gmt":"2025-02-11T08:01:21","slug":"visitors-2024","status":"publish","type":"page","link":"https:\/\/wpd.ugr.es\/~imag\/visitors-2024\/","title":{"rendered":"2024"},"content":{"rendered":"<ul  class=\"eo-events eo-events-shortcode\">\n<li class=\"eo-event-cat-visitor eo-event-cat-imag eo-event-past eo-multi-day eo-all-day\">\u00a0<a href=\"https:\/\/wpd.ugr.es\/~imag\/events\/event\/buse-yalcin\/\">Buse Yalcin<\/a>, , 03\/10\/2023 \u00bb 09\/03\/2024\u00a0<\/li>\n<li class=\"eo-event-cat-visitor eo-event-cat-imag eo-event-past eo-multi-day eo-all-day\">\u00a0<a href=\"https:\/\/wpd.ugr.es\/~imag\/events\/event\/katianny-rosa-freitas\/\">Katianny Rosa Freitas<\/a>, , 04\/12\/2023 \u00bb 31\/05\/2024\u00a0<\/li>\n<li class=\"eo-event-cat-visitor eo-event-cat-imag eo-event-past eo-multi-day eo-all-day\">\u00a0<a href=\"https:\/\/wpd.ugr.es\/~imag\/events\/event\/filipe-kelmer-alves\/\">Filipe Kelmer Alves<\/a>, , 08\/01\/2024 \u00bb 31\/05\/2024\u00a0<\/li>\n<li class=\"eo-event-cat-visitor eo-event-cat-imag eo-event-past eo-multi-day eo-all-day\">\u00a0<a href=\"https:\/\/wpd.ugr.es\/~imag\/events\/event\/stefano-bonzio\/\">Stefano Bonzio<\/a>, , 08\/01\/2024 \u00bb 12\/01\/2024\u00a0<\/li>\n<li class=\"eo-event-cat-visitor eo-event-cat-imag eo-event-past eo-multi-day eo-all-day\">\u00a0<a href=\"https:\/\/wpd.ugr.es\/~imag\/events\/event\/francisco-j-martinez-aguinaga\/\">Francisco J. Mart\u00ednez Aguinaga<\/a>, , 01\/02\/2024 \u00bb 01\/09\/2024\u00a0<\/li>\n<li class=\"eo-event-cat-visitor eo-event-cat-imag eo-event-past eo-multi-day eo-all-day\">\u00a0<a href=\"https:\/\/wpd.ugr.es\/~imag\/events\/event\/stefano-bonzio-2\/\">Stefano Bonzio<\/a>, , 08\/04\/2024 \u00bb 26\/04\/2024\u00a0<\/li>\n<li class=\"eo-event-cat-visitor eo-event-cat-imag eo-event-past eo-multi-day eo-all-day\">\u00a0<a href=\"https:\/\/wpd.ugr.es\/~imag\/events\/event\/maciej-czarnecki-9\/\">Maciej Czarnecki<\/a>, , 15\/04\/2024 \u00bb 31\/07\/2024\u00a0<\/li>\n<li class=\"eo-event-cat-visitor eo-event-cat-imag eo-event-past eo-multi-day\">\u00a0<a href=\"https:\/\/wpd.ugr.es\/~imag\/events\/event\/abdussamet-caliskan\/\">Abdussamet Caliskan<\/a>, Ordu \u00dcniversitesi, 01\/09\/2024 09:00 \u00bb 31\/12\/2024 10:00\u00a0<\/li>\n<li class=\"eo-event-cat-visitor eo-event-cat-imag eo-event-past eo-multi-day\">\u00a0<a href=\"https:\/\/wpd.ugr.es\/~imag\/events\/event\/marie-amelie-lawn-3\/\">Marie-Amelie Lawn<\/a>, Imperial College London, 09\/09\/2024 09:30 \u00bb 13\/09\/2024 10:30\u00a0<\/li>\n<li class=\"eo-event-cat-visitor eo-event-cat-imag eo-event-past eo-multi-day\">\u00a0<a href=\"https:\/\/wpd.ugr.es\/~imag\/events\/event\/stefano-bonzio-3\/\">Stefano Bonzio<\/a>, Universit\u00e0 degli studi di Cagliari, 13\/09\/2024 09:00 \u00bb 20\/09\/2024 10:00\u00a0<\/li>\n<li class=\"eo-event-cat-visitor eo-event-cat-imag eo-event-past eo-multi-day\">\u00a0<a href=\"https:\/\/wpd.ugr.es\/~imag\/events\/event\/marc-vidal-3\/\">Marc Vidal<\/a>, Ghent University, 14\/09\/2024 09:30 \u00bb 02\/10\/2024 10:30\u00a0<\/li>\n<li class=\"eo-event-cat-visitor eo-event-cat-imag eo-event-past eo-multi-day\">\u00a0<a href=\"https:\/\/wpd.ugr.es\/~imag\/events\/event\/marcos-cavalcante\/\">Marcos Cavalcante<\/a>, Universidade Federal de Alagoas \u2013 UFAL, 28\/09\/2024 09:00 \u00bb 05\/10\/2024 10:00\u00a0<\/li>\n<li class=\"eo-event-cat-visitor eo-event-cat-imag eo-event-past eo-multi-day\">\u00a0<a href=\"https:\/\/wpd.ugr.es\/~imag\/events\/event\/ivaldo-nunes\/\">Ivaldo Nunes<\/a>, Universidade Federal do Maranh\u00e3o, S\u00e3o Lu\u00eds (UFMA), 28\/09\/2024 09:00 \u00bb 05\/10\/2024 10:00\u00a0<\/li>\n<li class=\"eo-event-cat-visitor eo-event-cat-imag eo-event-past eo-multi-day\">\u00a0<a href=\"https:\/\/wpd.ugr.es\/~imag\/events\/event\/allan-freitas\/\">Allan Freitas<\/a>, Universidade Federal da Para\u00edba, 12\/10\/2024 09:00 \u00bb 19\/10\/2024 10:00\u00a0<\/li>\n<li class=\"eo-event-cat-visitor eo-event-cat-imag eo-event-past eo-multi-day\">\u00a0<a href=\"https:\/\/wpd.ugr.es\/~imag\/events\/event\/antonio-greco\/\">Antonio Greco<\/a>, Universidad de Cagliari (Italia), 12\/10\/2024 09:30 \u00bb 19\/10\/2024 10:30\u00a0<\/li>\n<li class=\"eo-event-cat-visitor eo-event-cat-imag eo-event-past eo-multi-day\">\u00a0<a href=\"https:\/\/wpd.ugr.es\/~imag\/events\/event\/david-wiygul\/\">David Wiygul<\/a>, Universit\u00e0 di Trento, 20\/10\/2024 09:30 \u00bb 30\/10\/2024 10:30\u00a0<\/li>\n<li class=\"eo-event-cat-visitor eo-event-cat-imag eo-event-past eo-multi-day\">\u00a0<a href=\"https:\/\/wpd.ugr.es\/~imag\/events\/event\/martin-buhman\/\">Martin Buhman<\/a>, University of Giessen, Germany, 21\/10\/2024 09:00 \u00bb 29\/10\/2024 10:00\u00a0<\/li>\n<li class=\"eo-event-cat-visitor eo-event-cat-imag eo-event-past eo-multi-day\">\u00a0<a href=\"https:\/\/wpd.ugr.es\/~imag\/events\/event\/carmen-molina\/\">Carmen Molina<\/a>, University of Leeds, 28\/10\/2024 09:00 \u00bb 01\/11\/2024 10:00\u00a0<\/li>\n<li class=\"eo-event-cat-visitor eo-event-cat-imag eo-event-past eo-multi-day\">\u00a0<a href=\"https:\/\/wpd.ugr.es\/~imag\/events\/event\/nastassia-pouradier-duteil\/\">Nastassia Pouradier Duteil<\/a>, Dauphine University, Paris (France), 28\/10\/2024 09:30 \u00bb 01\/11\/2024 10:30\u00a0<\/li>\n<li class=\"eo-event-cat-visitor eo-event-cat-imag eo-event-past eo-multi-day\">\u00a0<a href=\"https:\/\/wpd.ugr.es\/~imag\/events\/event\/nikita-simonov\/\">Nikita Simonov<\/a>, Sorbonne Universit\u00e9, 28\/10\/2024 09:30 \u00bb 01\/11\/2024 10:30\u00a0<\/li>\n<li class=\"eo-event-cat-visitor eo-event-cat-imag eo-event-past eo-multi-day\">\u00a0<a href=\"https:\/\/wpd.ugr.es\/~imag\/events\/event\/marco-guaraco-2\/\">Marco Guaraco<\/a>, Imperial College London, 04\/11\/2024 09:30 \u00bb 08\/11\/2024 10:30\u00a0<\/li>\n<li class=\"eo-event-cat-visitor eo-event-cat-imag eo-event-past eo-multi-day\">\u00a0<a href=\"https:\/\/wpd.ugr.es\/~imag\/events\/event\/stephen-lynch\/\">Stephen Lynch<\/a>, King&#8217;s College London, 04\/11\/2024 09:30 \u00bb 08\/11\/2024 10:30\u00a0<\/li>\n<li class=\"eo-event-cat-visitor eo-event-cat-imag eo-event-past eo-multi-day\">\u00a0<a href=\"https:\/\/wpd.ugr.es\/~imag\/events\/event\/federico-nudo-2\/\">Federico Nudo<\/a>, , 04\/11\/2024 09:30 \u00bb 31\/03\/2025 10:30\u00a0<\/li>\n<li class=\"eo-event-cat-visitor eo-event-cat-imag eo-event-past eo-multi-day eo-all-day\">\u00a0<a href=\"https:\/\/wpd.ugr.es\/~imag\/events\/event\/martin-buhmann-5\/\">Martin Buhmann<\/a>, Justus-Liebig-Universit\u00e4t Giessen, Alemania, 21\/11\/2024 \u00bb 29\/11\/2024\u00a0<\/li>\n<\/ul>\n","protected":false},"excerpt":{"rendered":"<p><span class=\"more-link\"><a href=\"https:\/\/wpd.ugr.es\/~imag\/events\/event\/martin-buhmann-5\/\">Continue Reading<\/a><\/span><\/p>\n","protected":false},"author":1,"featured_media":0,"parent":0,"menu_order":0,"comment_status":"closed","ping_status":"closed","template":"","meta":{"footnotes":""},"translation":{"provider":"WPGlobus","version":"3.0.0","language":"en","enabled_languages":["en"],"languages":{"en":{"title":true,"content":true,"excerpt":false}}},"_links":{"self":[{"href":"https:\/\/wpd.ugr.es\/~imag\/wp-json\/wp\/v2\/pages\/12507"}],"collection":[{"href":"https:\/\/wpd.ugr.es\/~imag\/wp-json\/wp\/v2\/pages"}],"about":[{"href":"https:\/\/wpd.ugr.es\/~imag\/wp-json\/wp\/v2\/types\/page"}],"author":[{"embeddable":true,"href":"https:\/\/wpd.ugr.es\/~imag\/wp-json\/wp\/v2\/users\/1"}],"replies":[{"embeddable":true,"href":"https:\/\/wpd.ugr.es\/~imag\/wp-json\/wp\/v2\/comments?post=12507"}],"version-history":[{"count":2,"href":"https:\/\/wpd.ugr.es\/~imag\/wp-json\/wp\/v2\/pages\/12507\/revisions"}],"predecessor-version":[{"id":12538,"href":"https:\/\/wpd.ugr.es\/~imag\/wp-json\/wp\/v2\/pages\/12507\/revisions\/12538"}],"wp:attachment":[{"href":"https:\/\/wpd.ugr.es\/~imag\/wp-json\/wp\/v2\/media?parent=12507"}],"curies":[{"name":"wp","href":"https:\/\/api.w.org\/{rel}","templated":true}]}}