{"id":12823,"date":"2025-04-28T10:55:39","date_gmt":"2025-04-28T08:55:39","guid":{"rendered":"https:\/\/wpd.ugr.es\/~imag\/?page_id=12823"},"modified":"2025-05-16T10:26:28","modified_gmt":"2025-05-16T08:26:28","slug":"a-scientific-woman-in-your-andalusian-school","status":"publish","type":"page","link":"https:\/\/wpd.ugr.es\/~imag\/a-scientific-woman-in-your-andalusian-school\/","title":{"rendered":"A Scientific Woman in your Andalusian School"},"content":{"rendered":"<p>For the dissemination of science with a gender perspective for schoolchildren and teenagers, IMAG researchers collaborate both with the 11F iniciative and the project A Scientific Woman in your Andalusian School promoted by AMIT (association of women researchers and technologists).<\/p>\n<hr>\n<\/hr>\n<p>The official webpage of the program can be found at <a href=\"https:\/\/cientificacoleandaluz.es\/\">https:\/\/cientificacoleandaluz.es\/<\/a><\/p>\n<hr>\n<\/hr>\n<h4>Visits in 2025<\/h4>\n<ul>\n<li><strong>21\/03\/25<\/strong>, CPR \u201cLas Acequias\u201d (V\u00e1lor). Title: <em>2 women mathematicians + 1 suitcase<\/em>, by M\u00aa Jos\u00e9 C\u00e1ceres Granados and Lidia Fern\u00e1ndez Rodr\u00edguez.<br \/>\n<a href=\"https:\/\/cientificacoleandaluz.es\/visita-al-cpr-valor\/\">https:\/\/cientificacoleandaluz.es\/visita-al-cpr-valor\/<\/a><\/li>\n<li><strong>26\/03\/25<\/strong>, IES \u201cRibera del Fardes\u201d (Purullena). Title: <em>Don&#8217;t be fooled<\/em>, by Beatriz Cobo Rodr\u00edguez and Magdalena Rodr\u00edguez P\u00e9rez.<br \/>\n<a href=\"https:\/\/cientificacoleandaluz.es\/visita-al-ies-purullena\/\">https:\/\/cientificacoleandaluz.es\/visita-al-ies-purullena\/<\/a><\/li>\n<li><strong>08\/05\/25<\/strong>, CEIP San Juan de Dios (Granada). Title: <em>My first contact with Statistics<\/em>, by Desir\u00e9e Romero and Ana Hurtado.<\/li>\n<\/ul>\n<h4>Visits in 2024<\/h4>\n<ul>\n<li><strong>09\/05\/24<\/strong>, CEIP Jos\u00e9 Hurtado (Granada). Title: <em>My first contact with Statistics<\/em>, by Desir\u00e9e Romero and Ana Hurtado.<br \/>\n<a href=\"https:\/\/cientificacoleandaluz.es\/visita-al-ceip-jose-hurtado\/\">https:\/\/cientificacoleandaluz.es\/visita-al-ceip-jose-hurtado\/<\/a><\/li>\n<li><strong>10\/05\/24<\/strong>, CEIP &#8216;Miguel de Cervantes&#8217; (Molv\u00edzar). Title: <em>Mathematics is more than numbers and computations<\/em>, by Beatriz Cobo Rodr\u00edguez, Lidia Fern\u00e1ndez Rodr\u00edguez and Magdalena Rodr\u00edguez P\u00e9rez.<br \/>\n<a href=\"https:\/\/cientificacoleandaluz.es\/visita-al-ceip-miguel-de-cervantes\/\">https:\/\/cientificacoleandaluz.es\/visita-al-ceip-miguel-de-cervantes\/<\/a><\/li>\n<li><strong>10\/05\/24<\/strong>, CEIP &#8216;Las Gaviotas&#8217; (La Herradura). Title: <em>Playing with data<\/em>, by Beatriz Cobo Rodr\u00edguez and M. Mar Rueda Garc\u00eda.<br \/>\n<a href=\"https:\/\/cientificacoleandaluz.es\/visita-al-ceip-las-gaviotas\/\">https:\/\/cientificacoleandaluz.es\/visita-al-ceip-las-gaviotas\/<\/a><\/li>\n<\/ul>\n","protected":false},"excerpt":{"rendered":"<p>For the dissemination of science with a gender perspective for schoolchildren and teenagers, IMAG researchers collaborate both with the 11F iniciative and the project A Scientific Woman in your Andalusian School promoted by AMIT (association of women researchers and technologists). The official webpage of the program can be found at<span class=\"more-link\"><a href=\"https:\/\/wpd.ugr.es\/~imag\/a-scientific-woman-in-your-andalusian-school\/\">Continue Reading<\/a><\/span><\/p>\n","protected":false},"author":1,"featured_media":0,"parent":0,"menu_order":0,"comment_status":"closed","ping_status":"closed","template":"","meta":{"footnotes":""},"translation":{"provider":"WPGlobus","version":"3.0.0","language":"en","enabled_languages":["en"],"languages":{"en":{"title":true,"content":true,"excerpt":false}}},"_links":{"self":[{"href":"https:\/\/wpd.ugr.es\/~imag\/wp-json\/wp\/v2\/pages\/12823"}],"collection":[{"href":"https:\/\/wpd.ugr.es\/~imag\/wp-json\/wp\/v2\/pages"}],"about":[{"href":"https:\/\/wpd.ugr.es\/~imag\/wp-json\/wp\/v2\/types\/page"}],"author":[{"embeddable":true,"href":"https:\/\/wpd.ugr.es\/~imag\/wp-json\/wp\/v2\/users\/1"}],"replies":[{"embeddable":true,"href":"https:\/\/wpd.ugr.es\/~imag\/wp-json\/wp\/v2\/comments?post=12823"}],"version-history":[{"count":5,"href":"https:\/\/wpd.ugr.es\/~imag\/wp-json\/wp\/v2\/pages\/12823\/revisions"}],"predecessor-version":[{"id":12906,"href":"https:\/\/wpd.ugr.es\/~imag\/wp-json\/wp\/v2\/pages\/12823\/revisions\/12906"}],"wp:attachment":[{"href":"https:\/\/wpd.ugr.es\/~imag\/wp-json\/wp\/v2\/media?parent=12823"}],"curies":[{"name":"wp","href":"https:\/\/api.w.org\/{rel}","templated":true}]}}