{"id":13058,"date":"2025-06-16T09:20:14","date_gmt":"2025-06-16T07:20:14","guid":{"rendered":"https:\/\/wpd.ugr.es\/~imag\/?page_id=13058"},"modified":"2025-06-16T09:39:01","modified_gmt":"2025-06-16T07:39:01","slug":"felicitaciones-a-martina-y-fernando-visitantes-del-imag-con-el-programa-mateduca-por-sus-excelentes-notas-en-la-pau","status":"publish","type":"page","link":"https:\/\/wpd.ugr.es\/~imag\/felicitaciones-a-martina-y-fernando-visitantes-del-imag-con-el-programa-mateduca-por-sus-excelentes-notas-en-la-pau\/","title":{"rendered":"Felicitaciones a Martina y Fernando,  visitantes del IMAG con el Programa MatEduca, por sus excelentes notas en la PAU"},"content":{"rendered":"<div dir=\"ltr\">\n<div>Las tres mejores calificaciones globales de la Prueba de Acceso a la Universidad (PAU) han correspondido a dos estudiantes granadinos,\u00a0Martina Gonz\u00e1lez Mena (mejor calificaci\u00f3n, que ingresar\u00e1 en el grado de Biotecnolog\u00eda) y Fernando Rubio Ruiz\u00a0 (tercera calificaci\u00f3n, que ingresar\u00e1 en el de Matem\u00e1ticas con un a\u00f1o de adelanto a la edad habitual),\u00a0y a una estudiante del Instituto Espa\u00f1ol de Casablanca. Desde el IMAG, felicitamos entusi\u00e1sticamente a los tres y nos alegramos de compartir estas fotos, hechas cuando los dos primeros visitaron el IMAG dentro del programa MatEduca.<\/div>\n<div><\/div>\n<\/div>\n<div><\/div>\n<\/p>\n<div><strong>Enlaces:<\/strong><\/div>\n<div><a href=\"https:\/\/www.ugr.es\/~mateduca\/\" target=\"_blank\" rel=\"noopener noreferrer\">https:\/\/www.ugr.es\/~mateduca\/<\/a><\/div>\n<div>\n<div><a href=\"https:\/\/urldefense.com\/v3\/__https:\/\/www.granadahoy.com\/granada\/martina-fernando-granadinos-han-brillado-selectividad_0_2004130119.html__;!!D9dNQwwGXtA!X0wFFIZe2mEFVCJu2vCxmUYGFg_zRxckDoSB_ufGTSovyGv_4QJxdzcqIWHsR7er5Z7x2nLTI_eKoTa_$\" target=\"_blank\" rel=\"noopener noreferrer\">https:\/\/www.granadahoy.com\/granada\/martina-fernando-granadinos-han-brillado-selectividad_0_2004130119.html<\/a><\/div>\n<div><a href=\"https:\/\/urldefense.com\/v3\/__https:\/\/www.ideal.es\/miugr\/martina-fernando-mejores-notas-pau-eligen-biotecnologia-20250613003551-nt.html__;!!D9dNQwwGXtA!X0wFFIZe2mEFVCJu2vCxmUYGFg_zRxckDoSB_ufGTSovyGv_4QJxdzcqIWHsR7er5Z7x2nLTIx3jHH5A$\" target=\"_blank\" rel=\"noopener noreferrer\">https:\/\/www.ideal.es\/miugr\/martina-fernando-mejores-notas-pau-eligen-biotecnologia-20250613003551-nt.html<\/a><\/div>\n<\/div>\n<div><\/div>\n<div><\/div>\n<p><\/p>\n<div>Im\u00e1genes de MatEduca:<\/div>\n<div><a href=\"https:\/\/wpd.ugr.es\/~imag\/cms\/wp-content\/uploads\/MartinaMatEduca.jpeg\"><img loading=\"lazy\" decoding=\"async\" class=\"aligncenter  wp-image-13060\" src=\"https:\/\/wpd.ugr.es\/~imag\/cms\/wp-content\/uploads\/MartinaMatEduca.jpeg\" alt=\"\" width=\"768\" height=\"580\" srcset=\"https:\/\/wpd.ugr.es\/~imag\/cms\/wp-content\/uploads\/MartinaMatEduca.jpeg 930w, https:\/\/wpd.ugr.es\/~imag\/cms\/wp-content\/uploads\/MartinaMatEduca-300x226.jpeg 300w, https:\/\/wpd.ugr.es\/~imag\/cms\/wp-content\/uploads\/MartinaMatEduca-768x580.jpeg 768w, https:\/\/wpd.ugr.es\/~imag\/cms\/wp-content\/uploads\/MartinaMatEduca-465x351.jpeg 465w, https:\/\/wpd.ugr.es\/~imag\/cms\/wp-content\/uploads\/MartinaMatEduca-662x500.jpeg 662w\" sizes=\"(max-width: 768px) 100vw, 768px\" \/><\/a><\/div>\n<div><a href=\"https:\/\/wpd.ugr.es\/~imag\/cms\/wp-content\/uploads\/FernandoMatEduca.jpeg\"><img loading=\"lazy\" decoding=\"async\" class=\"aligncenter  wp-image-13059\" src=\"https:\/\/wpd.ugr.es\/~imag\/cms\/wp-content\/uploads\/FernandoMatEduca.jpeg\" alt=\"\" width=\"770\" height=\"582\" srcset=\"https:\/\/wpd.ugr.es\/~imag\/cms\/wp-content\/uploads\/FernandoMatEduca.jpeg 929w, https:\/\/wpd.ugr.es\/~imag\/cms\/wp-content\/uploads\/FernandoMatEduca-300x227.jpeg 300w, https:\/\/wpd.ugr.es\/~imag\/cms\/wp-content\/uploads\/FernandoMatEduca-768x580.jpeg 768w, https:\/\/wpd.ugr.es\/~imag\/cms\/wp-content\/uploads\/FernandoMatEduca-465x351.jpeg 465w, https:\/\/wpd.ugr.es\/~imag\/cms\/wp-content\/uploads\/FernandoMatEduca-662x500.jpeg 662w\" sizes=\"(max-width: 770px) 100vw, 770px\" \/><\/a><\/div>\n","protected":false},"excerpt":{"rendered":"<p>Las tres mejores calificaciones globales de la Prueba de Acceso a la Universidad (PAU) han correspondido a dos estudiantes granadinos,\u00a0Martina Gonz\u00e1lez Mena (mejor calificaci\u00f3n, que ingresar\u00e1 en el grado de Biotecnolog\u00eda) y Fernando Rubio Ruiz\u00a0 (tercera calificaci\u00f3n, que ingresar\u00e1 en el de Matem\u00e1ticas con un a\u00f1o de adelanto a la<span class=\"more-link\"><a href=\"https:\/\/wpd.ugr.es\/~imag\/felicitaciones-a-martina-y-fernando-visitantes-del-imag-con-el-programa-mateduca-por-sus-excelentes-notas-en-la-pau\/\">Continue Reading<\/a><\/span><\/p>\n","protected":false},"author":1,"featured_media":13055,"parent":0,"menu_order":0,"comment_status":"closed","ping_status":"closed","template":"","meta":{"footnotes":""},"translation":{"provider":"WPGlobus","version":"3.0.0","language":"en","enabled_languages":["en"],"languages":{"en":{"title":true,"content":true,"excerpt":false}}},"_links":{"self":[{"href":"https:\/\/wpd.ugr.es\/~imag\/wp-json\/wp\/v2\/pages\/13058"}],"collection":[{"href":"https:\/\/wpd.ugr.es\/~imag\/wp-json\/wp\/v2\/pages"}],"about":[{"href":"https:\/\/wpd.ugr.es\/~imag\/wp-json\/wp\/v2\/types\/page"}],"author":[{"embeddable":true,"href":"https:\/\/wpd.ugr.es\/~imag\/wp-json\/wp\/v2\/users\/1"}],"replies":[{"embeddable":true,"href":"https:\/\/wpd.ugr.es\/~imag\/wp-json\/wp\/v2\/comments?post=13058"}],"version-history":[{"count":4,"href":"https:\/\/wpd.ugr.es\/~imag\/wp-json\/wp\/v2\/pages\/13058\/revisions"}],"predecessor-version":[{"id":13062,"href":"https:\/\/wpd.ugr.es\/~imag\/wp-json\/wp\/v2\/pages\/13058\/revisions\/13062"}],"wp:featuredmedia":[{"embeddable":true,"href":"https:\/\/wpd.ugr.es\/~imag\/wp-json\/wp\/v2\/media\/13055"}],"wp:attachment":[{"href":"https:\/\/wpd.ugr.es\/~imag\/wp-json\/wp\/v2\/media?parent=13058"}],"curies":[{"name":"wp","href":"https:\/\/api.w.org\/{rel}","templated":true}]}}