{"id":14,"date":"2014-04-16T13:18:54","date_gmt":"2014-04-16T13:18:54","guid":{"rendered":"http:\/\/iemath.ugr.es\/cms\/?page_id=14"},"modified":"2024-11-07T15:14:40","modified_gmt":"2024-11-07T14:14:40","slug":"welcome","status":"publish","type":"page","link":"https:\/\/wpd.ugr.es\/~imag\/welcome\/","title":{"rendered":"Welcome"},"content":{"rendered":"<div class=\"two_thirds\">\n<h2>Presentation<\/h2>\n<div class=\"st-callout white center\" >\n<div class=\"inside\"> Welcome to the web site of IMAG, the Math Institute of the University of Granada.  IMAG is an instrument for the society, devoted to enhance and spread the knowledge in Mathematics with special emphasis on research, training, outreach and technology transer. This main goal is carried out through various actions:<\/p>\n<ul>\n<li>Hosting postdocs and visitor researchers collaborating with local or national researchers.<\/li>\n<li> Training young mathematicians through the UGR Master in Mathematics (joint with the Universities of Almer\u00eda, C\u00e1diz, Ja\u00e9n and M\u00e1laga).<\/li>\n<li>Hosting different kinds of events as Conferences, Workshops, Seminars, Colloquia, Advanced Courses, Thematic Periods, etc. These events are open to the mathematical world community and affine areas.<\/li>\n<li>Fostering activities targeted to the society in general: Visits of high school students, Math outreach in our environment, etc.<\/li>\n<li>Offering mathematical technology transfer to explore effective collaboration with external companies.<\/ul>\n<p>The trajectory of IMAG is relatively short, but full of enthusiasm and success. This center was originally IEMath-GR, of the four venues of the former Spanish Institute of Mathematics (IEMath), a project today discontinued. Since 2015, the institute became a Research Institute of the University of Granada (UGR), and since 2017 it also is one of the two venues of the Institute of Mathematics of Andalusia (IAMAT), together with the Institute of Mathematics of the University of Seville (IMUS). In 2020 the institute adopted its current name of IMAG. In 2021, it was awarded with the Excellence Seal &#8220;Mar\u00eda de Maeztu&#8221; for the period 2022-2025, and in 2022 IMAG became an associated center of the Banff International Research Station (BIRS), paraticipating in the organization of international congress in all areas of Mathematics of top level.<\/p>\n<\/div>\n<\/div>\n<div class=\"clear\"><\/div>\n<p>\n<\/div>\n<p><\/p>\n<div class=\"one_third last\"><\/p>\n<div class=\"button-container medium center \"><a target=\"_self\" class=\"button coral\" href=\"https:\/\/wpd.ugr.es\/~imag\/calendar-2\/\">Calendar of activities<\/a><\/div>\n<div class=\"clear\"><\/div>\n<p><\/p>\n<div class=\"button-container medium center \"><a target=\"_self\" class=\"button coral\" href=\"https:\/\/wpd.ugr.es\/~imag\/resumen\/\">Summary of activities for the next week<\/a><\/div>\n<div class=\"clear\"><\/div>\n<p><\/p>\n<div class=\"button-container medium center \"><a target=\"_self\" class=\"button coral\" href=\"https:\/\/wpd.ugr.es\/~imag\/resumen-actual\/\">Summary of activities for this week<\/a><\/div>\n<div class=\"clear\"><\/div>\n<p><\/p>\n<div class=\"button-container medium center \"><a target=\"_self\" class=\"button coral\" href=\"https:\/\/wpd.ugr.es\/~iemath\/iamat\/\">IAMAT<\/a><\/div>\n<div class=\"clear\"><\/div>\n<\/p>\n<hr>\n<\/div>\n<div class=\"clear\"><\/div>\n<p><\/p>\n<div class=\"one_fourth\">\n<h3>Courses and Seminars<\/h3>\n<p><article class=\"eo-event eo-event-cat-seminar eo-event-cat-imag eo-event-future\" style=\"border-left:5px solid #1F753C\">\n\t\t<time datetime='2026-04-09'><span class='month'>Apr<\/span> <span class='day' style='color:#15512a'>9<\/span> <span class='hour'>12:00<\/span><\/time>\t\t\t\t<\/p>\n<h2>\n\t\t\t<a \thref=\"https:\/\/wpd.ugr.es\/~imag\/events\/event\/skeleton-for-the-one-dimensional-aggregation-equation\/\" title=\"Skeleton for the one-dimensional aggregation equation\" style=\"color:#1F753C\">Skeleton for the one-dimensional aggregation equation<\/a><br \/>\n\t\t<\/h2>\n<div class=\"event-list-metadata\"><span class=\"event-speaker\">Juan Carlos Cantero (Universitat Aut\u00f2noma de Barcelona)<\/span><\/p>\n<div class=\"event-room\">Aula A22, Facultad de Ciencias<\/div>\n<\/div>\n<\/article>\n<article class=\"eo-event eo-event-cat-conference eo-event-cat-seminar eo-event-cat-imag eo-event-future eo-multi-day eo-all-day\" style=\"border-left:5px solid #CC3333\">\n\t\t<time datetime='2026-05-28'><span class='month'>May<\/span> <span class='day' style='color:#8e2323'>28<\/span> <\/time> &raquo; <time datetime='2026-05-29'><span class='day' style='color:#8e2323'>29<\/span> <span class='year'>2026<\/span><\/time>\t\t\t\t<\/p>\n<h2>\n\t\t\t<a \thref=\"https:\/\/wpd.ugr.es\/~imag\/events\/event\/enbis-spring-meeting-2026\/\" title=\"ENBIS Spring Meeting 2026\" style=\"color:#CC3333\">ENBIS Spring Meeting 2026<\/a><br \/>\n\t\t<\/h2>\n<div class=\"event-list-metadata\">\n<div class=\"event-room\">Sala de Conferencias &#038; Seminario 1, IMAG<\/div>\n<p><span class=\"event-venue\"><\/span><\/p>\n<p>Granada, Spain, May 28-29, 2026 Reliability, maintenance and safety in the data-driven era In a context of increasing system complexity, digital transformation, and growing societal demands for safety, resilience, vulnerability reduction, and sustainability, the field of reliability and maintenance engineering is undergoing a profound evolution. This year\u2019s Spring Meeting aims<span class=\"more-link\"><a href=\"https:\/\/wpd.ugr.es\/~imag\/events\/event\/enbis-spring-meeting-2026\/\">Continue Reading<\/a><\/span><\/p>\n<\/div>\n<\/article>\n<ul>\n<li><a href=\"http:\/\/www.ugr.es\/~doctomat\/\"> Programa de Postgrado en Matem\u00e1ticas Curso: M\u00e1ster y Doctorado <\/a><\/li>\n<li><a href=\"http:\/\/www.ugr.es\/~fisymat\/\">Programa de Postgrado en F\u00edsica y Matem\u00e1ticas (FisyMat): M\u00e1ster y Doctorado<\/a><\/li>\n<li><a href=\"http:\/\/www.ugr.es\/~moea\/\"> Programa de Postgrado en Estad\u00edstica e Investigaci\u00f3n Operativa: M\u00e1ster y Doctorado<\/a><\/li>\n<\/ul>\n<h3>Seminars<\/h3>\n<ul>\n<li><a href=\"http:\/\/geometry.ugr.es\/seminar\/\">Geometry Seminar<\/a><\/li>\n<li><a href=\"http:\/\/www.ugr.es\/~goya\/#seminarios\">Orthogonality and Applications Seminar<br \/>\n<\/a><\/li>\n<li><a href=\"http:\/\/semed.ugr.es\/\"> Differential Equations Seminar<\/a><\/li>\n<li><a href=\"https:\/\/wpd.ugr.es\/~imag\/youngresearchers-mathseminar\/\"> Young Researchers Math Seminar<\/a><\/li>\n<li><a href=\"https:\/\/wpd.ugr.es\/~imag\/ciclo-de-conferencias-estadistica-y-ciencia-de-datos-patricia-roman\/\">Statistics and Data Science Conference Series Patricia Roman<\/a><\/li>\n<li><a href=\"https:\/\/wpd.ugr.es\/~imag\/seminario-de-algebra\/\">Algebra Seminar<\/a><\/li>\n<li><a href=\"https:\/\/wpd.ugr.es\/~imag\/functional-analysis-seminar\/\">Functional Analysis seminar<\/a>\n<\/ul>\n<p>To organize a seminar at the institute, please fill and send the electronic form appearing under the <a href=\"https:\/\/wpd.ugr.es\/~imag\/applying-for-an-activity\/\">Applying for an activity<\/a> <\/p>\n<div class=\"button-container medium center \"><a target=\"_self\" class=\"button coral\" href=\"https:\/\/wpd.ugr.es\/~imag\/courses-seminars\/\">More courses and seminars<\/a><\/div>\n<div class=\"clear\"><\/div>\n<\/p><\/div>\n<p><\/p>\n<div class=\"one_fourth\">\n<h3>Visitors<\/h3>\n<p><article class=\"eo-event eo-event-cat-visitor eo-event-cat-imag eo-event-running eo-multi-day eo-all-day\" style=\"border-left:5px solid #E64511\">\n\t\t<time datetime='2026-03-23'><span class='month'>Mar<\/span> <span class='day' style='color:#a1300b'>23<\/span> <\/time> &raquo; <time datetime='2026-04-24'><span class='month'>Apr<\/span> <span class='day' style='color:#a1300b'>24<\/span>, <span class='year'>2026<\/span><\/time>\t\t\t\t<\/p>\n<h2>\n\t\t\t<a \thref=\"https:\/\/wpd.ugr.es\/~imag\/events\/event\/federico-nudo-3\/\" title=\"Federico Nudo\" style=\"color:#E64511\">Federico Nudo<\/a><br \/>\n\t\t<\/h2>\n<div class=\"event-list-metadata\">\n<div class=\"event-room\">Office: D-11<\/div>\n<\/div>\n<\/article>\n<article class=\"eo-event eo-event-cat-visitor eo-event-cat-imag eo-event-running eo-multi-day eo-all-day\" style=\"border-left:5px solid #E64511\">\n\t\t<time datetime='2025-09-02'><span class='month'>Sep<\/span> <span class='day' style='color:#a1300b'>2<\/span>, <span class='year'>2025<\/span> <\/time> &raquo; <time datetime='2026-07-31'><span class='month'>Jul<\/span> <span class='day' style='color:#a1300b'>31<\/span>, <span class='year'>2026<\/span><\/time>\t\t\t\t<\/p>\n<h2>\n\t\t\t<a \thref=\"https:\/\/wpd.ugr.es\/~imag\/events\/event\/dong-hwi-seo-3\/\" title=\"Dong-Hwi Seo\" style=\"color:#E64511\">Dong-Hwi Seo<\/a><br \/>\n\t\t<\/h2>\n<div class=\"event-list-metadata\">\n<div class=\"event-room\">Office: D-06<\/div>\n<\/div>\n<\/article>\n<article class=\"eo-event eo-event-cat-visitor eo-event-cat-imag eo-event-running eo-multi-day eo-all-day\" style=\"border-left:5px solid #E64511\">\n\t\t<time datetime='2025-02-13'><span class='month'>Feb<\/span> <span class='day' style='color:#a1300b'>13<\/span>, <span class='year'>2025<\/span> <\/time> &raquo; <time datetime='2026-08-31'><span class='month'>Aug<\/span> <span class='day' style='color:#a1300b'>31<\/span>, <span class='year'>2026<\/span><\/time>\t\t\t\t<\/p>\n<h2>\n\t\t\t<a \thref=\"https:\/\/wpd.ugr.es\/~imag\/events\/event\/marcos-paulo-tassi-4\/\" title=\"Marcos Paulo Tassi\" style=\"color:#E64511\">Marcos Paulo Tassi<\/a><br \/>\n\t\t<\/h2>\n<div class=\"event-list-metadata\">\n<div class=\"event-room\">Office: D-10<\/div>\n<\/div>\n<\/article>\n<p><\/p>\n<div class=\"button-container medium center \"><a target=\"_self\" class=\"button coral\" href=\"https:\/\/wpd.ugr.es\/~imag\/visitors\/\">More visitors<\/a><\/div>\n<div class=\"clear\"><\/div>\n<\/p><\/div>\n<p><\/p>\n<div class=\"one_fourth\">\n<h3>Conferences and meetings<\/h3>\n<p><div class=\"button-container medium center \"><a target=\"_self\" class=\"button coral\" href=\"https:\/\/wpd.ugr.es\/~imag\/events\/\">More events<\/a><\/div>\n<div class=\"clear\"><\/div>\n<p>\n<\/div>\n<p><\/p>\n<div class=\"one_fourth last\">\n<h3>Other news <small><a href=\"subscribe\/\">[Subscribe]<\/a><\/small><\/h3>\n<div id=\"category-\" class=\"latestposts\">\n<div class=\"row alpha\">\n<div class=\"latest-item clearfix\">\n<div class=\"latest-title\"><a href=\"https:\/\/wpd.ugr.es\/~imag\/xii-international-meeting-on-lorentzian-geometry\/\">XII International Meeting on Lorentzian Geometry<\/a><\/div>\n<\/div>\n<div class=\"latest-item clearfix\">\n<div class=\"latest-title\"><a href=\"https:\/\/wpd.ugr.es\/~imag\/2026-edition-of-noncommutative-geometry-and-higher-structures\/\">2026 edition of Noncommutative Geometry and Higher Structures<\/a><\/div>\n<\/div>\n<div class=\"latest-item clearfix\">\n<div class=\"latest-title\"><a href=\"https:\/\/wpd.ugr.es\/~imag\/introduction-to-the-partial-differential-equations\/\">Introduction to the Partial Differential Equations<\/a><\/div>\n<\/div>\n<div class=\"latest-item clearfix\">\n<div class=\"latest-title\"><a href=\"https:\/\/wpd.ugr.es\/~imag\/convocatoria-2025-del-programa-de-empleo-juvenil-de-la-consejeria-de-universidad-investigacion-e-innovacion-de-la-junta-de-andalucia\/\">Convocatoria 2025 del Programa de Empleo Juvenil de la Consejer\u00eda de Universidad, Investigaci\u00f3n e Innovaci\u00f3n de la Junta de Andaluc\u00eda<\/a><\/div>\n<\/div>\n<div class=\"latest-item clearfix\">\n<div class=\"latest-title\"><a href=\"https:\/\/wpd.ugr.es\/~imag\/stanford-plos-biology-and-shangai-arwu-rankings-for-mathematicas-in-spain\/\">Stanford (Plos Biology) and Shangai (ARWU) rankings for Mathematicas in Spain<\/a><\/div>\n<\/div>\n<\/div>\n<div class=\"clear\"><\/div>\n<\/div>\n<p>\n<\/div>\n<div class=\"clear\"><\/div><\/p>\n","protected":false},"excerpt":{"rendered":"<p><span class=\"more-link\"><a href=\"https:\/\/wpd.ugr.es\/~imag\/stanford-plos-biology-and-shangai-arwu-rankings-for-mathematicas-in-spain\/\">Continue Reading<\/a><\/span><\/p>\n","protected":false},"author":1,"featured_media":0,"parent":0,"menu_order":0,"comment_status":"closed","ping_status":"closed","template":"","meta":{"footnotes":""},"translation":{"provider":"WPGlobus","version":"3.0.0","language":"en","enabled_languages":["en"],"languages":{"en":{"title":true,"content":true,"excerpt":false}}},"_links":{"self":[{"href":"https:\/\/wpd.ugr.es\/~imag\/wp-json\/wp\/v2\/pages\/14"}],"collection":[{"href":"https:\/\/wpd.ugr.es\/~imag\/wp-json\/wp\/v2\/pages"}],"about":[{"href":"https:\/\/wpd.ugr.es\/~imag\/wp-json\/wp\/v2\/types\/page"}],"author":[{"embeddable":true,"href":"https:\/\/wpd.ugr.es\/~imag\/wp-json\/wp\/v2\/users\/1"}],"replies":[{"embeddable":true,"href":"https:\/\/wpd.ugr.es\/~imag\/wp-json\/wp\/v2\/comments?post=14"}],"version-history":[{"count":151,"href":"https:\/\/wpd.ugr.es\/~imag\/wp-json\/wp\/v2\/pages\/14\/revisions"}],"predecessor-version":[{"id":11688,"href":"https:\/\/wpd.ugr.es\/~imag\/wp-json\/wp\/v2\/pages\/14\/revisions\/11688"}],"wp:attachment":[{"href":"https:\/\/wpd.ugr.es\/~imag\/wp-json\/wp\/v2\/media?parent=14"}],"curies":[{"name":"wp","href":"https:\/\/api.w.org\/{rel}","templated":true}]}}