{"id":22,"date":"2014-04-16T17:13:32","date_gmt":"2014-04-16T17:13:32","guid":{"rendered":"http:\/\/iemath.ugr.es\/cms\/?page_id=22"},"modified":"2026-01-23T11:44:20","modified_gmt":"2026-01-23T10:44:20","slug":"structure","status":"publish","type":"page","link":"https:\/\/wpd.ugr.es\/~imag\/structure\/","title":{"rendered":"Structure"},"content":{"rendered":"<h1>Foundation as an UGR universitary institute<\/h1>\n<p><a href=\"https:\/\/wpd.ugr.es\/~imag\/cms\/wp-content\/uploads\/index.pdf\">Act<\/a> of the extraordinary session of the UGR Council that took place on May 18th 2015, where the foundation of the institute was approved.<br \/>\n<a href=\"https:\/\/wpd.ugr.es\/~imag\/cms\/wp-content\/uploads\/Reglamento.pdf\">Internal bylaw<\/a> of the institute.<br \/>\n<!--, approved\u00a0by its Council on April 8th, 2021.--><\/p>\n<p><!--\n\n\n\n\n\n\n\n\n\n\n\n\n\n\n\n\n\n\n\n\n\n\n\n\n<h1>Personnel<\/h1>\n\n\n\n\n\n\n\n\n\n\n\n\n\n\n\n\n\n\n\n\n\n\n\n\n<a href=\"https:\/\/wpd.ugr.es\/~imag\/cms\/wp-content\/uploads\/adscripciones.pdf\">Member applications<\/a> approved by the UGR Council in the session held on September 28th, 2015.\n<a href=\"https:\/\/wpd.ugr.es\/~imag\/cms\/wp-content\/uploads\/acg280915index.pdf\">Act<\/a> and <a href=\"https:\/\/wpd.ugr.es\/~imag\/cms\/wp-content\/uploads\/adinstituto.pdf\">member applications<\/a> approved by the UGR Council in the session held on September 28th, 2015.\n\nBefore this date, new members of the institute in other UGR Council sessions. See the complete list of members and collaborators <a href=\"https:\/\/wpd.ugr.es\/~imag\/members\/\" rel=\"noopener noreferrer\" target=\"_blank\">here<\/a>.\n--><\/p>\n<h1>Organization chart<\/h1>\n<p style=\"text-align: center;\">\n    <a href=\"https:\/\/wpd.ugr.es\/~imag\/cms\/wp-content\/uploads\/INSTITUTE-COUNCIL-3.png\"><br \/>\n        <img decoding=\"async\" \n            src=\"https:\/\/wpd.ugr.es\/~imag\/cms\/wp-content\/uploads\/INSTITUTE-COUNCIL-3.png\" \n            alt=\"Estructura del Consejo del Instituto\" \n            width=\"926\" \n            height=\"auto\" \n            class=\"aligncenter size-full\" \n        \/><br \/>\n    <\/a>\n<\/p>\n<h1>Governance Committees<\/h1>\n<div class=\"one_half\">\n<h2><strong>Personal positions at the institute<\/strong><\/h2>\n<h3><strong>Director<\/strong><\/h3>\n<p><a href=\"https:\/\/gigda.ugr.es\/sanchezm\/\">Miguel S\u00e1nchez Caja<\/a>, Department of Geometry and Topology. Elected by the Institute Council for a six-year term and appointed by the Rector on December 22, 2023. He succeeds <a href=\"https:\/\/wpd.ugr.es\/~jperez\/\">Joaqu\u00edn P\u00e9rez Mu\u00f1oz<\/a>, who held the position since September 23, 2015.<\/p>\n<h3><strong>Secretary<\/strong><\/h3>\n<p><a href=\"https:\/\/www.ugr.es\/~tperez\/\">Teresa E. P\u00e9rez Fern\u00e1ndez<\/a>, Department of Applied Mathematics. Proposed by the Director of the Institute among the members of the Institute (UGR Staff).<\/p>\n<h3><strong>Vice Director<\/strong><\/h3>\n<p><a href=\"https:\/\/www.ugr.es\/~mmartins\/\">Miguel Mart\u00edn Su\u00e1rez<\/a>, Department of Mathematical Analysis. Proposed by the Director of the Institute among the UGR staff members.<\/p>\n<h3><strong>SCIENTIFIC DIRECTOR. PI of the Excellence Seal &#8220;Mar\u00eda de Maeztu&#8221; CEX2020-001105-M<\/strong><\/h3>\n<p><a href=\"https:\/\/wpd.ugr.es\/~jperez\/\" target=\"_blank\" rel=\"noopener\">Joaqu\u00edn P\u00e9rez Mu\u00f1oz<\/a>, Department of Geometry and Topology. Previous Director of the Institute in the period September 23, 2015 until December 21, 2023.<\/p>\n<h3><strong>Coordinator IMAG for the Banff International Research Station (BIRS)<\/strong><\/h3>\n<p><a href=\"https:\/\/canizo.org\/\" target=\"_blank\" rel=\"noopener\">Jos\u00e9 A. Ca\u00f1izo Rinc\u00f3n<\/a>, Department of Applied Mathematics. Proposed by the Director of the Institute among the UGR staff members.<\/p>\n<h3><strong>Coordinator for the creation of the inter-universitary Institute of Mathematical Research (IAMAT)<\/strong><\/h3>\n<p><a href=\"https:\/\/www.ugr.es\/~vblanco\/index.htm\" target=\"_blank\" rel=\"noopener\">V\u00edctor Blanco Izquierdo<\/a>, Department of Quantitative Methods for Economics &#038; Business. Proposed by the Director of the Institute among the UGR staff members.<\/p>\n<h3><strong>Violet Point<\/strong><\/h3>\n<p><a href=\"https:\/\/www.ugr.es\/~lidiafr\/\">Lidia Fern\u00e1ndez Rodr\u00edguez<\/a>. If you have suffered or been harassed within the IMAG environment and need help or support, write to <a href=\"mailto:lidiafr@ugr.es\">lidiafr@ugr.es<\/a>.<\/p>\n<h3><strong>Administrative Staff<\/strong><\/h3>\n<p>Mar\u00eda Ester Ramos Navas<\/p>\n<h3><strong>Technical Staff<\/strong><\/h3>\n<p>Olga Peinado Robles (Manager)<\/p>\n<p>Mateo Vega Pueyo (Computer Technician)<\/p>\n<h3><strong>Communications and Outreach Manager<\/strong><\/h3>\n<p>\u00d3scar Huertas Rosales<\/p>\n<h2><strong>External Scientific Committee<\/strong><\/h2>\n<ul>\n<li>Tobias H Colding (MIT, USA)<\/li>\n<li>Nassif Ghoussoub (British Columbia, Canada)<\/li>\n<li>Gilles Godefroy (Paris VI Jussieu, France)<\/li>\n<li>Wencelao Gonz\u00e1lez-Mangeiga (U Santiago de Compostela, Spain)<\/li>\n<li>Andrea Malchiodi (Scuola Normale Superiore Pisa, Italy).<\/li>\n<li>Rafe Mazzeo (Stanford, USA)<\/li>\n<li>Cl\u00e9ment Mouhot (Univ Cambridge, UK)<\/li>\n<li>Barbara Nelli (Univ L&#8217;Aquila, Italy)<\/li>\n<li>Beno\u00eet Perthame (Univ Sorbonne, Lab J-L Lions, France)<\/li>\n<li>Joachim Rosenthal (ETH, Switzerland)<\/li>\n<li>Thomas Schlumprecht (Texas A&#038;M, USA)<\/li>\n<li>Sylvia Serfaty (Courant Institute \/ NYU, USA)<\/li>\n<li>Mar\u00eda Dolores Ugarte (Public Univ Navarra, Spain)<\/li>\n<\/ul>\n<h2><strong>Research Commission<\/strong><\/h2>\n<p>Advisory board, elected by the Institute. Most of the research areas at the institute should be represented in this board. Its president will be the Director of the Institute, and a member designated by the president will act as a secretary. Members with (*) form the sub-Commision encharged of evaluation of the Scientific proposals sent within the Support Program of the Institute:<\/p>\n<ul>\n<li>Ana Mar\u00eda Aguilera del Pino (*)<\/li>\n<li>Jos\u00e9 Miguel Angulo Ib\u00e1\u00f1ez<\/li>\n<li>Antonio Arcos Cebri\u00e1n<\/li>\n<li>Mar\u00eda Isabel Berenguer Maldonado<\/li>\n<li>Jose A. Ca\u00f1izo Rinc\u00f3n (*)<\/li>\n<li>Pilar Carrasco Carrasco<\/li>\n<li>Jose Antonio G\u00e1lvez L\u00f3pez<\/li>\n<li>Pedro A. Garc\u00eda S\u00e1nchez (*)<\/li>\n<li>Gin\u00e9s L\u00f3pez P\u00e9rez<\/li>\n<li>Miguel Mart\u00edn Su\u00e1rez (*)<\/li>\n<li>Antonio Peralta Pereira (*)<\/li>\n<li>Joaqu\u00edn P\u00e9rez Mu\u00f1oz (*)<\/li>\n<li>Teresa E. P\u00e9rez Fern\u00e1ndez<\/li>\n<li>M. Magdalena Rodr\u00edguez P\u00e9rez<\/li>\n<li>Alfonso Romero Sarabia<\/li>\n<li>Antonio Ros Mulero<\/li>\n<li>Mar\u00eda del Mar Rueda Garc\u00eda<\/li>\n<li>David Ruiz Aguilar (*)<\/li>\n<li>Mar\u00eda Dolores Ruiz Medina (*)<\/li>\n<li>Miguel S\u00e1nchez Caja (*)<\/li>\n<li>Francisco Torralbo Torralbo<\/li>\n<li>Francisco de As\u00eds Torres Ruiz<\/li>\n<li>Pedro Torres Villarroya (*)<\/li>\n<li>Salvador Villegas Barranco<\/li>\n<\/ul>\n<\/div>\n<div class=\"one_half last\">\n<h2><strong>Institute Council<\/strong><\/h2>\n<p>It consists of the members of the institute (UGR staff), with a representation of administrative and service staff, and students following their postgraduate courses at the Institute. It is presided by the Director of the Institute, and the Secretary will act as Secretary of the Council.<\/p>\n<h2><strong>Agreements on the Andalusian Institute of Mathematics<\/strong><\/h2>\n<p>Agreement between University of Granada and University of Sevilla for the creation of the IAMAT: <a href=\"https:\/\/wpd.ugr.es\/~imag\/cms\/wp-content\/uploads\/IAMAT-CONVENIO-2023-Firmado-por-UGR-y-US-en-2023_07.pdf\">IAMAT CONVENIO 2023 (Firmado por UGR y US en 2023_07)<\/a><\/p>\n<p>IAMAT Operating Regulations approved by the Governing Council of the University of Granada on 21 May 2024:<a href=\"https:\/\/wpd.ugr.es\/~imag\/cms\/wp-content\/uploads\/Boletin-Oficial-de-la-Universidad-de-Granada-no-238_2.pdf\">Bolet\u00edn Oficial de la Universidad de Granada n\u00ba 238_2<\/a><\/p>\n<p>Approval of the Regulation by the University of Sevilla: <a href=\"https:\/\/www.us.es\/bous-numeros\/numero-16-23-de-octubre-de-2023\/acuerdo-8bis1cg-28-9-23-por-el-que-se-aprueba-el\" target=\"_blank\" rel=\"noopener\">https:\/\/www.us.es\/bous-numeros\/numero-16-23-de-octubre-de-2023\/acuerdo-8bis1cg-28-9-23-por-el-que-se-aprueba-el<\/a><\/p>\n<h2><strong>Governance Commission<\/strong><\/h2>\n<p>This is the executive and economic affairs council. Its members are the Director, Vice-Director and Secretary of the Institute, together with two researchers of the institute:<\/p>\n<ul>\n<li><a href=\"https:\/\/gigda.ugr.es\/sanchezm\/\">Miguel S\u00e1nchez Caja<\/a> (Director), department of Geometry and Topology<\/li>\n<li><a href=\"https:\/\/www.ugr.es\/~mmartins\/\">Miguel Mart\u00edn Su\u00e1rez<\/a> (Vice-Director), departament of Mathematical Analysis<\/li>\n<li><a href=\"https:\/\/www.ugr.es\/~tperez\/\">Teresa E. P\u00e9rez Fern\u00e1ndez<\/a> (Secretary), department of Applied Mathematics<\/li>\n<li><a href=\"https:\/\/www.ugr.es\/personal\/1969b9c551a37ab2afd334bd1b380ae1\">Pilar Carrasco Carrasco<\/a>, Departament of Algebra<\/li>\n<li><a href=\"http:\/\/www.ugr.es\/~mrueda\/\" target=\"_blank\" rel=\"noopener noreferrer\">Mar\u00eda del Mar Rueda Garc\u00eda<\/a>, Departament of Statistics and Operations Research<\/li>\n<\/ul>\n<h2><strong>External Relations and Cooperation Commission<\/strong><\/h2>\n<ul>\n<li>Ana Mar\u00eda Aguilera del Pino<\/li>\n<li>V\u00edctor Blanco Izquierdo<\/li>\n<li>Lidia Fern\u00e1ndez Rodr\u00edguez<\/li>\n<li>Pedro A. Garc\u00eda S\u00e1nchez<\/li>\n<li>Pascual Jara Mart\u00ednez<\/li>\n<li>Miguel Mart\u00edn Su\u00e1rez<\/li>\n<li>Alfonso Romero Sarabia<\/li>\n<li>Mar\u00eda Victoria Velasco Collado<\/li>\n<\/ul>\n<h2><strong>Outreach Commission<\/strong><\/h2>\n<ul>\n<li>Juan Jos\u00e9 Nieto Mu\u00f1oz<\/li>\n<li>Teresa E. P\u00e9rez Fern\u00e1ndez<\/li>\n<li>Miguel Luis Rodr\u00edguez Gonz\u00e1lez<\/li>\n<li>M. Magdalena Rodr\u00edguez P\u00e9rez<\/li>\n<\/ul>\n<h2><strong>Transfer Commission<\/strong><\/h2>\n<ul>\n<li>Ana Mar\u00eda Aguilera del Pino<\/li>\n<li>Javier Lobillo Borrero<\/li>\n<li>Mar\u00eda del Mar Rueda Garc\u00eda<\/li>\n<li>Mar\u00eda Dolores Ruiz Medina<\/li>\n<\/ul>\n<h2><strong>Equality and Gender Commission<\/strong><\/h2>\n<ul>\n<li>Ana Hurtado Cortegana<\/li>\n<li>Miguel Mart\u00edn Su\u00e1rez<\/li>\n<li>Roc\u00edo Raya Miranda<\/li>\n<li>Magdalena Rodr\u00edguez P\u00e9rez<\/li>\n<li>\u00darsula Torres Parejo<\/li>\n<\/ul>\n<h2><strong>Academic Commission<\/strong><\/h2>\n<ul>\n<li>Jos\u00e9 A. G\u00e1lvez L\u00f3pez<\/li>\n<li>Pascual Jara Mart\u00ednez<\/li>\n<li>Antonio Mart\u00ednez L\u00f3pez<\/li>\n<li>Juan Francisco Mena Jurado<\/li>\n<li>Postgraduate Program &#8220;Fisymat&#8221;: Miguel Mart\u00edn Su\u00e1rez<\/li>\n<li>Postgraduate Program &#8220;Matem\u00e1ticas&#8221;: Luis Merino Gonz\u00e1lez<\/li>\n<li>Postgraduate Program &#8220;Estad\u00edstica Aplicada&#8221;: Francisco de As\u00eds Torres Ruiz<\/li>\n<\/ul>\n<h2><strong>Occupational Risk Prevention Commission<\/strong><\/h2>\n<ul>\n<li>Miguel S\u00e1nchez Caja<\/li>\n<li>Teresa E. P\u00e9rez Fern\u00e1ndez<\/li>\n<li>Mar\u00eda Ester Ramos Navas<\/li>\n<\/ul>\n<h2><strong>Election Board<\/strong><\/h2>\n<ul>\n<li>Antonio Mart\u00ednez L\u00f3pez<\/li>\n<li>Juan Francisco Mena Jurado<\/li>\n<li>Mar\u00eda Isabel Berenguer Maldonado<\/li>\n<\/ul>\n<\/div>\n<div class=\"clear\"><\/div>\n<\/p>\n<div class=\"one_half\">\n<\/div>\n<div class=\"one_half last\">\n<\/div>\n<div class=\"clear\"><\/div><\/p>\n","protected":false},"excerpt":{"rendered":"<p>Foundation as an UGR universitary institute Act of the extraordinary session of the UGR Council that took place on May 18th 2015, where the foundation of the institute was approved. Internal bylaw of the institute. Organization chart Governance Committees<span class=\"more-link\"><a href=\"https:\/\/wpd.ugr.es\/~imag\/structure\/\">Continue Reading<\/a><\/span><\/p>\n","protected":false},"author":1,"featured_media":0,"parent":0,"menu_order":0,"comment_status":"closed","ping_status":"closed","template":"","meta":{"footnotes":""},"translation":{"provider":"WPGlobus","version":"3.0.0","language":"en","enabled_languages":["en"],"languages":{"en":{"title":true,"content":true,"excerpt":false}}},"_links":{"self":[{"href":"https:\/\/wpd.ugr.es\/~imag\/wp-json\/wp\/v2\/pages\/22"}],"collection":[{"href":"https:\/\/wpd.ugr.es\/~imag\/wp-json\/wp\/v2\/pages"}],"about":[{"href":"https:\/\/wpd.ugr.es\/~imag\/wp-json\/wp\/v2\/types\/page"}],"author":[{"embeddable":true,"href":"https:\/\/wpd.ugr.es\/~imag\/wp-json\/wp\/v2\/users\/1"}],"replies":[{"embeddable":true,"href":"https:\/\/wpd.ugr.es\/~imag\/wp-json\/wp\/v2\/comments?post=22"}],"version-history":[{"count":273,"href":"https:\/\/wpd.ugr.es\/~imag\/wp-json\/wp\/v2\/pages\/22\/revisions"}],"predecessor-version":[{"id":13566,"href":"https:\/\/wpd.ugr.es\/~imag\/wp-json\/wp\/v2\/pages\/22\/revisions\/13566"}],"wp:attachment":[{"href":"https:\/\/wpd.ugr.es\/~imag\/wp-json\/wp\/v2\/media?parent=22"}],"curies":[{"name":"wp","href":"https:\/\/api.w.org\/{rel}","templated":true}]}}