{"id":24,"date":"2014-04-16T17:17:18","date_gmt":"2014-04-16T17:17:18","guid":{"rendered":"http:\/\/iemath.ugr.es\/cms\/?page_id=24"},"modified":"2025-04-03T15:34:09","modified_gmt":"2025-04-03T13:34:09","slug":"addresses-and-access","status":"publish","type":"page","link":"https:\/\/wpd.ugr.es\/~imag\/addresses-and-access\/","title":{"rendered":"Addresses and access"},"content":{"rendered":"<p>There are two ways of arriving to the institute from the Faculty of Sciences:<\/p>\n<ul>\n<li><strong>By Rector L\u00f3pez-Arg\u00fceta street.<\/strong>\u00a0Follow the red path in the picture below.<\/li>\n<li><strong>By Ventanilla street.<\/strong>\u00a0Once arrived to the white spot, follow the orange path.<\/li>\n<\/ul>\n<p><span style=\"font-size: 13px; line-height: 19px;\">The distance between the Faculty of Sciences and the institute is about 700m (10 min walking).\u00a0<\/span><\/p>\n<p><a href=\"https:\/\/wpd.ugr.es\/~imag\/cms\/wp-content\/uploads\/Mapas.png\"><img loading=\"lazy\" decoding=\"async\" class=\"alignnone size-full wp-image-7791\" src=\"https:\/\/wpd.ugr.es\/~imag\/cms\/wp-content\/uploads\/Mapas.png\" alt=\"\" width=\"887\" height=\"610\" srcset=\"https:\/\/wpd.ugr.es\/~imag\/cms\/wp-content\/uploads\/Mapas.png 887w, https:\/\/wpd.ugr.es\/~imag\/cms\/wp-content\/uploads\/Mapas-300x206.png 300w, https:\/\/wpd.ugr.es\/~imag\/cms\/wp-content\/uploads\/Mapas-768x528.png 768w, https:\/\/wpd.ugr.es\/~imag\/cms\/wp-content\/uploads\/Mapas-150x103.png 150w\" sizes=\"(max-width: 887px) 100vw, 887px\" \/><\/a><\/p>\n<p><a href=\"https:\/\/wpd.ugr.es\/~imag\/cms\/wp-content\/uploads\/IMAG.png\"><img loading=\"lazy\" decoding=\"async\" class=\"alignnone size-full wp-image-7786\" src=\"https:\/\/wpd.ugr.es\/~imag\/cms\/wp-content\/uploads\/IMAG.png\" alt=\"\" width=\"847\" height=\"572\" srcset=\"https:\/\/wpd.ugr.es\/~imag\/cms\/wp-content\/uploads\/IMAG.png 847w, https:\/\/wpd.ugr.es\/~imag\/cms\/wp-content\/uploads\/IMAG-300x203.png 300w, https:\/\/wpd.ugr.es\/~imag\/cms\/wp-content\/uploads\/IMAG-768x519.png 768w, https:\/\/wpd.ugr.es\/~imag\/cms\/wp-content\/uploads\/IMAG-150x101.png 150w\" sizes=\"(max-width: 847px) 100vw, 847px\" \/><\/a><\/p>\n<p>The usual entrance to the institute is through Rector L\u00f3pez-Arg\u00fceta street (by the parking of the Centro de Documentaci\u00f3n Cient\u00edfica). This entrance has a door separating the institute from the area of the Centro de Documentaci\u00f3n Cient\u00edfica, equipped with an electronic card reader (see below). The main entrance to the institute has another card reader of the same type.<\/p>\n<p><strong>Except for special occassions, the access by Ventanilla street is closed.<\/strong><\/p>\n<p><strong>Access electronic cards.<\/strong>\u00a0To open the two electronic locks at the doors to enter the institute, an electronic card is required. These cards are supplied by the UGR following one of the following procedures:<\/p>\n<ul>\n<li>For UGR members, the electronic card is the\u00a0<strong>tarjeta universitaria (TUI)<\/strong> (permanent validity). To apply for a TUI, see instructions\u00a0<a href=\"https:\/\/udigital.ugr.es\/emision-tui\/\" target=\"_blank\" rel=\"noopener noreferrer\">here<\/a>. Once you have the TUI, it must be configured to open the two electronic locks that you will encounter when trying to access the institute. To do this, please send an email asking for this configuration \u00a0together with your name, NIF and Department to <strong>Ester Ramos Navas<\/strong> (administraci\u00f3n IMAG): mesther(at)ugr.es.<\/li>\n<li>External visitors to the UGR can apply for a <strong>visitor card<\/strong>, which has a temporary validity. These cards can be obtained by the following procedure:\n<ul>\n<li>Fill <a href=\"https:\/\/wpd.ugr.es\/~imag\/cms\/wp-content\/uploads\/SOLICITUD-Tarjeta-control-de-accesos-VISITANTE-1-1.pdf\">this form<\/a> (three copies, already contained in the previous pdf file). In this form, be sure to include:\n<ul>\n<li>Passport number or NIF of the visitor, in the field &#8220;Documento de indentidad&#8221;<\/li>\n<li>Name of the visitor in the field &#8220;Apellidos, Nombre&#8221;<\/li>\n<li>Email address of the visitor in the field &#8220;Datos de contacto&#8221;<\/li>\n<\/ul>\n<p>The data in the fields &#8220;Datos de la persona responsable de la UGR que da el Visto Bueno a la solicitud&#8221; and the corresponding signature in the left square refer either to the head of the Department of the host researcher, or to the Director of the institute. The visitor will only sign in the center square. The right square should contain the expected ending date of the visit, in the field &#8220;Fecha CAD&#8221;, but no signature will be included and the field &#8220;NI tarjeta&#8221; will be left blank.<\/li>\n<li>Deliver the <strong>three filled copies<\/strong> of the form at the &#8220;Administraci\u00f3n del IMAG&#8221;, together with a copy of the DNI or passport of the visitor. In this case, the host researcher will provide contact data to the administrative staff of IMAG, Mar\u00eda Ester Ramos Navas. Alternatively, this step can be done by sending an email with scanned versions of the three copies of the form and the DNI or passport to mesther@ugr.es; in this last case, the body of the message will contain the contact data of the host researcher.<\/li>\n<li>Once the temporary card has been activated, host and guest researchers will receive an email to make them know that the card is ready to be collected by the visitor at the &#8220;Administraci\u00f3n del IMAG&#8221;. When collecting the card, the visitor will sign in the right square of the form.<\/li>\n<li>At the end of the stay, either the visitor or the host researcher will give the card back at the &#8220;Administraci\u00f3n del IMAG&#8221;.<\/li>\n<\/ul>\n<p>WARNING: Applying for a visitor card in advance will let the visitor use the card from the first day of his\/her stay. By default, temporary cards only include access to the building (side door and main entrance). If the office assigned to a visitor has its own electronic locker, access to it can be added to the card. To do this, simply send an email to imag@ugr.es with the data: number of the temporary card, visitor&#8217;s name, assigned office and period of the stay.<\/p>\n<p>The University of Granada has a &#8220;International Welcome Center&#8221; that can help visitors with some aspects of their stay in Granada (lodging, medical insurance, etc). To communicate with the IWC, please fill <a href=\"https:\/\/wpd.ugr.es\/~iemath\/cms\/wp-content\/uploads\/formulario-iwc.doc\" target=\"_blank\" rel=\"noopener noreferrer\">this form<\/a> and send it to welcome@ugr.es before your arrival to Granada. More info at <a href=\"http:\/\/internacional.ugr.es\/iwelcomecentre\" target=\"_blank\" rel=\"noopener noreferrer\">http:\/\/internacional.ugr.es\/iwelcomecentre<\/a><\/li>\n<\/ul>\n<div>\n<h1>How to arrive in Granada<\/h1>\n<ul>\n<li><strong>From <a title=\"http:\/\/www.aena.es\/es\/aeropuerto-federico-garcia-lorca-granada-jaen\/index.html\" href=\"http:\/\/www.aena.es\/es\/aeropuerto-federico-garcia-lorca-granada-jaen\/index.html\">Granada airport<\/a><\/strong>. The airport is 17 km from downtown. Correspondences between Granada and its airport can be done by taxi or bus. The cab fare is about 30-35\u20ac. There is a 3\u20ac bus airport-downtown (line 245), with different stops. The nearest one to IMAG is the eighth stop, at &#8220;Avda. Constitucion Hotel C\u00f3ndor&#8221;, from where IMAG is just at 10 min of walking distance.<\/li>\n<li><strong>From\u00a0<a href=\"http:\/\/www.aena.es\/es\/aeropuerto-malaga\/index.html\">Malaga airport<\/a>.<\/strong> The bus company Alsa has a service connecting directly the airport of M\u00e1laga with the city of Granada. From this airport, there are frequent connections (approx. one per hour). For more information, please visit the <a href=\"https:\/\/www.alsa.es\/ruta\/malaga-granada?utm_source=google&amp;utm_medium=cpc&amp;utm_campaign=es_generico_bus_top_rutas&amp;utm_content=malaga_granada&amp;gclid=CjwKCAjw9LSSBhBsEiwAKtf0nxaJyoxjKFlGC9F0npqqdYnZnNb2Nc6P7B-_D964bxsogEKQKOc1ORoCRtYQAvD_BwE\" target=\"_blank\" rel=\"noopener\">Alsa website<\/a>. Another available connection is through the bus station in M\u00e1laga, from where one can find buses leaving to Granada each hour. These buses arrive at the bus station in Granada, from where one can take a taxi to downtown (about 10\u20ac) or a city bus (lines SN2 or SN5) in order to arrive to the institute (see here for a <a href=\"http:\/\/www.granadadirect.com\/transporte\/lineas-autobuses-granada\/\" target=\"_blank\" rel=\"noopener\">map of the city buses in Granada<\/a>).<\/li>\n<li><strong>By high speed train.<\/strong> There are <a href=\"https:\/\/www.thetrainline.com\/es\/companias-ferroviarias\/renfe\/ave\/granada?gclid=CjwKCAjw9LSSBhBsEiwAKtf0n5vRmVGhF8RXh_VlZoENzNDJzKKs0Vbq_glsjdq_hufQjbR20PQKrRoCg3MQAvD_BwE&amp;gclsrc=aw.ds\" target=\"_blank\" rel=\"noopener\">daily connections<\/a> to and from Granada, with Madrid and Barcelona. The train station in Granada is downtown, at 10 minutes of walking distance from IMAG.<\/li>\n<\/ul>\n<\/div>\n","protected":false},"excerpt":{"rendered":"<p>There are two ways of arriving to the institute from the Faculty of Sciences: By Rector L\u00f3pez-Arg\u00fceta street.\u00a0Follow the red path in the picture below. By Ventanilla street.\u00a0Once arrived to the white spot, follow the orange path. The distance between the Faculty of Sciences and the institute is about 700m<span class=\"more-link\"><a href=\"https:\/\/wpd.ugr.es\/~imag\/addresses-and-access\/\">Continue Reading<\/a><\/span><\/p>\n","protected":false},"author":1,"featured_media":0,"parent":0,"menu_order":0,"comment_status":"closed","ping_status":"closed","template":"","meta":{"footnotes":""},"translation":{"provider":"WPGlobus","version":"3.0.0","language":"en","enabled_languages":["en"],"languages":{"en":{"title":true,"content":true,"excerpt":false}}},"_links":{"self":[{"href":"https:\/\/wpd.ugr.es\/~imag\/wp-json\/wp\/v2\/pages\/24"}],"collection":[{"href":"https:\/\/wpd.ugr.es\/~imag\/wp-json\/wp\/v2\/pages"}],"about":[{"href":"https:\/\/wpd.ugr.es\/~imag\/wp-json\/wp\/v2\/types\/page"}],"author":[{"embeddable":true,"href":"https:\/\/wpd.ugr.es\/~imag\/wp-json\/wp\/v2\/users\/1"}],"replies":[{"embeddable":true,"href":"https:\/\/wpd.ugr.es\/~imag\/wp-json\/wp\/v2\/comments?post=24"}],"version-history":[{"count":73,"href":"https:\/\/wpd.ugr.es\/~imag\/wp-json\/wp\/v2\/pages\/24\/revisions"}],"predecessor-version":[{"id":13538,"href":"https:\/\/wpd.ugr.es\/~imag\/wp-json\/wp\/v2\/pages\/24\/revisions\/13538"}],"wp:attachment":[{"href":"https:\/\/wpd.ugr.es\/~imag\/wp-json\/wp\/v2\/media?parent=24"}],"curies":[{"name":"wp","href":"https:\/\/api.w.org\/{rel}","templated":true}]}}