{"id":4064,"date":"2018-01-25T11:06:51","date_gmt":"2018-01-25T10:06:51","guid":{"rendered":"http:\/\/wpd.ugr.es\/~iemath\/?page_id=4064"},"modified":"2018-01-25T16:46:45","modified_gmt":"2018-01-25T15:46:45","slug":"visitors-2018","status":"publish","type":"page","link":"https:\/\/wpd.ugr.es\/~imag\/visitors-2018\/","title":{"rendered":"Visitors &#8211; 2018"},"content":{"rendered":"<ul  class=\"eo-events eo-events-shortcode\">\n<li class=\"eo-event-venue-iemath-gr-2 eo-event-cat-grant-holder eo-event-cat-visitor eo-event-cat-imag eo-event-past eo-multi-day eo-all-day\">\u00a0<a href=\"https:\/\/wpd.ugr.es\/~imag\/events\/event\/beatriz-cobo-rodriguez-2\/\">Beatriz Cobo Rodr\u00edguez<\/a>, Universidad de Granada, 31\/10\/2014 \u00bb 01\/09\/2018\u00a0<\/li>\n<li class=\"eo-event-venue-iemath-gr-2 eo-event-cat-grant-holder eo-event-past eo-multi-day eo-all-day\">\u00a0<a href=\"https:\/\/wpd.ugr.es\/~imag\/events\/event\/doris-miranda-huaynalaya\/\">Doris Miranda Huaynalaya<\/a>, Per\u00fa, 05\/05\/2015 \u00bb 31\/12\/2022\u00a0<\/li>\n<li class=\"eo-event-venue-iemath-gr-2 eo-event-cat-grant-holder eo-event-cat-visitor eo-event-cat-imag eo-event-past eo-multi-day eo-all-day\">\u00a0<a href=\"https:\/\/wpd.ugr.es\/~imag\/events\/event\/mauricio-misquero-castro\/\">Mauricio Misquero Castro<\/a>, Universidad de Granada, 31\/10\/2016 \u00bb 30\/06\/2020\u00a0<\/li>\n<li class=\"eo-event-venue-iemath-gr-2 eo-event-cat-grant-holder eo-event-cat-visitor eo-event-cat-imag eo-event-past eo-multi-day eo-all-day\">\u00a0<a href=\"https:\/\/wpd.ugr.es\/~imag\/events\/event\/mohammed-dawabsha\/\">Mohammed Dawabsha<\/a>, , 01\/01\/2017 \u00bb 31\/12\/2018\u00a0<\/li>\n<li class=\"eo-event-venue-iemath-gr-2 eo-event-cat-grant-holder eo-event-cat-visitor eo-event-cat-imag eo-event-past eo-multi-day eo-all-day\">\u00a0<a href=\"https:\/\/wpd.ugr.es\/~imag\/events\/event\/eddygledson-souza-gama\/\">Eddy-Gledson Souza Gama<\/a>, Universidad Federal do Ceara, 10\/08\/2017 \u00bb 31\/07\/2018\u00a0<\/li>\n<li class=\"eo-event-venue-iemath-gr-2 eo-event-cat-visitor eo-event-cat-imag eo-event-past eo-multi-day eo-all-day\">\u00a0<a href=\"https:\/\/wpd.ugr.es\/~imag\/events\/event\/gabriel-ruiz-p\/\">Gabriel Ruiz<\/a>, Universidad Aut\u00f3noma de M\u00e9xico, 01\/09\/2017 \u00bb 31\/07\/2018\u00a0<\/li>\n<li class=\"eo-event-cat-grant-holder eo-event-cat-imag eo-event-running eo-multi-day eo-all-day\">\u00a0<a href=\"https:\/\/wpd.ugr.es\/~imag\/events\/event\/francisco-javier-reyes-sanchez\/\">Francisco Javier Reyes S\u00e1nchez<\/a>, , 01\/09\/2017 \u00bb 31\/12\/2026\u00a0<\/li>\n<li class=\"eo-event-cat-visitor eo-event-cat-imag eo-event-past eo-multi-day eo-all-day\">\u00a0<a href=\"https:\/\/wpd.ugr.es\/~imag\/events\/event\/marcos-paulo-tassi\/\">Marcos Paulo Tassi<\/a>, Universidade Federal de S\u00e3o Carlos, 04\/09\/2017 \u00bb 31\/08\/2018\u00a0<\/li>\n<li class=\"eo-event-cat-visitor eo-event-cat-imag eo-event-past eo-multi-day eo-all-day\">\u00a0<a href=\"https:\/\/wpd.ugr.es\/~imag\/events\/event\/valeria-ercolano\/\">Valeria Ercolano<\/a>, Universidad de Granada, 02\/10\/2017 \u00bb 31\/03\/2018\u00a0<\/li>\n<li class=\"eo-event-cat-visitor eo-event-cat-imag eo-event-past eo-multi-day eo-all-day\">\u00a0<a href=\"https:\/\/wpd.ugr.es\/~imag\/events\/event\/francisco-martin-serrano-4\/\">Francisco Mart\u00edn Serrano<\/a>, Universidad de Granada, 18\/12\/2017 \u00bb 16\/02\/2018\u00a0<\/li>\n<li class=\"eo-event-cat-visitor eo-event-cat-imag eo-event-past eo-multi-day eo-all-day\">\u00a0<a href=\"https:\/\/wpd.ugr.es\/~imag\/events\/event\/laurent-hauswirth-3\/\">Laurent Hauswirth<\/a>, Universit\u00e9 Paris-Est, 09\/01\/2018 \u00bb 12\/01\/2018\u00a0<\/li>\n<li class=\"eo-event-cat-visitor eo-event-cat-imag eo-event-past eo-multi-day eo-all-day\">\u00a0<a href=\"https:\/\/wpd.ugr.es\/~imag\/events\/event\/pascal-romon-6\/\">Pascal Romon<\/a>, Universit\u00e9 Paris-Est Marne-la-Vall\u00e9e, 09\/01\/2018 \u00bb 15\/01\/2018\u00a0<\/li>\n<li class=\"eo-event-cat-grant-holder eo-event-cat-visitor eo-event-cat-imag eo-event-past eo-multi-day eo-all-day\">\u00a0<a href=\"https:\/\/wpd.ugr.es\/~imag\/events\/event\/fatima-lizarte-lopez\/\">F\u00e1tima Lizarte L\u00f3pez<\/a>, Universidad de Granada, 15\/01\/2018 \u00bb 31\/07\/2018\u00a0<\/li>\n<li class=\"eo-event-cat-visitor eo-event-cat-imag eo-event-past eo-multi-day eo-all-day\">\u00a0<a href=\"https:\/\/wpd.ugr.es\/~imag\/events\/event\/didier-solis-gamboa\/\">Didier Sol\u00eds Gamboa<\/a>, Universidad Aut\u00f3noma de Yucat\u00e1n, 27\/01\/2018 \u00bb 11\/02\/2018\u00a0<\/li>\n<li class=\"eo-event-cat-visitor eo-event-cat-imag eo-event-past eo-multi-day eo-all-day\">\u00a0<a href=\"https:\/\/wpd.ugr.es\/~imag\/events\/event\/franc-forstneric-2\/\">Franc Forstneric<\/a>, Universidad de Liubliana, 29\/01\/2018 \u00bb 17\/02\/2018\u00a0<\/li>\n<li class=\"eo-event-cat-grant-holder eo-event-cat-visitor eo-event-cat-imag eo-event-past eo-multi-day eo-all-day\">\u00a0<a href=\"https:\/\/wpd.ugr.es\/~imag\/events\/event\/rodrigo-aguilar-suarez\/\">Rodrigo Aguilar Su\u00e1rez<\/a>, Universidad Nacional Aut\u00f3noma de M\u00e9xico, 30\/01\/2018 \u00bb 28\/06\/2018\u00a0<\/li>\n<li class=\"eo-event-cat-grant-holder eo-event-cat-visitor eo-event-cat-imag eo-event-past eo-multi-day eo-all-day\">\u00a0<a href=\"https:\/\/wpd.ugr.es\/~imag\/events\/event\/alejandro-ramos-lora\/\">Alejandro Ramos Lora<\/a>, Universidad de Granada, 31\/01\/2018 \u00bb 31\/07\/2019\u00a0<\/li>\n<li class=\"eo-event-cat-visitor eo-event-cat-imag eo-event-past eo-multi-day eo-all-day\">\u00a0<a href=\"https:\/\/wpd.ugr.es\/~imag\/events\/event\/hector-salomon-mullo-guaminga\/\">H\u00e9ctor Salom\u00f3n Mullo Guaminga<\/a>, Universidad de Chimborazo, 01\/03\/2018 \u00bb 29\/03\/2018\u00a0<\/li>\n<li class=\"eo-event-cat-visitor eo-event-cat-imag eo-event-past eo-multi-day eo-all-day\">\u00a0<a href=\"https:\/\/wpd.ugr.es\/~imag\/events\/event\/martin-buhmann\/\">Martin Buhmann<\/a>, Justus-Liebig-Universit\u00e4t Giessen, 02\/04\/2018 \u00bb 06\/04\/2018\u00a0<\/li>\n<li class=\"eo-event-cat-visitor eo-event-cat-imag eo-event-past eo-multi-day eo-all-day\">\u00a0<a href=\"https:\/\/wpd.ugr.es\/~imag\/events\/event\/joaquin-jodar\/\">Joaqu\u00edn J\u00f3dar<\/a>, Universidad de Ja\u00e9n, 02\/04\/2018 \u00bb 06\/04\/2018\u00a0<\/li>\n<li class=\"eo-event-cat-visitor eo-event-cat-imag eo-event-past eo-multi-day eo-all-day\">\u00a0<a href=\"https:\/\/wpd.ugr.es\/~imag\/events\/event\/maciej-czarnecki-5\/\">Maciej Czarnecki<\/a>, University of \u0141\u00f3d\u017a, 03\/04\/2018 \u00bb 04\/07\/2018\u00a0<\/li>\n<li class=\"eo-event-cat-visitor eo-event-cat-imag eo-event-past eo-multi-day eo-all-day\">\u00a0<a href=\"https:\/\/wpd.ugr.es\/~imag\/events\/event\/marco-a-m-guaraco\/\">Marco A. M. Guaraco<\/a>, University of Chicago, 13\/04\/2018 \u00bb 20\/04\/2018\u00a0<\/li>\n<li class=\"eo-event-cat-visitor eo-event-cat-imag eo-event-past eo-multi-day eo-all-day\">\u00a0<a href=\"https:\/\/wpd.ugr.es\/~imag\/events\/event\/juan-bosco-garcia-gutierrez\/\">Juan Bosco Garc\u00eda Guti\u00e9rrez<\/a>, Universidad de C\u00e1diz, 17\/04\/2018 \u00bb 26\/04\/2018\u00a0<\/li>\n<li class=\"eo-event-cat-visitor eo-event-cat-imag eo-event-past eo-multi-day eo-all-day\">\u00a0<a href=\"https:\/\/wpd.ugr.es\/~imag\/events\/event\/adrian-ruiz-servan\/\">Adri\u00e1n Ruiz Serv\u00e1n<\/a>, Universidad de C\u00e1diz, 17\/04\/2018 \u00bb 26\/04\/2018\u00a0<\/li>\n<li class=\"eo-event-cat-visitor eo-event-cat-imag eo-event-past eo-multi-day eo-all-day\">\u00a0<a href=\"https:\/\/wpd.ugr.es\/~imag\/events\/event\/brahim-allal\/\">Brahim Allal<\/a>, Universidad de Sevilla, 17\/04\/2018 \u00bb 26\/04\/2018\u00a0<\/li>\n<li class=\"eo-event-cat-visitor eo-event-cat-imag eo-event-past eo-multi-day eo-all-day\">\u00a0<a href=\"https:\/\/wpd.ugr.es\/~imag\/events\/event\/francisco-javier-carmona-molero\/\">Francisco Javier Carmona Molero<\/a>, Universidad de Sevilla, 17\/04\/2018 \u00bb 26\/04\/2018\u00a0<\/li>\n<li class=\"eo-event-cat-visitor eo-event-cat-imag eo-event-past eo-multi-day eo-all-day\">\u00a0<a href=\"https:\/\/wpd.ugr.es\/~imag\/events\/event\/jenny-luzgarda-condori-zamora\/\">Jenny Luzgarda Condori Zamora<\/a>, Universidad de Sevilla, 17\/04\/2018 \u00bb 26\/04\/2018\u00a0<\/li>\n<li class=\"eo-event-cat-visitor eo-event-cat-imag eo-event-past eo-multi-day eo-all-day\">\u00a0<a href=\"https:\/\/wpd.ugr.es\/~imag\/events\/event\/jhonata-da-costa-becerra\/\">Jhonata da Costa Becerra<\/a>, Universidad de Sevilla, 17\/04\/2018 \u00bb 26\/04\/2018\u00a0<\/li>\n<li class=\"eo-event-cat-visitor eo-event-cat-imag eo-event-past eo-multi-day eo-all-day\">\u00a0<a href=\"https:\/\/wpd.ugr.es\/~imag\/events\/event\/raul-kazan-cunha-araujo\/\">Raul Kazan Cunha Araujo<\/a>, Universidad de Sevilla, 17\/04\/2018 \u00bb 26\/04\/2018\u00a0<\/li>\n<li class=\"eo-event-cat-visitor eo-event-cat-imag eo-event-past eo-multi-day eo-all-day\">\u00a0<a href=\"https:\/\/wpd.ugr.es\/~imag\/events\/event\/jose-lucas-ferreira-machado\/\">Jos\u00e9 Lucas Ferreira Machado<\/a>, Universidad de Sevilla, 17\/04\/2018 \u00bb 26\/04\/2018\u00a0<\/li>\n<li class=\"eo-event-cat-visitor eo-event-cat-imag eo-event-past eo-multi-day eo-all-day\">\u00a0<a href=\"https:\/\/wpd.ugr.es\/~imag\/events\/event\/lydia-ouaili\/\">Lydia Ouaili<\/a>, Universidad de Sevilla, 17\/04\/2018 \u00bb 26\/04\/2018\u00a0<\/li>\n<li class=\"eo-event-cat-visitor eo-event-cat-imag eo-event-past eo-multi-day eo-all-day\">\u00a0<a href=\"https:\/\/wpd.ugr.es\/~imag\/events\/event\/drew-steeves\/\">Drew Steeves<\/a>, Universidad de Sevilla, 17\/04\/2018 \u00bb 26\/04\/2018\u00a0<\/li>\n<li class=\"eo-event-cat-visitor eo-event-cat-imag eo-event-past eo-multi-day eo-all-day\">\u00a0<a href=\"https:\/\/wpd.ugr.es\/~imag\/events\/event\/mario-veruete\/\">Mario Veruete<\/a>, Universidad de Granada, 17\/04\/2018 \u00bb 05\/06\/2018\u00a0<\/li>\n<li class=\"eo-event-cat-visitor eo-event-cat-imag eo-event-past eo-multi-day eo-all-day\">\u00a0<a href=\"https:\/\/wpd.ugr.es\/~imag\/events\/event\/rim-bourguiba\/\">Rim Bourguiba<\/a>, Universidad de Granada, 17\/04\/2018 \u00bb 05\/06\/2018\u00a0<\/li>\n<li class=\"eo-event-cat-visitor eo-event-cat-imag eo-event-past eo-multi-day eo-all-day\">\u00a0<a href=\"https:\/\/wpd.ugr.es\/~imag\/events\/event\/adrien-ceccaldi\/\">Adrien Ceccaldi<\/a>, Universidad de Granada, 17\/04\/2018 \u00bb 05\/06\/2018\u00a0<\/li>\n<li class=\"eo-event-cat-visitor eo-event-cat-imag eo-event-past eo-multi-day eo-all-day\">\u00a0<a href=\"https:\/\/wpd.ugr.es\/~imag\/events\/event\/andre-luiz-correia-vianna-filho\/\">Andr\u00e9 Luiz Correia Vianna Filho<\/a>, Universidad de Granada, 17\/04\/2018 \u00bb 05\/06\/2018\u00a0<\/li>\n<li class=\"eo-event-cat-visitor eo-event-cat-imag eo-event-past eo-multi-day eo-all-day\">\u00a0<a href=\"https:\/\/wpd.ugr.es\/~imag\/events\/event\/omar-stevenson-guzman-rea\/\">Omar Stevenson Guzm\u00e1n Rea<\/a>, Universidad de Granada, 17\/04\/2018 \u00bb 05\/06\/2018\u00a0<\/li>\n<li class=\"eo-event-cat-visitor eo-event-cat-imag eo-event-past eo-multi-day eo-all-day\">\u00a0<a href=\"https:\/\/wpd.ugr.es\/~imag\/events\/event\/cleyton-natanael-lopes-de-carvalho-cunha\/\">Cleyton Natanael Lopes de Carvalho Cunha<\/a>, Universidad de Sevilla, 17\/04\/2018 \u00bb 26\/04\/2018\u00a0<\/li>\n<li class=\"eo-event-cat-visitor eo-event-cat-imag eo-event-past eo-multi-day eo-all-day\">\u00a0<a href=\"https:\/\/wpd.ugr.es\/~imag\/events\/event\/jose-miguel-mendoza-aranda\/\">Jos\u00e9 Miguel Mendoza Aranda<\/a>, Universidad de Granada, 17\/04\/2018 \u00bb 05\/06\/2018\u00a0<\/li>\n<li class=\"eo-event-cat-visitor eo-event-cat-imag eo-event-past eo-multi-day eo-all-day\">\u00a0<a href=\"https:\/\/wpd.ugr.es\/~imag\/events\/event\/om-kalthoum-wanassi\/\">Om kalthoum Wanassi<\/a>, Universidad de Granada, 17\/04\/2018 \u00bb 05\/06\/2018\u00a0<\/li>\n<li class=\"eo-event-cat-visitor eo-event-cat-imag eo-event-past eo-multi-day eo-all-day\">\u00a0<a href=\"https:\/\/wpd.ugr.es\/~imag\/events\/event\/maria-jose-gonzalez-fuentes-2\/\">Mar\u00eda Jos\u00e9 Gonz\u00e1lez Fuentes<\/a>, Universidad de C\u00e1diz, 17\/04\/2018 \u00bb 20\/04\/2018\u00a0<\/li>\n<li class=\"eo-event-cat-visitor eo-event-cat-imag eo-event-past eo-multi-day eo-all-day\">\u00a0<a href=\"https:\/\/wpd.ugr.es\/~imag\/events\/event\/chu-qi-cao\/\">Chu Qi Cao<\/a>, Universit\u00e9 Paris-Dauphine, 17\/04\/2018 \u00bb 01\/05\/2018\u00a0<\/li>\n<li class=\"eo-event-cat-visitor eo-event-cat-imag eo-event-past eo-multi-day eo-all-day\">\u00a0<a href=\"https:\/\/wpd.ugr.es\/~imag\/events\/event\/jose-a-canizo-9\/\">Jos\u00e9 A. Ca\u00f1izo<\/a>, Universidad de Granada, 17\/04\/2018 \u00bb 01\/05\/2018\u00a0<\/li>\n<li class=\"eo-event-cat-visitor eo-event-cat-imag eo-event-past eo-multi-day eo-all-day\">\u00a0<a href=\"https:\/\/wpd.ugr.es\/~imag\/events\/event\/alfonso-suarez-llorens\/\">Alfonso Su\u00e1rez LLorens<\/a>, Universidad de C\u00e1diz, 02\/05\/2018 \u00bb 03\/05\/2018\u00a0<\/li>\n<li class=\"eo-event-cat-visitor eo-event-cat-imag eo-event-past eo-multi-day eo-all-day\">\u00a0<a href=\"https:\/\/wpd.ugr.es\/~imag\/events\/event\/miguel-angel-sordo-diaz\/\">Miguel \u00c1ngel Sordo D\u00edaz<\/a>, Universidad de C\u00e1diz, 03\/05\/2018 \u00bb 05\/05\/2018\u00a0<\/li>\n<li class=\"eo-event-cat-visitor eo-event-cat-imag eo-event-past eo-multi-day eo-all-day\">\u00a0<a href=\"https:\/\/wpd.ugr.es\/~imag\/events\/event\/jose-gabriel-torres-santaella\/\">Jos\u00e9 Gabriel Torres Santaella<\/a>, Pontificia Universidad Cat\u00f3lica de Santiago de Chile, 24\/05\/2018 \u00bb 20\/06\/2018\u00a0<\/li>\n<li class=\"eo-event-cat-grant-holder eo-event-past eo-multi-day eo-all-day\">\u00a0<a href=\"https:\/\/wpd.ugr.es\/~imag\/events\/event\/antonio-luis-martinez-trivino\/\">Antonio Luis Mart\u00ednez Trivi\u00f1o<\/a>, Universidad de Granada, 06\/06\/2018 \u00bb 30\/06\/2022\u00a0<\/li>\n<li class=\"eo-event-cat-visitor eo-event-cat-imag eo-event-past eo-multi-day eo-all-day\">\u00a0<a href=\"https:\/\/wpd.ugr.es\/~imag\/events\/event\/pier-francesco-perri-3\/\">Pier Francesco Perri<\/a>, Universit\u00e0 della Calabria, 07\/06\/2018 \u00bb 08\/06\/2018\u00a0<\/li>\n<li class=\"eo-event-cat-visitor eo-event-cat-imag eo-event-past eo-multi-day eo-all-day\">\u00a0<a href=\"https:\/\/wpd.ugr.es\/~imag\/events\/event\/miguel-luis-rodriguez\/\">Miguel Luis Rodr\u00edguez<\/a>, Universidad de Granada, 08\/06\/2018 \u00bb 26\/06\/2018\u00a0<\/li>\n<li class=\"eo-event-cat-visitor eo-event-cat-imag eo-event-past eo-multi-day eo-all-day\">\u00a0<a href=\"https:\/\/wpd.ugr.es\/~imag\/events\/event\/joaquin-jodar-2\/\">Joaqu\u00edn J\u00f3dar<\/a>, Universidad de Ja\u00e9n, 08\/06\/2018 \u00bb 26\/06\/2018\u00a0<\/li>\n<li class=\"eo-event-cat-visitor eo-event-cat-imag eo-event-past eo-multi-day eo-all-day\">\u00a0<a href=\"https:\/\/wpd.ugr.es\/~imag\/events\/event\/sunghee-lee\/\">Sunghee Lee<\/a>, University of Michigan, 25\/06\/2018 \u00bb 29\/06\/2018\u00a0<\/li>\n<li class=\"eo-event-cat-visitor eo-event-cat-imag eo-event-past eo-multi-day eo-all-day\">\u00a0<a href=\"https:\/\/wpd.ugr.es\/~imag\/events\/event\/francisco-torralbo-8\/\">Francisco Torralbo<\/a>, Universidad de Granada, 04\/09\/2018 \u00bb 17\/07\/2019\u00a0<\/li>\n<li class=\"eo-event-cat-visitor eo-event-cat-imag eo-event-past eo-multi-day eo-all-day\">\u00a0<a href=\"https:\/\/wpd.ugr.es\/~imag\/events\/event\/joaquin-jodar-3\/\">Joaqu\u00edn J\u00f3dar<\/a>, Universidad de Ja\u00e9n, 05\/09\/2018 \u00bb 19\/12\/2018\u00a0<\/li>\n<li class=\"eo-event-cat-visitor eo-event-cat-imag eo-event-past eo-multi-day eo-all-day\">\u00a0<a href=\"https:\/\/wpd.ugr.es\/~imag\/events\/event\/lucio-rodriguez-2\/\">Lucio Rodr\u00edguez<\/a>, IMPA, 10\/09\/2018 \u00bb 24\/11\/2018\u00a0<\/li>\n<li class=\"eo-event-cat-visitor eo-event-cat-imag eo-event-past eo-multi-day eo-all-day\">\u00a0<a href=\"https:\/\/wpd.ugr.es\/~imag\/events\/event\/fabio-reis-do-santos\/\">Fabio Reis do Santos<\/a>, Universidade Federal de Campina Grande, 20\/09\/2018 \u00bb 23\/09\/2018\u00a0<\/li>\n<li class=\"eo-event-cat-visitor eo-event-cat-imag eo-event-past eo-multi-day eo-all-day\">\u00a0<a href=\"https:\/\/wpd.ugr.es\/~imag\/events\/event\/pier-francesco-perri-4\/\">Pier Francesco Perri<\/a>, Universit\u00e0 della Calabria, 24\/09\/2018 \u00bb 28\/09\/2018\u00a0<\/li>\n<li class=\"eo-event-cat-visitor eo-event-cat-imag eo-event-past eo-multi-day eo-all-day\">\u00a0<a href=\"https:\/\/wpd.ugr.es\/~imag\/events\/event\/esko-heinonen-2\/\">Esko Heinonen<\/a>, University of Helsinki, 01\/10\/2018 \u00bb 31\/07\/2019\u00a0<\/li>\n<li class=\"eo-event-cat-visitor eo-event-cat-imag eo-event-past eo-multi-day eo-all-day\">\u00a0<a href=\"https:\/\/wpd.ugr.es\/~imag\/events\/event\/sebastian-throm\/\">Sebastian Throm<\/a>, DFG alemana, 03\/10\/2018 \u00bb 30\/06\/2020\u00a0<\/li>\n<li class=\"eo-event-cat-visitor eo-event-cat-imag eo-event-past eo-multi-day eo-all-day\">\u00a0<a href=\"https:\/\/wpd.ugr.es\/~imag\/events\/event\/jose-canizo\/\">Jos\u00e9 Ca\u00f1izo<\/a>, Universidad de Granada, 08\/10\/2018 \u00bb 12\/10\/2018\u00a0<\/li>\n<li class=\"eo-event-cat-visitor eo-event-cat-imag eo-event-past eo-multi-day eo-all-day\">\u00a0<a href=\"https:\/\/wpd.ugr.es\/~imag\/events\/event\/manuel-delgado\/\">Manuel Delgado<\/a>, , 08\/10\/2018 \u00bb 01\/05\/2019\u00a0<\/li>\n<li class=\"eo-event-cat-visitor eo-event-cat-imag eo-event-past eo-multi-day eo-all-day\">\u00a0<a href=\"https:\/\/wpd.ugr.es\/~imag\/events\/event\/havva-yoldas-5\/\">Havva Yoldas<\/a>, BCAM Basque Center for Applied Mathematics, 10\/10\/2018 \u00bb 19\/10\/2018\u00a0<\/li>\n<li class=\"eo-event-cat-visitor eo-event-cat-imag eo-event-past eo-multi-day eo-all-day\">\u00a0<a href=\"https:\/\/wpd.ugr.es\/~imag\/events\/event\/bastien-polizzi\/\">Bastien polizzi<\/a>, Universidad de Lion, 15\/10\/2018 \u00bb 21\/10\/2018\u00a0<\/li>\n<li class=\"eo-event-cat-visitor eo-event-cat-imag eo-event-past eo-multi-day eo-all-day\">\u00a0<a href=\"https:\/\/wpd.ugr.es\/~imag\/events\/event\/ilkka-holopainen\/\">Ilkka Holopainen<\/a>, , 21\/10\/2018 \u00bb 03\/11\/2018\u00a0<\/li>\n<li class=\"eo-event-venue-despacho-d6-1a-planta eo-event-cat-visitor eo-event-cat-imag eo-event-past eo-multi-day eo-all-day\">\u00a0<a href=\"https:\/\/wpd.ugr.es\/~imag\/events\/event\/jose-canizo-2\/\">Jos\u00e9 Ca\u00f1izo<\/a>, Universidad de Granada, 31\/10\/2018 \u00bb 09\/11\/2018\u00a0<\/li>\n<li class=\"eo-event-cat-visitor eo-event-cat-imag eo-event-past eo-multi-day eo-all-day\">\u00a0<a href=\"https:\/\/wpd.ugr.es\/~imag\/events\/event\/maciej-czarnecki-6\/\">Maciej Czarnecki<\/a>, Universidad de Lodz, 12\/11\/2018 \u00bb 30\/11\/2018\u00a0<\/li>\n<li class=\"eo-event-cat-visitor eo-event-cat-imag eo-event-past eo-multi-day eo-all-day\">\u00a0<a href=\"https:\/\/wpd.ugr.es\/~imag\/events\/event\/marcos-petrucio-cavalcante\/\">Marcos Petr\u00facio Cavalcante<\/a>, Universidade Federal de Alagoas, 21\/11\/2018 \u00bb 24\/11\/2018\u00a0<\/li>\n<li class=\"eo-event-venue-despacho-d6-1a-planta eo-event-cat-visitor eo-event-cat-imag eo-event-past eo-multi-day eo-all-day\">\u00a0<a href=\"https:\/\/wpd.ugr.es\/~imag\/events\/event\/jose-canizo-3\/\">Jos\u00e9 Ca\u00f1izo<\/a>, Universidad de Granada, 21\/11\/2018 \u00bb 30\/11\/2018\u00a0<\/li>\n<li class=\"eo-event-cat-visitor eo-event-cat-imag eo-event-past eo-multi-day eo-all-day\">\u00a0<a href=\"https:\/\/wpd.ugr.es\/~imag\/events\/event\/markus-schmidtchen\/\">Markus Schmidtchen<\/a>, Imperial College London, 26\/11\/2018 \u00bb 30\/11\/2018\u00a0<\/li>\n<li class=\"eo-event-cat-visitor eo-event-cat-imag eo-event-past eo-multi-day eo-all-day\">\u00a0<a href=\"https:\/\/wpd.ugr.es\/~imag\/events\/event\/cleonice-bracciali\/\">Cleonice Bracciali<\/a>, IBILCE, Universidade Estadual Paulista (UNESP) Campus de S\u00e3o Jos\u00e9 do Rio Preto, SP, Brazil., 03\/12\/2018 \u00bb 17\/12\/2018\u00a0<\/li>\n<li class=\"eo-event-venue-iemath-gr-2 eo-event-cat-grant-holder eo-event-cat-imag eo-event-past eo-multi-day eo-all-day\">\u00a0<a href=\"https:\/\/wpd.ugr.es\/~imag\/events\/event\/fidel-fernandez-villasenor\/\">Fidel Fern\u00e1ndez Villase\u00f1or<\/a>, Universidad de Granada, 04\/12\/2018 \u00bb 31\/07\/2020\u00a0<\/li>\n<li class=\"eo-event-venue-iemath-gr-2 eo-event-cat-grant-holder eo-event-cat-imag eo-event-past eo-multi-day eo-all-day\">\u00a0<a href=\"https:\/\/wpd.ugr.es\/~imag\/events\/event\/enrique-pendas-recondo\/\">Enrique Pend\u00e1s Recondo<\/a>, Universidad de GranadaUniversidad de Granada, 04\/12\/2018 \u00bb 30\/09\/2019\u00a0<\/li>\n<li class=\"eo-event-cat-grant-holder eo-event-past eo-multi-day eo-all-day\">\u00a0<a href=\"https:\/\/wpd.ugr.es\/~imag\/events\/event\/julian-pozuelo-dominguez\/\">Juli\u00e1n Pozuelo Dominguez<\/a>, , 10\/12\/2018 \u00bb 01\/09\/2023\u00a0<\/li>\n<li class=\"eo-event-cat-visitor eo-event-cat-imag eo-event-past eo-multi-day eo-all-day\">\u00a0<a href=\"https:\/\/wpd.ugr.es\/~imag\/events\/event\/ana-paula-peron\/\">Ana Paula Peron<\/a>, , 13\/12\/2018 \u00bb 21\/12\/2018\u00a0<\/li>\n<\/ul>\n","protected":false},"excerpt":{"rendered":"<p><span class=\"more-link\"><a href=\"https:\/\/wpd.ugr.es\/~imag\/events\/event\/ana-paula-peron\/\">Continue Reading<\/a><\/span><\/p>\n","protected":false},"author":1,"featured_media":0,"parent":0,"menu_order":0,"comment_status":"closed","ping_status":"closed","template":"","meta":{"footnotes":""},"translation":{"provider":"WPGlobus","version":"3.0.0","language":"en","enabled_languages":["en"],"languages":{"en":{"title":true,"content":true,"excerpt":false}}},"_links":{"self":[{"href":"https:\/\/wpd.ugr.es\/~imag\/wp-json\/wp\/v2\/pages\/4064"}],"collection":[{"href":"https:\/\/wpd.ugr.es\/~imag\/wp-json\/wp\/v2\/pages"}],"about":[{"href":"https:\/\/wpd.ugr.es\/~imag\/wp-json\/wp\/v2\/types\/page"}],"author":[{"embeddable":true,"href":"https:\/\/wpd.ugr.es\/~imag\/wp-json\/wp\/v2\/users\/1"}],"replies":[{"embeddable":true,"href":"https:\/\/wpd.ugr.es\/~imag\/wp-json\/wp\/v2\/comments?post=4064"}],"version-history":[{"count":2,"href":"https:\/\/wpd.ugr.es\/~imag\/wp-json\/wp\/v2\/pages\/4064\/revisions"}],"predecessor-version":[{"id":4066,"href":"https:\/\/wpd.ugr.es\/~imag\/wp-json\/wp\/v2\/pages\/4064\/revisions\/4066"}],"wp:attachment":[{"href":"https:\/\/wpd.ugr.es\/~imag\/wp-json\/wp\/v2\/media?parent=4064"}],"curies":[{"name":"wp","href":"https:\/\/api.w.org\/{rel}","templated":true}]}}