{"id":49,"date":"2014-05-03T10:42:51","date_gmt":"2014-05-03T10:42:51","guid":{"rendered":"http:\/\/iemath.ugr.es\/cms\/?page_id=49"},"modified":"2025-04-02T11:12:11","modified_gmt":"2025-04-02T09:12:11","slug":"contact-information","status":"publish","type":"page","link":"https:\/\/wpd.ugr.es\/~imag\/contact-information\/","title":{"rendered":"Contact information"},"content":{"rendered":"<ul>\n<li><strong>Postal address 1:<\/strong> Instituto de Matem\u00e1ticas de la Universidad de Granada,<br \/>\nRector L\u00f3pez Arg\u00fceta Street &#8211; 18071 Granada &#8211; SPAIN<\/li>\n<li><strong>Postal address 2:<\/strong> Instituto de Matem\u00e1ticas de la Universidad de Granada,<br \/>\nVentanilla Street 11 &#8211; 18071 Granada &#8211; SPAIN<\/li>\n<li><strong>Phone number:<\/strong> (+34) 958 2 42794, (+34) 958 2 42798<\/li>\n<li><strong>Email address:<\/strong> <a href=\"mailto:imag@ugr.es\">imag@ugr.es<\/a><\/li>\n<li><strong>Distribution list:<\/strong> <a href=\"mailto:imag@listas.ugr.es\">imag@listas.ugr.es<\/a><\/li>\n<li><strong>Twitter:<\/strong> <a href=\"https:\/\/twitter.com\/IMAG_UGR\" rel=\"noopener\" target=\"_blank\">@IMAG_UGR<\/a><\/li>\n<\/ul>\n","protected":false},"excerpt":{"rendered":"<p>Postal address 1: Instituto de Matem\u00e1ticas de la Universidad de Granada, Rector L\u00f3pez Arg\u00fceta Street &#8211; 18071 Granada &#8211; SPAIN Postal address 2: Instituto de Matem\u00e1ticas de la Universidad de Granada, Ventanilla Street 11 &#8211; 18071 Granada &#8211; SPAIN Phone number: (+34) 958 2 42794, (+34) 958 2 42798 Email<span class=\"more-link\"><a href=\"https:\/\/wpd.ugr.es\/~imag\/contact-information\/\">Continue Reading<\/a><\/span><\/p>\n","protected":false},"author":1,"featured_media":0,"parent":0,"menu_order":0,"comment_status":"closed","ping_status":"closed","template":"","meta":{"footnotes":""},"translation":{"provider":"WPGlobus","version":"3.0.0","language":"en","enabled_languages":["en"],"languages":{"en":{"title":true,"content":true,"excerpt":false}}},"_links":{"self":[{"href":"https:\/\/wpd.ugr.es\/~imag\/wp-json\/wp\/v2\/pages\/49"}],"collection":[{"href":"https:\/\/wpd.ugr.es\/~imag\/wp-json\/wp\/v2\/pages"}],"about":[{"href":"https:\/\/wpd.ugr.es\/~imag\/wp-json\/wp\/v2\/types\/page"}],"author":[{"embeddable":true,"href":"https:\/\/wpd.ugr.es\/~imag\/wp-json\/wp\/v2\/users\/1"}],"replies":[{"embeddable":true,"href":"https:\/\/wpd.ugr.es\/~imag\/wp-json\/wp\/v2\/comments?post=49"}],"version-history":[{"count":21,"href":"https:\/\/wpd.ugr.es\/~imag\/wp-json\/wp\/v2\/pages\/49\/revisions"}],"predecessor-version":[{"id":8254,"href":"https:\/\/wpd.ugr.es\/~imag\/wp-json\/wp\/v2\/pages\/49\/revisions\/8254"}],"wp:attachment":[{"href":"https:\/\/wpd.ugr.es\/~imag\/wp-json\/wp\/v2\/media?parent=49"}],"curies":[{"name":"wp","href":"https:\/\/api.w.org\/{rel}","templated":true}]}}