{"id":5324,"date":"2019-02-12T14:12:38","date_gmt":"2019-02-12T13:12:38","guid":{"rendered":"http:\/\/wpd.ugr.es\/~iemath\/?page_id=5324"},"modified":"2020-11-19T22:12:04","modified_gmt":"2020-11-19T21:12:04","slug":"doc-course-2019-geometric-analysis","status":"publish","type":"page","link":"https:\/\/wpd.ugr.es\/~imag\/doc-course-2019-geometric-analysis\/","title":{"rendered":"Doc-Course 2019: Geometric Analysis"},"content":{"rendered":"<p>As an activity of the Andalusian Institute of Mathematics (IAMAT) developed at the Institute of Mathematics of the University of Granada, the Institute of Mathematics of the University of Seville (IMUS) and the University of C\u00e1diz (UCA), we offer a 10-week post-graduate intensive school about Geometric Analysis. This activity is also framed within the Research Unit in Mathematics, iMAT.<\/p>\n<p>The program consists of three parts: <\/p>\n<p><strong>PART 1. SPECIFIC COURSES<\/strong><\/p>\n<ul>\n<li><strong>Course 1: The isoperimetric problem<\/strong> (IMUS, October 1-11).<br \/>\nThe isoperimetric problem seeks minimizers of the perimeter among sets enclosing a given volume. While this problem is solved in Euclidean space, where the unique solutions are the round balls, the situation is very different in other spaces, where even the existence of minimizers is not guaranteed. The aim of this course is to analyze the following topics in relation to the problem:<\/p>\n<ol>\n<li>The isoperimetric profile.<\/li>\n<li>Existence, regularity and variational properties of minimizers.<\/li>\n<li>Solution to the problem in some spaces.<\/li>\n<li>Applications: functional and geometric inequalities.<\/li>\n<\/ol>\n<p>Taught by Antonio Ca\u00f1ete (US), C\u00e9sar Rosales (UGR) and Manuel Ritor\u00e9 (UGR).\n <\/li>\n<li><strong>Course 2: Constant mean curvature surfaces<\/strong> (IMUS, October 1-11).<br \/>\nThe study of surfaces attending to their mean curvature H goes back to the origin of the Calculus of Variations in times of Euler and Lagrange. Minimal surfaces (H=0) are critical points of the area functional, while surfaces with constant nonzero H (CMC) have critical area for variations that preserve volume. We will cover:<\/p>\n<ol>\n<li>Maximum Principle for elliptic PDE with applications: Alexandrov reflection method.<\/li>\n<li>CMC surfaces in homogeneous three-manifolds wioth isometry group of dimension 4.<\/li>\n<li>Stability of CMC surfaces.<\/li>\n<\/ol>\n<p>Taught by Jos\u00e9 Mar\u00eda Espinar (UCA), Isabel Fern\u00e1ndez (US), Jos\u00e9 Miguel Manzano (UCM) and Francisco Torralbo (UGR).\n <\/li>\n<li><strong>Course 3: Minimal surfaces<\/strong> (Institute of Math UGR, October 14-25).\n<ol>\n<li>The Plateau problem: Solution of Douglas-Rad\u00f3 for minimal discs. Applications and generalizations.<\/li>\n<li>Complex analysis and minimal surfaces: Weierstrass representation and some recent advances on the subject.<\/li>\n<li>Limits of sequences of embedded minimal surfaces: uniform local \u00e1rea and curvature bounds, minimal laminations and  introduction to Colding-Minicozzi theory.<\/li>\n<li>The Dirichlet problem for the minimal graph equation: divergence lines and the Jenkins-Serrin problem.<\/li>\n<\/ol>\n<p>Taught by Antonio Alarc\u00f3n (UGR), Francisco J. L\u00f3pez (UGR), Magdalena Rodr\u00edguez (UGR) and Joaqu\u00edn P\u00e9rez (UGR).\n <\/li>\n<li><strong>Course 4: Other geometric PDEs<\/strong> (Institute of Math UGR, October 14-25).\n<ol>\n<li>How to use EDPs and Riemannian Geometry to solve some problems of surface theory.<\/li>\n<li>Overdetermined elliptic problems: from classical theory to open conjectures. Geometric ideas and methods coming from Surface Theory.<\/li>\n<li>Geometric PDEs modeled by holomorphic data: classification theorems for solutions.<\/li>\n<\/ol>\n<p>Taught by Pablo Mira (UPCT), Antonio Ros (UGR) and Pieralberto Sicbaldi (UGR).\n <\/li>\n<\/ul>\n<p><strong>PART 2. CONFERENCE ON GEOMETRIC ANALYSIS<\/strong><br \/>\nTo be held at the University of C\u00e1diz from October 28 to 31, this conference will gather together experts in Geometric Analysis from distinguished research institutions.<\/p>\n<p>Scientific committee: <\/p>\n<ul>\n<li>Jos\u00e9 M. Espinar (UCA)<\/li>\n<li>Jos\u00e9 A. G\u00e1lvez (UGR)<\/li>\n<li>Joaqu\u00edn P\u00e9rez (UGR)<\/li>\n<li>Harold Rosenberg (IMPA)<\/li>\n<\/ul>\n<p><strong>PART 3. SUPERVISED RESEARCH PROGRAM<\/strong><br \/>\nPhD students attending the Doc Course will also participate in short research projects supervised by experts, in which they will learn some of the most up-to-date techniques in Geometric Analysis. This will take place at Universities of C\u00e1diz, Granada and Seville from November 4 to December 3. On December 4 and 5, there will be an informal workshop in which the participants will present their projects.<\/p>\n<p>The deadline for registration is April 30, 2019.<br \/>\nFor detailed information about registration and grants for students, please visit <a href=\"http:\/\/iemath.ugr.es\/dc2019\/\" rel=\"noopener noreferrer\" target=\"_blank\">this page.<\/a><\/p>\n","protected":false},"excerpt":{"rendered":"<p>As an activity of the Andalusian Institute of Mathematics (IAMAT) developed at the Institute of Mathematics of the University of Granada, the Institute of Mathematics of the University of Seville (IMUS) and the University of C\u00e1diz (UCA), we offer a 10-week post-graduate intensive school about Geometric Analysis. This activity is<span class=\"more-link\"><a href=\"https:\/\/wpd.ugr.es\/~imag\/doc-course-2019-geometric-analysis\/\">Continue Reading<\/a><\/span><\/p>\n","protected":false},"author":1,"featured_media":0,"parent":0,"menu_order":0,"comment_status":"closed","ping_status":"closed","template":"","meta":{"footnotes":""},"translation":{"provider":"WPGlobus","version":"3.0.0","language":"en","enabled_languages":["en"],"languages":{"en":{"title":true,"content":true,"excerpt":false}}},"_links":{"self":[{"href":"https:\/\/wpd.ugr.es\/~imag\/wp-json\/wp\/v2\/pages\/5324"}],"collection":[{"href":"https:\/\/wpd.ugr.es\/~imag\/wp-json\/wp\/v2\/pages"}],"about":[{"href":"https:\/\/wpd.ugr.es\/~imag\/wp-json\/wp\/v2\/types\/page"}],"author":[{"embeddable":true,"href":"https:\/\/wpd.ugr.es\/~imag\/wp-json\/wp\/v2\/users\/1"}],"replies":[{"embeddable":true,"href":"https:\/\/wpd.ugr.es\/~imag\/wp-json\/wp\/v2\/comments?post=5324"}],"version-history":[{"count":7,"href":"https:\/\/wpd.ugr.es\/~imag\/wp-json\/wp\/v2\/pages\/5324\/revisions"}],"predecessor-version":[{"id":11542,"href":"https:\/\/wpd.ugr.es\/~imag\/wp-json\/wp\/v2\/pages\/5324\/revisions\/11542"}],"wp:attachment":[{"href":"https:\/\/wpd.ugr.es\/~imag\/wp-json\/wp\/v2\/media?parent=5324"}],"curies":[{"name":"wp","href":"https:\/\/api.w.org\/{rel}","templated":true}]}}