{"id":57,"date":"2014-05-03T10:46:09","date_gmt":"2014-05-03T10:46:09","guid":{"rendered":"http:\/\/iemath.ugr.es\/cms\/?page_id=57"},"modified":"2022-11-22T09:53:18","modified_gmt":"2022-11-22T08:53:18","slug":"graduate-programas-master-and-phd","status":"publish","type":"page","link":"https:\/\/wpd.ugr.es\/~imag\/graduate-programas-master-and-phd\/","title":{"rendered":"Graduate programs (master and PhD)"},"content":{"rendered":"<ul>\n<li><a href=\"http:\/\/www.ugr.es\/~moea\/\" target=\"inf\" rel=\"noopener\">Programa de Postgrado en Estad\u00edstica e Investigaci\u00f3n Operativa: M\u00e1ster y Doctorado<\/a><\/li>\n<li><a href=\"http:\/\/www.ugr.es\/~fisymat\/\" target=\"inf\" rel=\"noopener\">Programa de Postgrado en F\u00edsica y Matem\u00e1ticas (FisyMat): M\u00e1ster y Doctorado<\/a><\/li>\n<li><a href=\"http:\/\/www.ugr.es\/~doctomat\/\" target=\"inf\" rel=\"noopener\">Programa de Postgrado en Matem\u00e1ticas Curso: M\u00e1ster y Doctorado<\/a><\/li>\n<\/ul>\n","protected":false},"excerpt":{"rendered":"<p>Programa de Postgrado en Estad\u00edstica e Investigaci\u00f3n Operativa: M\u00e1ster y Doctorado Programa de Postgrado en F\u00edsica y Matem\u00e1ticas (FisyMat): M\u00e1ster y Doctorado Programa de Postgrado en Matem\u00e1ticas Curso: M\u00e1ster y Doctorado<span class=\"more-link\"><a href=\"https:\/\/wpd.ugr.es\/~imag\/graduate-programas-master-and-phd\/\">Continue Reading<\/a><\/span><\/p>\n","protected":false},"author":1,"featured_media":0,"parent":0,"menu_order":0,"comment_status":"closed","ping_status":"closed","template":"","meta":{"footnotes":""},"translation":{"provider":"WPGlobus","version":"3.0.0","language":"en","enabled_languages":["en"],"languages":{"en":{"title":true,"content":true,"excerpt":false}}},"_links":{"self":[{"href":"https:\/\/wpd.ugr.es\/~imag\/wp-json\/wp\/v2\/pages\/57"}],"collection":[{"href":"https:\/\/wpd.ugr.es\/~imag\/wp-json\/wp\/v2\/pages"}],"about":[{"href":"https:\/\/wpd.ugr.es\/~imag\/wp-json\/wp\/v2\/types\/page"}],"author":[{"embeddable":true,"href":"https:\/\/wpd.ugr.es\/~imag\/wp-json\/wp\/v2\/users\/1"}],"replies":[{"embeddable":true,"href":"https:\/\/wpd.ugr.es\/~imag\/wp-json\/wp\/v2\/comments?post=57"}],"version-history":[{"count":5,"href":"https:\/\/wpd.ugr.es\/~imag\/wp-json\/wp\/v2\/pages\/57\/revisions"}],"predecessor-version":[{"id":1755,"href":"https:\/\/wpd.ugr.es\/~imag\/wp-json\/wp\/v2\/pages\/57\/revisions\/1755"}],"wp:attachment":[{"href":"https:\/\/wpd.ugr.es\/~imag\/wp-json\/wp\/v2\/media?parent=57"}],"curies":[{"name":"wp","href":"https:\/\/api.w.org\/{rel}","templated":true}]}}