{"id":59,"date":"2014-05-03T10:46:45","date_gmt":"2014-05-03T10:46:45","guid":{"rendered":"http:\/\/iemath.ugr.es\/cms\/?page_id=59"},"modified":"2022-06-14T12:34:17","modified_gmt":"2022-06-14T10:34:17","slug":"conferences-and-meetings","status":"publish","type":"page","link":"https:\/\/wpd.ugr.es\/~imag\/conferences-and-meetings\/","title":{"rendered":"Conferences and meetings"},"content":{"rendered":"<div class=\"one_fourth\">\n<h2>Events at the institute<\/h2>\n<p>\u00a0<\/p>\n<p><article class=\"eo-event eo-event-cat-conference eo-event-cat-outreach eo-event-cat-imag eo-event-future\" style=\"border-left:5px solid #CC3333\">\n\t\t<time datetime='2026-04-24'><span class='month'>Apr<\/span> <span class='day' style='color:#8e2323'>24<\/span> <span class='hour'>09:00<\/span><\/time>\t\t\t\t<\/p>\n<h2>\n\t\t\t<a \thref=\"https:\/\/wpd.ugr.es\/~imag\/events\/event\/mateduca-24-de-abril-de-2026\/\" title=\"MatEduca 24 de abril de 2026\" style=\"color:#CC3333\">MatEduca 24 de abril de 2026<\/a><br \/>\n\t\t<\/h2>\n<div class=\"event-list-metadata\"><span class=\"event-venue\"><\/span><\/p>\n<p>MatEduca d\u00eda 24 de abril de 2026: Charla divulgativa a cargo de Miguel Luis Rodr\u00edguez. T\u00edtulo: No hay manera Centros participantes: IES Arje M\u00e1s informaci\u00f3n en: https:\/\/www.ugr.es\/~mateduca\/ Sesiones de MatEduca en el curso 2025-2026: 07 de noviembre de 2025 05 de diciembre de 2025 13 de febrero de 2026 20<span class=\"more-link\"><a href=\"https:\/\/wpd.ugr.es\/~imag\/events\/event\/mateduca-24-de-abril-de-2026\/\">Continue Reading<\/a><\/span><\/p>\n<\/div>\n<\/article>\n<article class=\"eo-event eo-event-cat-conference eo-event-cat-course eo-event-cat-imag eo-event-future\" style=\"border-left:5px solid #CC3333\">\n\t\t<time datetime='2026-04-24'><span class='month'>Apr<\/span> <span class='day' style='color:#8e2323'>24<\/span> <span class='hour'>10:00<\/span><\/time>\t\t\t\t<\/p>\n<h2>\n\t\t\t<a \thref=\"https:\/\/wpd.ugr.es\/~imag\/events\/event\/introduction-to-differential-equations\/\" title=\"Introduction to the Partial Differential Equations\" style=\"color:#CC3333\">Introduction to the Partial Differential Equations<\/a><br \/>\n\t\t<\/h2>\n<div class=\"event-list-metadata\"><span class=\"event-speaker\">Kai Zhang<\/span><\/p>\n<div class=\"event-room\">Seminario 2, IMAG<\/div>\n<p><span class=\"event-venue\"><\/span><\/p>\n<p>Profesor: Kai Zhang Departamento de Geometr\u00eda y Topolog\u00eda Instituto Universitario de Matem\u00e1ticas IMAG Idioma: Ingl\u00e9s Audiencia: Estudiantes de m\u00e1ster, doctorado y posgraduados Conocimientos previos: Formaci\u00f3n equivalente a un Grado en Matem\u00e1ticas Fechas Mi\u00e9rcoles: 18 y 25 de marzo; 8, 15 y 22 de abril de 2026. Viernes: 20 y 27<span class=\"more-link\"><a href=\"https:\/\/wpd.ugr.es\/~imag\/events\/event\/introduction-to-differential-equations\/\">Continue Reading<\/a><\/span><\/p>\n<\/div>\n<\/article>\n<article class=\"eo-event eo-event-cat-conference eo-event-cat-imag eo-event-future eo-multi-day eo-all-day\" style=\"border-left:5px solid #CC3333\">\n\t\t<time datetime='2026-05-10'><span class='month'>May<\/span> <span class='day' style='color:#8e2323'>10<\/span> <\/time> &raquo; <time datetime='2026-05-16'><span class='day' style='color:#8e2323'>16<\/span> <span class='year'>2026<\/span><\/time>\t\t\t\t<\/p>\n<h2>\n\t\t\t<a \thref=\"https:\/\/wpd.ugr.es\/~imag\/events\/event\/multivariate-splines-for-inferential-data-science\/\" title=\"BIRS Workshop: Multivariate Splines for Inferential Data Science\" style=\"color:#CC3333\">BIRS Workshop: Multivariate Splines for Inferential Data Science<\/a><br \/>\n\t\t<\/h2>\n<div class=\"event-list-metadata\"><span class=\"event-venue\"><\/span><\/p>\n<p>Workshop Description The Institute of Mathematics at the University of Granada will host the &#8220;Multivariate Splines for Inferential Data Science&#8221; workshop at the University of Granada (IMAG) in Spain, from May 10 &#8211; 16, 2026. Participants will check in at the hotel starting on the evening of the Sunday prior<span class=\"more-link\"><a href=\"https:\/\/wpd.ugr.es\/~imag\/events\/event\/multivariate-splines-for-inferential-data-science\/\">Continue Reading<\/a><\/span><\/p>\n<\/div>\n<\/article>\n<article class=\"eo-event eo-event-cat-conference eo-event-cat-imag eo-event-future\" style=\"border-left:5px solid #CC3333\">\n\t\t<time datetime='2026-05-12'><span class='month'>May<\/span> <span class='day' style='color:#8e2323'>12<\/span> <span class='hour'>10:00<\/span><\/time>\t\t\t\t<\/p>\n<h2>\n\t\t\t<a \thref=\"https:\/\/wpd.ugr.es\/~imag\/events\/event\/jornada-de-geometria-geometry-day\/\" title=\"Jornada de Geometria (Geometry Day)\" style=\"color:#CC3333\">Jornada de Geometria (Geometry Day)<\/a><br \/>\n\t\t<\/h2>\n<div class=\"event-list-metadata\"><span class=\"event-venue\"><\/span><\/p>\n<p><span class=\"more-link\"><a href=\"https:\/\/wpd.ugr.es\/~imag\/events\/event\/jornada-de-geometria-geometry-day\/\">Continue Reading<\/a><\/span><\/p>\n<\/div>\n<\/article>\n<article class=\"eo-event eo-event-cat-conference eo-event-cat-imag eo-event-future eo-multi-day eo-all-day\" style=\"border-left:5px solid #CC3333\">\n\t\t<time datetime='2026-05-18'><span class='month'>May<\/span> <span class='day' style='color:#8e2323'>18<\/span> <\/time> &raquo; <time datetime='2026-05-20'><span class='day' style='color:#8e2323'>20<\/span> <span class='year'>2026<\/span><\/time>\t\t\t\t<\/p>\n<h2>\n\t\t\t<a \thref=\"https:\/\/wpd.ugr.es\/~imag\/events\/event\/eaca-2026\/\" title=\"EACA 2026\" style=\"color:#CC3333\">EACA 2026<\/a><br \/>\n\t\t<\/h2>\n<div class=\"event-list-metadata\"><span class=\"event-venue\"><\/span><\/p>\n<p>From May 18th to May 20th, 2026, IMAG will host the Meetings on Computer Algebra and Applications (\u201cEncuentros de \u00c1lgebra Computacional y Aplicaciones\u201d, EACA). Webpage: https:\/\/www.ugr.es\/~eaca2026\/ These meetings, whose first edition was held in 1995, are promoted by the Spanish \u201cRed Tem\u00e1tica de C\u00e1lculo Simb\u00f3lico, \u00c1lgebra Computacional y Aplicaciones\u201d (EACA<span class=\"more-link\"><a href=\"https:\/\/wpd.ugr.es\/~imag\/events\/event\/eaca-2026\/\">Continue Reading<\/a><\/span><\/p>\n<\/div>\n<\/article>\n<article class=\"eo-event eo-event-cat-conference eo-event-cat-imag eo-event-future eo-multi-day eo-all-day\" style=\"border-left:5px solid #CC3333\">\n\t\t<time datetime='2026-05-25'><span class='month'>May<\/span> <span class='day' style='color:#8e2323'>25<\/span> <\/time> &raquo; <time datetime='2026-05-28'><span class='day' style='color:#8e2323'>28<\/span> <span class='year'>2026<\/span><\/time>\t\t\t\t<\/p>\n<h2>\n\t\t\t<a \thref=\"https:\/\/wpd.ugr.es\/~imag\/events\/event\/differential-geometry-workshop-granada-2026\/\" title=\"Differential Geometry Workshop Granada 2026\" style=\"color:#CC3333\">Differential Geometry Workshop Granada 2026<\/a><br \/>\n\t\t<\/h2>\n<div class=\"event-list-metadata\"><span class=\"event-venue\"><\/span><\/p>\n<p><span class=\"more-link\"><a href=\"https:\/\/wpd.ugr.es\/~imag\/events\/event\/differential-geometry-workshop-granada-2026\/\">Continue Reading<\/a><\/span><\/p>\n<\/div>\n<\/article>\n<article class=\"eo-event eo-event-cat-conference eo-event-cat-seminar eo-event-cat-imag eo-event-future eo-multi-day eo-all-day\" style=\"border-left:5px solid #CC3333\">\n\t\t<time datetime='2026-05-28'><span class='month'>May<\/span> <span class='day' style='color:#8e2323'>28<\/span> <\/time> &raquo; <time datetime='2026-05-29'><span class='day' style='color:#8e2323'>29<\/span> <span class='year'>2026<\/span><\/time>\t\t\t\t<\/p>\n<h2>\n\t\t\t<a \thref=\"https:\/\/wpd.ugr.es\/~imag\/events\/event\/enbis-spring-meeting-2026\/\" title=\"ENBIS Spring Meeting 2026\" style=\"color:#CC3333\">ENBIS Spring Meeting 2026<\/a><br \/>\n\t\t<\/h2>\n<div class=\"event-list-metadata\">\n<div class=\"event-room\">Sala de Conferencias &#038; Seminario 1, IMAG<\/div>\n<p><span class=\"event-venue\"><\/span><\/p>\n<p>Granada, Spain, May 28-29, 2026 Reliability, maintenance and safety in the data-driven era In a context of increasing system complexity, digital transformation, and growing societal demands for safety, resilience, vulnerability reduction, and sustainability, the field of reliability and maintenance engineering is undergoing a profound evolution. This year\u2019s Spring Meeting aims<span class=\"more-link\"><a href=\"https:\/\/wpd.ugr.es\/~imag\/events\/event\/enbis-spring-meeting-2026\/\">Continue Reading<\/a><\/span><\/p>\n<\/div>\n<\/article>\n<article class=\"eo-event eo-event-cat-conference eo-event-cat-imag eo-event-future\" style=\"border-left:5px solid #CC3333\">\n\t\t<time datetime='2026-06-01'><span class='month'>Jun<\/span> <span class='day' style='color:#8e2323'>1<\/span> <span class='hour'>09:00<\/span><\/time>\t\t\t\t<\/p>\n<h2>\n\t\t\t<a \thref=\"https:\/\/wpd.ugr.es\/~imag\/events\/event\/meeting-math4u-project\/\" title=\"Meeting Math4U project\" style=\"color:#CC3333\">Meeting Math4U project<\/a><br \/>\n\t\t<\/h2>\n<div class=\"event-list-metadata\"><span class=\"event-venue\"><\/span><\/p>\n<p><span class=\"more-link\"><a href=\"https:\/\/wpd.ugr.es\/~imag\/events\/event\/meeting-math4u-project\/\">Continue Reading<\/a><\/span><\/p>\n<\/div>\n<\/article>\n<article class=\"eo-event eo-event-cat-conference eo-event-cat-imag eo-event-future\" style=\"border-left:5px solid #CC3333\">\n\t\t<time datetime='2026-06-02'><span class='month'>Jun<\/span> <span class='day' style='color:#8e2323'>2<\/span> <span class='hour'>09:00<\/span><\/time>\t\t\t\t<\/p>\n<h2>\n\t\t\t<a \thref=\"https:\/\/wpd.ugr.es\/~imag\/events\/event\/meeting-math4u-project\/\" title=\"Meeting Math4U project\" style=\"color:#CC3333\">Meeting Math4U project<\/a><br \/>\n\t\t<\/h2>\n<div class=\"event-list-metadata\"><\/div>\n<\/article>\n<article class=\"eo-event eo-event-cat-conference eo-event-cat-imag eo-event-future\" style=\"border-left:5px solid #CC3333\">\n\t\t<time datetime='2026-06-03'><span class='month'>Jun<\/span> <span class='day' style='color:#8e2323'>3<\/span> <span class='hour'>09:00<\/span><\/time>\t\t\t\t<\/p>\n<h2>\n\t\t\t<a \thref=\"https:\/\/wpd.ugr.es\/~imag\/events\/event\/meeting-math4u-project\/\" title=\"Meeting Math4U project\" style=\"color:#CC3333\">Meeting Math4U project<\/a><br \/>\n\t\t<\/h2>\n<div class=\"event-list-metadata\"><\/div>\n<\/article>\n<article class=\"eo-event eo-event-cat-conference eo-event-cat-imag eo-event-future eo-multi-day eo-all-day\" style=\"border-left:5px solid #CC3333\">\n\t\t<time datetime='2026-06-07'><span class='month'>Jun<\/span> <span class='day' style='color:#8e2323'>7<\/span> <\/time> &raquo; <time datetime='2026-06-13'><span class='day' style='color:#8e2323'>13<\/span> <span class='year'>2026<\/span><\/time>\t\t\t\t<\/p>\n<h2>\n\t\t\t<a \thref=\"https:\/\/wpd.ugr.es\/~imag\/events\/event\/geometric-harmonic-analysis-in-the-discrete-and-continuous-settings\/\" title=\"BIRS Workshop: Geometric Harmonic Analysis in the Discrete and Continuous Settings\" style=\"color:#CC3333\">BIRS Workshop: Geometric Harmonic Analysis in the Discrete and Continuous Settings<\/a><br \/>\n\t\t<\/h2>\n<div class=\"event-list-metadata\"><span class=\"event-venue\"><\/span><\/p>\n<p>Workshop Description The Institute of Mathematics at the University of Granada will host the &#8220;Geometric Harmonic Analysis in the Discrete and Continuous Settings&#8221; workshop at the University of Granada (IMAG) in Spain, from June 7 &#8211; 13, 2026. Participants will check in at the hotel starting on the evening of<span class=\"more-link\"><a href=\"https:\/\/wpd.ugr.es\/~imag\/events\/event\/geometric-harmonic-analysis-in-the-discrete-and-continuous-settings\/\">Continue Reading<\/a><\/span><\/p>\n<\/div>\n<\/article>\n<article class=\"eo-event eo-event-venue-sala-de-conferencias-imag eo-event-cat-conference eo-event-cat-imag eo-event-future eo-multi-day eo-all-day\" style=\"border-left:5px solid #CC3333\">\n\t\t<time datetime='2026-06-15'><span class='month'>Jun<\/span> <span class='day' style='color:#8e2323'>15<\/span> <\/time> &raquo; <time datetime='2026-06-18'><span class='day' style='color:#8e2323'>18<\/span> <span class='year'>2026<\/span><\/time>\t\t\t\t<\/p>\n<h2>\n\t\t\t<a \thref=\"https:\/\/wpd.ugr.es\/~imag\/events\/event\/h-workshop-2026\/\" title=\"H-workshop 2026\" style=\"color:#CC3333\">H-workshop 2026<\/a><br \/>\n\t\t<\/h2>\n<div class=\"event-list-metadata\"><span class=\"event-venue\">Sala de Conferencias, IMAG<\/span><\/p>\n<p>Constant mean curvature surfaces and related areas of submanifold theory represent a classical field of research that uses techniques from both Differential Geometry and Geometric Analysis. The aim of this\u00a0 H&#8220;&gt;H-workshop is to gather together some distinguished geometers to discuss some cutting-edge discoveries in this field, as well as to<span class=\"more-link\"><a href=\"https:\/\/wpd.ugr.es\/~imag\/events\/event\/h-workshop-2026\/\">Continue Reading<\/a><\/span><\/p>\n<\/div>\n<\/article>\n<article class=\"eo-event eo-event-cat-conference eo-event-cat-imag eo-event-future eo-multi-day\" style=\"border-left:5px solid #CC3333\">\n\t\t<time datetime='2026-06-15'><span class='month'>Jun<\/span> <span class='day' style='color:#8e2323'>15<\/span> <\/time> &raquo; <time datetime='2026-06-19'><span class='day' style='color:#8e2323'>19<\/span> <span class='year'>2026<\/span><\/time>\t\t\t\t<\/p>\n<h2>\n\t\t\t<a \thref=\"https:\/\/wpd.ugr.es\/~imag\/events\/event\/onemath-world-school\/\" title=\"OneMath World School: Topics in Mathematical Biology\" style=\"color:#CC3333\">OneMath World School: Topics in Mathematical Biology<\/a><br \/>\n\t\t<\/h2>\n<div class=\"event-list-metadata\"><span class=\"event-venue\"><\/span><\/p>\n<p>June 15 to 19, 2026 This summer school is part of the OneMath World School, a global effort coordinating several mathematics institutes to organise schools on emerging topics in mathematics. It is a collaboration among several institutes: Casa Matem\u00e1tica Oaxaca (CMO), Mexico Chennai Mathematical Institute (CMI), India Institute of Mathematics<span class=\"more-link\"><a href=\"https:\/\/wpd.ugr.es\/~imag\/events\/event\/onemath-world-school\/\">Continue Reading<\/a><\/span><\/p>\n<\/div>\n<\/article>\n<p><div class=\"button-container medium center \"><a target=\"_self\" class=\"button gray\" href=\"https:\/\/wpd.ugr.es\/~imag\/subscribe\/\">Subscribe<\/a><\/div>\n<div class=\"clear\"><\/div>\n<\/p>\n<\/div>\n<div class=\"one_fourth\">\n<h2>Other events<\/h2>\n<\/p>\n<p><div class=\"button-container medium center \"><a target=\"_self\" class=\"button gray\" href=\"https:\/\/wpd.ugr.es\/~imag\/subscribe\/\">Subscribe<\/a><\/div>\n<div class=\"clear\"><\/div>\n<p>\n<\/div>\n<\/p>\n<div class=\"one_half last\">\n<h2>Conferences and meetings<\/h2>\n<p>The institute is designed to host most of the scientific meetings in Maths to be held in our area. If you would like to submit a proposal for an activity, please fill the form that you will find in the link<\/p>\n<div class=\"button-container medium center \"><a target=\"_self\" class=\"button gray\" href=\"http:\/\/wpd.ugr.es\/~imag\/applying-for-an-activity\/<br \/>\n&#8220;>Apply for a new activity<\/a><\/div>\n<div class=\"clear\"><\/div>\n<\/p>\n<h2>Past records<\/h2>\n<p>Past activities held at the institute can be found in the link<\/p>\n<div class=\"button-container medium center \"><a target=\"_self\" class=\"button gray\" href=\"http:\/\/wpd.ugr.es\/~imag\/summary-of-activities\/#conferences<br \/>\n&#8220;>Record of activities<\/a><\/div>\n<div class=\"clear\"><\/div>\n<\/p>\n<p>Other past activities related to Maths and taking place in the University of Granada since 2011 are listed below; to add missing items, please send an email to imag(at)ugr.es<\/p>\n<ul>\n<li><a href=\"http:\/\/gigda.ugr.es\/spanish_japanese\/Home.html\">First Spanish-Japanese Workshop on Differential Geometry<\/a>. February 14-18, 2011<\/li>\n<li><a href=\"http:\/\/gigda.ugr.es\/gelogra\/\">VI International Meeting on Lorentzian Geometry<\/a>. September 6-9, 2011<\/li>\n<li><a href=\"http:\/\/www.ugr.es\/~aica2011\/es.php\">AICA 2011: Aplicaciones Industriales del Algebra Computacional<\/a>. November 18, 2011<\/li>\n<li><a href=\"http:\/\/www.ugr.es\/~surfaces\/workshop2011\/\">2nd European Young and Mobile Workshop: Geometric analysis and Partial Differential Equations<\/a>. November 28-30, 2011<\/li>\n<li><a href=\"http:\/\/www.ugr.es\/~nolineal\/workshop_Dec_2011\/workshop.html\">Workshop on Nonlinear Elliptic PDE&#8217;s and Applications<\/a>. December 15-16, 2011<\/li>\n<li><a href=\"http:\/\/www.ugr.es\/~gipvg\/eventos.html\">Jornada de Geometr\u00eda<\/a>. December 15-16, 2011<\/li>\n<li><a href=\"http:\/\/fciencias.ugr.es\/index.php?option=com_content&#038;view=article&#038;id=884:workshop-on-generalized-special-functions-of-mathematical-physics&#038;catid=19:noticias-antiguas&#038;Itemid=115&#038;lang=es\">Workshop on Generalized Special Functions of Mathematical Physics<\/a>. January 26-27, 2012<\/li>\n<li><a href=\"http:\/\/www.ugr.es\/~surfaces\/workshop-willmore\/\">Workshop on the Willmore Conjecture\u00a0<\/a>. May 16-18, 2012<\/li>\n<li><a href=\"http:\/\/www.ugr.es\/~surfaces\/workshop-interfaces\/\">Workshop on Geometry of Interfaces and Capillarity\u00a0<\/a>. June 25-27, 2012<\/li>\n<li><a href=\"http:\/\/www.ugr.es\/~alarcon\/Meeting\/Meeting.html\">Workshop on Geometric and Complex Analysis\u00a0<\/a>. November 22-23, 2012<\/li>\n<li><a href=\"http:\/\/gigda.ugr.es\/granada2013\/Welcome.html\">Variational Problems &#038; Geometric PDE&#8217;s<\/a>. Held at the institute. June 17-21, 2013<\/li>\n<li><a href=\"http:\/\/www.ugr.es\/~ecuadif\/files\/Workshop2013.pdf\" target=\"_blank\" rel=\"noopener noreferrer\">Differential equations in Granada: a one-day workshop<\/a>. Held at the institute. September 17, 2013<\/li>\n<li><a href=\"http:\/\/wpd.ugr.es\/~imag\/jovenes-reag-2013\/\">Taller de j\u00f3venes investigadores de la REAG<\/a>. Held at the institute. October 3-4, 2013<\/li>\n<li><a href=\"reag-2013\">Encuentro de investigadores de la REAG<\/a> Held at the institute. October 10-11, 2013<\/li>\n<li><a href=\"http:\/\/wpd.ugr.es\/~imag\/geometry-day-2013\/\" target=\"_blank\" rel=\"noopener noreferrer\">Geometry Day 2013<\/a>. Held at the institute. December 13, 2013<\/li>\n<\/ul>\n<\/div>\n<div class=\"clear\"><\/div><\/p>\n","protected":false},"excerpt":{"rendered":"<p><span class=\"more-link\"><a href=\"https:\/\/wpd.ugr.es\/~imag\/events\/event\/onemath-world-school\/\">Continue Reading<\/a><\/span><\/p>\n","protected":false},"author":1,"featured_media":0,"parent":0,"menu_order":0,"comment_status":"closed","ping_status":"closed","template":"","meta":{"footnotes":""},"translation":{"provider":"WPGlobus","version":"3.0.0","language":"en","enabled_languages":["en"],"languages":{"en":{"title":true,"content":true,"excerpt":false}}},"_links":{"self":[{"href":"https:\/\/wpd.ugr.es\/~imag\/wp-json\/wp\/v2\/pages\/59"}],"collection":[{"href":"https:\/\/wpd.ugr.es\/~imag\/wp-json\/wp\/v2\/pages"}],"about":[{"href":"https:\/\/wpd.ugr.es\/~imag\/wp-json\/wp\/v2\/types\/page"}],"author":[{"embeddable":true,"href":"https:\/\/wpd.ugr.es\/~imag\/wp-json\/wp\/v2\/users\/1"}],"replies":[{"embeddable":true,"href":"https:\/\/wpd.ugr.es\/~imag\/wp-json\/wp\/v2\/comments?post=59"}],"version-history":[{"count":31,"href":"https:\/\/wpd.ugr.es\/~imag\/wp-json\/wp\/v2\/pages\/59\/revisions"}],"predecessor-version":[{"id":281,"href":"https:\/\/wpd.ugr.es\/~imag\/wp-json\/wp\/v2\/pages\/59\/revisions\/281"}],"wp:attachment":[{"href":"https:\/\/wpd.ugr.es\/~imag\/wp-json\/wp\/v2\/media?parent=59"}],"curies":[{"name":"wp","href":"https:\/\/api.w.org\/{rel}","templated":true}]}}