{"id":6446,"date":"2020-01-15T09:32:08","date_gmt":"2020-01-15T08:32:08","guid":{"rendered":"http:\/\/wpd.ugr.es\/~iemath\/?page_id=6446"},"modified":"2020-01-15T09:32:08","modified_gmt":"2020-01-15T08:32:08","slug":"visitors-2019","status":"publish","type":"page","link":"https:\/\/wpd.ugr.es\/~imag\/visitors-2019\/","title":{"rendered":"Visitors &#8211; 2019"},"content":{"rendered":"<ul  class=\"eo-events eo-events-shortcode\">\n<li class=\"eo-event-venue-iemath-gr-2 eo-event-cat-grant-holder eo-event-past eo-multi-day eo-all-day\">\u00a0<a href=\"https:\/\/wpd.ugr.es\/~imag\/events\/event\/doris-miranda-huaynalaya\/\">Doris Miranda Huaynalaya<\/a>, Per\u00fa, 05\/05\/2015 \u00bb 31\/12\/2022\u00a0<\/li>\n<li class=\"eo-event-venue-iemath-gr-2 eo-event-cat-grant-holder eo-event-cat-visitor eo-event-cat-imag eo-event-past eo-multi-day eo-all-day\">\u00a0<a href=\"https:\/\/wpd.ugr.es\/~imag\/events\/event\/mauricio-misquero-castro\/\">Mauricio Misquero Castro<\/a>, Universidad de Granada, 31\/10\/2016 \u00bb 30\/06\/2020\u00a0<\/li>\n<li class=\"eo-event-cat-grant-holder eo-event-cat-imag eo-event-running eo-multi-day eo-all-day\">\u00a0<a href=\"https:\/\/wpd.ugr.es\/~imag\/events\/event\/francisco-javier-reyes-sanchez\/\">Francisco Javier Reyes S\u00e1nchez<\/a>, , 01\/09\/2017 \u00bb 31\/12\/2026\u00a0<\/li>\n<li class=\"eo-event-cat-grant-holder eo-event-cat-visitor eo-event-cat-imag eo-event-past eo-multi-day eo-all-day\">\u00a0<a href=\"https:\/\/wpd.ugr.es\/~imag\/events\/event\/alejandro-ramos-lora\/\">Alejandro Ramos Lora<\/a>, Universidad de Granada, 31\/01\/2018 \u00bb 31\/07\/2019\u00a0<\/li>\n<li class=\"eo-event-cat-grant-holder eo-event-past eo-multi-day eo-all-day\">\u00a0<a href=\"https:\/\/wpd.ugr.es\/~imag\/events\/event\/antonio-luis-martinez-trivino\/\">Antonio Luis Mart\u00ednez Trivi\u00f1o<\/a>, Universidad de Granada, 06\/06\/2018 \u00bb 30\/06\/2022\u00a0<\/li>\n<li class=\"eo-event-cat-visitor eo-event-cat-imag eo-event-past eo-multi-day eo-all-day\">\u00a0<a href=\"https:\/\/wpd.ugr.es\/~imag\/events\/event\/francisco-torralbo-8\/\">Francisco Torralbo<\/a>, Universidad de Granada, 04\/09\/2018 \u00bb 17\/07\/2019\u00a0<\/li>\n<li class=\"eo-event-cat-visitor eo-event-cat-imag eo-event-past eo-multi-day eo-all-day\">\u00a0<a href=\"https:\/\/wpd.ugr.es\/~imag\/events\/event\/esko-heinonen-2\/\">Esko Heinonen<\/a>, University of Helsinki, 01\/10\/2018 \u00bb 31\/07\/2019\u00a0<\/li>\n<li class=\"eo-event-cat-visitor eo-event-cat-imag eo-event-past eo-multi-day eo-all-day\">\u00a0<a href=\"https:\/\/wpd.ugr.es\/~imag\/events\/event\/sebastian-throm\/\">Sebastian Throm<\/a>, DFG alemana, 03\/10\/2018 \u00bb 30\/06\/2020\u00a0<\/li>\n<li class=\"eo-event-cat-visitor eo-event-cat-imag eo-event-past eo-multi-day eo-all-day\">\u00a0<a href=\"https:\/\/wpd.ugr.es\/~imag\/events\/event\/manuel-delgado\/\">Manuel Delgado<\/a>, , 08\/10\/2018 \u00bb 01\/05\/2019\u00a0<\/li>\n<li class=\"eo-event-venue-iemath-gr-2 eo-event-cat-grant-holder eo-event-cat-imag eo-event-past eo-multi-day eo-all-day\">\u00a0<a href=\"https:\/\/wpd.ugr.es\/~imag\/events\/event\/fidel-fernandez-villasenor\/\">Fidel Fern\u00e1ndez Villase\u00f1or<\/a>, Universidad de Granada, 04\/12\/2018 \u00bb 31\/07\/2020\u00a0<\/li>\n<li class=\"eo-event-venue-iemath-gr-2 eo-event-cat-grant-holder eo-event-cat-imag eo-event-past eo-multi-day eo-all-day\">\u00a0<a href=\"https:\/\/wpd.ugr.es\/~imag\/events\/event\/enrique-pendas-recondo\/\">Enrique Pend\u00e1s Recondo<\/a>, Universidad de GranadaUniversidad de Granada, 04\/12\/2018 \u00bb 30\/09\/2019\u00a0<\/li>\n<li class=\"eo-event-cat-grant-holder eo-event-past eo-multi-day eo-all-day\">\u00a0<a href=\"https:\/\/wpd.ugr.es\/~imag\/events\/event\/julian-pozuelo-dominguez\/\">Juli\u00e1n Pozuelo Dominguez<\/a>, , 10\/12\/2018 \u00bb 01\/09\/2023\u00a0<\/li>\n<li class=\"eo-event-cat-course eo-event-cat-visitor eo-event-cat-imag eo-event-past eo-multi-day\">\u00a0<a href=\"https:\/\/wpd.ugr.es\/~imag\/events\/event\/course-finsler-and-applications\/\">Course Finsler and Applications<\/a>, , 07\/01\/2019 10:00 \u00bb 18\/01\/2019 14:00\u00a0<\/li>\n<li class=\"eo-event-cat-visitor eo-event-cat-imag eo-event-past eo-multi-day eo-all-day\">\u00a0<a href=\"https:\/\/wpd.ugr.es\/~imag\/events\/event\/pablo-ochoa\/\">Pablo Ochoa<\/a>, Universidad Nacional de Cuyo (Argentina)Universidad Nacional de Cuyo (Argentina), 10\/01\/2019 \u00bb 29\/01\/2019\u00a0<\/li>\n<li class=\"eo-event-cat-visitor eo-event-cat-imag eo-event-past eo-multi-day eo-all-day\">\u00a0<a href=\"https:\/\/wpd.ugr.es\/~imag\/events\/event\/carmelo-cisto\/\">Carmelo Cisto<\/a>, Universit\u00e0 degli Studi di MesinaUniversit\u00e0 degli Studi di MesinaUniversit\u00e0 degli Studi di Mesina, 13\/01\/2019 \u00bb 21\/02\/2019\u00a0<\/li>\n<li class=\"eo-event-cat-visitor eo-event-cat-imag eo-event-past eo-multi-day eo-all-day\">\u00a0<a href=\"https:\/\/wpd.ugr.es\/~imag\/events\/event\/joaquin-jodar-y-miguel-luis-rodriguez\/\">Joaqu\u00edn J\u00f3dar y Miguel Luis Rodr\u00edguez<\/a>, Universidad de Ja\u00e9n y Universidad de Granada, 16\/01\/2019 \u00bb 31\/01\/2019\u00a0<\/li>\n<li class=\"eo-event-cat-visitor eo-event-cat-imag eo-event-past eo-multi-day eo-all-day\">\u00a0<a href=\"https:\/\/wpd.ugr.es\/~imag\/events\/event\/nicola-maugeri\/\">Nicola Maugeri<\/a>, Universit\u00e0 degli Studi di CataniaUniversit\u00e0 degli Studi di Catania, 21\/01\/2019 \u00bb 12\/04\/2019\u00a0<\/li>\n<li class=\"eo-event-cat-visitor eo-event-cat-imag eo-event-past eo-multi-day\">\u00a0<a href=\"https:\/\/wpd.ugr.es\/~imag\/events\/event\/magdalena-rodriguez-7\/\">Magdalena Rodr\u00edguez<\/a>, , 31\/01\/2019 12:00 \u00bb 08\/02\/2019 13:00\u00a0<\/li>\n<li class=\"eo-event-cat-visitor eo-event-cat-imag eo-event-past eo-multi-day eo-all-day\">\u00a0<a href=\"https:\/\/wpd.ugr.es\/~imag\/events\/event\/alfredo-sanchez-roselly-navarro\/\">Alfredo S\u00e1nchez-Roselly Navarro<\/a>, , 04\/02\/2019 \u00bb 08\/02\/2019\u00a0<\/li>\n<li class=\"eo-event-cat-visitor eo-event-cat-imag eo-event-past eo-multi-day eo-all-day\">\u00a0<a href=\"https:\/\/wpd.ugr.es\/~imag\/events\/event\/joaquin-jodar-y-miguel-luis-rodriguez-2\/\">Joaqu\u00edn J\u00f3dar y Miguel Luis Rodr\u00edguez<\/a>, Universidad de Granada y Universidad de Ja\u00e9n, 11\/02\/2019 \u00bb 31\/05\/2019\u00a0<\/li>\n<li class=\"eo-event-cat-visitor eo-event-cat-imag eo-event-past eo-multi-day eo-all-day\">\u00a0<a href=\"https:\/\/wpd.ugr.es\/~imag\/events\/event\/dieter-mitsche\/\">Dieter Mitsche<\/a>, , 18\/02\/2019 \u00bb 22\/02\/2019\u00a0<\/li>\n<li class=\"eo-event-cat-visitor eo-event-cat-imag eo-event-past eo-multi-day eo-all-day\">\u00a0<a href=\"https:\/\/wpd.ugr.es\/~imag\/events\/event\/ignacio-ojeda-2\/\">Ignacio Ojeda<\/a>, Universidad de Extremadura, 04\/03\/2019 \u00bb 11\/03\/2019\u00a0<\/li>\n<li class=\"eo-event-cat-visitor eo-event-cat-imag eo-event-past eo-multi-day eo-all-day\">\u00a0<a href=\"https:\/\/wpd.ugr.es\/~imag\/events\/event\/felix-delgado\/\">F\u00e9lix Delgado<\/a>, Universidad de Valladolid, 04\/03\/2019 \u00bb 08\/03\/2019\u00a0<\/li>\n<li class=\"eo-event-cat-visitor eo-event-cat-imag eo-event-past eo-multi-day eo-all-day\">\u00a0<a href=\"https:\/\/wpd.ugr.es\/~imag\/events\/event\/jose-canizo-5\/\">Jos\u00e9 Ca\u00f1izo<\/a>, Universidad de Granada, 05\/03\/2019 \u00bb 31\/03\/2019\u00a0<\/li>\n<li class=\"eo-event-cat-visitor eo-event-cat-imag eo-event-past eo-multi-day eo-all-day\">\u00a0<a href=\"https:\/\/wpd.ugr.es\/~imag\/events\/event\/jose-luis-flores\/\">Jos\u00e9 Luis Flores<\/a>, Universidad de M\u00e1laga, 07\/03\/2019 \u00bb 31\/03\/2019\u00a0<\/li>\n<li class=\"eo-event-cat-visitor eo-event-cat-imag eo-event-past eo-multi-day eo-all-day\">\u00a0<a href=\"https:\/\/wpd.ugr.es\/~imag\/events\/event\/havva-yoldas-6\/\">Havva Yoldas<\/a>, , 13\/03\/2019 \u00bb 20\/03\/2019\u00a0<\/li>\n<li class=\"eo-event-cat-visitor eo-event-cat-imag eo-event-past eo-multi-day eo-all-day\">\u00a0<a href=\"https:\/\/wpd.ugr.es\/~imag\/events\/event\/niels-martin-moller\/\">Niels Martin Moller<\/a>, Universidad de Copenhagen, 26\/03\/2019 \u00bb 31\/03\/2019\u00a0<\/li>\n<li class=\"eo-event-cat-postdoc eo-event-cat-imag eo-event-past eo-multi-day eo-all-day\">\u00a0<a href=\"https:\/\/wpd.ugr.es\/~imag\/events\/event\/jose-miguel-manzano\/\">Jos\u00e9 Miguel Manzano<\/a>, Universidad de Granada, 01\/04\/2019 \u00bb 30\/06\/2020\u00a0<\/li>\n<li class=\"eo-event-cat-visitor eo-event-cat-imag eo-event-past eo-multi-day eo-all-day\">\u00a0<a href=\"https:\/\/wpd.ugr.es\/~imag\/events\/event\/havva-yoldas-7\/\">Havva Yoldas<\/a>, BCAM Basque Center for Applied MathematicsBCAM Basque Center for Applied Mathematics, 04\/04\/2019 \u00bb 11\/04\/2019\u00a0<\/li>\n<li class=\"eo-event-cat-grant-holder eo-event-cat-imag eo-event-past eo-multi-day eo-all-day\">\u00a0<a href=\"https:\/\/wpd.ugr.es\/~imag\/events\/event\/jose-gabriel-torres\/\">Jos\u00e9 Gabriel Torres<\/a>, , 12\/04\/2019 \u00bb 12\/04\/2021\u00a0<\/li>\n<li class=\"eo-event-cat-grant-holder eo-event-cat-imag eo-event-past eo-multi-day eo-all-day\">\u00a0<a href=\"https:\/\/wpd.ugr.es\/~imag\/events\/event\/markus-schmidtchen-2\/\">Markus Schmidtchen<\/a>, , 22\/04\/2019 \u00bb 12\/05\/2019\u00a0<\/li>\n<li class=\"eo-event-cat-grant-holder eo-event-cat-imag eo-event-past eo-multi-day eo-all-day\">\u00a0<a href=\"https:\/\/wpd.ugr.es\/~imag\/events\/event\/ilkka-holopainen-2\/\">Ilkka Holopainen<\/a>, Universidad de Helsinki, 06\/05\/2019 \u00bb 12\/05\/2019\u00a0<\/li>\n<li class=\"eo-event-cat-visitor eo-event-cat-imag eo-event-past eo-multi-day eo-all-day\">\u00a0<a href=\"https:\/\/wpd.ugr.es\/~imag\/events\/event\/francisco-martin-serrano-6\/\">Francisco Mart\u00edn Serrano<\/a>, Universidad de Granada, 07\/05\/2019 \u00bb 05\/06\/2019\u00a0<\/li>\n<li class=\"eo-event-cat-visitor eo-event-cat-imag eo-event-past eo-multi-day eo-all-day\">\u00a0<a href=\"https:\/\/wpd.ugr.es\/~imag\/events\/event\/ivan-p-costa-e-silva\/\">Ivan P. Costa e Silva<\/a>, U.F. Sta. Catarina, Florian\u00f3polis, BrasilU.F. Sta. Catarina, Florian\u00f3polis, BrasilU.F. Sta. Catarina, Florian\u00f3polis, Brasil, 03\/06\/2019 \u00bb 15\/06\/2019\u00a0<\/li>\n<li class=\"eo-event-cat-visitor eo-event-cat-imag eo-event-past eo-multi-day eo-all-day\">\u00a0<a href=\"https:\/\/wpd.ugr.es\/~imag\/events\/event\/jose-l-flores-dorado-3\/\">Jos\u00e9 L. Flores Dorado<\/a>, Universidad de M\u00e1lagaUniversidad de M\u00e1laga, 03\/06\/2019 \u00bb 15\/06\/2019\u00a0<\/li>\n<li class=\"eo-event-cat-visitor eo-event-cat-imag eo-event-past eo-multi-day eo-all-day\">\u00a0<a href=\"https:\/\/wpd.ugr.es\/~imag\/events\/event\/miguel-sanchez-caja-14\/\">Miguel S\u00e1nchez Caja<\/a>, Universidad de Granada, 03\/06\/2019 \u00bb 15\/06\/2019\u00a0<\/li>\n<li class=\"eo-event-cat-visitor eo-event-cat-imag eo-event-past eo-multi-day eo-all-day\">\u00a0<a href=\"https:\/\/wpd.ugr.es\/~imag\/events\/event\/jonatan-herrera-fernandez-2\/\">Jonat\u00e1n Herrera Fern\u00e1ndez<\/a>, Universidad de C\u00f3rdobaUniversidad de C\u00f3rdoba, 03\/06\/2019 \u00bb 15\/06\/2019\u00a0<\/li>\n<li class=\"eo-event-cat-visitor eo-event-cat-imag eo-event-past eo-multi-day eo-all-day\">\u00a0<a href=\"https:\/\/wpd.ugr.es\/~imag\/events\/event\/didier-a-solis-gamboa\/\">Didier A. Sol\u00eds Gamboa<\/a>, Universidad A. Yucat\u00e1n, M\u00e9rida, M\u00e9xicoUniversidad A. Yucat\u00e1n, M\u00e9rida, M\u00e9xico, 10\/06\/2019 \u00bb 15\/06\/2019\u00a0<\/li>\n<li class=\"eo-event-cat-visitor eo-event-cat-imag eo-event-past eo-multi-day eo-all-day\">\u00a0<a href=\"https:\/\/wpd.ugr.es\/~imag\/events\/event\/armando-j-cabrera\/\">Armando J. Cabrera<\/a>, Universidad T\u00fcbingen, AlemaniaUniversidad T\u00fcbingen, Alemania, 10\/06\/2019 \u00bb 15\/06\/2019\u00a0<\/li>\n<li class=\"eo-event-cat-visitor eo-event-cat-imag eo-event-past eo-multi-day\">\u00a0<a href=\"https:\/\/wpd.ugr.es\/~imag\/events\/event\/nicolaos-kapouleas\/\">Nicolaos Kapouleas<\/a>, University of Brown, 11\/06\/2019 09:00 \u00bb 19\/06\/2019 21:00\u00a0<\/li>\n<li class=\"eo-event-cat-visitor eo-event-cat-imag eo-event-past eo-multi-day eo-all-day\">\u00a0<a href=\"https:\/\/wpd.ugr.es\/~imag\/events\/event\/ildefonso-castro-infantes-2\/\">Ildefonso Castro Infantes<\/a>, , 18\/07\/2019 \u00bb 31\/07\/2020\u00a0<\/li>\n<li class=\"eo-event-cat-visitor eo-event-cat-imag eo-event-past eo-multi-day eo-all-day\">\u00a0<a href=\"https:\/\/wpd.ugr.es\/~imag\/events\/event\/jesus-castro-infantes-2\/\">Jes\u00fas Castro Infantes<\/a>, , 18\/07\/2019 \u00bb 31\/07\/2020\u00a0<\/li>\n<li class=\"eo-event-cat-grant-holder eo-event-past eo-multi-day eo-all-day\">\u00a0<a href=\"https:\/\/wpd.ugr.es\/~imag\/events\/event\/david\/\">David Moya<\/a>, , 27\/07\/2019 \u00bb 31\/07\/2023\u00a0<\/li>\n<li class=\"eo-event-cat-visitor eo-event-cat-imag eo-event-past eo-multi-day eo-all-day\">\u00a0<a href=\"https:\/\/wpd.ugr.es\/~imag\/events\/event\/marie-amelie-lawn-2\/\">Marie-Am\u00e9lie Lawn<\/a>, Imperial College, 01\/09\/2019 \u00bb 07\/09\/2019\u00a0<\/li>\n<li class=\"eo-event-cat-visitor eo-event-cat-imag eo-event-past eo-multi-day eo-all-day\">\u00a0<a href=\"https:\/\/wpd.ugr.es\/~imag\/events\/event\/martin-buhmann-2\/\">Martin Buhmann<\/a>, University Justus-Liebig, 02\/09\/2019 \u00bb 14\/09\/2019\u00a0<\/li>\n<li class=\"eo-event-cat-visitor eo-event-cat-imag eo-event-past eo-multi-day eo-all-day\">\u00a0<a href=\"https:\/\/wpd.ugr.es\/~imag\/events\/event\/joaquin-jodar-4\/\">Joaqu\u00edn J\u00f3dar<\/a>, Universidad de Ja\u00e9n, 02\/09\/2019 \u00bb 14\/09\/2019\u00a0<\/li>\n<li class=\"eo-event-cat-visitor eo-event-cat-imag eo-event-past eo-multi-day eo-all-day\">\u00a0<a href=\"https:\/\/wpd.ugr.es\/~imag\/events\/event\/marcos-paulo-tassi-2\/\">Marcos Paulo Tassi<\/a>, Universidad Federal de Sao Carlos, 05\/09\/2019 \u00bb 20\/11\/2019\u00a0<\/li>\n<li class=\"eo-event-cat-grant-holder eo-event-past eo-multi-day eo-all-day\">\u00a0<a href=\"https:\/\/wpd.ugr.es\/~imag\/events\/event\/alejandro-ramos\/\">Alejandro Ramos<\/a>, , 10\/09\/2019 \u00bb 01\/09\/2023\u00a0<\/li>\n<li class=\"eo-event-cat-visitor eo-event-cat-imag eo-event-past eo-multi-day eo-all-day\">\u00a0<a href=\"https:\/\/wpd.ugr.es\/~imag\/events\/event\/olaf-t-muller\/\">Olaf T. M\u00fcller<\/a>, University of Humboldt, 11\/09\/2019 \u00bb 13\/09\/2019\u00a0<\/li>\n<li class=\"eo-event-cat-visitor eo-event-cat-imag eo-event-past eo-multi-day eo-all-day\">\u00a0<a href=\"https:\/\/wpd.ugr.es\/~imag\/events\/event\/chistian-roken\/\">Chistian R\u00f6ken<\/a>, University of Bonn, 22\/09\/2019 \u00bb 28\/09\/2019\u00a0<\/li>\n<li class=\"eo-event-cat-visitor eo-event-cat-imag eo-event-past eo-multi-day eo-all-day\">\u00a0<a href=\"https:\/\/wpd.ugr.es\/~imag\/events\/event\/havva-yoldas-8\/\">Havva Yoldas<\/a>, , 25\/09\/2019 \u00bb 29\/09\/2019\u00a0<\/li>\n<li class=\"eo-event-cat-visitor eo-event-cat-imag eo-event-past eo-multi-day eo-all-day\">\u00a0<a href=\"https:\/\/wpd.ugr.es\/~imag\/events\/event\/christos-mantoulidis\/\">Christos Mantoulidis<\/a>, MIT Boston, 02\/10\/2019 \u00bb 05\/10\/2019\u00a0<\/li>\n<li class=\"eo-event-cat-visitor eo-event-cat-imag eo-event-past eo-multi-day\">\u00a0<a href=\"https:\/\/wpd.ugr.es\/~imag\/events\/event\/marcos-petrucio-cavalcante-2\/\">Marcos Petr\u00facio Cavalcante<\/a>, , 16\/10\/2019 09:00 \u00bb 25\/10\/2019 21:00\u00a0<\/li>\n<li class=\"eo-event-cat-visitor eo-event-cat-imag eo-event-past eo-multi-day eo-all-day\">\u00a0<a href=\"https:\/\/wpd.ugr.es\/~imag\/events\/event\/miguel-ibieta-jimenez\/\">Miguel Ibieta Jim\u00e9nez<\/a>, IMPA, R\u00edo de Janeiro, 17\/10\/2019 \u00bb 19\/10\/2019\u00a0<\/li>\n<li class=\"eo-event-cat-visitor eo-event-cat-imag eo-event-past eo-multi-day eo-all-day\">\u00a0<a href=\"https:\/\/wpd.ugr.es\/~imag\/events\/event\/alfonso-garcia-parrado-gomez-lobo\/\">Alfonso Garc\u00eda-Parrado G\u00f3mez-Lobo<\/a>, , 04\/11\/2019 \u00bb 08\/11\/2019\u00a0<\/li>\n<li class=\"eo-event-cat-visitor eo-event-cat-imag eo-event-past eo-multi-day eo-all-day\">\u00a0<a href=\"https:\/\/wpd.ugr.es\/~imag\/events\/event\/misael-marriaga-castillo-2\/\">Misael Marriaga Castillo<\/a>, , 04\/11\/2019 \u00bb 04\/12\/2019\u00a0<\/li>\n<li class=\"eo-event-cat-visitor eo-event-cat-imag eo-event-past eo-multi-day eo-all-day\">\u00a0<a href=\"https:\/\/wpd.ugr.es\/~imag\/events\/event\/igor-khavkine\/\">Igor Khavkine<\/a>, , 05\/11\/2019 \u00bb 09\/11\/2019\u00a0<\/li>\n<li class=\"eo-event-cat-visitor eo-event-cat-imag eo-event-past eo-multi-day eo-all-day\">\u00a0<a href=\"https:\/\/wpd.ugr.es\/~imag\/events\/event\/jose-maria-martin-senovilla\/\">Jos\u00e9 Mar\u00eda Mart\u00edn Senovilla<\/a>, Universidad del Pa\u00eds Vasco, 06\/11\/2019 \u00bb 16\/11\/2019\u00a0<\/li>\n<li class=\"eo-event-cat-visitor eo-event-cat-imag eo-event-past eo-multi-day eo-all-day\">\u00a0<a href=\"https:\/\/wpd.ugr.es\/~imag\/events\/event\/jesus-antonio-bueno-linares-2\/\">Jesus Antonio Bueno Linares<\/a>, , 15\/11\/2019 \u00bb 30\/11\/2020\u00a0<\/li>\n<li class=\"eo-event-cat-visitor eo-event-cat-imag eo-event-past eo-multi-day eo-all-day\">\u00a0<a href=\"https:\/\/wpd.ugr.es\/~imag\/events\/event\/paola-paraggio\/\">Paola Paraggio<\/a>, , 20\/11\/2019 \u00bb 20\/12\/2019\u00a0<\/li>\n<li class=\"eo-event-cat-visitor eo-event-cat-imag eo-event-past eo-multi-day eo-all-day\">\u00a0<a href=\"https:\/\/wpd.ugr.es\/~imag\/events\/event\/victor-contreras-olmos\/\">Victor Contreras Olmos<\/a>, , 01\/12\/2019 \u00bb 30\/06\/2020\u00a0<\/li>\n<\/ul>\n","protected":false},"excerpt":{"rendered":"<p><span class=\"more-link\"><a href=\"https:\/\/wpd.ugr.es\/~imag\/events\/event\/victor-contreras-olmos\/\">Continue Reading<\/a><\/span><\/p>\n","protected":false},"author":1,"featured_media":0,"parent":0,"menu_order":0,"comment_status":"closed","ping_status":"closed","template":"","meta":{"footnotes":""},"translation":{"provider":"WPGlobus","version":"3.0.0","language":"en","enabled_languages":["en"],"languages":{"en":{"title":true,"content":true,"excerpt":false}}},"_links":{"self":[{"href":"https:\/\/wpd.ugr.es\/~imag\/wp-json\/wp\/v2\/pages\/6446"}],"collection":[{"href":"https:\/\/wpd.ugr.es\/~imag\/wp-json\/wp\/v2\/pages"}],"about":[{"href":"https:\/\/wpd.ugr.es\/~imag\/wp-json\/wp\/v2\/types\/page"}],"author":[{"embeddable":true,"href":"https:\/\/wpd.ugr.es\/~imag\/wp-json\/wp\/v2\/users\/1"}],"replies":[{"embeddable":true,"href":"https:\/\/wpd.ugr.es\/~imag\/wp-json\/wp\/v2\/comments?post=6446"}],"version-history":[{"count":3,"href":"https:\/\/wpd.ugr.es\/~imag\/wp-json\/wp\/v2\/pages\/6446\/revisions"}],"predecessor-version":[{"id":6449,"href":"https:\/\/wpd.ugr.es\/~imag\/wp-json\/wp\/v2\/pages\/6446\/revisions\/6449"}],"wp:attachment":[{"href":"https:\/\/wpd.ugr.es\/~imag\/wp-json\/wp\/v2\/media?parent=6446"}],"curies":[{"name":"wp","href":"https:\/\/api.w.org\/{rel}","templated":true}]}}