{"id":6673,"date":"2020-04-10T14:47:31","date_gmt":"2020-04-10T12:47:31","guid":{"rendered":"http:\/\/wpd.ugr.es\/~iemath\/?page_id=6673"},"modified":"2021-10-12T22:01:57","modified_gmt":"2021-10-12T20:01:57","slug":"covid19","status":"publish","type":"page","link":"https:\/\/wpd.ugr.es\/~imag\/covid19\/","title":{"rendered":"Covid19"},"content":{"rendered":"<p>En esta p\u00e1gina ir\u00e1n apareciendo enlaces y diversa informaci\u00f3n relativa al Covid19.<\/p>\n<p><strong>PLAN DE ACTUACI\u00d3N DEL INSTITUTO<\/strong><br \/>\nDe acuerdo con las directrices generales de actuaci\u00f3n de la UGR frente a la Covid-19, se establece un plan de actuaci\u00f3n espec\u00edfico para el instituto, v\u00e1lido durante el curso 2020-21 y hasta que las circunstancias sanitarias lo precisen.<\/p>\n<p><a href=\"https:\/\/wpd.ugr.es\/~iemath\/cms\/wp-content\/uploads\/PLAN-DE-ACTUACION-DEL-INSTITUTO-DE-MATEMATICAS-1.pdf\">PLAN DE ACTUACI\u00d3N DEL INSTITUTO DE MATEM\u00c1TICAS<\/a><\/p>\n<p><strong>PLAN DE REINCORPORACION DE INVESTIGADORES AL INSTITUTO<\/strong><br \/>\nDe acuerdo con el Plan de Reincorporaci\u00f3n presencial ante la Covid-29 del personal de la UGR, y una vez en vigor la entrada en Fase 1 de desconfinamiento de la provincia de Granada a partir del 18 de mayo de 2020, se establece el presente plan de que regula la reapertura del Instituto de matem\u00e1ticas de la UGR (IEMath-GR en adelante), reincorporaci\u00f3n de su personal y reanudaci\u00f3n de actividades a partir del 20 de mayo de 2020.<\/p>\n<p><a href=\"https:\/\/wpd.ugr.es\/~iemath\/cms\/wp-content\/uploads\/plan-reincorporacion-IEMath-GR.pdf\">plan reincorporacion del Instituto de Matem\u00e1ticas de la UGR<\/a><\/p>\n<p><strong>ENLACES <\/strong><\/p>\n<ul>\n<li>El <a href=\"http:\/\/matematicas.uclm.es\/cemat\/en\/presentation\/\" rel=\"noopener noreferrer\" target=\"_blank\">Comit\u00e9 Espa\u00f1ol de Matem\u00e1ticas<\/a> (CEMat) mantiene una web sobre este tema a nivel nacional: <a href=\"http:\/\/matematicas.uclm.es\/cemat\/covid19\/en\/\" rel=\"noopener noreferrer\" target=\"_blank\">http:\/\/matematicas.uclm.es\/cemat\/covid19\/en\/<\/a><\/li>\n<li>A nivel andaluz, hay datos disponibles en el portal del Instituto de Estad\u00edstica y Cartograf\u00eda de Andaluc\u00eda (IECA)<br \/>\n<a href=\"https:\/\/www.juntadeandalucia.es\/institutodeestadisticaycartografia\/salud\/index.htm\" rel=\"noopener noreferrer\" target=\"_blank\">https:\/\/www.juntadeandalucia.es\/institutodeestadisticaycartografia\/salud\/index.htm<\/a><\/li>\n<\/ul>\n<p><strong>DOCUMENTOS<\/strong><\/p>\n<ul>\n<li> El Comit\u00e9 de expertos del CEMat para el coronavirus lanza una iniciativa para plantear estudios a medio\/largo plazo, en relaci\u00f3n con la crisis sanitaria ocasionada por la enfermedad COVID19 y que puedan ser de inter\u00e9s para los responsables de las tomas de decisiones en las instituciones. <a href=\"https:\/\/wpd.ugr.es\/~iemath\/cms\/wp-content\/uploads\/CEMAT_COVID19_VAN.pdf\" rel=\"noopener noreferrer\" target=\"_blank\">CEMAT_COVID19_VAN.pdf<\/a><\/li>\n<li><strong>Protocolo aprobado por el Comit\u00e9 de \u00c9tica del Hospital San Carlos.<\/strong> Se ha conseguido la aprobaci\u00f3n por el Comit\u00e9 de \u00c9tica del Hospital San Carlos del siguiente protocolo, que puede usarse como paraguas para facilitar la consecuci\u00f3n de microdatos del COVID19 en otros hospitales y CCAA en el marco de la iniciativa de CEMat. Este protocolo se puede usar para hacer solicitudes en el \u00e1mbito local\/auton\u00f3mico para conseguir microdatos (se adjunta formulario).\n<ul>\n<li><a href=\"https:\/\/wpd.ugr.es\/~iemath\/cms\/wp-content\/uploads\/20.280-E-Aprob.pdf\" rel=\"noopener noreferrer\" target=\"_blank\">20.280-E-Aprob.pdf<\/a><\/li>\n<li><a href=\"https:\/\/wpd.ugr.es\/~iemath\/cms\/wp-content\/uploads\/Formulario_Peticion_Datos-HCSC.docx\">Formulario_Peticion_Datos-HCSC<\/a>(docx)<\/li>\n<li><a href=\"https:\/\/wpd.ugr.es\/~iemath\/cms\/wp-content\/uploads\/Estudio_observacional_Covid19_CEMat-final.pdf\">Estudio_observacional_Covid19_CEMat-final<\/a><\/li>\n<\/ul>\n<\/li>\n<\/ul>\n<p><strong>OTROS COMUNICADOS ENVIADOS A LOS MIEMBROS DEL INSTITUTO<\/strong><\/p>\n<ul>\n<li>\n         <a href=\"http:\/\/wpd.ugr.es\/~imag\/rsme-llamamiento-urgente-para-aportar-literatura-cientifica-relevante-sobre-algunos-aspectos-covid19\/\">Llamamiento urgente para aportar literatura cient\u00edfica relevante sobre algunos aspectos COVID19.<\/a><\/li>\n<\/ul>\n","protected":false},"excerpt":{"rendered":"<p>En esta p\u00e1gina ir\u00e1n apareciendo enlaces y diversa informaci\u00f3n relativa al Covid19. PLAN DE ACTUACI\u00d3N DEL INSTITUTO De acuerdo con las directrices generales de actuaci\u00f3n de la UGR frente a la Covid-19, se establece un plan de actuaci\u00f3n espec\u00edfico para el instituto, v\u00e1lido durante el curso 2020-21 y hasta que<span class=\"more-link\"><a href=\"https:\/\/wpd.ugr.es\/~imag\/covid19\/\">Continue Reading<\/a><\/span><\/p>\n","protected":false},"author":1,"featured_media":0,"parent":0,"menu_order":0,"comment_status":"closed","ping_status":"closed","template":"","meta":{"footnotes":""},"translation":{"provider":"WPGlobus","version":"3.0.0","language":"en","enabled_languages":["en"],"languages":{"en":{"title":true,"content":true,"excerpt":false}}},"_links":{"self":[{"href":"https:\/\/wpd.ugr.es\/~imag\/wp-json\/wp\/v2\/pages\/6673"}],"collection":[{"href":"https:\/\/wpd.ugr.es\/~imag\/wp-json\/wp\/v2\/pages"}],"about":[{"href":"https:\/\/wpd.ugr.es\/~imag\/wp-json\/wp\/v2\/types\/page"}],"author":[{"embeddable":true,"href":"https:\/\/wpd.ugr.es\/~imag\/wp-json\/wp\/v2\/users\/1"}],"replies":[{"embeddable":true,"href":"https:\/\/wpd.ugr.es\/~imag\/wp-json\/wp\/v2\/comments?post=6673"}],"version-history":[{"count":14,"href":"https:\/\/wpd.ugr.es\/~imag\/wp-json\/wp\/v2\/pages\/6673\/revisions"}],"predecessor-version":[{"id":6681,"href":"https:\/\/wpd.ugr.es\/~imag\/wp-json\/wp\/v2\/pages\/6673\/revisions\/6681"}],"wp:attachment":[{"href":"https:\/\/wpd.ugr.es\/~imag\/wp-json\/wp\/v2\/media?parent=6673"}],"curies":[{"name":"wp","href":"https:\/\/api.w.org\/{rel}","templated":true}]}}