{"id":6684,"date":"2020-04-13T14:11:18","date_gmt":"2020-04-13T12:11:18","guid":{"rendered":"http:\/\/wpd.ugr.es\/~iemath\/?page_id=6684"},"modified":"2020-04-13T14:11:18","modified_gmt":"2020-04-13T12:11:18","slug":"rsme-llamamiento-urgente-para-aportar-literatura-cientifica-relevante-sobre-algunos-aspectos-covid19","status":"publish","type":"page","link":"https:\/\/wpd.ugr.es\/~imag\/rsme-llamamiento-urgente-para-aportar-literatura-cientifica-relevante-sobre-algunos-aspectos-covid19\/","title":{"rendered":"[RSME] Llamamiento urgente para aportar literatura cient\u00edfica relevante sobre algunos aspectos COVID19"},"content":{"rendered":"<p>Estimados investigadores interesados en la iniciativa CEMat-COVID19:<\/p>\n<p>Desde el \u00e1mbito de investigadores que asesoran al gobierno, se nos pide un breve informe URGENTE sobre los papers que nos parezcan metol\u00f3gicamente relevantes (en su metodolog\u00eda estad\u00edstica\/matem\u00e1tica) que hayan abordado los siguientes asuntos clave:<\/p>\n<p>1. Reducci\u00f3n de la transmisi\u00f3n gracias al uso de mascarillas<br \/>\n2. Reducci\u00f3n de la transmisi\u00f3n gracias al uso de guantes<br \/>\n3. Efecto en la transmisi\u00f3n del virus en las aglomeraciones en medios de transporte (o a la entrada o salida del trabajo, etc.)<\/p>\n<p>Se trata de dar respaldo cient\u00edfico lo mas consistente posible a las medidas que se recomienden a la administraci\u00f3n para que luego se trasladen a la poblaci\u00f3n.  <\/p>\n<p>Como estamos seguros de que muchos de vosotros est\u00e1is revisando este tipo de literatura, os pedimos que nos ech\u00e9is una mano con este asunto. Por favor, se trata de estudios en los que se aprecie suficiente rigor metodol\u00f3gico. Nos mand\u00e1is los art\u00edculos y un breve comentario de por qu\u00e9 os parece serio y relevante.  Es mejor tener pocos art\u00edculos buenos que muchos de menos calidad. Con lo que se obtenga en las pr\u00f3ximas horas, desde el comit\u00e9 har\u00edamos el filtrado \u00faltimo y escribir\u00edamos un breve informe  para remitir esta misma noche. .<\/p>\n<p>Por favor difundid entre colegas que sep\u00e1is que est\u00e1n en este asunto espec\u00edfico.<\/p>\n<p>Muchas gracias por anticipado y un abrazo.<\/p>\n<p>Real Sociedad Matem\u00e1tica Espa\u00f1ola<\/p>\n","protected":false},"excerpt":{"rendered":"<p>Estimados investigadores interesados en la iniciativa CEMat-COVID19: Desde el \u00e1mbito de investigadores que asesoran al gobierno, se nos pide un breve informe URGENTE sobre los papers que nos parezcan metol\u00f3gicamente relevantes (en su metodolog\u00eda estad\u00edstica\/matem\u00e1tica) que hayan abordado los siguientes asuntos clave: 1. Reducci\u00f3n de la transmisi\u00f3n gracias al uso<span class=\"more-link\"><a href=\"https:\/\/wpd.ugr.es\/~imag\/rsme-llamamiento-urgente-para-aportar-literatura-cientifica-relevante-sobre-algunos-aspectos-covid19\/\">Continue Reading<\/a><\/span><\/p>\n","protected":false},"author":1,"featured_media":0,"parent":0,"menu_order":0,"comment_status":"closed","ping_status":"closed","template":"","meta":{"footnotes":""},"translation":{"provider":"WPGlobus","version":"3.0.0","language":"en","enabled_languages":["en"],"languages":{"en":{"title":true,"content":true,"excerpt":false}}},"_links":{"self":[{"href":"https:\/\/wpd.ugr.es\/~imag\/wp-json\/wp\/v2\/pages\/6684"}],"collection":[{"href":"https:\/\/wpd.ugr.es\/~imag\/wp-json\/wp\/v2\/pages"}],"about":[{"href":"https:\/\/wpd.ugr.es\/~imag\/wp-json\/wp\/v2\/types\/page"}],"author":[{"embeddable":true,"href":"https:\/\/wpd.ugr.es\/~imag\/wp-json\/wp\/v2\/users\/1"}],"replies":[{"embeddable":true,"href":"https:\/\/wpd.ugr.es\/~imag\/wp-json\/wp\/v2\/comments?post=6684"}],"version-history":[{"count":2,"href":"https:\/\/wpd.ugr.es\/~imag\/wp-json\/wp\/v2\/pages\/6684\/revisions"}],"predecessor-version":[{"id":6983,"href":"https:\/\/wpd.ugr.es\/~imag\/wp-json\/wp\/v2\/pages\/6684\/revisions\/6983"}],"wp:attachment":[{"href":"https:\/\/wpd.ugr.es\/~imag\/wp-json\/wp\/v2\/media?parent=6684"}],"curies":[{"name":"wp","href":"https:\/\/api.w.org\/{rel}","templated":true}]}}