{"id":6748,"date":"2020-06-19T17:35:52","date_gmt":"2020-06-19T15:35:52","guid":{"rendered":"http:\/\/wpd.ugr.es\/~iemath\/?page_id=6748"},"modified":"2022-12-22T19:19:22","modified_gmt":"2022-12-22T18:19:22","slug":"transfer","status":"publish","type":"page","link":"https:\/\/wpd.ugr.es\/~imag\/transfer\/","title":{"rendered":"Transfer"},"content":{"rendered":"<p><strong>Proyectos &#8220;Prueba de concepto&#8221;<\/strong><\/p>\n<ul>\n<li>T\u00edtulo y referencia del proyecto:  PlatRepreWeb &#8211; Plataforma para ajustar la representatividad de las encuestas realizadas mediante web y redes sociales mediante reponderaci\u00f3n con t\u00e9cnicas estad\u00edsticas y de ML avanzadas \/ Automatic platform to adjust the representativeness of the surveys carried out through the web and social networks through reweighting with statistical techniques and advanced machine learning &#8211; PDC2022-133293-I00.<br \/>\nIP (Granada): Mar\u00eda del Mar Rueda Garc\u00eda.<br \/>\nDuraci\u00f3n: 2022- . Importe: 80.500 \u20ac.<\/li>\n<\/p>\n<\/ul>\n<p><strong>Contratos de investigadores de IMAG con empresas<\/strong><\/p>\n<ul>\n<li>T\u00edtulo y referencia del proyecto: IMPacto y SEROprevalencia de la enfermedad COVID-19. FONDO SUPERA COVID\u201019. Banco Santander<br \/>\nOrganismo o entidad que lo financia: Universidad de Girona, Universidad de Granada, Escuela Andaluza de Salud P\u00fablica. Periodo de duraci\u00f3n: 2020- 2021.<br \/>\nIP (Granada): Mar\u00eda del Mar Rueda Garc\u00eda.<\/li>\n<li>T\u00edtulo y referencia del proyecto: Asesoramiento en la optimizaci\u00f3n del c\u00f3digo R para estimaciones de mercado por \u00e1rea y producto basado en calibraci\u00f3n. Contrato de distribuci\u00f3n integral Logista S.A. y la Univ. Granada para la realizaci\u00f3n de trabajos de car\u00e1cter cient\u00edfico por parte de la Prof. D\u00aa Mar\u00eda del Mar Rueda Garc\u00eda. Organismo o entidad que lo financia: Compa\u00f1\u00eda de Distribuci\u00f3n Integral Logista y Universidad de Granada.<br \/>\nPeriodo de duraci\u00f3n: 08\/05\/2019 \u2013 07\/05\/2021.<br \/>\nIP: Mar\u00eda del Mar Rueda Garc\u00eda.\n<\/li>\n<li>T\u00edtulo y referencia del proyecto: Asesoramiento en metodolog\u00edas de investigaci\u00f3n por muestreo para la Encuesta Andaluza de Salud y Desarrollo de t\u00e9cnicas estad\u00edsticas con aplicaci\u00f3n a Real World. OTRI Contrato\/Convenio N\u00ba 4322.<br \/>\nOrganismo o entidad que lo financia: Escuela Andaluza de Salud P\u00fablica<br \/>\nPeriodo de duraci\u00f3n: 01\/11\/2019 &#8211; 31\/12\/2019.<br \/>\nIP: Mar\u00eda del Mar Rueda.<br \/>\n(2.904,00 \u20ac)<\/li>\n<li>T\u00edtulo y referencia del proyecto: \u201cContrato de asesoramiento y apoyo tecnol\u00f3gico\u201d. Organismo o entidad que lo financia: Compa\u00f1\u00eda de Distribuci\u00f3n Integral Logista. Periodo de duraci\u00f3n: 26\/10\/2016-25\/10\/2018. IP: Mar\u00eda del Mar Rueda.<\/li>\n<li>T\u00edtulo y referencia del contrato: 2458-00. Informes y pruebas periciales basadas en estudios y an\u00e1lisis estad\u00edsticos de situaciones reales. Organismo o entidad que lo financia: Fundaci\u00f3n General Universidad de Granada-Empresa (OTRI). Duraci\u00f3n: 01\/02\/2005 a la fecha. Importe: 775,86\u20ac. I.P. Ana Mar\u00eda Aguilera del Pino. Investigador colaborador: Francisco Javier Alonso Morales\n<\/li>\n<li>T\u00edtulo y referencia del contrato: 3675-00. Asesoramiento estad\u00edstico en proyectos de I+D+I con la empresa Axesor, Conocer para decidir, S.A. Organismo o entidad que lo financia: Fundaci\u00f3n empresa UGR y Axesor, Conocer para decidir, S.A. Duraci\u00f3n: de 18\/03\/2012 a 31\/08\/2013. Importe: 20.920\u20ac. I.P. Ana M. Aguilera del Pino<\/li>\n<\/ul>\n<p><strong>Otras acciones de transferencia<\/strong><\/p>\n<ul>\n<li>StatFda: Aplicaci\u00f3n web para an\u00e1lisis de  datos funcionales. Inventores: Ana M. Aguilera del Pino, Manuel Escabias Machuca, M. Carmen Aguilera Morillo, Mariano J. Valderrama Bonnet, Francisco A. Oca\u00f1a Lara. Referencia OTRI (UGR): IPR-708. Fecha: 10-12-2016. Disponible en dominios www.statfda.com, www.statfda.es y www.statfda.net registrados a nombre de la Universidad de Granada. Publicaci\u00f3n web: 24\/02\/2017. \u00daltima actualizaci\u00f3n: 06\/06\/2017. Registro de Marca: M3686937 (Solicitud 10-10-2017). Clases solicitadas (Clasificaci\u00f3n de Niza): 09, 16, 41, 42. Enlace al expediente (OEPM):<br \/>\n<a href=\"http:\/\/consultas2.oepm.es\/ceo\/jsp\/busqueda\/consultaExterna.xhtml?numExp=M3686937\" rel=\"noopener noreferrer\" target=\"_blank\">http:\/\/consultas2.oepm.es\/ceo\/jsp\/busqueda\/consultaExterna.xhtml?numExp=M3686937<\/a> (No suscrito acuerdo de explotaci\u00f3n)<\/li>\n<\/ul>\n<p><strong>Servicio de Transferencia de Tecnolog\u00eda STTI en IAMAT<\/strong><br \/>\n<a href=\"http:\/\/www.iamat.es\/es\/servicio-de-transferencia-de-tecnologia-stti\" rel=\"noopener\" target=\"_blank\">enlace<\/a><\/p>\n","protected":false},"excerpt":{"rendered":"<p>Proyectos &#8220;Prueba de concepto&#8221; T\u00edtulo y referencia del proyecto: PlatRepreWeb &#8211; Plataforma para ajustar la representatividad de las encuestas realizadas mediante web y redes sociales mediante reponderaci\u00f3n con t\u00e9cnicas estad\u00edsticas y de ML avanzadas \/ Automatic platform to adjust the representativeness of the surveys carried out through the web and<span class=\"more-link\"><a href=\"https:\/\/wpd.ugr.es\/~imag\/transfer\/\">Continue Reading<\/a><\/span><\/p>\n","protected":false},"author":1,"featured_media":0,"parent":0,"menu_order":0,"comment_status":"closed","ping_status":"closed","template":"","meta":{"footnotes":""},"translation":{"provider":"WPGlobus","version":"3.0.0","language":"en","enabled_languages":["en"],"languages":{"en":{"title":true,"content":true,"excerpt":false}}},"_links":{"self":[{"href":"https:\/\/wpd.ugr.es\/~imag\/wp-json\/wp\/v2\/pages\/6748"}],"collection":[{"href":"https:\/\/wpd.ugr.es\/~imag\/wp-json\/wp\/v2\/pages"}],"about":[{"href":"https:\/\/wpd.ugr.es\/~imag\/wp-json\/wp\/v2\/types\/page"}],"author":[{"embeddable":true,"href":"https:\/\/wpd.ugr.es\/~imag\/wp-json\/wp\/v2\/users\/1"}],"replies":[{"embeddable":true,"href":"https:\/\/wpd.ugr.es\/~imag\/wp-json\/wp\/v2\/comments?post=6748"}],"version-history":[{"count":29,"href":"https:\/\/wpd.ugr.es\/~imag\/wp-json\/wp\/v2\/pages\/6748\/revisions"}],"predecessor-version":[{"id":6774,"href":"https:\/\/wpd.ugr.es\/~imag\/wp-json\/wp\/v2\/pages\/6748\/revisions\/6774"}],"wp:attachment":[{"href":"https:\/\/wpd.ugr.es\/~imag\/wp-json\/wp\/v2\/media?parent=6748"}],"curies":[{"name":"wp","href":"https:\/\/api.w.org\/{rel}","templated":true}]}}