{"id":6777,"date":"2020-06-23T21:29:50","date_gmt":"2020-06-23T19:29:50","guid":{"rendered":"http:\/\/wpd.ugr.es\/~iemath\/?page_id=6777"},"modified":"2026-02-03T12:48:21","modified_gmt":"2026-02-03T11:48:21","slug":"predocs-and-postdocs","status":"publish","type":"page","link":"https:\/\/wpd.ugr.es\/~imag\/predocs-and-postdocs\/","title":{"rendered":"Predocs, Postdocs and Researchers"},"content":{"rendered":"<p><strong>RESEARCHERS<\/strong><\/p>\n<ul>\n<li>GARRIZ MOLINA, ALEJANDRO<\/li>\n<li>GARC\u00cdA DE MARINA PEINADO, H\u00c9CTOR JES\u00daS<\/li>\n<li>BAUTISTA VILLAR, JES\u00daS.<\/li>\n<li>HINOJOSA HIDALGO, JOS\u00c9<\/li>\n<li>VELA, DIEGO<\/li>\n<li>XU, YANG<\/li>\n<\/ul>\n<p><strong>POSTDOC CONTRACTS<\/strong><\/p>\n<p>2025<\/p>\n<ul>\n<li>MATEM\u00c1TICA APLICADA. EDDARGANI, SALAH. Tutor: BARRERA, DOMINGO. CONTRATO POSTDOCTORAL PROYECTO MDM. PERIODO 15\/01\/2025-31\/03\/2026.<\/li>\n<li>GEOMETR\u00cdA Y TOPOLOG\u00cdA. TASSI, MARCOS PAULO. G\u00c1LVEZ L\u00d3PEZ, JOS\u00c9 ANTONIO. CONTRATO POSTDOCTORAL. PERIODO 13\/02\/2025-30\/06\/2026.<\/li>\n<\/ul>\n<p>2023<\/p>\n<ul>\n<li>ESTAD\u00cdSTICA E INVESTIGACI\u00d3N OPERATIVA. ALONSO PENA, MAR\u00cdA. Tutor: ANGULO, JOS\u00c9 M. CONTRATO POSTDOCTORAL PROYECTO CEX2020-001105-M. PERIODO 03\/11\/2023-02\/11\/2025.<\/li>\n<li>AN\u00c1LISIS MATEM\u00c1TICO. BALDELLI, LAURA. Tutor: RUIZ, DAVID. CONTRATO POSTDOCTORAL PROYECTO CEX2020-001105-M. PERIODO 01\/11\/2023-30\/10\/2025.<\/li>\n<li>GEOMETR\u00cdA Y TOPOLOG\u00cdA. MEHIDI, LILIA. Tutor: S\u00c1NCHEZ CAJA, MIGUEL. CONTRATO POSTDOCTORAL PROYECTO CEX2020-001105-M. PERIODO 15\/10\/2023-14\/10\/2025.<\/li>\n<li>AN\u00c1LISIS MATEM\u00c1TICO. FOVELLE, AUDREY. Tutor: MART\u00cdN, MIGUEL. CONTRATO POSTDOCTORAL PROYECTO CEX2020-001105-M. PERIODO 01\/10\/2023-31\/09\/2025.<\/li>\n<li>AN\u00c1LISIS MATEM\u00c1TICO. DWEIK, SAMER. Tutor: RUIZ, DAVID. CONTRATO POSTDOCTORAL SENIOR PROYECTO CEX2020-001105-M. PERIODO 01\/04\/2023-31\/03\/2025.<\/li>\n<li>MATEM\u00c1TICA APLICADA. KUMAR BARIK, PRASANTA. Tutor: CA\u00d1IZO, JOS\u00c9 A. CONTRATO POSTDOCTORAL SENIOR PROYECTO CEX2020-001105-M. PERIODO 23\/02\/2023-31\/10\/2024.<\/li>\n<\/ul>\n<p>2022<\/p>\n<ul>\n<li>MATEM\u00c1TICA APLICADA. TORRES ESCORZA, NICOL\u00c1S. Tutor: CA\u00d1IZO, JOS\u00c9 A. CONTRATO POSTDOCTORAL AEI. PERIODO 12\/12\/2022-31\/12\/2023.<\/li>\n<li>GEOMETR\u00cdA Y TOPOLOG\u00cdA. MART\u00cdNEZ TRIVI\u00d1O, ANTONIO. Tutor: MART\u00cdNEZ, ANTONIO. PROYECTO DE EXCELENCIA P18-FR-4049 (JUNTA DE ANDALUCIA). PERIODO 15\/09\/2022-15\/03\/2023.<\/li>\n<li>GEOMETR\u00cdA Y TOPOLOG\u00cdA. CASTRO INFANTES, JES\u00daS. Tutor: RODR\u00cdGUEZ, MAGDALENA. PLAN NACIONAL DE INVESTIGACI\u00d3N (BECAS F.P.I. PROYECTOS). PERIODO ORIENTACI\u00d3N POSDOCTORAL 01\/06\/2022-30\/09\/2022.<\/li>\n<li>\u00c1LGEBRA. ALMIR\u00d3N CUADROS, PATRICIO. CONTRATO POSTDOCTORAL SEVERO OCHOA Y MARIA DE MAEZTU. PERIODO 10\/10\/2022-09\/10\/2024.<\/li>\n<li>ESTAD\u00cdSTICA E INVESTIGACI\u00d3N OPERATIVA. ACAL GONZ\u00c1LEZ, CHRISTIAN JOSE. CONTRATO POSTDOCTORAL SEVERO OCHOA Y MARIA DE MAEZTU. PERIODO 23\/09\/2022-25\/01\/2023.<\/li>\n<li>GEOMETR\u00cdA Y TOPOLOG\u00cdA. RODRIGUES BARBOSA, EZEQUIEL. Tutor: P\u00c9REZ MU\u00d1OZ, JOAQUIN. PROYECTO DE EXCELENCIA P18-FR-4049 (JUNTA DE ANDALUCIA).<\/li>\n<\/ul>\n<p>2021<\/p>\n<ul>\n<li>GEOMETR\u00cdA Y TOPOLOG\u00cdA. ROMERO SOLHA. Tutor: S\u00c1NCHEZ CAJA, MIGUEL. PROYECTO P20_01391 (JUNTA DE ANDALUCIA) 15\/12\/2021-22\/06\/2022.<\/li>\n<li>GEOMETR\u00cdA Y TOPOLOG\u00cdA. ROSINATO LONGA, EDUARDO. Tutor: SICBALDI, PIERALBERTO. Research Internship Abroad (BEPE), Fapesp Brazil. 01\/11\/2021-30\/10\/2022<\/li>\n<li>GEOMETR\u00cdA Y TOPOLOG\u00cdA. RODRIGUES BARBOSA, EZEQUIEL. Tutor: P\u00c9REZ MU\u00d1OZ, JOAQUIN. PROYECTO MTM2017-89677-P (AEI). PERIODO: 15\/05\/2021-30\/09\/2021.<\/li>\n<\/ul>\n<p>2020<\/p>\n<ul>\n<li>GEOMETR\u00cdA Y TOPOLOG\u00cdA. RONCORONI, ALBERTO. Tutor: P\u00c9REZ MU\u00d1OZ, JOAQUIN. PROYECTO MTM2017-89677-P (AEI). PERIODO: 01\/01\/2020-30\/04\/2021<\/li>\n<\/ul>\n<p>2018<\/p>\n<ul>\n<li>GEOMETR\u00cdA Y TOPOLOG\u00cdA. S\u00c1NCHEZ PELEGR\u00cdN, JOS\u00c9 ANTONIO. Tutor: S\u00c1NCHEZ CAJA, MIGUEL. PLAN NACIONAL DE INVESTIGACI\u00d3N (BECAS F.P.I. PROYECTOS). PERIODO ORIENTACI\u00d3N POSDOCTORAL 13\/03\/2018-02\/09\/2018. POSTDOCTORAL BES-2014-068969<\/li>\n<li>GEOMETR\u00cdA Y TOPOLOG\u00cdA. CASTRO INFANTES, ILDEFONSO. Tutor: P\u00c9REZ MU\u00d1OZ, JOAQU\u00cdN. PLAN NACIONAL DE INVESTIGACI\u00d3N (BECAS F.P.I. PROYECTOS). PERIODO ORIENTACI\u00d3N POSDOCTORAL 24\/11\/2018-23\/11\/2019. POSTDOCTORAL BES-2015-071993<\/li>\n<\/ul>\n<p><strong>PREDOC CONTRACTS<\/strong><\/p>\n<p>2026<\/p>\n<ul>\n<li>GEOMETR\u00cdA Y TOPOLOG\u00cdA. STERZI, DARIO. Tutor: M. RITOR\u00c9. CONTRATO. PERIODO 13\/01\/26-11\/07\/26.<\/li>\n<\/ul>\n<p>2025<\/p>\n<ul>\n<li>GEOMETR\u00cdA Y TOPOLOG\u00cdA. DA SILVA BELLI, RAFAEL. Tutor: L\u00d3PEZ, RAFAEL. CONTRATO. PERIODO 22\/10\/25-15\/10\/26.<\/li>\n<li>GEOMETR\u00cdA Y TOPOLOG\u00cdA. GONZ\u00c1LEZ IB\u00c1\u00d1EZ, FERNAN. Tutor: P\u00c9REZ, JOAQU\u00cdN. CONTRATO. PERIODO 01\/09\/2025-05\/05\/2028.<\/li>\n<li>GEOMETR\u00cdA Y TOPOLOG\u00cdA. ORTEGA RAVELO, ANTONIO JES\u00daS. Tutor C\u00c9SAR ROSALES. CONTRATO. PERIODO 01\/07\/25-31\/12\/29<\/li>\n<li>MATEM\u00c1TICA APLICADA. CHONG, TUNGYU. Tutor: URE\u00d1A, ANTONIO. CONTRATO. PERIODO 17\/11\/25-30\/11\/26<\/li>\n<\/ul>\n<p>2024<\/p>\n<ul>\n<li>GEOMETR\u00cdA Y TOPOLOG\u00cdA. OLIVER, ALEJANDRO. Tutor: S\u00c1NCHEZ, MIGUEL. CONTRATO PREDOCTORAL. PERIODO 08\/11\/24-15\/07\/25.<\/li>\n<li>MATEM\u00c1TICA APLICADA. L\u00d3PEZ MENA, ANDR\u00c9S. Tutor: P\u00c9REZ, TERESA E. CONTRATO PREDOCTORAL. PERIODO 04\/11\/24-16\/05\/25.<\/li>\n<li>M\u00c9TODOS CUANTITATIVOS PARA LA ECONOM\u00cdA Y LA EMPRESA. ISSRA NADA, BENATALLAH. Tutor: COBO, BEATRIZ. CONTRATO PREDOCTORAL. PERIODO  09\/10\/24-23\/12\/25.<\/li>\n<li>GEOMETR\u00cdA Y TOPOLOG\u00cdA. MENANI BARBIERI, AIRES EDUARDO. Tutor: G\u00c1LVEZ, J. A. CONTRATO PREDOCTORAL. PERIODO 01\/10\/24-31\/12\/24.<\/li>\n<li>MATEM\u00c1TICA APLICADA. L\u00d3PEZ REPISO, JORGE. Tutor: CA\u00d1IZO, JOS\u00c9 A. CONTRATO PREDOCTORAL. PERIODO 01\/10\/24-28\/02\/25.<\/li>\n<li>MATEM\u00c1TICA APLICADA. GHADERI ZAFREH, FATEMEH. Tutor: CA\u00d1IZO, JOS\u00c9 A. CONTRATO PREDOCTORAL. PERIODO 01\/10\/24-22\/12\/24.<\/li>\n<li>GEOMETR\u00cdA Y TOPOLOG\u00cdA. EBRU, YANIK. Tutor: ORTEGA, MIGUEL. CONTRATO PREDOCTORAL. PERIODO 01\/09\/24-31\/12\/24.<\/li>\n<li>MATEM\u00c1TICA APLICADA. SBAI, AMINE. Tutor: ARIAS, MARGARITA. CONTRATO PREDOCTORAL. PERIODO 25\/09\/24-15\/07\/25.<\/li>\n<li>GEOMETR\u00cdA Y TOPOLOG\u00cdA. HERV\u00c1S ANIORTE, JAVIER. Tutor: MART\u00cdN, FRANCISCO. CONTRATOS PREDOCTORALES FORMACION DOCTORES LEY 14\/2011 FPI. PERIODO 09\/01\/24-09\/01\/28.<\/li>\n<li>AN\u00c1LISIS MATEM\u00c1TICO. MART\u00cdNEZ VA\u00d1\u00d3, ESTEBAN. Tutor: L\u00d3PEZ, GIN\u00c9S. CONTRATOS PREDOCTORALES FORMACION DOCTORES LEY 14\/2011 FPI-AEI. PROYECTO CEX2020-001105-M. PERIODO 01\/01\/24-31\/12\/27<\/li>\n<\/ul>\n<p>2023<\/p>\n<ul>\n<li>MATEM\u00c1TICA APLICADA. SILVA COSTA, GLALCO. Tutor: P\u00c9REZ, TERESA E. CONTRATO PREDOCTORAL BECA DE CAPES, BRASIL. PERIODO 01\/01\/2023-31\/01\/2023.<\/li>\n<li>AN\u00c1LISIS MATEM\u00c1TICO. DEL R\u00cdO FERN\u00c1NDEZ, HELENA. Tutor: MART\u00cdN, MIGUEL. CONTRATOS PREDOCTORALES FORMACION DOCTORES LEY 14\/2011 FPI-AEI. PROYECTO CEX2020-001105-M.<\/li>\n<li>AN\u00c1LISIS MATEM\u00c1TICO. LUNA VELASCO, PAULA. Tutor: RUIZ, DAVID. CONTRATOS PREDOCTORALES FORMACION DOCTORES LEY 14\/2011 FPI-AEI. PROYECTO CEX2020-001105-M.<\/li>\n<li>ESTAD\u00cdSTICA E INVESTIGACI\u00d3N OPERATIVA. RUEDA S\u00c1NCHEZ, JORGE LUIS. Tutor: RUEDA, M\u00aa MAR. CONTRATOS PREDOCTORALES FORMACION DOCTORES LEY 14\/2011 FPI-AEI. PROYECTO CEX2020-001105-M. PERIODO 15\/11\/23-15\/11\/25.<\/li>\n<li>AN\u00c1LISIS MATEM\u00c1TICO. MART\u00cdN ESCOLANO, GERARDO. Tutor: VILLENA, ARMANDO. CONTRATO PERSONAL INVESTIGADOR PREDOCTORAL EN FORMACION FPI-MdM. PROYECTO CEX2020-001105-M. PERIODO 30\/09\/2023-31\/12\/2025.<\/li>\n<li>M\u00c9TODOS CUANTITATIVOS PARA LA ECONOM\u00cdA Y LA EMPRESA. MART\u00cdNEZ, MIGUEL. Tutor: BLANCO, V\u00cdCTOR. CONTRATO PREDOCTORAL. PERIODO 11\/09\/23-31\/12\/24.<\/li>\n<li>MATEM\u00c1TICA APLICADA. VILLEGAS RECIO, JUAN ANTONIO. Tutor: FERN\u00c1NDEZ, LIDIA. CONTRATO PERSONAL INVESTIGADOR PREDOCTORAL EN FORMACION FPI-MdM. PROYECTO CEX2020-001105-M. PERIODO 27\/03\/23-31\/05\/27.<\/li>\n<li>M\u00c9TODOS CUANTITATIVOS PARA LA ECONOM\u00cdA Y LA EMPRESA. GONZ\u00c1LEZ, GABRIEL. Tutor: BLANCO, V\u00cdCTOR. CONTRATO PREDOCTORAL. PERIODO 04\/09\/23-31\/01\/25.<\/li>\n<li>GEOMETR\u00cdA Y TOPOLOG\u00cdA. BURGOS RODR\u00cdGUEZ, SA\u00daL ANDR\u00c9S. Tutor: S\u00c1NCHEZ, MIGUEL. CONTRATO PERSONAL INVESTIGADOR PREDOCTORAL EN FORMACION FPI-MdM. PROYECTO CEX2020-001105-M. PERIODO 17\/05\/2023-17\/05\/2026.<\/li>\n<li>ESTAD\u00cdSTICA E INVESTIGACI\u00d3N OPERATIVA. ORTIZ ALCAL\u00c1, HELENA. Tutor: AGUILERA, ANA. CONTRATO PERSONAL INVESTIGADOR PREDOCTORAL EN FORMACION FPI-MdM. PROYECTO CEX2020-001105-M. PERIODO 15\/11\/23-15\/11\/25.<\/li>\n<li>MATEM\u00c1TICA APLICADA. BEN\u00cdTEZ BERRAL, INMACULADA. Tutor: CA\u00d1IZO, JOS\u00c9 A. CONTRATOS PREDOCTORALES FORMACION DOCTORES LEY 14\/2011 FPI. PERIODO 09\/01\/23-31\/12\/26<\/li>\n<\/ul>\n<p>2022<\/p>\n<ul>\n<li>\u00c1LGEBRA. MESABLISHVILI, TAMAR. Tutor: G\u00d3MEZ TORRECILLAS, JOS\u00c9. CONTRATO PREDOCTORAL FUNDACI\u00d3N La Caixa. PERIODO 01\/12\/22-30\/09\/25.<\/li>\n<li>GEOMETR\u00cdA Y TOPOLOG\u00cdA. MEDAK, GREGORY. Tutor: FRANCISCO MART\u00cdN. CONTRATO PREDOCTORAL FONDOS AEI. Per\u00edodo 02\/09\/2022-31\/07\/2023.<\/li>\n<li>AN\u00c1LISIS MATEM\u00c1TICO. REYES, FRANCISCO JAVIER. Tutor: RUIZ, DAVID. CONTRATO PREDOCTORAL 2021 SEVERO OCHOA Y MARIA DE MAEZTU.<\/li>\n<li>ESTAD\u00cdSTICA E INVESTIGACI\u00d3N OPERATIVA. P\u00c9REZ ROMERO, GEMA. Tutor: DE AS\u00cdS TORRES RUIZ, FRANCISCO. CONTRATO PREDOCTORAL 2021 SEVERO OCHOA Y MARIA DE MAEZTU. Per\u00edodo 08\/09\/2022-07\/09\/2025.<\/li>\n<li>ESTAD\u00cdSTICA E INVESTIGACI\u00d3N OPERATIVA. VIDAL, MARC. Tutor: AGUILERA, ANA MAR\u00cdA. CONTRATO PREDOCTORAL. Per\u00edodo 01\/05\/2022-30\/06\/2022.<\/li>\n<li>GEOMETR\u00cdA Y TOPOLOG\u00cdA. GARC\u00cdA CANO, DANIEL. Tutor: MART\u00cdN SERRANO, FRANCISCO. CONTRATO PREDOCTORAL PLAN NACIONAL DE INVESTIGACI\u00d3N (BECAS F.P.I. PROYECTOS)<\/li>\n<li>GEOMETR\u00cdA Y TOPOLOG\u00cdA. MAR\u00cdN MU\u00d1OZ, DIEGO ALFONSO. Tutor: ESPINAR GARC\u00cdA, JOSE MAR\u00cdA Y P\u00c9REZ MU\u00d1OZ, JOAQU\u00cdN. CONTRATO PREDOCTORAL 2021 SEVERO OCHOA Y MARIA DE MAEZTU. PERIODO 01\/09\/22-01\/09\/27.<\/li>\n<li>GEOMETR\u00cdA Y TOPOLOG\u00cdA. HIDALGO CALDER\u00d3N, JORGE. Tutor: ALARC\u00d3N, ANTONIO. CONTRATO PREDOCTORAL PLAN DE LA JUNTA DE ANDALUC\u00cdA. PERIODO 01\/02\/22-31\/07\/26.<\/li>\n<li>GEOMETR\u00cdA Y TOPOLOG\u00cdA. VRHOVNIK, TJASA. Tutor: ALARC\u00d3N, ANTONIO. CONTRATO PREDOCTORAL PLAN NACIONAL DE INVESTIGACI\u00d3N (BECAS F.P.I. PROYECTOS). PERIODO 01\/09\/22-31\/12\/26.<\/li>\n<li>MATEM\u00c1TICA APLICADA. RECARTE CASTELLANOS, MARLON JOSU\u00c9. Tutor: P\u00c9REZ, TERESA. CONTRATO PREDOCTORAL BECA DE HONDURAS. PERIODO 26\/09\/2022-22\/09\/2023.<\/li>\n<li>MATEM\u00c1TICA APLICADA. OLIVA ZUNIGA, RUTH IDALIA. Tutor: P\u00c9REZ, TERESA E. CONTRATO PREDOCTORAL. PERIODO 01\/09\/22-31\/07\/25.<\/li>\n<li>MATEM\u00c1TICA APLICADA. TASSI, NICCOL\u00d3. Tutor: CA\u00d1IZO RINC\u00d3N, JOSE ALFREDO. CONTRATO PREDOCTORAL FUNDACI\u00d3N La Caixa INPhINT Incoming. PERIODO 30\/09\/22-30\/06\/26.<\/li>\n<li>ESTAD\u00cdSTICA E INVESTIGACI\u00d3N OPERATIVA. DE LA PE\u00d1A CUAO, ARNOLD. Tutor: TORRES, FRANCISCO. CONTRATO PREDOCTORAL BECA DE COLOMBIA. PERIODO 26\/03\/2022-30\/06\/2025.<\/li>\n<li>ESTAD\u00cdSTICA E INVESTIGACI\u00d3N OPERATIVA. ESCUDERO VILLA, AMALIA ISABEL. Tutor: ANGULO, JOS\u00c9 MIGUEL. CONTRATO PREDOCTORAL. PERIODO 18\/03\/2022-31\/10\/2022.<\/li>\n<\/ul>\n<p>2021<\/p>\n<ul>\n<li>GEOMETR\u00cdA Y TOPOLOG\u00cdA. FERN\u00c1NDEZ VILLASE\u00d1OR, FIDEL. Tutor: S\u00c1NCHEZ CAJA, MIGUEL. CONTRATO PREDOCTORAL FPU AEI. Per\u00edodo 01\/09\/2021-31\/07\/2025.<\/li>\n<li>GEOMETR\u00cdA Y TOPOLOG\u00cdA. HERV\u00c1S ANIORTE, JAVIER. Tutor: S\u00c1NCHEZ CAJA, MIGUEL. CONTRATOS PREDOCTORALES FORMACION DOCTORES LEY 14\/2011 FPI-AEI. PROYECTO CEX2020-001105-M. Per\u00edodo 01\/09\/2021-31\/08\/2025.<\/li>\n<li>GEOMETR\u00cdA Y TOPOLOG\u00cdA. TORRES SANTAELLA, JOS\u00c9 G. Tutor: S\u00c1NCHEZ CAJA, MIGUEL. CONTRATO PREDOCTORAL BECA DE CHILE. PERIODO: 18\/06\/2021-20\/06\/2022.<\/li>\n<li>MATEM\u00c1TICA APLICADA. LARA VELASCO, DAVID. Tutor: P\u00c9REZ, TERESA. CONTRATO PREDOCTORAL GARANT\u00cdA JUVENIL (JUNTA DE ANDALUC\u00cdA). PERIODO: 06\/04\/2021-01\/04\/2023.<\/li>\n<\/ul>\n<p>2020<\/p>\n<ul>\n<li>AN\u00c1LISIS MATEM\u00c1TICO. CASTILLO GODOY, MAR\u00cdA LUISA. Tutor: VILLENA MU\u00d1OZ, ARMANDO REYES. PLAN NACIONAL DE INVESTIGACI\u00d3N (BECAS F.P.U.). CONTRATO PREDOCTORAL LEY 14\/2011 01\/06\/2020-31\/03\/2023. PREDOCTORAL FPU18\/00419<\/li>\n<li>MATEM\u00c1TICA APLICADA. EDDARGANI, SALAH. Tutor: BARRERA ROSILLO, DOMINGO. CONTRATO PREDOCTORAL 01\/02\/2020-15\/12\/2021.<\/li>\n<li>ESTAD\u00cdSTICA E INVESTIGACI\u00d3N OPERATIVA. OVALLE MU\u00d1OZ, DIANA PAOLA. Tutora: RUIZ MEDINA, MARIA DOLORES. CONTRATO PREDOCTORAL COVOCATORIA 885-2020 Doctorados en el Exterior&#8221;, deL programa &#8220;Formaci\u00f3n de Alto Nivel&#8221; del Ministerio de Ciencias, Tecnolog\u00eda e<br \/>\nInnovaci\u00f3n (MINCIENCIAS) de la rep\u00fablica de Colombia.<\/li>\n<li>ESTAD\u00cdSTICA E INVESTIGACI\u00d3N OPERATIVA. URBANO LEON, CRISTHIAN LEONARDO. Tutores: ESCABIAS MACHUCA, MANUEL y AGUILERA, ANA MAR\u00cdA. CONVOCATORIA 885-2020 Doctorados en el Exterior&#8221;, del programa &#8220;Formaci\u00f3n de Alto Nivel&#8221; del Ministerio de Ciencias, Tecnolog\u00eda e Innovaci\u00f3n (MINCIENCIAS) de la rep\u00fablica de Colombia.<\/li>\n<\/ul>\n<p>2019<\/p>\n<ul>\n<li>AN\u00c1LISIS MATEM\u00c1TICO. QUERO DE LA ROSA, ALICIA. Tutor: MART\u00cdN SU\u00c1REZ, MIGUEL. PLAN NACIONAL DE INVESTIGACI\u00d3N (BECAS F.P.U.). CONTRATO PREDOCTORAL LEY 14\/2011 16\/09\/2019-15\/09\/2023. PREDOCTORAL FPU18\/03057<\/li>\n<li>ESTAD\u00cdSTICA E INVESTIGACI\u00d3N OPERATIVA. FERRI GARC\u00cdA, RAM\u00d3N. Tutora: RUEDA GARC\u00cdA, MAR\u00cdA DEL MAR. PLAN NACIONAL DE INVESTIGACI\u00d3N (BECAS F.P.U.). CONTRATO PREDOCTORAL LEY 14\/2011 10\/06\/2019-09\/06\/2023. PREDOCTORAL FPU17\/02177<\/li>\n<li>ESTAD\u00cdSTICA E INVESTIGACI\u00d3N OPERATIVA. ACAL GONZ\u00c1LEZ, CHRISTIAN JOSE. Tutora: AGUILERA DEL PINO, ANA MAR\u00cdA Y RUIZ CASTRO, JUAN ELOY. PLAN NACIONAL DE INVESTIGACI\u00d3N (BECAS F.P.U.) CONTRATO PREDOCTORAL LEY 14\/2011 16\/09\/2019-2\/07\/2021. PREDOCTORAL FPU18\/01779<\/li>\n<li>MATEM\u00c1TICA APLICADA. RAMOS LORA, ALEJANDRO. Tutor: CA\u00d1IZO RINC\u00d3N, JOS\u00c9 ALFREDO Y C\u00c1CERES GRANADOS, MAR\u00cdA JOS\u00c9. PLAN NACIONAL DE INVESTIGACI\u00d3N (BECAS F.P.I. PROYECTOS). CONTRATO PREDOCTORAL LEY 14\/2011 01\/09\/2019-31\/08\/2023. PREDOCTORAL PRE2018-086776<\/li>\n<li>MATEM\u00c1TICA APLICADA. GARZ\u00d3N MART\u00cdNEZ, MANUEL. Tutor: TORRES VILLARROYA, PEDRO JOS\u00c9. PLAN NACIONAL DE INVESTIGACI\u00d3N (BECAS F.P.I. PROYECTOS). CONTRATO PREDOCTORAL LEY 14\/2011 01\/07\/2019-30\/06\/2023. PREDOCTORAL PRE2018-083803<\/li>\n<li>GEOMETR\u00cdA Y TOPOLOG\u00cdA. POZUELO DOM\u00cdNGUEZ, JULI\u00c1N. Tutor: RITORE CORT\u00c9S, MANUEL MAR\u00cdA. PLAN NACIONAL DE INVESTIGACI\u00d3N (BECAS F.P.I. PROYECTOS). CONTRATO PREDOCTORAL LEY 14\/2011 01\/07\/2019-30\/06\/2023. PREDOCTORAL PRE2018-085603<\/li>\n<li>GEOMETR\u00cdA Y TOPOLOG\u00cdA. MOYA HINOJOSA, DAVID. Tutor: P\u00c9REZ MU\u00d1OZ, JOAQU\u00cdN. PLAN NACIONAL DE INVESTIGACI\u00d3N (BECAS F.P.I. PROYECTOS). CONTRATO PREDOCTORAL LEY 14\/2011 01\/09\/2019-31\/08\/2023. PREDOCTORAL PRE2018-084572<\/li>\n<\/ul>\n<p>2018<\/p>\n<ul>\n<li>GEOMETR\u00cdA Y TOPOLOG\u00cdA. MART\u00cdNEZ TRIVI\u00d1O, ANTONIO LUIS. Tutor: G\u00c1LVEZ L\u00d3PEZ, JOS\u00c9 ANTONIO. PLAN NACIONAL DE INVESTIGACI\u00d3N (BECAS F.P.I. PROYECTOS). CONTRATO PREDOCTORAL LEY 14\/2011 01\/07\/2018-30\/06\/2022. PREDOCTORAL BES-2017-080724<\/li>\n<\/ul>\n<p>2017<\/p>\n<ul>\n<li>AN\u00c1LISIS MATEM\u00c1TICO. L\u00d3PEZ MART\u00cdNEZ, SALVADOR. Tutor: ARCOYA \u00c1LVAREZ, DAVID. PLAN NACIONAL DE INVESTIGACI\u00d3N (BECAS F.P.I. PROYECTOS). CONTRATO PREDOCTORAL LEY 14\/2011 01\/04\/2017-29\/02\/2020. PREDOCTORAL BES-2016-078131<\/li>\n<li>AN\u00c1LISIS MATEM\u00c1TICO. RUEDA ZOCA, ABRAHAM. Tutor: L\u00d3PEZ P\u00c9REZ, GIN\u00c9S. PLAN NACIONAL DE INVESTIGACI\u00d3N (BECAS F.P.U.). CONTRATO PREDOCTORAL LEY 14\/2011 01\/10\/2017-30\/11\/2020. PREDOCTORAL FPU16\/00015<\/li>\n<li>GEOMETR\u00cdA Y TOPOLOG\u00cdA. CASTRO INFANTES, JES\u00daS. Tutora: RODR\u00cdGUEZ P\u00c9REZ, MAR\u00cdA MAGDALENA. PLAN NACIONAL DE INVESTIGACI\u00d3N (BECAS F.P.U.). CONTRATO PREDOCTORAL LEY 14\/2011 31\/10\/2017-30\/10\/2021. PREDOCTORAL FPU16\/03096<\/li>\n<\/ul>\n<p>2016<\/p>\n<ul>\n<li>MATEM\u00c1TICA APLICADA. SCHNEIDER , RICARDA. Tutor: C\u00c1CERES GRANADOS, MAR\u00cdA JOS\u00c9 Y MANTAS RUIZ, JOS\u00c9 MIGUEL. PLAN NACIONAL DE INVESTIGACI\u00d3N (BECAS F.P.I. PROYECTOS). PERIODO DE CONTRATO PREDOCTORAL 01\/12\/2016-31\/10\/2017. PREDOCTORAL BES-2012-057704<\/li>\n<\/ul>\n<p>2015<\/p>\n<ul>\n<li>ESTAD\u00cdSTICA E INVESTIGACI\u00d3N OPERATIVA. MIRANDA HUAYNALAYA, FELICITA DORIS. Tutora: RU\u00cdZ MEDINA, MAR\u00cdA DOLORES. PROGRAMA &#8220;Doctorado en el extranjero&#8221; otorgado por Inn\u00f3vate-Per\u00fa del Programa Nacional de Innovaci\u00f3n para la Competitividad y Productividad, Presidencia del Consejo de Ministros de Per\u00fa.<\/li>\n<li>MATEM\u00c1TICA APLICADA. ORTEGA BL\u00c1ZQUEZ, V\u00cdCTOR TORRES. Tutor: VILLARROYA, PEDRO JOS\u00c9. PLAN NACIONAL DE INVESTIGACI\u00d3N (BECAS F.P.I. PROYECTOS). CONTRATO PREDOCTORAL LEY 14\/2011 01\/12\/2015-30\/11\/2019. PREDOCTORAL BES-2015-074096<\/li>\n<li>\u00c1LGEBRA. CALVO CERVERA, MAR\u00cdA. Tutor: MART\u00cdNEZ CEGARRA, ANTONIO. PLAN NACIONAL DE INVESTIGACI\u00d3N (BECAS F.P.U.). PERIODO DE CONTRATO PREDOCTORAL 01\/03\/2015-01\/09\/2016. PREDOCTORAL FPU12\/01112<\/li>\n<li>GEOMETR\u00cdA Y TOPOLOG\u00cdA. BUENO LINARES, JES\u00daS ANTONIO. Tutor: G\u00c1LVEZ L\u00d3PEZ, JOS\u00c9 ANTONIO. PLAN NACIONAL DE INVESTIGACI\u00d3N (BECAS F.P.I. PROYECTOS). CONTRATO PREDOCTORAL LEY 14\/2011 01\/04\/2015-29\/03\/2019. PREDOCTORAL BES-2014-067663<\/li>\n<li>GEOMETR\u00cdA Y TOPOLOG\u00cdA. S\u00c1NCHEZ PELEGR\u00cdN, JOS\u00c9 ANTONIO. Tutor: S\u00c1NCHEZ CAJA, MIGUEL. PLAN NACIONAL DE INVESTIGACI\u00d3N (BECAS F.P.I. PROYECTOS). CONTRATO PREDOCTORAL LEY 14\/2011 01\/04\/2015-12\/03\/2018. PREDOCTORAL BES-2014-068969<\/li>\n<li>GEOMETR\u00cdA Y TOPOLOG\u00cdA. CASTRO INFANTES, ILDEFONSO. Tutor: ALRACON LOPEZ, ANTONIO. PLAN NACIONAL DE INVESTIGACI\u00d3N (BECAS F.P.I. PROYECTOS). CONTRATO PREDOCTORAL LEY 14\/2011 01\/12\/2015-23\/11\/2018. PREDOCTORAL BES-2015-071993<\/li>\n<\/ul>\n<p>2014<\/p>\n<ul>\n<li>AN\u00c1LISIS MATEM\u00c1TICO. MOLINO SALAS, ALEXIS. Tutor: ARCOYA \u00c1LVAREZ, DAVID. PLAN NACIONAL DE INVESTIGACI\u00d3N (BECAS F.P.I. PROYECTOS). CONTRATO PREDOCTORAL LEY 14\/2011 01\/01\/2014-31\/12\/2017. PREDOCTORAL BES-2013-066595<\/li>\n<li>ESTAD\u00cdSTICA E INVESTIGACI\u00d3N OPERATIVA. ROMERO BEJAR, JOS\u00c9 LUIS. Tutor: ANGULO IB\u00c1\u00d1EZ, JOS\u00c9 MIGUEL. PLAN NACIONAL DE INVESTIGACI\u00d3N (BECAS F.P.I. PROYECTOS). CONTRATO PREDOCTORAL LEY 14\/2011 01\/01\/2014-31\/12\/2017. PREDOCTORAL BES-2013-063644<\/li>\n<li>ESTAD\u00cdSTICA E INVESTIGACI\u00d3N OPERATIVA. \u00c1LVAREZ LIEBANA, JAVIER. Tutora: RU\u00cdZ MEDINA, MAR\u00cdA DOLORES. PLAN NACIONAL DE INVESTIGACI\u00d3N (BECAS F.P.I. PROYECTOS). CONTRATO PREDOCTORAL LEY 14\/2011 01\/09\/2014-31\/08\/2018. PREDOCTORAL BES-2013-066741<\/li>\n<li>ESTAD\u00cdSTICA E INVESTIGACI\u00d3N OPERATIVA. COBO RODRIGUEZ, BEATRIZ. Tutora: RUEDA GARC\u00cdA, MAR\u00cdA DEL MAR. PLAN NACIONAL DE INVESTIGACI\u00d3N (BECAS F.P.U.). CONTRATO PREDOCTORAL LEY 14\/2011 15\/09\/2014-14\/09\/2018. PREDOCTORAL FPU13\/02335<\/li>\n<li>GEOMETR\u00cdA Y TOPOLOG\u00cdA. P\u00c9REZ GARC\u00cdA, JES\u00daS. Tutor: MARTIN SERRANO, FRANCISCO. PLAN NACIONAL DE INVESTIGACI\u00d3N (BECAS F.P.I. PROYECTOS). PERIODO DE CONTRATO PREDOCTORAL 01\/12\/2014-31\/08\/2016. PREDOCTORAL BES-2012-055302<\/li>\n<\/ul>\n<p>2013<\/p>\n<ul>\n<li>AN\u00c1LISIS MATEM\u00c1TICO. MORENO M\u00c9RIDA, LOURDES. Tutor: ARCOYA \u00c1LVAREZ, DAVID. PLAN NACIONAL DE INVESTIGACI\u00d3N (BECAS F.P.U.). PERIODO DE CONTRATO PREDOCTORAL 01\/03\/2013-28\/02\/2017. PREDOCTORAL FPU12\/02395<\/li>\n<li>AN\u00c1LISIS MATEM\u00c1TICO. L\u00d3PEZ SORIANO, RAFAEL. Tutor: RU\u00cdZ AGUILAR, DAVID. PLAN NACIONAL DE INVESTIGACI\u00d3N (BECAS F.P.I. PROYECTOS). PERIODO DE CONTRATO PREDOCTORAL 01\/08\/2013-31\/07\/2017. PREDOCTORAL BES-2012-058429<\/li>\n<li>\u00c1LGEBRA. L\u00d3PEZ CENTELLA, ESPERANZA. Tutor: G\u00d3MEZ TORRECILLAS, JOS\u00c9. PLAN NACIONAL DE INVESTIGACI\u00d3N (BECAS F.P.I. PROYECTOS). PERIODO DE CONTRATO PREDOCTORAL 01\/09\/2013- 31\/08\/2015. PREDOCTORAL BES-2011-044383<\/li>\n<li>GEOMETR\u00cdA Y TOPOLOG\u00cdA. SALAMANCA JURADO, JUAN JES\u00daS. Tutor: S\u00c1NCHEZ CAJA, MIGUEL. PLAN NACIONAL DE INVESTIGACI\u00d3N (BECAS F.P.I. PROYECTOS). PERIODO DE CONTRATO PREDOCTORAL 01\/09\/2013-31\/08\/2015. PREDOCTORAL BES-2011-043770<\/li>\n<li>GEOMETR\u00cdA Y TOPOLOG\u00cdA. TERUEL CARRETERO, JOS\u00c9 LUIS. Tutor: G\u00c1LVEZ L\u00d3PEZ, JOS\u00c9 ANTONIO. PLAN NACIONAL DE INVESTIGACI\u00d3N (BECAS F.P.I. PROYECTOS). PERIODO DE CONTRATO PREDOCTORAL 01\/09\/2013-31\/08\/2015. PREDOCTORAL BES-2011-043771<\/li>\n<li>GEOMETR\u00cdA Y TOPOLOG\u00cdA. CASTRO D\u00cdAZ, KATHERINE. Tutor: RITORE CORT\u00c9S, MANUEL MAR\u00cdA. PLAN NACIONAL DE INVESTIGACI\u00d3N (BECAS F.P.I. PROYECTOS). PERIODO DE CONTRATO PREDOCTORAL 01\/10\/2013-12\/02\/2016. PREDOCTORAL BES-2011-047966<\/li>\n<li>\u00c1LGEBRA. ALARC\u00d3N HEREDIA, BENJAM\u00cdN. Tutor: MART\u00cdNEZ CEGARRA, ANTONIO. PLAN NACIONAL DE INVESTIGACI\u00d3N (BECAS F.P.U.). PERIODO DE CONTRATO PREDOCTORAL 01\/12\/2013-01\/09\/2015. PREDOCTORAL AP2010-3521<\/li>\n<\/ul>\n","protected":false},"excerpt":{"rendered":"<p>RESEARCHERS GARRIZ MOLINA, ALEJANDRO GARC\u00cdA DE MARINA PEINADO, H\u00c9CTOR JES\u00daS BAUTISTA VILLAR, JES\u00daS. HINOJOSA HIDALGO, JOS\u00c9 VELA, DIEGO XU, YANG POSTDOC CONTRACTS 2025 MATEM\u00c1TICA APLICADA. EDDARGANI, SALAH. Tutor: BARRERA, DOMINGO. CONTRATO POSTDOCTORAL PROYECTO MDM. PERIODO 15\/01\/2025-31\/03\/2026. GEOMETR\u00cdA Y TOPOLOG\u00cdA. TASSI, MARCOS PAULO. G\u00c1LVEZ L\u00d3PEZ, JOS\u00c9 ANTONIO. CONTRATO POSTDOCTORAL. PERIODO 13\/02\/2025-30\/06\/2026.<span class=\"more-link\"><a href=\"https:\/\/wpd.ugr.es\/~imag\/predocs-and-postdocs\/\">Continue Reading<\/a><\/span><\/p>\n","protected":false},"author":1,"featured_media":0,"parent":0,"menu_order":0,"comment_status":"closed","ping_status":"closed","template":"","meta":{"footnotes":""},"translation":{"provider":"WPGlobus","version":"3.0.0","language":"en","enabled_languages":["en"],"languages":{"en":{"title":true,"content":true,"excerpt":false}}},"_links":{"self":[{"href":"https:\/\/wpd.ugr.es\/~imag\/wp-json\/wp\/v2\/pages\/6777"}],"collection":[{"href":"https:\/\/wpd.ugr.es\/~imag\/wp-json\/wp\/v2\/pages"}],"about":[{"href":"https:\/\/wpd.ugr.es\/~imag\/wp-json\/wp\/v2\/types\/page"}],"author":[{"embeddable":true,"href":"https:\/\/wpd.ugr.es\/~imag\/wp-json\/wp\/v2\/users\/1"}],"replies":[{"embeddable":true,"href":"https:\/\/wpd.ugr.es\/~imag\/wp-json\/wp\/v2\/comments?post=6777"}],"version-history":[{"count":119,"href":"https:\/\/wpd.ugr.es\/~imag\/wp-json\/wp\/v2\/pages\/6777\/revisions"}],"predecessor-version":[{"id":13699,"href":"https:\/\/wpd.ugr.es\/~imag\/wp-json\/wp\/v2\/pages\/6777\/revisions\/13699"}],"wp:attachment":[{"href":"https:\/\/wpd.ugr.es\/~imag\/wp-json\/wp\/v2\/media?parent=6777"}],"curies":[{"name":"wp","href":"https:\/\/api.w.org\/{rel}","templated":true}]}}