{"id":7661,"date":"2021-10-28T19:27:51","date_gmt":"2021-10-28T17:27:51","guid":{"rendered":"https:\/\/wpd.ugr.es\/~iemath\/?page_id=7661"},"modified":"2023-01-02T14:22:52","modified_gmt":"2023-01-02T13:22:52","slug":"imag-maria-de-maeztu-predocs","status":"publish","type":"page","link":"https:\/\/wpd.ugr.es\/~imag\/imag-maria-de-maeztu-predocs\/","title":{"rendered":"IMAG &#8211; Maria de Maeztu Predocs"},"content":{"rendered":"<p><!--\n\n\n\n<div style=\"border:solid 3px black TYPE #solid;padding:1.2em;\">\n<em><strong>Closed call for application<\/strong>. We shall be holding a new call shortly, and the legal guidelines for participation will be available soon.<\/em>\n<\/div>\n\n\n\n--><\/p>\n<p>IMAG offers the following predoctoral contracts in the framework of the Seal of Excellence Mar\u00eda de Maeztu CEX2020-001105-M. <\/p>\n<ol>\n<li><strong>Contracts within the &#8220;Programa de Ayudas para Contratos Predoctorales para la Formaci\u00f3n de Doctores 2022, subprograma de proyectos Severo Ochoa y Mar\u00eda de Maeztu Predoctoral 2022&#8221;<\/strong><\/li>\n<p>Each contract will be for four years and its objective is to carry out a doctoral thesis within the research lines of the project, under the direction of one of the members of the team (not necessarily the principal investigator of the line indicated below).<\/p>\n<p>The deadline for submission of applications for participation is from January 12 to 26, 2023.<\/p>\n<ul>\n<li> Linear and non-linear infinite-dimensional analysis I <br \/>\nSUBJECT AREA (AEI classification) : Mathematical Sciences<br \/>\nNUMBER OF CONTRACTS : 1<br \/>\nPRINCIPAL INVESTIGATOR : Miguel Mart\u00edn Su\u00e1rez\n<\/li>\n<li> Linear and non-linear infinite-dimensional analysis II <br \/>\nSUBJECT AREA (AEI classification) : Mathematical Sciences<br \/>\nNUMBER OF CONTRACTS : 1<br \/>\nPRINCIPAL INVESTIGATOR : Gin\u00e9s L\u00f3pez P\u00e9rez\n<\/li>\n<li>\n Geometric and Physical shape<br \/>\nSUBJECT AREA (AEI classification) : Mathematical Sciences<br \/>\nNUMBER OF CONTRACTS : 1<br \/>\nPRINCIPAL RESEARCHER : Miguel S\u00e1nchez Caja\n<\/li>\n<li> Modelling and Differential equations <br \/>\nSUBJECT AREA (AEI classification) : Mathematical Sciences<br \/>\nNUMBER OF CONTRACTS : 1<br \/>\nPRINCIPAL RESEARCHER : Francisco Gancedo Garc\u00eda\n<\/li>\n<li> Statistics and Operational research <br \/>\nSUBJECT AREA (AEI classification) : Mathematical Sciences<br \/>\nNUMBER OF CONTRACTS : 1<br \/>\nPRINCIPAL RESEARCHER : Mar\u00eda del Mar Rueda Garc\u00eda\n<\/li>\n<\/ul>\n<p>For more information about this call, see <a href=\"https:\/\/www.aei.gob.es\/convocatorias\/buscador-convocatorias\/ayudas-contratos-predoctorales-formacion-doctoresas-2022\">here<\/a>.<\/br><\/p>\n<\/li>\n<li><strong>Contracts directly associated to the MdM grant CEX2020-001105-M<\/strong>: &#8220;Resoluci\u00f3n de 27  de octubre de 2022, de la Universidad de Granada, por la que se aprueba la convocatoria, correspondiente al a\u00f1o 2022, de ayudas para contratos predoctorales con cargo a la Unidad de Excelencia \u201cMar\u00eda de Maeztu\u201d IMAG CEX2020-001105-M de la Universidad de Granada&#8221;\n<p>Each contract will carry out a doctoral thesis within the research lines of one specific project at IMAG, the Institute of Mathematics of the University of Granada. The purpose of the grants is the initial training of researchers by financing employment contracts, under the predoctoral contract modality, so that researchers in training can carry out a doctoral thesis associated with a line of research.<\/p>\n<p>Research lines of this call:<\/p>\n<ul>\n<li>\u00c1lgebras de operadores y C*-\u00e1lgebras.<br \/>\nPRINCIPAL INVESTIGATOR: Armando Villena Mu\u00f1oz<br \/>\nPREFERRED DEGREES: master&#8217;s degree courses and degrees\/bachelor&#8217;s degree in Mathematics <\/li>\n<li>An\u00e1lisis estad\u00edstico de datos y aplicaciones<br \/>\nPRINCIPAL INVESTIGATOR:  Mar\u00eda del Mar Rueda<br \/>\nPREFERRED DEGREES: master&#8217;s degree courses and degrees\/bachelor&#8217;s degree in Statistics<\/li>\n<li>Geometr\u00eda semi-riemanniana con baja regularidad<br \/>\nPRINCIPAL INVESTIGATOR: Miguel S\u00e1nchez Caja<br \/>\nPREFERRED DEGREES: master&#8217;s degree courses and degrees\/bachelor&#8217;s degree in Mathematics<\/li>\n<li>Polinomios ortogonales en varias variables y sus aplicaciones<br \/>\nPRINCIPAL INVESTIGATOR: Lidia Fern\u00e1ndez Rodr\u00edguez<br \/>\nPREFERRED DEGREES:  master&#8217;s degree courses and degrees\/bachelor&#8217;s degree in Mathematics<\/li>\n<\/ul>\n<p>For more information about this call, see <a href=\"https:\/\/investigacion.ugr.es\/recursos-humanos\/otras-convocatorias\/2022\/imag\">here<\/a>.<\/br><\/p>\n<\/li>\n<li><strong>Contracts within the &#8220;Programa de Ayudas para Contratos Predoctorales para la Formaci\u00f3n de Doctores 2021, subprograma de proyectos Severo Ochoa y Mar\u00eda de Maeztu Predoctoral 2021&#8221;<\/strong>\n<p>Each contract will be for four years and its objective is to carry out a doctoral thesis within the research lines of the project, under the direction of one of the members of the team (not necessarily the principal investigator of the line indicated below).<\/p>\n<p>Applicants may be anyone who is enrolled or admitted in a doctoral program for the 2021\/2022 academic year, at the time of submission of the application. Applicants may also be those who, at the time of application, are not enrolled or admitted in a doctoral program, but are ready to be enrolled or admitted on the date on which the contract is formalized (probably in the summer of 2022).<\/p>\n<p>The deadline for submission of applications for participation is from October 28 to November 11, 2021 at 14:00 hours (Spanish peninsular time).<\/p>\n<ul>\n<li>CONTRACT REFERENCE: CEX2020-001105-M-21-1<br \/>\nPRIORITY LINE OF THE RESEARCH PROGRAM OF THE CENTER\/UNIT : Modelling and Differential equations<br \/>\nSUBJECT AREA (AEI classification) : Mathematical Sciences<br \/>\nNUMBER OF CONTRACTS : 1<br \/>\nPRINCIPAL INVESTIGATOR : David Ruiz Aguilar\n<\/li>\n<li>CONTRACT REFERENCE: CEX2020-001105-M-21-2<br \/>\nPRIORITY LINE OF RESEARCH PROGRAM OF THE CENTER\/UNIT : Geometric and Physical shapes<br \/>\nSUBJECT AREA (AEI classification) : Mathematical Sciences<br \/>\nNUMBER OF CONTRACTS : 1<br \/>\nPRINCIPAL INVESTIGATOR : Joaqu\u00edn P\u00e9rez Mu\u00f1oz\n<\/li>\n<li>CONTRACT REFERENCE: CEX2020-001105-M-21-3<br \/>\nPRIORITY LINE OF THE RESEARCH PROGRAM OF THE CENTER\/UNIT : Statistics and Operational research<br \/>\nSUBJECT AREA (AEI classification) : Mathematical Sciences<br \/>\nNUMBER OF CONTRACTS : 1<br \/>\nPRINCIPAL RESEARCHER : Ana Aguilera del Pino\n<\/li>\n<\/ul>\n<p>Interested persons are kindly requested to contact the principal investigator of the line associated to each contract for any clarification regarding the contract:<br \/>\nJoaqu\u00edn P\u00e9rez Mu\u00f1oz: jperez@ugr.es<br \/>\nDavid Ruiz Aguilar: daruiz@ugr.es<br \/>\nAna Aguilera del Pino: aaguiler@ugr.es<\/p>\n<p>For more information about this call, see <a href=\"http:\/\/www.aei.gob.es\/portal\/site\/MICINN\/menuitem.791459a43fdf738d70fd325001432ea0\/?vgnextoid=4c6c68d98570c710VgnVCM1000001d04140aRCRD&#038;vgnextchannel=305938bc8423c710VgnVCM1000001d04140aRCRD&#038;vgnextfmt=formato2&#038;id3=276c68d98570c710VgnVCM1000001d04140a____\" rel=\"noopener\" target=\"_blank\">here<\/a>.\n<\/li>\n<\/ol>\n","protected":false},"excerpt":{"rendered":"<p>IMAG offers the following predoctoral contracts in the framework of the Seal of Excellence Mar\u00eda de Maeztu CEX2020-001105-M. Contracts within the &#8220;Programa de Ayudas para Contratos Predoctorales para la Formaci\u00f3n de Doctores 2022, subprograma de proyectos Severo Ochoa y Mar\u00eda de Maeztu Predoctoral 2022&#8221; Each contract will be for four<span class=\"more-link\"><a href=\"https:\/\/wpd.ugr.es\/~imag\/imag-maria-de-maeztu-predocs\/\">Continue Reading<\/a><\/span><\/p>\n","protected":false},"author":1,"featured_media":0,"parent":0,"menu_order":0,"comment_status":"closed","ping_status":"closed","template":"","meta":{"footnotes":""},"translation":{"provider":"WPGlobus","version":"3.0.0","language":"en","enabled_languages":["en"],"languages":{"en":{"title":true,"content":true,"excerpt":false}}},"_links":{"self":[{"href":"https:\/\/wpd.ugr.es\/~imag\/wp-json\/wp\/v2\/pages\/7661"}],"collection":[{"href":"https:\/\/wpd.ugr.es\/~imag\/wp-json\/wp\/v2\/pages"}],"about":[{"href":"https:\/\/wpd.ugr.es\/~imag\/wp-json\/wp\/v2\/types\/page"}],"author":[{"embeddable":true,"href":"https:\/\/wpd.ugr.es\/~imag\/wp-json\/wp\/v2\/users\/1"}],"replies":[{"embeddable":true,"href":"https:\/\/wpd.ugr.es\/~imag\/wp-json\/wp\/v2\/comments?post=7661"}],"version-history":[{"count":30,"href":"https:\/\/wpd.ugr.es\/~imag\/wp-json\/wp\/v2\/pages\/7661\/revisions"}],"predecessor-version":[{"id":7663,"href":"https:\/\/wpd.ugr.es\/~imag\/wp-json\/wp\/v2\/pages\/7661\/revisions\/7663"}],"wp:attachment":[{"href":"https:\/\/wpd.ugr.es\/~imag\/wp-json\/wp\/v2\/media?parent=7661"}],"curies":[{"name":"wp","href":"https:\/\/api.w.org\/{rel}","templated":true}]}}