{"id":7837,"date":"2021-11-25T20:09:33","date_gmt":"2021-11-25T19:09:33","guid":{"rendered":"https:\/\/wpd.ugr.es\/~imag\/?page_id=7837"},"modified":"2026-03-07T08:51:10","modified_gmt":"2026-03-07T07:51:10","slug":"outreach-program","status":"publish","type":"page","link":"https:\/\/wpd.ugr.es\/~imag\/outreach-program\/","title":{"rendered":"Colloquiums"},"content":{"rendered":"<p>For researchers from different areas and advanced students, apart from the seminars and minicourses of the different research areas at IMAG, Colloquiums comprises talks given by recognized researchers. Some of these talks have been organized jointly with IMUS (Univ. Seville) and Dep. Geometry and Topology (Univ. Malaga):<\/p>\n<ul>\n<li><strong>20 de Marzo 2026 (Coloquio IMAG).<\/strong> Conferenciante: Luca Fanelli (BCAM &#8211; UPV\/EHU). T\u00edtulo: Virial Identities: From Newton to Dirac. <a href=\"https:\/\/wpd.ugr.es\/~imag\/events\/event\/colloquio-imag-virial-identities-from-newton-to-dirac\/\" target=\"_blank\" rel=\"noopener\">Informaci\u00f3n<\/a><\/li>\n<li><strong>21 de Marzo 2025 (Coloquio IMAG).<\/strong> Conferenciante: Filippo Bracci (Universit\u00e0 di Roma Tor Vergata). T\u00edtulo: The Beurling theorem for finite index shifts and the invariant subspace problem.<\/li>\n<li><strong>15 de Noviembre 2024 (Coloquio GeoTop Granada-M\u00e1laga)\u00a0<\/strong>M\u00e1s informaci\u00f3n: <a href=\"https:\/\/canal.ugr.es\/evento\/ii-coloquio-de-geometria-y-topologia-granada-malaga\/\">https:\/\/canal.ugr.es\/evento\/ii-coloquio-de-geometria-y-topologia-granada-malaga\/<\/a>\n<ul>\n<li style=\"list-style-type: none;\">\n<ul>\n<li>Conferenciante: Francisco Torralbo (Universidad de Granada). T\u00edtulo: Topolog\u00eda de subvariedades m\u00ednimas compactas<\/li>\n<li>Conferenciante: Antonio D\u00edaz Ramos (Universidad de M\u00e1laga). T\u00edtulo: La conjetura de Quillen para los grupos unitarios<\/li>\n<\/ul>\n<\/li>\n<\/ul>\n<\/li>\n<li><strong>18 de Junio 2024 (Coloquio IMAG).<\/strong> Conferenciante: Javier G\u00f3mez Serrano (Brown University). T\u00edtulo: <a href=\"https:\/\/wpd.ugr.es\/~imag\/?post_type=event&amp;p=11274&amp;preview=true\" target=\"_blank\" rel=\"noopener\">Self-Similar Blow up Profiles for Fluids via Machine Learning<\/a><\/li>\n<li><strong>3 de Mayo 2024 (Coloquio GeoTop Granada-M\u00e1laga)<\/strong>\n<ul>\n<li>Conferenciante: Jos\u00e9 Antonio G\u00e1lvez (Universidad de Granada). T\u00edtulo: Superficies de curvatura no positiva en la esfera tridimensional<\/li>\n<li>Conferenciante: Aniceto Murillo Mas (Universidad de M\u00e1laga). T\u00edtulo: \u00c1lgebras de Lie en Topolog\u00eda<\/li>\n<\/ul>\n<\/li>\n<\/ul>\n<ul>\n<li><strong>25 de Abril 2024 (Coloquio IMAG).<\/strong> Conferenciante: Mar\u00eda Dolores Ugarte (Universidad P\u00fablica de Navarra). T\u00edtulo: <a href=\"https:\/\/wpd.ugr.es\/~imag\/events\/event\/exploring-areal-data-models-applications-and-future-directions\/\" target=\"_blank\" rel=\"noopener\">Exploring areal data: models, applications, and future directions<\/a>.<\/li>\n<li><strong>2 de Octubre 2023 (Coloquio IMAG).<\/strong> Conferenciante: Carmen Molina-Par\u00eds (University of Leeds). T\u00edtulo: <a href=\"https:\/\/wpd.ugr.es\/~imag\/events\/event\/una-historia-de-co-infeccion-co-transmision-y-co-alimentacion-como-calcular-un-numero-reproductivo-de-invasion\/\">Una historia de co-infecci\u00f3n, co-transmisi\u00f3n y co-alimentaci\u00f3n: c\u00f3mo calcular un n\u00famero reproductivo de invasi\u00f3n<\/a>.<\/li>\n<li><strong>13 de Abril 2023 (Coloquio IMAG).<\/strong> Conferenciante: Antonio C\u00f3rdoba (Universidad Aut\u00f3noma de Madrid). T\u00edtulo: <a href=\"https:\/\/wpd.ugr.es\/~imag\/events\/event\/coloquio-imag-antonio-cordoba\/\">Per\u00edmetro finito y diferenciabilidad: superficies minimales<\/a>.<\/li>\n<li><strong>20 de Mayo 2022 (Coloquio IMAG).<\/strong> Conferenciante: Xavier Ros-Oton (ICREA and University of Barcelona). T\u00edtulo: <a href=\"https:\/\/canal.ugr.es\/evento\/coloquio-de-matematicas-regularity-of-interfaces-in-the-stefan-problem\/\">Regularity of interfaces in the Stefan problem<\/a>.<\/li>\n<li><strong>16 de Febrero 2018 (Coloquio IMAG).<\/strong> Conferenciante: Ulrich Pinkall (Technische Universit\u00e4t Berlin). T\u00edtulo: Schr\u00f6dinger\u2019s Smoke.<\/li>\n<li><strong>17 de Noviembre 2017 (Coloquio IMAG).<\/strong> Conferenciante: Ulrich Krause (Universit\u00e4t Bremen). T\u00edtulo: <a href=\"https:\/\/wpd.ugr.es\/~imag\/events\/event\/charlas-abiertas-ulrich-krause\/\">The Formation of Swarms as a Consensus Problem<\/a>.<\/li>\n<li><strong>17 de Febrero 2017 (Coloquio IMAG).<\/strong> Conferenciante: Pieter Moree (Max Planck Institute for Mathematics, Bonn). T\u00edtulo: The multiplicative order.<\/li>\n<li><strong>15 de Febrero 2016 (Coloquio IMAG).<\/strong> Conferenciante: Camilo de Lellis (Universit\u00e4t Z\u00fcrich). T\u00edtulo: <a href=\"https:\/\/wpd.ugr.es\/~imag\/events\/event\/charlas-abiertas-de-matematicas-camilo-de-lellis\/\">Regularity and singularity of area-minimizing surfaces<\/a>.<\/li>\n<li><strong>20 de Noviembre 2015 (Coloquio IMAG).<\/strong> Conferenciante: Jos\u00e9 Antonio Carrillo (Imperial College London). T\u00edtulo: Modelos de comportamiento colectivo: perspectivas matem\u00e1ticas.<\/li>\n<\/ul>\n<hr \/>\n<h4>Coloquio &#8220;Jos\u00e9 Mendoza de los R\u00edos&#8221;<\/h4>\n<p>El programa <strong>Charlas Abiertas de Matem\u00e1ticas &#8211; Coloquio &#8220;Jos\u00e9 Mendoza de los R\u00edos&#8221;<\/strong> consiste en una serie de conferencias destinadas a un p\u00fablico amplio. Est\u00e1 conjuntamente organizado con el Instituto de Matem\u00e1ticas de la Universidad de Sevilla (IMUS).<\/p>\n<p><strong>Calendario de conferencias de 2020:<\/strong><\/p>\n<ul>\n<li>10 de julio de 2020. Conferenciante: Barbara Niethammer (Universidad de Bonn) . T\u00edtulo: The classical coagulation equation: gelation, self-similarity and oscillations<\/li>\n<li>25 septiembre de 2020. Conferenciante: Juan Gonz\u00e1lez-Meneses L\u00f3pez (Universidad de Sevilla). T\u00edtulo: Teor\u00eda de grupos y geometr\u00eda: un viaje de ida y vuelta<\/li>\n<\/ul>\n<p><strong>Calendario de conferencias de 2019:<\/strong><\/p>\n<ul>\n<li>18 de enero de 2019. Conferenciante: Laurent Hauswirth (Universit\u00e9 Paris-Est Marne-La-Vall\u00e9e) . T\u00edtulo: Geometr\u00eda en arquitectura<\/li>\n<\/ul>\n<p><strong>Calendario de conferencias de 2018:<\/strong><\/p>\n<ul>\n<li>19 de octubre de 2018. Conferenciante: Nassif Ghoussoub (U. British Columbia). T\u00edtulo: &#8220;A Theory of Mass Transfers and its ramifications<\/li>\n<\/ul>\n<p><strong>Calendario de conferencias de 2017:<\/strong><\/p>\n<ul>\n<li>13 de enero de 2017. Conferenciante: Francisco Herrera (Universidad de Granada). T\u00edtulo: &#8220;Big Data: Datos y tecnolog\u00eda, aprendizaje autom\u00e1tico y modelos matem\u00e1ticos&#8221;<\/li>\n<li>10 de febrero de 2017. Conferenciante: Pieter Moree (Max Planck Institute for Mathematics, Bonn). T\u00edtulo: &#8220;The multiplicative order&#8221;<\/li>\n<li>23 de junio de 2017. Conferenciante: Irene M. Gamba (University of Texas at Austin). T\u00edtulo: &#8220;Modelos cin\u00e9ticos de interacciones de tipo colisional: an\u00e1lisis y simulaciones num\u00e9ricas&#8221;<\/li>\n<li>13 de octubre de 2017. Conferenciante: Michael Struwe (ETH Zurich). T\u00edtulo: &#8220;<i>Bubbling<\/i> solutions of Liouville\u2019s equation&#8221;<\/li>\n<li>1 de diciembre de 2017. Conferenciante: Antonio J. Dur\u00e1n (Universidad de Sevilla). T\u00edtulo: &#8220;Bispectrality: a way to expand the<br \/>\nspecial functions paradise&#8221;<\/li>\n<\/ul>\n<p><strong>Calendario de conferencias de 2016:<\/strong><\/p>\n<ul>\n<li>16 de febrero de 2016. Conferenciante: Ulrich Pinkall (Technische Universit\u00e4t Berlin, Alemania). T\u00edtulo: &#8220;Schr\u00f6dinger&#8217;s Smoke<\/li>\n<li>1 de abril de 2016. Conferenciante: Francisco Gancedo Garcia (Universidad de Sevilla). T\u00edtulo: &#8220;Qui\u00e9n dijo que las mates no son fluidas&#8221;<\/li>\n<li>20 de mayo de 2016. Conferenciante: Jean Mahwin (Universit\u00e9 Catholique de Louvain). T\u00edtulo: &#8220;Difference vs differential equations: some case stories&#8221;<\/li>\n<li>3 de noviembre de 2016. Conferenciante: Emilio Carrizosa (Universidad de Sevilla \/ IMUS). T\u00edtulo: &#8220;Herramientas de Optimizaci\u00f3n Matem\u00e1tica para Visualizaci\u00f3n&#8221;<\/li>\n<\/ul>\n","protected":false},"excerpt":{"rendered":"<p>For researchers from different areas and advanced students, apart from the seminars and minicourses of the different research areas at IMAG, Colloquiums comprises talks given by recognized researchers. Some of these talks have been organized jointly with IMUS (Univ. Seville) and Dep. Geometry and Topology (Univ. Malaga): 20 de Marzo<span class=\"more-link\"><a href=\"https:\/\/wpd.ugr.es\/~imag\/outreach-program\/\">Continue Reading<\/a><\/span><\/p>\n","protected":false},"author":1,"featured_media":0,"parent":0,"menu_order":0,"comment_status":"closed","ping_status":"closed","template":"","meta":{"footnotes":""},"translation":{"provider":"WPGlobus","version":"3.0.0","language":"en","enabled_languages":["en"],"languages":{"en":{"title":true,"content":true,"excerpt":false}}},"_links":{"self":[{"href":"https:\/\/wpd.ugr.es\/~imag\/wp-json\/wp\/v2\/pages\/7837"}],"collection":[{"href":"https:\/\/wpd.ugr.es\/~imag\/wp-json\/wp\/v2\/pages"}],"about":[{"href":"https:\/\/wpd.ugr.es\/~imag\/wp-json\/wp\/v2\/types\/page"}],"author":[{"embeddable":true,"href":"https:\/\/wpd.ugr.es\/~imag\/wp-json\/wp\/v2\/users\/1"}],"replies":[{"embeddable":true,"href":"https:\/\/wpd.ugr.es\/~imag\/wp-json\/wp\/v2\/comments?post=7837"}],"version-history":[{"count":22,"href":"https:\/\/wpd.ugr.es\/~imag\/wp-json\/wp\/v2\/pages\/7837\/revisions"}],"predecessor-version":[{"id":13807,"href":"https:\/\/wpd.ugr.es\/~imag\/wp-json\/wp\/v2\/pages\/7837\/revisions\/13807"}],"wp:attachment":[{"href":"https:\/\/wpd.ugr.es\/~imag\/wp-json\/wp\/v2\/media?parent=7837"}],"curies":[{"name":"wp","href":"https:\/\/api.w.org\/{rel}","templated":true}]}}