{"id":7877,"date":"2021-11-25T21:00:07","date_gmt":"2021-11-25T20:00:07","guid":{"rendered":"https:\/\/wpd.ugr.es\/~imag\/?page_id=7877"},"modified":"2023-03-06T09:28:59","modified_gmt":"2023-03-06T08:28:59","slug":"home","status":"publish","type":"page","link":"https:\/\/wpd.ugr.es\/~imag\/","title":{"rendered":"Home"},"content":{"rendered":"<div class=\"one_third\">\n<h3>Courses and Seminars<\/h3>\n<p><article class=\"eo-event eo-event-cat-seminar eo-event-cat-imag eo-event-future\" style=\"border-left:5px solid #1F753C\">\n\t\t<time datetime='2026-05-14'><span class='month'>May<\/span> <span class='day' style='color:#15512a'>14<\/span> <span class='hour'>10:00<\/span><\/time>\t\t\t\t<\/p>\n<h2>\n\t\t\t<a \thref=\"https:\/\/wpd.ugr.es\/~imag\/events\/event\/discrete-chaos-for-non-conservative-nonlinear-coupled-oscillators\/\" title=\"Discrete chaos for non-conservative nonlinear coupled oscillators\" style=\"color:#1F753C\">Discrete chaos for non-conservative nonlinear coupled oscillators<\/a><br \/>\n\t\t<\/h2>\n<div class=\"event-list-metadata\"><span class=\"event-speaker\">Stephano Disca<\/span><\/p>\n<div class=\"event-room\">Seminario Laplace (Segunda Planta), IMAG<\/div>\n<\/div>\n<\/article>\n<article class=\"eo-event eo-event-cat-conference eo-event-cat-seminar eo-event-cat-imag eo-event-future eo-multi-day eo-all-day\" style=\"border-left:5px solid #CC3333\">\n\t\t<time datetime='2026-05-28'><span class='month'>May<\/span> <span class='day' style='color:#8e2323'>28<\/span> <\/time> &raquo; <time datetime='2026-05-29'><span class='day' style='color:#8e2323'>29<\/span> <span class='year'>2026<\/span><\/time>\t\t\t\t<\/p>\n<h2>\n\t\t\t<a \thref=\"https:\/\/wpd.ugr.es\/~imag\/events\/event\/enbis-spring-meeting-2026\/\" title=\"ENBIS Spring Meeting 2026\" style=\"color:#CC3333\">ENBIS Spring Meeting 2026<\/a><br \/>\n\t\t<\/h2>\n<div class=\"event-list-metadata\">\n<div class=\"event-room\">Sala de Conferencias &#038; Seminario 1, IMAG<\/div>\n<p><span class=\"event-venue\"><\/span><\/p>\n<p>Granada, Spain, May 28-29, 2026 Reliability, maintenance and safety in the data-driven era In a context of increasing system complexity, digital transformation, and growing societal demands for safety, resilience, vulnerability reduction, and sustainability, the field of reliability and maintenance engineering is undergoing a profound evolution. This year\u2019s Spring Meeting aims<span class=\"more-link\"><a href=\"https:\/\/wpd.ugr.es\/~imag\/events\/event\/enbis-spring-meeting-2026\/\">Continue Reading<\/a><\/span><\/p>\n<\/div>\n<\/article>\n<ul>\n<li><a href=\"http:\/\/www.ugr.es\/~doctomat\/\"> Programa de Postgrado en Matem\u00e1ticas Curso: M\u00e1ster y Doctorado <\/a><\/li>\n<li><a href=\"http:\/\/www.ugr.es\/~fisymat\/\">Programa de Postgrado en F\u00edsica y Matem\u00e1ticas (FisyMat): M\u00e1ster y Doctorado<\/a><\/li>\n<li><a href=\"http:\/\/www.ugr.es\/~moea\/\"> Programa de Postgrado en Estad\u00edstica e Investigaci\u00f3n Operativa: M\u00e1ster y Doctorado<\/a><\/li>\n<\/ul>\n<h3>Seminars<\/h3>\n<ul>\n<li><a href=\"http:\/\/geometry.ugr.es\/seminar\/\">Geometry Seminar<\/a><\/li>\n<li><a href=\"http:\/\/www.ugr.es\/~goya\/#seminarios\">Seminario de Ortogonalidad y Aplicaciones<\/a><\/li>\n<li><a href=\"http:\/\/semed.ugr.es\/\"> Differential Equations Seminar<\/a><\/li>\n<li><a href=\"http:\/\/wpd.ugr.es\/~imag\/young-researchers-math-seminar-20172018\"> Young Researchers Math Seminar<\/a><\/li>\n<\/ul>\n<p>To organize a seminar at the institute, please fill and send the electronic form appearing under the <a href=\"http:\/\/wpd.ugr.es\/~imag\/applying-for-an-activity\/\">Applying for an activity<\/a> <\/p>\n<div class=\"button-container medium center \"><a target=\"_self\" class=\"button gray\" href=\"http:\/\/wpd.ugr.es\/~imag\/courses-seminars\/\">More courses and seminars<\/a><\/div>\n<div class=\"clear\"><\/div>\n<p>\n<\/div>\n<\/p>\n<div class=\"one_third\">\n<h3>Conferences and meetings<\/h3>\n<p><div class=\"button-container medium center \"><a target=\"_self\" class=\"button gray\" href=\"http:\/\/wpd.ugr.es\/~imag\/events\/\">More events<\/a><\/div>\n<div class=\"clear\"><\/div>\n<p>\n<\/div>\n<\/p>\n<div class=\"one_third last\">\n<h3>Visitors<\/h3>\n<p><div id=\"\" class=\"eo-events eo-events-shortcode\" >\n\t\t<span class=\"eo-no-events\" > There is no visitor nowadays at the institute <\/span>\n\t<\/div>\n<p><\/p>\n<div class=\"button-container medium center \"><a target=\"_self\" class=\"button gray\" href=\"http:\/\/wpd.ugr.es\/~imag\/visitors\/\">More visitors<\/a><\/div>\n<div class=\"clear\"><\/div>\n<p>\n<\/div>\n<div class=\"clear\"><\/div><\/p>\n","protected":false},"excerpt":{"rendered":"<p><span class=\"more-link\"><a href=\"https:\/\/wpd.ugr.es\/~imag\/events\/event\/enbis-spring-meeting-2026\/\">Continue Reading<\/a><\/span><\/p>\n","protected":false},"author":1,"featured_media":0,"parent":0,"menu_order":0,"comment_status":"closed","ping_status":"closed","template":"","meta":{"footnotes":""},"translation":{"provider":"WPGlobus","version":"3.0.0","language":"en","enabled_languages":["en"],"languages":{"en":{"title":true,"content":true,"excerpt":false}}},"_links":{"self":[{"href":"https:\/\/wpd.ugr.es\/~imag\/wp-json\/wp\/v2\/pages\/7877"}],"collection":[{"href":"https:\/\/wpd.ugr.es\/~imag\/wp-json\/wp\/v2\/pages"}],"about":[{"href":"https:\/\/wpd.ugr.es\/~imag\/wp-json\/wp\/v2\/types\/page"}],"author":[{"embeddable":true,"href":"https:\/\/wpd.ugr.es\/~imag\/wp-json\/wp\/v2\/users\/1"}],"replies":[{"embeddable":true,"href":"https:\/\/wpd.ugr.es\/~imag\/wp-json\/wp\/v2\/comments?post=7877"}],"version-history":[{"count":19,"href":"https:\/\/wpd.ugr.es\/~imag\/wp-json\/wp\/v2\/pages\/7877\/revisions"}],"predecessor-version":[{"id":13886,"href":"https:\/\/wpd.ugr.es\/~imag\/wp-json\/wp\/v2\/pages\/7877\/revisions\/13886"}],"wp:attachment":[{"href":"https:\/\/wpd.ugr.es\/~imag\/wp-json\/wp\/v2\/media?parent=7877"}],"curies":[{"name":"wp","href":"https:\/\/api.w.org\/{rel}","templated":true}]}}