{"id":80,"date":"2014-05-03T11:03:07","date_gmt":"2014-05-03T11:03:07","guid":{"rendered":"http:\/\/iemath.ugr.es\/cms\/?page_id=80"},"modified":"2022-01-10T16:16:18","modified_gmt":"2022-01-10T15:16:18","slug":"other-activities","status":"publish","type":"page","link":"https:\/\/wpd.ugr.es\/~imag\/other-activities\/","title":{"rendered":"Other activities"},"content":{"rendered":"<h2>Administrative meetings<\/h2>\n<p><article class=\"eo-event eo-event-cat-admin eo-event-cat-conference eo-event-cat-other-events eo-event-past\" style=\"border-left:5px solid #0001cc\">\n\t\t<time datetime='2025-01-13'><span class='month'>Jan<\/span> <span class='day' style='color:#00008e'>13<\/span> <span class='hour'>10:00<\/span><\/time>\t\t\t\t<\/p>\n<h2>\n\t\t\t<a \thref=\"https:\/\/wpd.ugr.es\/~imag\/events\/event\/la-convocatoria-pid-y-otras-acciones-de-financiacion-de-la-agencia-estatal-de-investigacion\/\" title=\"La convocatoria PID y otras acciones de financiaci\u00f3n de la agencia estatal de investigaci\u00f3n\" style=\"color:#0001cc\">La convocatoria PID y otras acciones de financiaci\u00f3n de la agencia estatal de investigaci\u00f3n<\/a><br \/>\n\t\t<\/h2>\n<div class=\"event-list-metadata\"><span class=\"event-venue\"><\/span><\/p>\n<p>El Comit\u00e9 Espa\u00f1ol de Matem\u00e1ticas y el panel MTM de la Agencia Estatal de Investigaci\u00f3n (AEI) organizan una jornada informativa sobre la convocatoria de \u201cProyectos de Generaci\u00f3n del Conocimiento\u201d y otras acciones de financiaci\u00f3n de la AEI, destinadas a los investigadores en general en el \u00e1rea MTM. Fecha: D\u00eda 13<span class=\"more-link\"><a href=\"https:\/\/wpd.ugr.es\/~imag\/events\/event\/la-convocatoria-pid-y-otras-acciones-de-financiacion-de-la-agencia-estatal-de-investigacion\/\">Continue Reading<\/a><\/span><\/p>\n<\/div>\n<\/article>\n<article class=\"eo-event eo-event-cat-admin eo-event-cat-imag eo-event-past\" style=\"border-left:5px solid #0001cc\">\n\t\t<time datetime='2021-06-28'><span class='month'>Jun<\/span> <span class='day' style='color:#00008e'>28<\/span> <span class='hour'>09:00<\/span><\/time>\t\t\t\t<\/p>\n<h2>\n\t\t\t<a \thref=\"https:\/\/wpd.ugr.es\/~imag\/events\/event\/oposicion-departamento-matematica-aplicada-semivirtual\/\" title=\"Oposici\u00f3n Departamento Matem\u00e1tica Aplicada (Semivirtual)\" style=\"color:#0001cc\">Oposici\u00f3n Departamento Matem\u00e1tica Aplicada (Semivirtual)<\/a><br \/>\n\t\t<\/h2>\n<div class=\"event-list-metadata\"><\/div>\n<\/article>\n<article class=\"eo-event eo-event-cat-admin eo-event-cat-seminar eo-event-cat-imag eo-event-past\" style=\"border-left:5px solid #0001cc\">\n\t\t<time datetime='2020-05-29'><span class='month'>May<\/span> <span class='day' style='color:#00008e'>29<\/span> <span class='hour'>12:00<\/span><\/time>\t\t\t\t<\/p>\n<h2>\n\t\t\t<a \thref=\"https:\/\/wpd.ugr.es\/~imag\/events\/event\/reunion-sobre-la-investigacion-en-matematicas-en-tiempos-del-covid19\/\" title=\"Reuni\u00f3n sobre la Investigaci\u00f3n en Matem\u00e1ticas en tiempos del COVID19\" style=\"color:#0001cc\">Reuni\u00f3n sobre la Investigaci\u00f3n en Matem\u00e1ticas en tiempos del COVID19<\/a><br \/>\n\t\t<\/h2>\n<div class=\"event-list-metadata\"><\/div>\n<\/article>\n<h2>General public events<\/h2>\n<p><img decoding=\"async\" class=\"alignright\" src=\"https:\/\/wpd.ugr.es\/~imag\/ceehaega.png\" alt=\"ceehaega\" height=\"140\" \/><\/p>\n<ul>\n<li>(FINISHED) The Statistics and Operational Research at UGR participates in the <strong>International Year of Statistics 2013<\/strong>, a world-wide event that celebrates the contributions of Statistics in the development of our global society. More information\u00a0<a href=\"http:\/\/www.ugr.es\/~cctecnie\/AIE\/AIE.html\">here<\/a>.<\/li>\n<li>(FINISHED)\u00a0<a href=\"http:\/\/www.parqueciencias.com\/parqueciencias\/exposiciones-temporales\/index.html\">&#8220;Exhibition IMAGINARY-RSME: Una mirada matem\u00e1tica.&#8221;<\/a>\u00a0Parque de las Ciencias (Granada), from June 15, 2012 to March 10, 2013. More information\u00a0<a href=\"http:\/\/www.ugr.es\/~surfaces\/imaginary\/\">here<\/a>\u00a0(Imaginary-Granada) and\u00a0<a href=\"http:\/\/www.imaginary-exhibition.com\/?lang=es\">here<\/a>\u00a0(Imaginary).<\/li>\n<\/ul>\n<p>To organize a general public event at the institute, please fill and send the electronic form appearing under the \u201cApplying for an activity\u201d tab.<\/p>\n","protected":false},"excerpt":{"rendered":"<p>Administrative meetings General public events (FINISHED) The Statistics and Operational Research at UGR participates in the International Year of Statistics 2013, a world-wide event that celebrates the contributions of Statistics in the development of our global society. More information\u00a0here. (FINISHED)\u00a0&#8220;Exhibition IMAGINARY-RSME: Una mirada matem\u00e1tica.&#8221;\u00a0Parque de las Ciencias (Granada), from June<span class=\"more-link\"><a href=\"https:\/\/wpd.ugr.es\/~imag\/events\/event\/reunion-sobre-la-investigacion-en-matematicas-en-tiempos-del-covid19\/\">Continue Reading<\/a><\/span><\/p>\n","protected":false},"author":1,"featured_media":0,"parent":0,"menu_order":0,"comment_status":"closed","ping_status":"closed","template":"","meta":{"footnotes":""},"translation":{"provider":"WPGlobus","version":"3.0.0","language":"en","enabled_languages":["en"],"languages":{"en":{"title":true,"content":true,"excerpt":false}}},"_links":{"self":[{"href":"https:\/\/wpd.ugr.es\/~imag\/wp-json\/wp\/v2\/pages\/80"}],"collection":[{"href":"https:\/\/wpd.ugr.es\/~imag\/wp-json\/wp\/v2\/pages"}],"about":[{"href":"https:\/\/wpd.ugr.es\/~imag\/wp-json\/wp\/v2\/types\/page"}],"author":[{"embeddable":true,"href":"https:\/\/wpd.ugr.es\/~imag\/wp-json\/wp\/v2\/users\/1"}],"replies":[{"embeddable":true,"href":"https:\/\/wpd.ugr.es\/~imag\/wp-json\/wp\/v2\/comments?post=80"}],"version-history":[{"count":25,"href":"https:\/\/wpd.ugr.es\/~imag\/wp-json\/wp\/v2\/pages\/80\/revisions"}],"predecessor-version":[{"id":1804,"href":"https:\/\/wpd.ugr.es\/~imag\/wp-json\/wp\/v2\/pages\/80\/revisions\/1804"}],"wp:attachment":[{"href":"https:\/\/wpd.ugr.es\/~imag\/wp-json\/wp\/v2\/media?parent=80"}],"curies":[{"name":"wp","href":"https:\/\/api.w.org\/{rel}","templated":true}]}}