{"id":8292,"date":"2022-02-03T18:34:23","date_gmt":"2022-02-03T17:34:23","guid":{"rendered":"https:\/\/wpd.ugr.es\/~imag\/?page_id=8292"},"modified":"2023-02-21T12:15:56","modified_gmt":"2023-02-21T11:15:56","slug":"other-outreach-activities","status":"publish","type":"page","link":"https:\/\/wpd.ugr.es\/~imag\/other-outreach-activities\/","title":{"rendered":"Other outreach activities"},"content":{"rendered":"<p>Otras actividades en IMAG de divulgaci\u00f3n o en coordinaci\u00f3n con organismos externos son:<\/p>\n<p><strong>Actividades de visibilizaci\u00f3n de la mujer cient\u00edfica<\/strong><\/p>\n<ul>\n<li> 11F 2022, T\u00edtulo: Solo con un poquito de Geometr\u00eda. Charla en el IES La Madraza (Granada) con motivo de la celebraci\u00f3n del D\u00eda Internacional de la mujer y la ni\u00f1a en la ciencia, en colaboraci\u00f3n con la Unidad de Cultura Cient\u00edfica de la Universidad de Granada dentro de la actividad &#8220;Caf\u00e9 con Ciencia&#8221;. Ponente: Magdalena Rodr\u00edguez<\/li>\n<li>Jornada MatEsElla. 27, 28 y 29 de julio de 2020. <a href=\"https:\/\/fciencias.ugr.es\/34-noticias\/3487-jornadas-stematesella\" rel=\"noopener\" target=\"_blank\">Ver informaci\u00f3n<\/a><\/li>\n<li>11F 2020, T\u00edtulo: Investigando en Geometr\u00eda. Charla en el CEIP Las Gaviotas (La Herradura, Granada) con motivo de la celebraci\u00f3n del D\u00eda Internacional de la mujer y la ni\u00f1a en la ciencia, en colaboraci\u00f3n con la Unidad de Cultura Cient\u00edfica de la Universidad de Granada. Ponente: Magdalena Rodr\u00edguez<\/li>\n<li>11F 2020, T\u00edtulo: Yo soy cient\u00edfica. Charla en el CEIP Las Gaviotas (La Herradura, Granada) con motivo de la celebraci\u00f3n del D\u00eda Internacional de la mujer y la ni\u00f1a en la ciencia, en colaboraci\u00f3n con la Unidad de Cultura Cient\u00edfica de la Universidad de Granada. Ponente: Magdalena Rodr\u00edguez<\/li>\n<li>8M 2019, T\u00edtulo: Mujeres que mueven el mundo. Charla en el CEIPFuentenueva (Granada) con motivo de la celebraci\u00f3n del D\u00eda Internacional de la mujer. Ponente: Magdalena Rodr\u00edguez<\/li>\n<li>11F 2019, T\u00edtulo: Descubriendo las formas de las cosas. Charla en el IES Montes Orientales (Iznalloz, Granada) con motivo de la celebraci\u00f3n del D\u00eda Internacional de la mujer y la ni\u00f1a en la ciencia, en colaboraci\u00f3n con la Unidad de Cultura Cient\u00edfica de la Universidad de Granada. Ponente: Magdalena Rodr\u00edguez<\/li>\n<li>11F 2019, T\u00edtulo: Descubriendo las formas de las cosas. Charla en el CEIP El Torre\u00f3n (Las Gabias, Granada) con motivo de la celebraci\u00f3n del D\u00eda Internacional de la mujer y la ni\u00f1a en la ciencia, en colaboraci\u00f3n con la  Unidad de Cultura Cient\u00edfica de la Universidad de Granada. Ponente: Magdalena Rodr\u00edguez<\/li>\n<li>Jornada MatEsElla. 20 de septiembre de 2018. <a href=\"https:\/\/us11.campaign-archive.com\/?u=12c36d880be464c290df9813a&#038;id=cda20eaecf\" rel=\"noopener\" target=\"_blank\">Ver informaci\u00f3n<\/a><\/li>\n<li>Jornadas IEMath-GR\/RSME sobre la mujer en la ciencia. 15 y 16 de febrero de 2018. <a href=\"https:\/\/wpd.ugr.es\/~iemath\/events\/event\/jornadas-de-mujer-en-la-ciencia\/\" rel=\"noopener\" target=\"_blank\">Ver informaci\u00f3n<\/a><\/li>\n<\/ul>\n<\/li>\n<p><strong>Actividades conjuntas con la RSME<\/strong><\/p>\n<ul>\n<li>Jornada IEMath-GR \/ RSME sobre Investigaci\u00f3n Matem\u00e1tica. 28 de abril de 2017. <a href=\"https:\/\/wpd.ugr.es\/~iemath\/events\/event\/jornada-iemath-gr-rsme-sobre-investigacion-matematica-2\/\" rel=\"noopener\" target=\"_blank\">Ver informaci\u00f3n<\/a><\/li>\n<li>I Jornada RSME-AMAT. 17 de marzo de 2017. <a href=\"https:\/\/sites.google.com\/view\/jornadasrsmeamat\/jornadas-anteriores\/i-jornada-rsme-amat?authuser=0\" rel=\"noopener\" target=\"_blank\">Ver informaci\u00f3n<\/a><\/li>\n<li>II Jornada RSME-AMAT. 6 de octubre de 2017. <a href=\"https:\/\/sites.google.com\/view\/jornadasrsmeamat\/jornadas-anteriores\/ii-jornada-rsme-amat?authuser=0\" rel=\"noopener\" target=\"_blank\">Ver informaci\u00f3n<\/a><\/li>\n<li>III Jornada RSME-AMAT. 29 de marzo de 2019. <a href=\"https:\/\/sites.google.com\/view\/jornadasrsmeamat\/iii-jornada-rsme-amat?authuser=0\" rel=\"noopener\" target=\"_blank\">Ver informaci\u00f3n<\/a><\/li>\n<li>Jornada RSME-UGR Fin de Grado 2017. 9 de noviembre de 20217. <a href=\"https:\/\/wpd.ugr.es\/~iemath\/events\/event\/jornada-rsme-ugr-fin-de-grado-2017\/\" rel=\"noopener\" target=\"_blank\">Ver informaci\u00f3n<\/a><\/li>\n<li>Jornada RSME-UGR Fin de M\u00e1ster 2017. 10 de noviembre de 20217. <a href=\"https:\/\/wpd.ugr.es\/~iemath\/events\/event\/jornada-rsme-ugr-fin-de-master-2017\/\" rel=\"noopener\" target=\"_blank\">Ver informaci\u00f3n<\/a><\/li>\n<li>Jornada RSME-UGR Fin de Grado y Fin de M\u00e1ster 2018. 25 de octubre de 2018. <a href=\"https:\/\/wpd.ugr.es\/~iemath\/events\/event\/jornada-rsme-amat\/\" rel=\"noopener\" target=\"_blank\">Ver informaci\u00f3n<\/a><\/li>\n<li>Jornada RSME-UGR. 29 de marzo de 2019. <a href=\"https:\/\/wpd.ugr.es\/~iemath\/events\/event\/jornadas-rsme-ugr\/\" rel=\"noopener\" target=\"_blank\">Ver informaci\u00f3n<\/a><\/li>\n<li>Jornada RSME-UGR Fin de Grado 2019. 6 de noviembre de 2019. <a href=\"https:\/\/wpd.ugr.es\/~iemath\/events\/event\/jornada-rsme-ugr-fin-de-grado\/\" rel=\"noopener\" target=\"_blank\">Ver informaci\u00f3n<\/a><\/li>\n<li>Jornada RSME-UGR Fin de M\u00e1ster 2019. 8 de noviembre de 2019. <a href=\"https:\/\/wpd.ugr.es\/~iemath\/events\/event\/jornada-rsme-ugr-fin-de-master\/\" rel=\"noopener\" target=\"_blank\">Ver informaci\u00f3n<\/a><\/li>\n<\/ul>\n<\/li>\n<p><strong>Participaciones en el programa &#8220;La noche de los investigadores&#8221;<\/strong><\/p>\n<ul>\n<li>Ponente: Miguel Mart\u00edn Su\u00e1rez (Depto. de An\u00e1lisis Matem\u00e1tico). T\u00edtulo: \u00bfEs la l\u00ednea recta el camino m\u00e1s corto entre dos puntos? 24 de septiembre de 2021. Paseo del Sal\u00f3n. <a href=\"https:\/\/lanochedelosinvestigadores.fundaciondescubre.es\/actividades\/es-la-linea-recta-el-camino-mas-corto-entre-dos-puntos\/\" rel=\"noopener\" target=\"_blank\">Ver informaci\u00f3n<\/a><\/li>\n<\/ul>\n<\/li>\n<p><strong>Participaciones en el programa &#8220;Pint of Science&#8221;<\/strong><\/p>\n<ul>\n<li>14-16 de mayo de 2018. Ponentes: Salvador Villegas, Teresa P\u00e9rez. <a href=\"https:\/\/wpd.ugr.es\/~iemath\/events\/event\/pint-of-science-2018\/\" rel=\"noopener\" target=\"_blank\">Ver informaci\u00f3n<\/a><\/li>\n<li>17 de mayo de 2017. Ponentes: Jos\u00e9 Ca\u00f1izo, Pieralberto Sicbaldi y Magdalena Rodr\u00edquez. <a href=\"https:\/\/pintofscience.es\/event\/-bar-tech-me-out\" rel=\"noopener\" target=\"_blank\">Ver informaci\u00f3n<\/a><\/li>\n<\/ul>\n<\/li>\n<p><strong>Otras actividades:<\/strong><\/p>\n<ul>\n<li> Programa &#8220;Ciencia y Sociedad&#8221; de la Facultad de Ciencias de la Universidad de Granada, 25 de febrero de 2022. T\u00edtulo &#8211; Modelizaci\u00f3n matem\u00e1tica: c\u00f3mo simular procesos sencillos por ordenador. Ponente: Jos\u00e9 Alfredo Ca\u00f1izo. Charla en el I.E.S. Padre Manj\u00f3n (Granada).<\/li>\n<li> Programa &#8220;Ciencia y Sociedad&#8221; de la Facultad de Ciencias de la Universidad de Granada, 10 de mayo de 2019. T\u00edtulo: La forma de las cosas. Ponente: Magdalena Rodr\u00edguez. Charla en el I.E.S. Al-Fakar (Alfacar, Granada).<\/li>\n<li> Programa &#8220;Ciencia y Sociedad&#8221; de la Facultad de Ciencias de la Universidad de Granada, 19 de junio de 2018. T\u00edtulo: El mundo se curva. Ponente: Magdalena Rodr\u00edguez. Charla en el I.E.S. Cristo de la Yedra (Granada).<\/li>\n<li>Hackaton \u2013 \u201cYAPC::EU 2015\u201d. 5 de septiembre de 2015. <a href=\"http:\/\/act.yapc.eu\/ye2015\/\" rel=\"noopener\" target=\"_blank\">Ver informaci\u00f3n<\/a><\/li>\n<li>Jornada multisede IEMath. 26 de febrero de 2015. <a href=\"https:\/\/wpd.ugr.es\/~iemath\/events\/event\/jornada-multisede-iemath\/\" rel=\"noopener\" target=\"_blank\">Ver informaci\u00f3n<\/a><\/li>\n<li>Seminario \u201cIntroducci\u00f3n a R\u201d. Responsable: David Molina Mu\u00f1oz. 21 de julio de 2014.<\/li>\n<li>Jornada sobre GeoGebra. 21 de mayo de 2014. <a href=\"http:\/\/www.ugr.es\/~anillos\/geogebra\/\" rel=\"noopener\" target=\"_blank\">Ver informaci\u00f3n<\/a><\/li>\n<li>Jornadas t\u00e9cnicas sobre la plataforma de comunicaciones del IEMath-GR. 14 y 15 de julio de 2014. <a href=\"https:\/\/wpd.ugr.es\/~iemath\/events\/event\/jornadas-tecnicas-sobre-la-plataforma-de-comunicaciones-del-iemath-gr\/\" rel=\"noopener\" target=\"_blank\">Ver informaci\u00f3n<\/a><\/li>\n<\/ul>\n<\/li>\n<\/ul>\n","protected":false},"excerpt":{"rendered":"<p>Otras actividades en IMAG de divulgaci\u00f3n o en coordinaci\u00f3n con organismos externos son: Actividades de visibilizaci\u00f3n de la mujer cient\u00edfica 11F 2022, T\u00edtulo: Solo con un poquito de Geometr\u00eda. Charla en el IES La Madraza (Granada) con motivo de la celebraci\u00f3n del D\u00eda Internacional de la mujer y la ni\u00f1a<span class=\"more-link\"><a href=\"https:\/\/wpd.ugr.es\/~imag\/other-outreach-activities\/\">Continue Reading<\/a><\/span><\/p>\n","protected":false},"author":1,"featured_media":0,"parent":0,"menu_order":0,"comment_status":"closed","ping_status":"closed","template":"","meta":{"footnotes":""},"translation":{"provider":"WPGlobus","version":"3.0.0","language":"en","enabled_languages":["en"],"languages":{"en":{"title":true,"content":true,"excerpt":false}}},"_links":{"self":[{"href":"https:\/\/wpd.ugr.es\/~imag\/wp-json\/wp\/v2\/pages\/8292"}],"collection":[{"href":"https:\/\/wpd.ugr.es\/~imag\/wp-json\/wp\/v2\/pages"}],"about":[{"href":"https:\/\/wpd.ugr.es\/~imag\/wp-json\/wp\/v2\/types\/page"}],"author":[{"embeddable":true,"href":"https:\/\/wpd.ugr.es\/~imag\/wp-json\/wp\/v2\/users\/1"}],"replies":[{"embeddable":true,"href":"https:\/\/wpd.ugr.es\/~imag\/wp-json\/wp\/v2\/comments?post=8292"}],"version-history":[{"count":18,"href":"https:\/\/wpd.ugr.es\/~imag\/wp-json\/wp\/v2\/pages\/8292\/revisions"}],"predecessor-version":[{"id":8295,"href":"https:\/\/wpd.ugr.es\/~imag\/wp-json\/wp\/v2\/pages\/8292\/revisions\/8295"}],"wp:attachment":[{"href":"https:\/\/wpd.ugr.es\/~imag\/wp-json\/wp\/v2\/media?parent=8292"}],"curies":[{"name":"wp","href":"https:\/\/api.w.org\/{rel}","templated":true}]}}