{"id":8665,"date":"2022-03-31T13:30:38","date_gmt":"2022-03-31T11:30:38","guid":{"rendered":"https:\/\/wpd.ugr.es\/~imag\/?page_id=8665"},"modified":"2026-01-27T12:25:52","modified_gmt":"2026-01-27T11:25:52","slug":"scientific-program","status":"publish","type":"page","link":"https:\/\/wpd.ugr.es\/~imag\/scientific-program\/","title":{"rendered":"BIRS-IMAG Scientific Program"},"content":{"rendered":"<h3>Forthcoming:<\/h3>\n<p><strong>2026 PROGRAM (2 workshops):<\/strong><\/p>\n<ul>\n<li><strong>May 10, 2026 to May 16, 2026<\/strong>\n<ul>\n<li><strong>Title:<\/strong>\u00a0<a href=\"https:\/\/wpd.ugr.es\/~imag\/events\/event\/multivariate-splines-for-inferential-data-science\/\">Multivariate Splines for Inferential Data Science<\/a><\/li>\n<li><strong>Organizers:<\/strong> Tanya Sorokina (Towson University), John Braun (UBC), Mar\u00eda Jos\u00e9 Ib\u00e1\u00f1ez (University of Granada), Carla Manni (University of Rome Tor Vergata) and Hiba Nassar (Technical University of Denmark).<\/li>\n<\/ul>\n<\/li>\n<li><strong>June 7, 2026 to June 13, 2026<\/strong>\n<ul>\n<li><strong>Title:<\/strong> <a href=\"https:\/\/wpd.ugr.es\/~imag\/events\/event\/geometric-harmonic-analysis-in-the-discrete-and-continuous-settings\/\">Geometric Harmonic Analysis in the Discrete and Continuous Settings<\/a><\/li>\n<li><strong>Organizers:<\/strong> Mar\u00eda Carmen Reguera (University of M\u00e1laga), Odysseas Bakas (University of Patras), Ioannis Parissis (Ikerbasque research associate, and visiting professor, University of the Basque Country (UPV\/EHU)), Luz Roncal (Basque Center for Applied Mathematics &#8211; BCAM) and Brett Wick (Washington University in Saint Louis).<\/li>\n<\/ul>\n<\/li>\n<\/ul>\n<p>\u00a0<\/p>\n<h3>Past events:<\/h3>\n<p><strong>2025 PROGRAM (5 workshops):<\/strong><\/p>\n<ul>\n<li><strong>May 4, 2025 to May 9, 2025<\/strong>\n<ul>\n<li><strong>Title:<\/strong>\u00a0<a href=\"https:\/\/wpd.ugr.es\/~imag\/events\/event\/geometry-analysis-and-physics-in-lorentzian-signature\/\">Geometry, Analysis, and Physics in Lorentzian Signature<\/a><\/li>\n<li><strong>Organizers:<\/strong> A. Shadi Tahvildar-Zadeh (lead organizer, Rutgers University), Annegret Burtscher (Radboud University Nijmegen), Jose Luis Flores Dorado (University of M\u00e1laga) and Lilia Mehidi (University of Granada)<\/li>\n<\/ul>\n<\/li>\n<li><strong>May 11, 2025 to May 16, 2025<\/strong>\n<ul>\n<li><strong>Title:<\/strong> <a href=\"https:\/\/wpd.ugr.es\/~imag\/events\/event\/singularities-and-asymptotic-patterns-in-fluids-and-evolutionary-pdes\/\">Singularities and asymptotic patterns in Fluids and Evolutionary PDEs<\/a><\/li>\n<li><strong>Organizers:<\/strong> Manuel del Pino (lead organizer, University of Bath), Antonio Fern\u00e1ndez (Universidad Aut\u00f3noma de Madrid) and Yao Yao (National University of Singapore)<\/li>\n<\/ul>\n<\/li>\n<li><strong>May 25, 2025 to May 30, 2025<\/strong>\n<ul>\n<li><strong>Title:<\/strong> <a href=\"https:\/\/wpd.ugr.es\/~imag\/events\/event\/functional-and-metric-analysis-and-their-interactions\/\">Functional and Metric Analysis and their interactions<\/a><\/li>\n<li><strong>Organizers:<\/strong> Gilles Lancien (lead organizer, Universit\u00e9 de Franche-Comt\u00e9), Eva Pernecka (Czech Technical University in Prague), Christopher Gartland (University of California San Diego), Thomas Schlumprecht (Texas A&#038;M University) and Bruno de Mendon\u00e7a Braga (IMPA)<\/li>\n<\/ul>\n<\/li>\n<li><strong>June 1, 2025 to June 6, 2025<\/strong>\n<ul>\n<li><strong>Title:<\/strong> <a href=\"https:\/\/wpd.ugr.es\/~imag\/events\/event\/new-trends-in-arithmetic-combinatorics-and-related-fields\/\">New trends in arithmetic combinatorics and related fields<\/a><\/li>\n<li><strong>Organizers:<\/strong> Pablo Candela (lead organizer, Universidad Aut\u00f3noma de Madrid), Oriol Serra (Universitat Polit\u00e8cnica de Catalunya), Anne de Roton (Universit\u00e9 de Lorraine), Harald Helfgott (CNRS) and Alisa Sedunova (University of Montreal)<\/li>\n<\/ul>\n<\/li>\n<li><strong>June 8, 2025 to June 13, 2025<\/strong>\n<ul>\n<li><strong>Title:<\/strong> <a href=\"https:\/\/wpd.ugr.es\/~imag\/events\/event\/dynamics-of-coherent-structures-in-discrete-and-continuum-nonlinear-systems\/\">Dynamics of Coherent Structures in Discrete and Continuum Nonlinear Systems<\/a><\/li>\n<li><strong>Organizers:<\/strong> Ricardo Carretero (lead organizer, San Diego State University), Garyfallia Katsimiga (University of Massachusetts Amherst), Pedro Torres (Universidad de Granada), Alejandro Aceves (Southern Methodist University) and Panayotis Kevrekidis (University of Massachusetts Amherst)<\/li>\n<\/ul>\n<\/li>\n<\/ul>\n<p>\u00a0<\/p>\n<p><strong>2024 PROGRAM (5 workshops):<\/strong><\/p>\n<ul>\n<li><strong>May 5, 2024 to May 10, 2024<\/strong>\n<ul>\n<li><strong>Title:<\/strong> <a href=\"https:\/\/wpd.ugr.es\/~imag\/events\/event\/24w5274\/\">Towards infinite dimension and beyond in quantum information<\/a><\/li>\n<li><strong>Organizers:<\/strong> Andreas Winter (lead organizer, Universitat Aut\u00f2noma de<br \/>\nBarcelona), Nilanjana Datta (University of Cambridge), \u00c1ngela Capel (Universit\u00e4t T\u00fcbingen) and Ludovico Lami (University of Ulm)<\/li>\n<\/ul>\n<\/li>\n<li><strong>May 12, 2024 to May 17, 2024<\/strong>\n<ul>\n<li><strong>Title:<\/strong> <a href=\"https:\/\/wpd.ugr.es\/~imag\/events\/event\/24w5222\/\" target=\"_blank\" rel=\"noopener\">Generalized Geometry meets String Theory<\/a><\/li>\n<li><strong>Organizers:<\/strong> Vicente Cort\u00e9s (lead organizer, Universit\u00e4t Hamburg), Mario Garc\u00eda Fern\u00e1ndez (Universidad Aut\u00f3noma de Madrid), Mariana Gra\u00f1a (CEA\/Saclay), Katrin Becker (Texas A&#038;M University) and Marco Gualtieri (University of Toronto)<\/li>\n<\/ul>\n<\/li>\n<li><strong>May 19, 2024 to May 24, 2024<\/strong>\n<ul>\n<li><strong>Title:<\/strong> <a href=\"https:\/\/wpd.ugr.es\/~imag\/events\/event\/24w5197\/\" target=\"_blank\" rel=\"noopener\">Positive Solutions of Polynomial Systems Arising from Real-life Applications<\/a><\/li>\n<li><strong>Organizers:<\/strong> Elisenda Feliu (lead organizer, University of Copenhagen), Alicia Dickenstein (University of Buenos Aires), Frederic Bihan (Universit\u00e9 Savoie Mont Blanc) and Timo de Wolff (TU Braunschweig)<\/li>\n<\/ul>\n<\/li>\n<li><strong>June 2, 2024 to June 7, 2024<\/strong>\n<ul>\n<li><strong>Title:<\/strong> <a href=\"https:\/\/wpd.ugr.es\/~imag\/?post_type=event&#038;p=11176&#038;preview=true\">From Evolution to Bioengineering of Biological Patterning Mechanisms \u2013 Mathematical Advances and Challenges<\/a><\/li>\n<li><strong>Organizers:<\/strong> Dagmar Iber (lead organizer, ETH Zurich), Fernando Fernandez Casares (Universidad Pablo de Olavide), Kristina Haase (European Molecular Biology Laboratory) and David M. Umulis (Purdue University)<\/li>\n<\/ul>\n<\/li>\n<li><strong>June 9, 2024 to June 14, 2024<\/strong>\n<ul>\n<li><strong>Title:<\/strong> <a href=\"https:\/\/wpd.ugr.es\/~imag\/events\/event\/24w5191\/\">PDE Methods in Machine Learning: from Continuum Dynamics to Algorithms<\/a><\/li>\n<li><strong>Organizers:<\/strong> Katy Craig (lead organizer, University of California, Santa Barbara), L\u00e9na\u00efc Chizat (EPFL), Qin Li (University of Wisconsin-Madison) and Joan Bruna Estrach (New York University)<\/li>\n<\/ul>\n<\/li>\n<\/ul>\n<p><strong>2023 PROGRAM:<\/strong><\/p>\n<ul>\n<li><strong>May 7, 2023 to May 12, 2023<\/strong>\n<ul>\n<li><strong>Title:<\/strong> <a href=\"https:\/\/wpd.ugr.es\/~imag\/events\/event\/modern-statistical-and-machine-learning-approaches-for-high-dimensional-compound-spatial-extremes-2\/\">Modern Statistical and Machine Learning Approaches for High-Dimensional Compound Spatial Extremes<\/a><\/li>\n<li><strong>Organizers:<\/strong> Soutir Bandyopadhyay (lead organizer, Colorado School of Mines, Applied Mathematics and Statistics), Rapha\u00ebl Huser (King Abdullah University of Science and Technology), Jorge Mateu (University Jaume I of Castell\u00f3n), Gwladys Toulemonde (University of Montpellier), and Jenny Wadsworth (Lancaster University)<\/li>\n<\/ul>\n<\/li>\n<li><strong>May 21, 2023 to May 26, 2023<\/strong>\n<ul>\n<li><strong>Title:<\/strong> <a href=\"https:\/\/wpd.ugr.es\/~imag\/events\/event\/23w6004\/\" target=\"_blank\" rel=\"noopener\">Minimal Surfaces in Symmetric Spaces<\/a><\/li>\n<li><strong>Organizers:<\/strong> FranzPedit (lead organizer, University of Massachusetts at Amherst), Michael Wolf (Rice University, Georgia Tech), Francisco Mart\u00edn (University of Granada), Rafael Montezuma (Federal University of Ceara), and Lynn Heller (Leibniz Universit\u00e4t Hannover)<\/li>\n<\/ul>\n<\/li>\n<li><strong>May 28, 2023 to June 02, 2023<\/strong>\n<ul>\n<li><strong>Title:<\/strong> <a href=\"https:\/\/wpd.ugr.es\/~imag\/events\/event\/nonlinear-diffusion-and-nonlocal-interaction-models-entropies-complexity-and-multi-scale-structures-2\/\" target=\"_blank\" rel=\"noopener\">Nonlinear diffusion and nonlocal interaction models &#8211; entropies, complexity, and multi-scale structures<\/a><\/li>\n<li><strong>Organizers:<\/strong> Marco Di Francesco (lead organizer, University of L\u2019Aquila), Matteo Bonforte (Universidad Autonoma de Madrid and ICMAT), Mikaela Iacobelli (ETH Zurich), and Katy Craig (University of California, Santa Barbara)<\/li>\n<\/ul>\n<\/li>\n<li><strong>June 11, 2023 to June 16, 2023<\/strong>\n<ul>\n<li><strong>Title:<\/strong> <a href=\"http:\/\/wpd.ugr.es\/~imag\/es\/events\/event\/23w6001\/\">Geometric Inequalities, Convexity and Probability<\/a><\/li>\n<li><strong>Organizers:<\/strong> Alina Stancu (lead organizer, Concordia University), Shiri Artstein-Avidan (Tel Aviv University), Dario Cordero-Erausquin (Sorbonne Universit\u00e9), Max Fathi (Universit\u00e9 de Paris), and Bo\u2019az Klartag (Weizmann Institute of Science)<\/li>\n<\/ul>\n<\/li>\n<\/ul>\n<p><a href=\"https:\/\/www.birs.ca\/location\/imag\/2023\/all\">https:\/\/www.birs.ca\/location\/imag\/2023\/all<\/a><\/p>\n<p><a href=\"https:\/\/wpd.ugr.es\/~imag\/cms\/wp-content\/uploads\/BIRS_logo_full.png\"><img loading=\"lazy\" decoding=\"async\" class=\"alignleft size-large wp-image-7384\" src=\"https:\/\/wpd.ugr.es\/~imag\/cms\/wp-content\/uploads\/BIRS_logo_full.png\" alt=\"\" width=\"250\" height=\"50\" \/><\/a><\/p>\n","protected":false},"excerpt":{"rendered":"<p>Forthcoming: 2026 PROGRAM (2 workshops): May 10, 2026 to May 16, 2026 Title:\u00a0Multivariate Splines for Inferential Data Science Organizers: Tanya Sorokina (Towson University), John Braun (UBC), Mar\u00eda Jos\u00e9 Ib\u00e1\u00f1ez (University of Granada), Carla Manni (University of Rome Tor Vergata) and Hiba Nassar (Technical University of Denmark). June 7, 2026 to<span class=\"more-link\"><a href=\"https:\/\/wpd.ugr.es\/~imag\/scientific-program\/\">Continue Reading<\/a><\/span><\/p>\n","protected":false},"author":1,"featured_media":0,"parent":0,"menu_order":0,"comment_status":"closed","ping_status":"closed","template":"","meta":{"footnotes":""},"translation":{"provider":"WPGlobus","version":"3.0.0","language":"en","enabled_languages":["en"],"languages":{"en":{"title":true,"content":true,"excerpt":false}}},"_links":{"self":[{"href":"https:\/\/wpd.ugr.es\/~imag\/wp-json\/wp\/v2\/pages\/8665"}],"collection":[{"href":"https:\/\/wpd.ugr.es\/~imag\/wp-json\/wp\/v2\/pages"}],"about":[{"href":"https:\/\/wpd.ugr.es\/~imag\/wp-json\/wp\/v2\/types\/page"}],"author":[{"embeddable":true,"href":"https:\/\/wpd.ugr.es\/~imag\/wp-json\/wp\/v2\/users\/1"}],"replies":[{"embeddable":true,"href":"https:\/\/wpd.ugr.es\/~imag\/wp-json\/wp\/v2\/comments?post=8665"}],"version-history":[{"count":43,"href":"https:\/\/wpd.ugr.es\/~imag\/wp-json\/wp\/v2\/pages\/8665\/revisions"}],"predecessor-version":[{"id":13612,"href":"https:\/\/wpd.ugr.es\/~imag\/wp-json\/wp\/v2\/pages\/8665\/revisions\/13612"}],"wp:attachment":[{"href":"https:\/\/wpd.ugr.es\/~imag\/wp-json\/wp\/v2\/media?parent=8665"}],"curies":[{"name":"wp","href":"https:\/\/api.w.org\/{rel}","templated":true}]}}