{"id":902,"date":"2014-11-04T15:28:45","date_gmt":"2014-11-04T15:28:45","guid":{"rendered":"http:\/\/iemath.ugr.es\/?page_id=902"},"modified":"2022-03-02T09:50:25","modified_gmt":"2022-03-02T08:50:25","slug":"resumen","status":"publish","type":"page","link":"https:\/\/wpd.ugr.es\/~imag\/resumen\/","title":{"rendered":"Resumen actividades semana siguiente"},"content":{"rendered":"<h1>Resumen de actividades en el Instituto de Matem\u00e1ticas de la UGR de la semana 6\/04 &ndash; 12\/04<\/h1>\n<div class=\"one_half\">\n<h2>Conferencias, congresos, seminarios, cursos<\/h2>\n<ul  class=\"eo-events eo-events-shortcode\">\n<li class=\"eo-event-cat-conference eo-event-cat-course eo-event-cat-imag eo-event-future\">\n<div><strong>Nombre de la actividad<\/strong>: Introduction to the Partial Differential Equations<br \/>\n<strong>Fecha de inicio (y fecha de finalizaci\u00f3n)<\/strong>: 8 Apr 26 10:00 (8 Apr 26 12:00)<br \/>\n<strong>Lugar<\/strong>: <br \/>\n<strong>Hora<\/strong>:10:00 10:00 &#8211; 12:00 12:00<br \/>\n<strong>Organizador\/Responsable\u00a0en el Instituto de Matem\u00e1ticas de la UGR<\/strong>:  <br \/>\n<strong>Presentaci\u00f3n\/Descripci\u00f3n de la actividad<\/strong>: <\/p>\n<div style=\"max-width:900px; margin:auto; font-family:Arial, sans-serif; line-height:1.6;\">\n<p><strong>Profesor:<\/strong> Kai Zhang<br \/>\nDepartamento de Geometr\u00eda y Topolog\u00eda<br \/>\nInstituto Universitario de Matem\u00e1ticas IMAG<\/p>\n<p><strong>Idioma:<\/strong> Ingl\u00e9s<br \/>\n<strong>Audiencia:<\/strong> Estudiantes de m\u00e1ster, doctorado y posgraduados<br \/>\n<strong>Conocimientos previos:<\/strong> Formaci\u00f3n equivalente a un Grado en Matem\u00e1ticas<\/p>\n<hr>\n<h3>Fechas<\/h3>\n<p><strong>Mi\u00e9rcoles:<\/strong> 18 y 25 de marzo; 8, 15 y 22 de abril de 2026.<br \/>\n<strong>Viernes:<\/strong> 20 y 27 de marzo; 10, 17 y 24 de abril de 2026.<\/p>\n<p><strong>Horario:<\/strong> 10:00 \u2013 12:00 horas<\/p>\n<p><strong>Lugar:<\/strong> Seminario 2, Instituto de Matem\u00e1ticas (IMAG)<\/p>\n<p><strong>Asistencia:<\/strong> Se controlar\u00e1 en cada sesi\u00f3n y se enviar\u00e1 informe a la comisi\u00f3n de evaluaci\u00f3n.<\/p>\n<hr>\n<h3>Resumen<\/h3>\n<p>Las ecuaciones en derivadas parciales (EDP) constituyen un lenguaje esencial para modelizar fen\u00f3menos complejos en ciencias e ingenier\u00eda.<br \/>\nEste curso de nivel de posgrado ofrece una introducci\u00f3n breve a los or\u00edgenes, conceptos b\u00e1sicos y cuestiones fundamentales de las EDP,<br \/>\norientada espec\u00edficamente a doctorandos en Matem\u00e1ticas.<\/p>\n<hr>\n<h3> Objetivos del curso<\/h3>\n<p>Introducir los antecedentes, conceptos fundamentales, resultados b\u00e1sicos, t\u00e9cnicas modernas y l\u00edneas principales actuales de investigaci\u00f3n en EDP.<br \/>\nLa actividad surge por iniciativa del profesor y por el inter\u00e9s manifestado por doctorandos e investigadores del IMAG en EDP, geometr\u00eda diferencial y an\u00e1lisis geom\u00e9trico.<\/p>\n<hr>\n<h3>Contenido<\/h3>\n<ul>\n<li>Contexto y motivaci\u00f3n: qu\u00e9 son las EDP y su importancia.<\/li>\n<li>Conceptos fundamentales: soluci\u00f3n, clasificaci\u00f3n, existencia y unicidad, condiciones de contorno, elipticidad.<\/li>\n<li>Convenio de sumaci\u00f3n de Einstein.<\/li>\n<li>Scaling y su papel en EDP.<\/li>\n<li>Estimaciones: principio del m\u00e1ximo, desigualdad de Harnack y t\u00e9cnicas modernas.<\/li>\n<li>Tendencias actuales y problemas abiertos.<\/li>\n<\/ul>\n<hr>\n<h3> Bibliograf\u00eda b\u00e1sica<\/h3>\n<ul>\n<li>L. C. Evans, <em>Partial Differential Equation<\/em> (2nd Edition), 2010, American Mathematical Society.<\/li>\n<li>W. A. Strauss, <em>Partial Differential Equation: An Introduction<\/em> (2nd Edition), 2008, Wiley.<\/li>\n<li>D. Gilbarg y N. S. Trudinger, <em>Elliptic Partial Differential Equations of Second Order<\/em>, 2001, Springer.<\/li>\n<li>L. A. Caffarelli y Xavier Cabr\u00e9, <em>Fully Nonlinear Elliptic Equations<\/em>, 1995, American Mathematical Society.<\/li>\n<\/ul>\n<hr>\n<p>\n<a href=\"https:\/\/wpd.ugr.es\/~imag\/events\/event\/introduction-to-differential-equations\/\">Web del Evento<\/a><br \/>\n<strong>Informaci\u00f3n de contacto<\/strong>:\u00a0<a href=\"mailto:imag@ugr.es\">imag@ugr.es<\/a>\n<\/div>\n<\/li>\n<li class=\"eo-event-cat-conference eo-event-cat-imag eo-event-future\">\n<div><strong>Nombre de la actividad<\/strong>: Grupo GOYA: New families of nonconforming histopolation methods based on orthogonal polynomials on polygonal meshes<br \/>\n<strong>Fecha de inicio (y fecha de finalizaci\u00f3n)<\/strong>: 9 Apr 26 12:00 (9 Apr 26 13:00)<br \/>\n<strong>Lugar<\/strong>: <br \/>\n<strong>Hora<\/strong>:12:00 12:00 &#8211; 13:00 13:00<br \/>\n<strong>Organizador\/Responsable\u00a0en el Instituto de Matem\u00e1ticas de la UGR<\/strong>:  <br \/>\n<strong>Presentaci\u00f3n\/Descripci\u00f3n de la actividad<\/strong>: <br \/>\n<a href=\"https:\/\/wpd.ugr.es\/~imag\/events\/event\/grupo-goya-new-families-of-nonconforming-histopolation-methods-based-on-orthogonal-polynomials-on-polygonal-meshes\/\">Web del Evento<\/a><br \/>\n<strong>Informaci\u00f3n de contacto<\/strong>:\u00a0<a href=\"mailto:imag@ugr.es\">imag@ugr.es<\/a>\n<\/div>\n<\/li>\n<li class=\"eo-event-cat-seminar eo-event-cat-imag eo-event-future\">\n<div><strong>Nombre de la actividad<\/strong>: Skeleton for the one-dimensional aggregation equation<br \/>\n<strong>Fecha de inicio (y fecha de finalizaci\u00f3n)<\/strong>: 9 Apr 26 12:00 (9 Apr 26 13:00)<br \/>\n<strong>Lugar<\/strong>: <br \/>\n<strong>Hora<\/strong>:12:00 12:00 &#8211; 13:00 13:00<br \/>\n<strong>Organizador\/Responsable\u00a0en el Instituto de Matem\u00e1ticas de la UGR<\/strong>:  <br \/>\n<strong>Presentaci\u00f3n\/Descripci\u00f3n de la actividad<\/strong>: \ud83d\udcc5 jueves 9 de abril \u2014 12:00<br \/>\n\ud83d\udccd Aula A22, Facultad de Ciencias<br \/>\n\ud83d\udc64Conferenciante: Juan Carlos Cantero (Universitat Aut\u00f2noma de Barcelona)<br \/>\n\ud83d\udcd6 T\u00edtulo: Skeleton for the one-dimensional aggregation equation<br \/>\n\ud83d\udcc4 Resumen: For the aggregation equation in $\\mathbb{R}$, we consider the evolution of an initial density corresponding to the characteristic function of some set $\\Omega_0$. We study the limit measure at the blow up time 1 in the cases $\\Omega_0$ is open or compact and we inspect the limit set (skeleton) where this measure is supported. This is a toy model for the general problem in arbitrary dimension. We also review some advances in the two-dimensional case. This is a joint work with Joan Orobitg (UAB).<br \/>\n<a href=\"https:\/\/wpd.ugr.es\/~imag\/events\/event\/skeleton-for-the-one-dimensional-aggregation-equation\/\">Web del Evento<\/a><br \/>\n<strong>Informaci\u00f3n de contacto<\/strong>:\u00a0<a href=\"mailto:imag@ugr.es\">imag@ugr.es<\/a>\n<\/div>\n<\/li>\n<li class=\"eo-event-cat-conference eo-event-cat-course eo-event-cat-imag eo-event-future\">\n<div><strong>Nombre de la actividad<\/strong>: Introduction to the Partial Differential Equations<br \/>\n<strong>Fecha de inicio (y fecha de finalizaci\u00f3n)<\/strong>: 10 Apr 26 10:00 (10 Apr 26 12:00)<br \/>\n<strong>Lugar<\/strong>: <br \/>\n<strong>Hora<\/strong>:10:00 10:00 &#8211; 12:00 12:00<br \/>\n<strong>Organizador\/Responsable\u00a0en el Instituto de Matem\u00e1ticas de la UGR<\/strong>:  <br \/>\n<strong>Presentaci\u00f3n\/Descripci\u00f3n de la actividad<\/strong>: <\/p>\n<div style=\"max-width:900px; margin:auto; font-family:Arial, sans-serif; line-height:1.6;\">\n<p><strong>Profesor:<\/strong> Kai Zhang<br \/>\nDepartamento de Geometr\u00eda y Topolog\u00eda<br \/>\nInstituto Universitario de Matem\u00e1ticas IMAG<\/p>\n<p><strong>Idioma:<\/strong> Ingl\u00e9s<br \/>\n<strong>Audiencia:<\/strong> Estudiantes de m\u00e1ster, doctorado y posgraduados<br \/>\n<strong>Conocimientos previos:<\/strong> Formaci\u00f3n equivalente a un Grado en Matem\u00e1ticas<\/p>\n<hr>\n<h3>Fechas<\/h3>\n<p><strong>Mi\u00e9rcoles:<\/strong> 18 y 25 de marzo; 8, 15 y 22 de abril de 2026.<br \/>\n<strong>Viernes:<\/strong> 20 y 27 de marzo; 10, 17 y 24 de abril de 2026.<\/p>\n<p><strong>Horario:<\/strong> 10:00 \u2013 12:00 horas<\/p>\n<p><strong>Lugar:<\/strong> Seminario 2, Instituto de Matem\u00e1ticas (IMAG)<\/p>\n<p><strong>Asistencia:<\/strong> Se controlar\u00e1 en cada sesi\u00f3n y se enviar\u00e1 informe a la comisi\u00f3n de evaluaci\u00f3n.<\/p>\n<hr>\n<h3>Resumen<\/h3>\n<p>Las ecuaciones en derivadas parciales (EDP) constituyen un lenguaje esencial para modelizar fen\u00f3menos complejos en ciencias e ingenier\u00eda.<br \/>\nEste curso de nivel de posgrado ofrece una introducci\u00f3n breve a los or\u00edgenes, conceptos b\u00e1sicos y cuestiones fundamentales de las EDP,<br \/>\norientada espec\u00edficamente a doctorandos en Matem\u00e1ticas.<\/p>\n<hr>\n<h3> Objetivos del curso<\/h3>\n<p>Introducir los antecedentes, conceptos fundamentales, resultados b\u00e1sicos, t\u00e9cnicas modernas y l\u00edneas principales actuales de investigaci\u00f3n en EDP.<br \/>\nLa actividad surge por iniciativa del profesor y por el inter\u00e9s manifestado por doctorandos e investigadores del IMAG en EDP, geometr\u00eda diferencial y an\u00e1lisis geom\u00e9trico.<\/p>\n<hr>\n<h3>Contenido<\/h3>\n<ul>\n<li>Contexto y motivaci\u00f3n: qu\u00e9 son las EDP y su importancia.<\/li>\n<li>Conceptos fundamentales: soluci\u00f3n, clasificaci\u00f3n, existencia y unicidad, condiciones de contorno, elipticidad.<\/li>\n<li>Convenio de sumaci\u00f3n de Einstein.<\/li>\n<li>Scaling y su papel en EDP.<\/li>\n<li>Estimaciones: principio del m\u00e1ximo, desigualdad de Harnack y t\u00e9cnicas modernas.<\/li>\n<li>Tendencias actuales y problemas abiertos.<\/li>\n<\/ul>\n<hr>\n<h3> Bibliograf\u00eda b\u00e1sica<\/h3>\n<ul>\n<li>L. C. Evans, <em>Partial Differential Equation<\/em> (2nd Edition), 2010, American Mathematical Society.<\/li>\n<li>W. A. Strauss, <em>Partial Differential Equation: An Introduction<\/em> (2nd Edition), 2008, Wiley.<\/li>\n<li>D. Gilbarg y N. S. Trudinger, <em>Elliptic Partial Differential Equations of Second Order<\/em>, 2001, Springer.<\/li>\n<li>L. A. Caffarelli y Xavier Cabr\u00e9, <em>Fully Nonlinear Elliptic Equations<\/em>, 1995, American Mathematical Society.<\/li>\n<\/ul>\n<hr>\n<p>\n<a href=\"https:\/\/wpd.ugr.es\/~imag\/events\/event\/introduction-to-differential-equations\/\">Web del Evento<\/a><br \/>\n<strong>Informaci\u00f3n de contacto<\/strong>:\u00a0<a href=\"mailto:imag@ugr.es\">imag@ugr.es<\/a>\n<\/div>\n<\/li>\n<\/ul>\n<p>\n<\/div>\n<\/p>\n<div class=\"one_half last\">\n<h2>Visitantes con entrada la pr\u00f3xima semana<\/h2>\n<ul  class=\"eo-events eo-events-shortcode\">\n<li class=\"eo-event-cat-visitor eo-event-cat-imag eo-event-future eo-multi-day eo-all-day\">\n<div><strong>Nombre del visitante<\/strong>: Annie Cuyt ()<br \/>\n<strong>Lugar<\/strong>:  \u2013 Despacho  D-12<br \/>\n<strong>Host\/Responsable en el Instituto de Matem\u00e1ticas de la UGR<\/strong>:  <br \/>\n<strong>Fecha de inicio (y fecha de finalizaci\u00f3n)<\/strong>: 6 Apr 26 (31 Jul 26)<br \/>\n<strong>Presentaci\u00f3n\/Descripci\u00f3n de la actividad<\/strong>: <br \/>\n<a href=\"https:\/\/wpd.ugr.es\/~imag\/events\/event\/annie-cuyt\/\">Web del Evento<\/a><\/div>\n<\/li>\n<\/ul>\n<h2>Visitantes anteriores, que permanecen la pr\u00f3xima semana<\/h2>\n<ul  class=\"eo-events eo-events-shortcode\">\n<li class=\"eo-event-cat-visitor eo-event-cat-imag eo-event-running eo-multi-day eo-all-day\">\n<div><strong>Nombre del visitante<\/strong>: Federico Nudo ()<br \/>\n<strong>Lugar<\/strong>:  \u2013 Despacho  D-11<br \/>\n<strong>Host\/Responsable en el Instituto de Matem\u00e1ticas de la UGR<\/strong>:  <br \/>\n<strong>Fecha de inicio (y fecha de finalizaci\u00f3n)<\/strong>: 23 Mar 26 (24 Apr 26)<br \/>\n<strong>Presentaci\u00f3n\/Descripci\u00f3n de la actividad<\/strong>: <br \/>\n<a href=\"https:\/\/wpd.ugr.es\/~imag\/events\/event\/federico-nudo-3\/\">Web del Evento<\/a><\/div>\n<\/li>\n<li class=\"eo-event-cat-grant-holder eo-event-cat-imag eo-event-running eo-multi-day eo-all-day\">\n<div><strong>Nombre del visitante<\/strong>: Sa\u00fal Burgos ()<br \/>\n<strong>Lugar<\/strong>:  \u2013 Despacho  B-06-B<br \/>\n<strong>Host\/Responsable en el Instituto de Matem\u00e1ticas de la UGR<\/strong>: Miguel S\u00e1nchez <br \/>\n<strong>Fecha de inicio (y fecha de finalizaci\u00f3n)<\/strong>: 17 May 23 (17 May 26)<br \/>\n<strong>Presentaci\u00f3n\/Descripci\u00f3n de la actividad<\/strong>: <br \/>\n<a href=\"https:\/\/wpd.ugr.es\/~imag\/events\/event\/saul-burgos\/\">Web del Evento<\/a><\/div>\n<\/li>\n<li class=\"eo-event-cat-grant-holder eo-event-cat-imag eo-event-running eo-multi-day eo-all-day\">\n<div><strong>Nombre del visitante<\/strong>: Sabina Musto ()<br \/>\n<strong>Lugar<\/strong>:  \u2013 Despacho  B-02-B<br \/>\n<strong>Host\/Responsable en el Instituto de Matem\u00e1ticas de la UGR<\/strong>:  <br \/>\n<strong>Fecha de inicio (y fecha de finalizaci\u00f3n)<\/strong>: 1 Mar 26 (31 May 26)<br \/>\n<strong>Presentaci\u00f3n\/Descripci\u00f3n de la actividad<\/strong>: <br \/>\n<a href=\"https:\/\/wpd.ugr.es\/~imag\/events\/event\/sabina-musto\/\">Web del Evento<\/a><\/div>\n<\/li>\n<li class=\"eo-event-cat-grant-holder eo-event-cat-imag eo-event-running eo-multi-day eo-all-day\">\n<div><strong>Nombre del visitante<\/strong>: Niccol\u00f2 Tassi ()<br \/>\n<strong>Lugar<\/strong>:  \u2013 Despacho  B-03-B<br \/>\n<strong>Host\/Responsable en el Instituto de Matem\u00e1ticas de la UGR<\/strong>: Jos\u00e9 A. Ca\u00f1izo <br \/>\n<strong>Fecha de inicio (y fecha de finalizaci\u00f3n)<\/strong>: 30 Sep 22 (30 Jun 26)<br \/>\n<strong>Presentaci\u00f3n\/Descripci\u00f3n de la actividad<\/strong>: <br \/>\n<a href=\"https:\/\/wpd.ugr.es\/~imag\/events\/event\/niccolo-tassi\/\">Web del Evento<\/a><\/div>\n<\/li>\n<li class=\"eo-event-cat-grant-holder eo-event-cat-imag eo-event-running eo-multi-day eo-all-day\">\n<div><strong>Nombre del visitante<\/strong>: Kyaw Lin Thein ()<br \/>\n<strong>Lugar<\/strong>:  \u2013 Despacho  B-04-A<br \/>\n<strong>Host\/Responsable en el Instituto de Matem\u00e1ticas de la UGR<\/strong>:  <br \/>\n<strong>Fecha de inicio (y fecha de finalizaci\u00f3n)<\/strong>: 2 Feb 26 (30 Jun 26)<br \/>\n<strong>Presentaci\u00f3n\/Descripci\u00f3n de la actividad<\/strong>: <br \/>\n<a href=\"https:\/\/wpd.ugr.es\/~imag\/events\/event\/kyaw-lin-thein\/\">Web del Evento<\/a><\/div>\n<\/li>\n<li class=\"eo-event-cat-grant-holder eo-event-cat-imag eo-event-running eo-multi-day eo-all-day\">\n<div><strong>Nombre del visitante<\/strong>: Jorge Hidalgo Calder\u00f3n ()<br \/>\n<strong>Lugar<\/strong>:  \u2013 Despacho  B-07-B<br \/>\n<strong>Host\/Responsable en el Instituto de Matem\u00e1ticas de la UGR<\/strong>: Antonio Alarc\u00f3n <br \/>\n<strong>Fecha de inicio (y fecha de finalizaci\u00f3n)<\/strong>: 1 Feb 22 (31 Jul 26)<br \/>\n<strong>Presentaci\u00f3n\/Descripci\u00f3n de la actividad<\/strong>: <br \/>\n<a href=\"https:\/\/wpd.ugr.es\/~imag\/events\/event\/jorge-hidalgo-calderon\/\">Web del Evento<\/a><\/div>\n<\/li>\n<li class=\"eo-event-cat-visitor eo-event-cat-imag eo-event-running eo-multi-day eo-all-day\">\n<div><strong>Nombre del visitante<\/strong>: Dong-Hwi Seo ()<br \/>\n<strong>Lugar<\/strong>:  \u2013 Despacho  D-06<br \/>\n<strong>Host\/Responsable en el Instituto de Matem\u00e1ticas de la UGR<\/strong>: Antonio Ros <br \/>\n<strong>Fecha de inicio (y fecha de finalizaci\u00f3n)<\/strong>: 2 Sep 25 (31 Jul 26)<br \/>\n<strong>Presentaci\u00f3n\/Descripci\u00f3n de la actividad<\/strong>: <\/p>\n<p>Post-doc researcher of the project EUR2024-153556 whose IP is Antonio Ros.<\/p>\n<p>\n<a href=\"https:\/\/wpd.ugr.es\/~imag\/events\/event\/dong-hwi-seo-3\/\">Web del Evento<\/a><\/div>\n<\/li>\n<li class=\"eo-event-cat-visitor eo-event-cat-imag eo-event-future eo-multi-day eo-all-day\">\n<div><strong>Nombre del visitante<\/strong>: Annie Cuyt ()<br \/>\n<strong>Lugar<\/strong>:  \u2013 Despacho  D-12<br \/>\n<strong>Host\/Responsable en el Instituto de Matem\u00e1ticas de la UGR<\/strong>:  <br \/>\n<strong>Fecha de inicio (y fecha de finalizaci\u00f3n)<\/strong>: 6 Apr 26 (31 Jul 26)<br \/>\n<strong>Presentaci\u00f3n\/Descripci\u00f3n de la actividad<\/strong>: <br \/>\n<a href=\"https:\/\/wpd.ugr.es\/~imag\/events\/event\/annie-cuyt\/\">Web del Evento<\/a><\/div>\n<\/li>\n<li class=\"eo-event-cat-grant-holder eo-event-cat-imag eo-event-running eo-multi-day eo-all-day\">\n<div><strong>Nombre del visitante<\/strong>: Esteban Mart\u00ednez Va\u00f1\u00f3 ()<br \/>\n<strong>Lugar<\/strong>:  \u2013 Despacho  AM-01<br \/>\n<strong>Host\/Responsable en el Instituto de Matem\u00e1ticas de la UGR<\/strong>: Gin\u00e9s L\u00f3pez <br \/>\n<strong>Fecha de inicio (y fecha de finalizaci\u00f3n)<\/strong>: 1 Jan 24 (31 Aug 26)<br \/>\n<strong>Presentaci\u00f3n\/Descripci\u00f3n de la actividad<\/strong>: <br \/>\n<a href=\"https:\/\/wpd.ugr.es\/~imag\/events\/event\/esteban-martinez-vano\/\">Web del Evento<\/a><\/div>\n<\/li>\n<li class=\"eo-event-cat-grant-holder eo-event-cat-imag eo-event-running eo-multi-day eo-all-day\">\n<div><strong>Nombre del visitante<\/strong>: Helena del R\u00edo Fern\u00e1ndez ()<br \/>\n<strong>Lugar<\/strong>:  \u2013 Despacho  AM-02<br \/>\n<strong>Host\/Responsable en el Instituto de Matem\u00e1ticas de la UGR<\/strong>: Miguel Mart\u00edn <br \/>\n<strong>Fecha de inicio (y fecha de finalizaci\u00f3n)<\/strong>: 1 Dec 23 (31 Aug 26)<br \/>\n<strong>Presentaci\u00f3n\/Descripci\u00f3n de la actividad<\/strong>: <br \/>\n<a href=\"https:\/\/wpd.ugr.es\/~imag\/events\/event\/helena-del-rio-fernandez\/\">Web del Evento<\/a><\/div>\n<\/li>\n<li class=\"eo-event-cat-visitor eo-event-cat-imag eo-event-running eo-multi-day eo-all-day\">\n<div><strong>Nombre del visitante<\/strong>: Marcos Paulo Tassi ()<br \/>\n<strong>Lugar<\/strong>:  \u2013 Despacho  D-10D-10<br \/>\n<strong>Host\/Responsable en el Instituto de Matem\u00e1ticas de la UGR<\/strong>:  <br \/>\n<strong>Fecha de inicio (y fecha de finalizaci\u00f3n)<\/strong>: 13 Feb 25 (31 Aug 26)<br \/>\n<strong>Presentaci\u00f3n\/Descripci\u00f3n de la actividad<\/strong>: <br \/>\n<a href=\"https:\/\/wpd.ugr.es\/~imag\/events\/event\/marcos-paulo-tassi-4\/\">Web del Evento<\/a><\/div>\n<\/li>\n<li class=\"eo-event-cat-grant-holder eo-event-cat-imag eo-event-running eo-multi-day eo-all-day\">\n<div><strong>Nombre del visitante<\/strong>: Tja\u0161a Vrhovnik ()<br \/>\n<strong>Lugar<\/strong>:  \u2013 Despacho  B-07-D<br \/>\n<strong>Host\/Responsable en el Instituto de Matem\u00e1ticas de la UGR<\/strong>: Antonio Alarc\u00f3n <br \/>\n<strong>Fecha de inicio (y fecha de finalizaci\u00f3n)<\/strong>: 1 Sep 22 (31 Dec 26)<br \/>\n<strong>Presentaci\u00f3n\/Descripci\u00f3n de la actividad<\/strong>: <br \/>\n<a href=\"https:\/\/wpd.ugr.es\/~imag\/events\/event\/tjasa-vrhovnik\/\">Web del Evento<\/a><\/div>\n<\/li>\n<li class=\"eo-event-cat-grant-holder eo-event-cat-imag eo-event-running eo-multi-day eo-all-day\">\n<div><strong>Nombre del visitante<\/strong>: Francisco Javier Reyes S\u00e1nchez ()<br \/>\n<strong>Lugar<\/strong>:  \u2013 Despacho  AM-03<br \/>\n<strong>Host\/Responsable en el Instituto de Matem\u00e1ticas de la UGR<\/strong>: David Ruiz <br \/>\n<strong>Fecha de inicio (y fecha de finalizaci\u00f3n)<\/strong>: 1 Sep 17 (31 Dec 26)<br \/>\n<strong>Presentaci\u00f3n\/Descripci\u00f3n de la actividad<\/strong>: <br \/>\n<a href=\"https:\/\/wpd.ugr.es\/~imag\/events\/event\/francisco-javier-reyes-sanchez\/\">Web del Evento<\/a><\/div>\n<\/li>\n<li class=\"eo-event-cat-grant-holder eo-event-cat-imag eo-event-running eo-multi-day eo-all-day\">\n<div><strong>Nombre del visitante<\/strong>: Inmaculada Ben\u00edtez Berral ()<br \/>\n<strong>Lugar<\/strong>:  \u2013 Despacho  B-03-D<br \/>\n<strong>Host\/Responsable en el Instituto de Matem\u00e1ticas de la UGR<\/strong>: Jos\u00e9 A. Ca\u00f1izo <br \/>\n<strong>Fecha de inicio (y fecha de finalizaci\u00f3n)<\/strong>: 9 Jan 23 (31 Dec 26)<br \/>\n<strong>Presentaci\u00f3n\/Descripci\u00f3n de la actividad<\/strong>: <br \/>\n<a href=\"https:\/\/wpd.ugr.es\/~imag\/events\/event\/inmaculada-benitez-berral\/\">Web del Evento<\/a><\/div>\n<\/li>\n<li class=\"eo-event-cat-grant-holder eo-event-cat-imag eo-event-running eo-multi-day eo-all-day\">\n<div><strong>Nombre del visitante<\/strong>: Juan Antonio Villegas Recio ()<br \/>\n<strong>Lugar<\/strong>:  \u2013 Despacho  B4<br \/>\n<strong>Host\/Responsable en el Instituto de Matem\u00e1ticas de la UGR<\/strong>: Lidia Fern\u00e1ndez Rodr\u00edguez <br \/>\n<strong>Fecha de inicio (y fecha de finalizaci\u00f3n)<\/strong>: 27 Mar 23 (31 May 27)<br \/>\n<strong>Presentaci\u00f3n\/Descripci\u00f3n de la actividad<\/strong>: <br \/>\n<a href=\"https:\/\/wpd.ugr.es\/~imag\/events\/event\/juan-antonio-villegas-recio\/\">Web del Evento<\/a><\/div>\n<\/li>\n<li class=\"eo-event-cat-grant-holder eo-event-cat-imag eo-event-running eo-multi-day eo-all-day\">\n<div><strong>Nombre del visitante<\/strong>: Diego Alfonso Mar\u00edn Mu\u00f1oz ()<br \/>\n<strong>Lugar<\/strong>:  \u2013 Despacho  B8<br \/>\n<strong>Host\/Responsable en el Instituto de Matem\u00e1ticas de la UGR<\/strong>: Jos\u00e9 M. Espinar <br \/>\n<strong>Fecha de inicio (y fecha de finalizaci\u00f3n)<\/strong>: 1 Sep 22 (1 Sep 27)<br \/>\n<strong>Presentaci\u00f3n\/Descripci\u00f3n de la actividad<\/strong>: <br \/>\n<a href=\"https:\/\/wpd.ugr.es\/~imag\/events\/event\/diego-alfonso-marin-munoz\/\">Web del Evento<\/a><\/div>\n<\/li>\n<li class=\"eo-event-cat-grant-holder eo-event-cat-imag eo-event-running eo-multi-day eo-all-day\">\n<div><strong>Nombre del visitante<\/strong>: Javier Herv\u00e1s Aniorte ()<br \/>\n<strong>Lugar<\/strong>:  \u2013 Despacho  B6<br \/>\n<strong>Host\/Responsable en el Instituto de Matem\u00e1ticas de la UGR<\/strong>: Francisco Mart\u00edn <br \/>\n<strong>Fecha de inicio (y fecha de finalizaci\u00f3n)<\/strong>: 9 Jan 24 (9 Jan 28)<br \/>\n<strong>Presentaci\u00f3n\/Descripci\u00f3n de la actividad<\/strong>: <br \/>\n<a href=\"https:\/\/wpd.ugr.es\/~imag\/events\/event\/javier-hervas-aniorte-2\/\">Web del Evento<\/a><\/div>\n<\/li>\n<\/ul>\n<p>\n<\/div>\n<div class=\"clear\"><\/div><\/p>\n","protected":false},"excerpt":{"rendered":"<p>Resumen de actividades en el Instituto de Matem\u00e1ticas de la UGR de la semana<span class=\"more-link\"><a href=\"https:\/\/wpd.ugr.es\/~imag\/events\/event\/javier-hervas-aniorte-2\/\">Continue Reading<\/a><\/span><\/p>\n","protected":false},"author":1,"featured_media":0,"parent":0,"menu_order":0,"comment_status":"closed","ping_status":"closed","template":"","meta":{"footnotes":""},"translation":{"provider":"WPGlobus","version":"3.0.0","language":"en","enabled_languages":["en"],"languages":{"en":{"title":true,"content":true,"excerpt":false}}},"_links":{"self":[{"href":"https:\/\/wpd.ugr.es\/~imag\/wp-json\/wp\/v2\/pages\/902"}],"collection":[{"href":"https:\/\/wpd.ugr.es\/~imag\/wp-json\/wp\/v2\/pages"}],"about":[{"href":"https:\/\/wpd.ugr.es\/~imag\/wp-json\/wp\/v2\/types\/page"}],"author":[{"embeddable":true,"href":"https:\/\/wpd.ugr.es\/~imag\/wp-json\/wp\/v2\/users\/1"}],"replies":[{"embeddable":true,"href":"https:\/\/wpd.ugr.es\/~imag\/wp-json\/wp\/v2\/comments?post=902"}],"version-history":[{"count":70,"href":"https:\/\/wpd.ugr.es\/~imag\/wp-json\/wp\/v2\/pages\/902\/revisions"}],"predecessor-version":[{"id":928,"href":"https:\/\/wpd.ugr.es\/~imag\/wp-json\/wp\/v2\/pages\/902\/revisions\/928"}],"wp:attachment":[{"href":"https:\/\/wpd.ugr.es\/~imag\/wp-json\/wp\/v2\/media?parent=902"}],"curies":[{"name":"wp","href":"https:\/\/api.w.org\/{rel}","templated":true}]}}