{"id":91,"date":"2014-05-03T11:11:41","date_gmt":"2014-05-03T11:11:41","guid":{"rendered":"http:\/\/iemath.ugr.es\/cms\/?page_id=91"},"modified":"2020-11-19T23:38:58","modified_gmt":"2020-11-19T22:38:58","slug":"past-activities","status":"publish","type":"page","link":"https:\/\/wpd.ugr.es\/~imag\/past-activities\/","title":{"rendered":"Past activities"},"content":{"rendered":"<p align=\"center\"><strong>SCHEDULE (March 2013 &#8211; February 2014)<\/strong><\/p>\n<p align=\"center\"><strong>Visitors at the institute<\/strong><\/p>\n<table border=\"1\" cellspacing=\"0\" cellpadding=\"0\">\n<tbody>\n<tr>\n<td valign=\"top\" width=\"240\"><strong>Visitor<\/strong><\/td>\n<td valign=\"top\" width=\"240\"><strong>Host researcher<\/strong><\/td>\n<td valign=\"top\" width=\"240\"><strong>Dates<\/strong><\/td>\n<\/tr>\n<tr>\n<td valign=\"top\" width=\"240\">Mar\u00eda Fernanda Elbert<\/td>\n<td valign=\"top\" width=\"240\">Magdalena Rodr\u00edguez<\/td>\n<td valign=\"top\" width=\"240\">09\/03\/2013 \u2013 23\/03\/2013<\/td>\n<\/tr>\n<tr>\n<td valign=\"top\" width=\"240\">Bill Meeks<\/td>\n<td valign=\"top\" width=\"240\">Joaqu\u00edn P\u00e9rez<\/td>\n<td valign=\"top\" width=\"240\">14\/03\/2013 \u2013 23\/03\/2013<\/td>\n<\/tr>\n<tr>\n<td valign=\"top\" width=\"240\">Jos\u00e9 G\u00f3mez Torrecillas<\/td>\n<td valign=\"top\" width=\"240\">El mismo<\/td>\n<td valign=\"top\" width=\"240\">19\/04\/2013 \u2013 30\/06\/2013<\/td>\n<\/tr>\n<tr>\n<td valign=\"top\" width=\"240\">Francisco Mart\u00edn Serrano<\/td>\n<td valign=\"top\" width=\"240\">El mismo<\/td>\n<td valign=\"top\" width=\"240\">13\/05\/2013 \u2013 28\/06\/2013<\/td>\n<\/tr>\n<tr>\n<td valign=\"top\" width=\"240\">Alvaro Bustinduy<\/td>\n<td valign=\"top\" width=\"240\">Miguel S\u00e1nchez<\/td>\n<td valign=\"top\" width=\"240\">11\/06\/2013 \u2013 14\/06\/2013<\/td>\n<\/tr>\n<tr>\n<td valign=\"top\" width=\"240\">Miguel S\u00e1nchez Caja<\/td>\n<td valign=\"top\" width=\"240\">El mismo<\/td>\n<td valign=\"top\" width=\"240\">11\/06\/2013 \u2013 28\/06\/2013<\/td>\n<\/tr>\n<tr>\n<td valign=\"top\" width=\"240\">Rafe Mazzeo<\/td>\n<td valign=\"top\" width=\"240\">Magdalena Rodr\u00edguez<\/td>\n<td valign=\"top\" width=\"240\">12\/06\/2013 \u2013 21\/06\/2013<\/td>\n<\/tr>\n<tr>\n<td valign=\"top\" width=\"240\">Magdalena Rodr\u00edguez<\/td>\n<td valign=\"top\" width=\"240\">La misma<\/td>\n<td valign=\"top\" width=\"240\">12\/06\/2013 \u2013 21\/06\/2013<\/td>\n<\/tr>\n<tr>\n<td valign=\"top\" width=\"240\">Serge Guillas<\/td>\n<td valign=\"top\" width=\"240\">Mar\u00eda Dolores Ruiz Medina<\/td>\n<td valign=\"top\" width=\"240\">12\/06\/2013 \u2013 28\/06\/2013<\/td>\n<\/tr>\n<tr>\n<td valign=\"top\" width=\"240\">Francisco Torralbo<\/td>\n<td valign=\"top\" width=\"240\">El mismo<\/td>\n<td valign=\"top\" width=\"240\">17\/06\/2013 \u2013 21\/06\/2013<\/td>\n<\/tr>\n<tr>\n<td valign=\"top\" width=\"240\">Marie Amelie Lawn<\/td>\n<td valign=\"top\" width=\"240\">Miguel Ortegal Titos<\/td>\n<td valign=\"top\" width=\"240\">24\/06\/2013 \u2013 28\/06\/2013<\/td>\n<\/tr>\n<tr>\n<td valign=\"top\" width=\"240\">Pieralberto Scilbaldi<\/td>\n<td valign=\"top\" width=\"240\">Antonio Ros<\/td>\n<td valign=\"top\" width=\"240\">15\/07\/2013 \u2013 14\/12\/2013<\/td>\n<\/tr>\n<tr>\n<td valign=\"top\" width=\"240\">Stephan Martin<\/td>\n<td valign=\"top\" width=\"240\">Magdalena Rodr\u00edguez<\/td>\n<td valign=\"top\" width=\"240\">28\/07\/2013 \u2013 05\/08\/2013<\/td>\n<\/tr>\n<tr>\n<td valign=\"top\" width=\"240\">4 visitantes de Pedro Torres<\/td>\n<td valign=\"top\" width=\"240\">Pedro Torres<\/td>\n<td valign=\"top\" width=\"240\">16\/09\/2013 \u2013 20\/09\/2013<\/td>\n<\/tr>\n<tr>\n<td valign=\"top\" width=\"240\">Franc Forstneric<\/td>\n<td valign=\"top\" width=\"240\">Antonio Alarc\u00f3n<\/td>\n<td valign=\"top\" width=\"240\">16\/09\/2013 \u2013 20\/09\/2013<\/td>\n<\/tr>\n<tr>\n<td valign=\"top\" width=\"240\">David Arcoya<\/td>\n<td valign=\"top\" width=\"240\">El mismo<\/td>\n<td valign=\"top\" width=\"240\">11\/10\/2013 \u2013 05\/11\/2013<\/td>\n<\/tr>\n<tr>\n<td valign=\"top\" width=\"240\">Jos\u00e9 Carmona Tapia<\/td>\n<td valign=\"top\" width=\"240\">David Arcoya<\/td>\n<td valign=\"top\" width=\"240\">15\/11\/2013 \u2013 18\/11\/2013<\/td>\n<\/tr>\n<tr>\n<td valign=\"top\" width=\"240\">Tommaso Leonori<\/td>\n<td valign=\"top\" width=\"240\">David Arcoya<\/td>\n<td valign=\"top\" width=\"240\">15\/10\/2013 \u2013 18\/11\/2013<\/td>\n<\/tr>\n<tr>\n<td valign=\"top\" width=\"240\">Yuan Xu<\/td>\n<td valign=\"top\" width=\"240\">Miguel Pi\u00f1ar<\/td>\n<td valign=\"top\" width=\"240\">26\/11\/2013 \u2013 30\/11\/2013<\/td>\n<\/tr>\n<tr>\n<td valign=\"top\" width=\"240\">David Cheban<\/td>\n<td valign=\"top\" width=\"240\">Rafael Ortega<\/td>\n<td valign=\"top\" width=\"240\">01\/12\/2013 \u2013 31\/01\/2014<\/td>\n<\/tr>\n<tr>\n<td valign=\"top\" width=\"240\">Camillo de Lellis<\/td>\n<td valign=\"top\" width=\"240\">Francisco Mart\u00edn<\/td>\n<td valign=\"top\" width=\"240\">12\/12\/2013 \u2013 14\/12\/2013<\/td>\n<\/tr>\n<tr>\n<td valign=\"top\" width=\"240\">Miguel S\u00e1nchez<\/td>\n<td valign=\"top\" width=\"240\">El mismo<\/td>\n<td valign=\"top\" width=\"240\">11\/12\/2013 \u2013 30\/06\/2014<\/td>\n<\/tr>\n<tr>\n<td valign=\"top\" width=\"240\">Esther Cabezas Rivas<\/td>\n<td valign=\"top\" width=\"240\">Joaqu\u00edn P\u00e9rez<\/td>\n<td valign=\"top\" width=\"240\">12\/12\/2013 \u2013 14\/12\/2013<\/td>\n<\/tr>\n<tr>\n<td valign=\"top\" width=\"240\">Melanie Rufflin<\/td>\n<td valign=\"top\" width=\"240\">Joaqu\u00edn P\u00e9rez<\/td>\n<td valign=\"top\" width=\"240\">12\/12\/2013 \u2013 14\/12\/2013<\/td>\n<\/tr>\n<tr>\n<td valign=\"top\" width=\"240\">Ram\u00f3n Orive<\/td>\n<td valign=\"top\" width=\"240\">Miguel Pi\u00f1ar<\/td>\n<td valign=\"top\" width=\"240\">11\/12\/2013 \u2013 13\/12\/2013<\/td>\n<\/tr>\n<tr>\n<td valign=\"top\" width=\"240\">Tom Ilmanen<\/td>\n<td valign=\"top\" width=\"240\">Joaqu\u00edn P\u00e9rez<\/td>\n<td valign=\"top\" width=\"240\">12\/12\/2013 \u2013 14\/12\/2013<\/td>\n<\/tr>\n<tr>\n<td valign=\"top\" width=\"240\">Jos\u00e9 Espinar<\/td>\n<td valign=\"top\" width=\"240\">Joaqu\u00edn P\u00e9rez<\/td>\n<td valign=\"top\" width=\"240\">16\/12\/2013 \u2013 20\/12\/2013<\/td>\n<\/tr>\n<tr>\n<td valign=\"top\" width=\"240\">Marilena Moruz<\/td>\n<td valign=\"top\" width=\"240\">Rafael L\u00f3pez<\/td>\n<td valign=\"top\" width=\"240\">09\/01\/2014 \u2013 13\/04\/2014<\/td>\n<\/tr>\n<tr>\n<td valign=\"top\" width=\"240\">Rafael L\u00f3pez<\/td>\n<td valign=\"top\" width=\"240\">El mismo<\/td>\n<td valign=\"top\" width=\"240\">09\/01\/2014 \u2013 13\/04\/2014<\/td>\n<\/tr>\n<tr>\n<td valign=\"top\" width=\"240\">Pedro Roitman<\/td>\n<td valign=\"top\" width=\"240\">Antonio Mart\u00ednez<\/td>\n<td valign=\"top\" width=\"240\">13\/01\/2014 \u2013 24\/04\/2014<\/td>\n<\/tr>\n<tr>\n<td valign=\"top\" width=\"240\">David Arcoya<\/td>\n<td valign=\"top\" width=\"240\">El mismo<\/td>\n<td valign=\"top\" width=\"240\">20\/01\/2014 \u2013 24\/01\/2014<\/td>\n<\/tr>\n<tr>\n<td valign=\"top\" width=\"240\">Julio Rossi<\/td>\n<td valign=\"top\" width=\"240\">David Arcoya<\/td>\n<td valign=\"top\" width=\"240\">20\/01\/2014 \u2013 24\/01\/2014<\/td>\n<\/tr>\n<tr>\n<td valign=\"top\" width=\"240\">Luis Garza<\/td>\n<td valign=\"top\" width=\"240\">Miguel Pi\u00f1ar<\/td>\n<td valign=\"top\" width=\"240\">26\/01\/2014 \u2013 01\/02\/2014<\/td>\n<\/tr>\n<tr>\n<td valign=\"top\" width=\"240\">Herbert Due\u00f1as<\/td>\n<td valign=\"top\" width=\"240\">Miguel Pi\u00f1ar<\/td>\n<td valign=\"top\" width=\"240\">26\/01\/2014 \u2013 01\/02\/2014<\/td>\n<\/tr>\n<tr>\n<td valign=\"top\" width=\"240\">Pascal Romon<\/td>\n<td valign=\"top\" width=\"240\">Joaqu\u00edn P\u00e9rez<\/td>\n<td valign=\"top\" width=\"240\">23\/01\/2014 \u2013 23\/01\/2014<\/td>\n<\/tr>\n<tr>\n<td valign=\"top\" width=\"240\">Pieralberto Scilbaldi<\/td>\n<td valign=\"top\" width=\"240\">Antonio Ros<\/td>\n<td valign=\"top\" width=\"240\">30\/01\/2014 \u2013 30\/06\/2014<\/td>\n<\/tr>\n<tr>\n<td valign=\"top\" width=\"240\">Ana Mar\u00eda Menezes<\/td>\n<td valign=\"top\" width=\"240\">Magdalena Rodr\u00edguez<\/td>\n<td valign=\"top\" width=\"240\">13\/02\/2014 \u2013 19\/02\/2014<\/td>\n<\/tr>\n<tr>\n<td valign=\"top\" width=\"240\">Joao Paulo do Santos<\/td>\n<td valign=\"top\" width=\"240\">Antonio Mart\u00ednez<\/td>\n<td valign=\"top\" width=\"240\">11\/02\/2014 \u2013 02\/03\/2014<\/td>\n<\/tr>\n<\/tbody>\n<\/table>\n<p><span style=\"font-size: 13px;\">\u00a0<\/span><\/p>\n<p align=\"center\"><strong>Research grand holders\u00a0 at the institute<\/strong><\/p>\n<table border=\"1\" cellspacing=\"0\" cellpadding=\"0\">\n<tbody>\n<tr>\n<td valign=\"top\" width=\"240\"><strong>Research grand holders<\/strong><\/td>\n<td valign=\"top\" width=\"240\"><strong>UGR advisor <\/strong><\/td>\n<td valign=\"top\" width=\"240\"><strong>Dates<\/strong><\/td>\n<\/tr>\n<tr>\n<td valign=\"top\" width=\"240\">David Molina Mu\u00f1oz<\/td>\n<td valign=\"top\" width=\"240\">Mar\u00eda del Mar Rueda<\/td>\n<td valign=\"top\" width=\"240\">01\/04\/2013 \u2013 31\/03\/2017<\/td>\n<\/tr>\n<tr>\n<td valign=\"top\" width=\"240\">Carmen Aguilera Morillo<\/td>\n<td valign=\"top\" width=\"240\">Ana M\u00aa Aguilera del Pino<\/td>\n<td valign=\"top\" width=\"240\">22\/04\/2013 \u2013 30\/09\/2013<\/td>\n<\/tr>\n<tr>\n<td valign=\"top\" width=\"240\">Jes\u00fas P\u00e9rez Garc\u00eda<\/td>\n<td valign=\"top\" width=\"240\">Francisco Mart\u00edn Serrano<\/td>\n<td valign=\"top\" width=\"240\">14\/05\/2013 \u2013 25\/05\/2013<\/td>\n<\/tr>\n<tr>\n<td valign=\"top\" width=\"240\">Jos\u00e9 Miguel Manzano<\/td>\n<td valign=\"top\" width=\"240\">Joaqu\u00edn P\u00e9rez<\/td>\n<td valign=\"top\" width=\"240\">16\/07\/2013 \u2013 15\/01\/2014<\/td>\n<\/tr>\n<tr>\n<td valign=\"top\" width=\"240\">Efstratios Vernadakis<\/td>\n<td valign=\"top\" width=\"240\">Manuel Ritor\u00e9<\/td>\n<td valign=\"top\" width=\"240\">02\/08\/2013 \u2013 25\/11\/2013<\/td>\n<\/tr>\n<tr>\n<td valign=\"top\" width=\"240\">Alvaro Kruger Ramos<\/td>\n<td valign=\"top\" width=\"240\">Joaqu\u00edn P\u00e9rez<\/td>\n<td valign=\"top\" width=\"240\">18\/09\/2013 \u2013 12\/09\/2014<\/td>\n<\/tr>\n<tr>\n<td valign=\"top\" width=\"240\">Alexis Molino Salas<\/td>\n<td valign=\"top\" width=\"240\">David Arcoya<\/td>\n<td valign=\"top\" width=\"240\">12\/10\/2013 \u2013 30\/08\/2014<\/td>\n<\/tr>\n<tr>\n<td valign=\"top\" width=\"240\">Lourdes Moreno<\/td>\n<td valign=\"top\" width=\"240\">David Arcoya<\/td>\n<td valign=\"top\" width=\"240\">20\/01\/2014 \u2013 20\/01\/2018<\/td>\n<\/tr>\n<tr>\n<td valign=\"top\" width=\"240\">Miguel Navarro<\/td>\n<td valign=\"top\" width=\"240\">Salvador Villegas<\/td>\n<td valign=\"top\" width=\"240\">20\/01\/2014 \u2013 20\/01\/2018<\/td>\n<\/tr>\n<tr>\n<td valign=\"top\" width=\"240\">Rafael L\u00f3pez Soriano<\/td>\n<td valign=\"top\" width=\"240\">David Ruiz<\/td>\n<td valign=\"top\" width=\"240\">20\/01\/2014 \u2013 20\/01\/2018<\/td>\n<\/tr>\n<\/tbody>\n<\/table>\n<p align=\"center\">\u00a0<span style=\"font-size: 13px;\">\u00a0<\/span><\/p>\n<p align=\"center\"><strong>Seminars at the institute<\/strong><\/p>\n<table border=\"1\" cellspacing=\"0\" cellpadding=\"0\">\n<tbody>\n<tr>\n<td valign=\"top\" width=\"281\"><strong>Speaker<\/strong><\/td>\n<td valign=\"top\" width=\"224\"><strong>Organizer<\/strong><\/td>\n<td valign=\"top\" width=\"215\"><strong>Dates<\/strong><\/td>\n<\/tr>\n<tr>\n<td valign=\"top\" width=\"281\">N. Leonenko<\/td>\n<td valign=\"top\" width=\"224\">M. Dolores Ruiz Medina<\/td>\n<td valign=\"top\" width=\"215\">09\/04\/2013<\/td>\n<\/tr>\n<tr>\n<td valign=\"top\" width=\"281\">N. Leonenko<\/td>\n<td valign=\"top\" width=\"224\">M. Dolores Ruiz Medina<\/td>\n<td valign=\"top\" width=\"215\">11\/03\/2013<\/td>\n<\/tr>\n<tr>\n<td valign=\"top\" width=\"281\">Seminario Ecuaciones Diferenciales<\/td>\n<td valign=\"top\" width=\"224\">David Arcoya<\/td>\n<td valign=\"top\" width=\"215\">14\/06\/2013<\/td>\n<\/tr>\n<tr>\n<td valign=\"top\" width=\"281\">Seminario Ecuaciones Diferenciales<\/td>\n<td valign=\"top\" width=\"224\">David Arcoya<\/td>\n<td valign=\"top\" width=\"215\">12\/09\/2013<\/td>\n<\/tr>\n<tr>\n<td valign=\"top\" width=\"281\">Seminario Ecuaciones Diferenciales<\/td>\n<td valign=\"top\" width=\"224\">David Arcoya<\/td>\n<td valign=\"top\" width=\"215\">04\/10\/2013<\/td>\n<\/tr>\n<tr>\n<td valign=\"top\" width=\"281\">Seminario EDPs<\/td>\n<td valign=\"top\" width=\"224\">David Ruiz<\/td>\n<td valign=\"top\" width=\"215\">24\/10\/2013<\/td>\n<\/tr>\n<tr>\n<td valign=\"top\" width=\"281\">Alberto Boscaggin<\/td>\n<td valign=\"top\" width=\"224\">David Arcoya<\/td>\n<td valign=\"top\" width=\"215\">06\/11\/2013<\/td>\n<\/tr>\n<tr>\n<td valign=\"top\" width=\"281\">Seminario estudiantes Algebra<\/td>\n<td valign=\"top\" width=\"224\">Benjam\u00edn Alarc\u00f3n<\/td>\n<td valign=\"top\" width=\"215\">06\/11\/2013 \u2013 actualidad<\/td>\n<\/tr>\n<tr>\n<td valign=\"top\" width=\"281\">Francisco Gancedo<\/td>\n<td valign=\"top\" width=\"224\">David Arcoya<\/td>\n<td valign=\"top\" width=\"215\">14\/11\/2013<\/td>\n<\/tr>\n<tr>\n<td valign=\"top\" width=\"281\">Teor\u00eda de aproximai\u00f3n y polinomios ortogonales<\/td>\n<td valign=\"top\" width=\"224\">Miguel Pi\u00f1ar<\/td>\n<td valign=\"top\" width=\"215\">29\/11\/2013<\/td>\n<\/tr>\n<tr>\n<td valign=\"top\" width=\"281\">Cristian Bereanu<\/td>\n<td valign=\"top\" width=\"224\">David Arcoya<\/td>\n<td valign=\"top\" width=\"215\">29\/11\/2013<\/td>\n<\/tr>\n<tr>\n<td valign=\"top\" width=\"281\">Rafael Obaya<\/td>\n<td valign=\"top\" width=\"224\">David Arcoya<\/td>\n<td valign=\"top\" width=\"215\">13\/12\/2013<\/td>\n<\/tr>\n<tr>\n<td valign=\"top\" width=\"281\">David Cheban<\/td>\n<td valign=\"top\" width=\"224\">Rafael Ortega<\/td>\n<td valign=\"top\" width=\"215\">19\/12\/2013<\/td>\n<\/tr>\n<tr>\n<td valign=\"top\" width=\"281\">Seminario Geometr\u00eda<\/td>\n<td valign=\"top\" width=\"224\">Francisco Urbano<\/td>\n<td valign=\"top\" width=\"215\">10\/01\/2014 &#8211; actualidad<\/td>\n<\/tr>\n<tr>\n<td valign=\"top\" width=\"281\">Seminario Ecuaciones Diferenciales<\/td>\n<td valign=\"top\" width=\"224\">David Arcoya<\/td>\n<td valign=\"top\" width=\"215\">23\/01\/2014<\/td>\n<\/tr>\n<tr>\n<td valign=\"top\" width=\"281\">Jos\u00e9 Carmona<\/td>\n<td valign=\"top\" width=\"224\">David Arcoya<\/td>\n<td valign=\"top\" width=\"215\">07\/02\/2014<\/td>\n<\/tr>\n<\/tbody>\n<\/table>\n<p align=\"center\">\u00a0<span style=\"font-size: 13px;\">\u00a0<\/span><\/p>\n<p align=\"center\"><strong>Courses at the institute<\/strong><\/p>\n<table border=\"1\" cellspacing=\"0\" cellpadding=\"0\">\n<tbody>\n<tr>\n<td valign=\"top\" width=\"210\"><strong>Title \/ organizer<\/strong><\/td>\n<td valign=\"top\" width=\"270\"><strong>Program<\/strong><\/td>\n<td valign=\"top\" width=\"240\"><strong>Dates<\/strong><\/td>\n<\/tr>\n<tr>\n<td valign=\"top\" width=\"210\">Antonio Mart\u00ednez<\/td>\n<td valign=\"top\" width=\"270\">M\u00e1ster en Matem\u00e1ticas<\/td>\n<td valign=\"top\" width=\"240\">02\/05\/2013 \u2013 25\/05\/2013<\/td>\n<\/tr>\n<tr>\n<td valign=\"top\" width=\"210\">Antonio Ros<\/td>\n<td valign=\"top\" width=\"270\">Fisymat<\/td>\n<td valign=\"top\" width=\"240\">21\/10\/2013 \u2013 05\/11\/2013<\/td>\n<\/tr>\n<tr>\n<td valign=\"top\" width=\"210\">An\u00e1lisis no lineal \/ David Arcoya<\/td>\n<td valign=\"top\" width=\"270\">Fisymat<\/td>\n<td valign=\"top\" width=\"240\">29\/10\/2013 \u2013 17\/12\/2013<\/td>\n<\/tr>\n<tr>\n<td valign=\"top\" width=\"210\">Antonio Mart\u00ednez<\/td>\n<td valign=\"top\" width=\"270\">M\u00e1ster en Matem\u00e1ticas<\/td>\n<td valign=\"top\" width=\"240\">08\/11\/2013 \u2013 28\/02\/2014<\/td>\n<\/tr>\n<tr>\n<td valign=\"top\" width=\"210\">Formas y Curvatura \/ Miguel S\u00e1nchez<\/td>\n<td valign=\"top\" width=\"270\">M\u00e1ster en Matem\u00e1ticas<\/td>\n<td valign=\"top\" width=\"240\">09\/01\/2014 &#8211; 09\/01\/2014<\/td>\n<\/tr>\n<tr>\n<td valign=\"top\" width=\"210\">Julio Rossi<\/td>\n<td valign=\"top\" width=\"270\">Fisymat<\/td>\n<td valign=\"top\" width=\"240\">20\/01\/2014 \u2013 24\/01\/2018<\/td>\n<\/tr>\n<tr>\n<td valign=\"top\" width=\"210\">Formas y Curvatura \/ Joaqu\u00edn P\u00e9rez<\/td>\n<td valign=\"top\" width=\"270\">M\u00e1ster en Matem\u00e1ticas<\/td>\n<td valign=\"top\" width=\"240\">10\/01\/2014 &#8211; 31\/01\/2014<\/td>\n<\/tr>\n<tr>\n<td valign=\"top\" width=\"210\">Propiedades geom\u00e9tricas de superficies entre fluidos \/ Joaqu\u00edn P\u00e9rez<\/td>\n<td valign=\"top\" width=\"270\">Fisymat<\/td>\n<td valign=\"top\" width=\"240\">18\/02\/2014 &#8211; 18\/02\/2014<\/td>\n<\/tr>\n<\/tbody>\n<\/table>\n<p align=\"center\">\n<p align=\"center\">\u00a0<strong style=\"font-size: 13px;\">Workshops, meetings at the institute<\/strong><\/p>\n<table border=\"1\" cellspacing=\"0\" cellpadding=\"0\">\n<tbody>\n<tr>\n<td valign=\"top\" width=\"240\"><strong>Title<\/strong><\/td>\n<td valign=\"top\" width=\"240\"><strong>UGR organizer<\/strong><\/td>\n<td valign=\"top\" width=\"240\"><strong>Dates<\/strong><\/td>\n<\/tr>\n<tr>\n<td valign=\"top\" width=\"240\">Modelos Matem\u00e1ticos de la F\u00edsica<\/td>\n<td valign=\"top\" width=\"240\">David Ruiz<\/td>\n<td valign=\"top\" width=\"240\">20\/05\/2013 \u2013 27\/05\/2013<\/td>\n<\/tr>\n<tr>\n<td valign=\"top\" width=\"240\">An\u00e1lisis Geom\u00e9trico \u201cGDRE\u201d<\/td>\n<td valign=\"top\" width=\"240\">Joaqu\u00edn P\u00e9rez<\/td>\n<td valign=\"top\" width=\"240\">17\/06\/2013 \u2013 21\/06\/2013<\/td>\n<\/tr>\n<tr>\n<td valign=\"top\" width=\"240\">Differential Equations in Granada<\/td>\n<td valign=\"top\" width=\"240\">Pedro Torres<\/td>\n<td valign=\"top\" width=\"240\">17\/09\/2013 \u2013 17\/09\/2013<\/td>\n<\/tr>\n<tr>\n<td valign=\"top\" width=\"240\">Encuentro de j\u00f3venes investigadores de la REAG 2013<\/td>\n<td valign=\"top\" width=\"240\">Antonio Alarc\u00f3n<\/td>\n<td valign=\"top\" width=\"240\">03\/10\/2013 \u2013 04\/10\/2013<\/td>\n<\/tr>\n<tr>\n<td valign=\"top\" width=\"240\">Encuentro de la REAG 2013<\/td>\n<td valign=\"top\" width=\"240\">Manuel Ritor\u00e9<\/td>\n<td valign=\"top\" width=\"240\">10\/10\/2013 \u2013 11\/10\/2013<\/td>\n<\/tr>\n<tr>\n<td valign=\"top\" width=\"240\">Geometry Day 2013<\/td>\n<td valign=\"top\" width=\"240\">Francisco Urbano<\/td>\n<td valign=\"top\" width=\"240\">13\/12\/2013<\/td>\n<\/tr>\n<\/tbody>\n<\/table>\n<p>\u00a0<\/p>\n<p align=\"center\"><strong>PhD thesis defended at the institute<\/strong><\/p>\n<table border=\"1\" cellspacing=\"0\" cellpadding=\"0\">\n<tbody>\n<tr>\n<td valign=\"top\" width=\"240\"><strong>Student<\/strong><\/td>\n<td valign=\"top\" width=\"240\"><strong>UGR Advisor<\/strong><\/td>\n<td valign=\"top\" width=\"240\"><strong>Date<\/strong><\/td>\n<\/tr>\n<tr>\n<td valign=\"top\" width=\"240\">\u00a0<\/td>\n<td valign=\"top\" width=\"240\">Pedro Torres<\/td>\n<td valign=\"top\" width=\"240\">18\/09\/2013<\/td>\n<\/tr>\n<\/tbody>\n<\/table>\n","protected":false},"excerpt":{"rendered":"<p>SCHEDULE (March 2013 &#8211; February 2014) Visitors at the institute Visitor Host researcher Dates Mar\u00eda Fernanda Elbert Magdalena Rodr\u00edguez 09\/03\/2013 \u2013 23\/03\/2013 Bill Meeks Joaqu\u00edn P\u00e9rez 14\/03\/2013 \u2013 23\/03\/2013 Jos\u00e9 G\u00f3mez Torrecillas El mismo 19\/04\/2013 \u2013 30\/06\/2013 Francisco Mart\u00edn Serrano El mismo 13\/05\/2013 \u2013 28\/06\/2013 Alvaro Bustinduy Miguel S\u00e1nchez 11\/06\/2013<span class=\"more-link\"><a href=\"https:\/\/wpd.ugr.es\/~imag\/past-activities\/\">Continue Reading<\/a><\/span><\/p>\n","protected":false},"author":1,"featured_media":0,"parent":0,"menu_order":0,"comment_status":"closed","ping_status":"open","template":"","meta":{"footnotes":""},"translation":{"provider":"WPGlobus","version":"3.0.0","language":"en","enabled_languages":["en"],"languages":{"en":{"title":true,"content":true,"excerpt":false}}},"_links":{"self":[{"href":"https:\/\/wpd.ugr.es\/~imag\/wp-json\/wp\/v2\/pages\/91"}],"collection":[{"href":"https:\/\/wpd.ugr.es\/~imag\/wp-json\/wp\/v2\/pages"}],"about":[{"href":"https:\/\/wpd.ugr.es\/~imag\/wp-json\/wp\/v2\/types\/page"}],"author":[{"embeddable":true,"href":"https:\/\/wpd.ugr.es\/~imag\/wp-json\/wp\/v2\/users\/1"}],"replies":[{"embeddable":true,"href":"https:\/\/wpd.ugr.es\/~imag\/wp-json\/wp\/v2\/comments?post=91"}],"version-history":[{"count":8,"href":"https:\/\/wpd.ugr.es\/~imag\/wp-json\/wp\/v2\/pages\/91\/revisions"}],"predecessor-version":[{"id":13570,"href":"https:\/\/wpd.ugr.es\/~imag\/wp-json\/wp\/v2\/pages\/91\/revisions\/13570"}],"wp:attachment":[{"href":"https:\/\/wpd.ugr.es\/~imag\/wp-json\/wp\/v2\/media?parent=91"}],"curies":[{"name":"wp","href":"https:\/\/api.w.org\/{rel}","templated":true}]}}