{"id":9899,"date":"2023-03-21T11:20:38","date_gmt":"2023-03-21T10:20:38","guid":{"rendered":"https:\/\/wpd.ugr.es\/~imag\/?page_id=9899"},"modified":"2026-03-23T14:18:27","modified_gmt":"2026-03-23T13:18:27","slug":"functional-analysis-seminar","status":"publish","type":"page","link":"https:\/\/wpd.ugr.es\/~imag\/functional-analysis-seminar\/","title":{"rendered":"IMAG &#8211; Functional Analysis Seminar"},"content":{"rendered":"<p><strong>Current organizers:<\/strong> <a href=\"https:\/\/www.ugr.es\/~glopezp\/\" target=\"_blank\" rel=\"noopener\">Gin\u00e9s L\u00f3pez<\/a>, <a href=\"https:\/\/www.ugr.es\/~mmartins\/\" target=\"_blank\" rel=\"noopener\">Miguel Mart\u00edn<\/a>, <a href=\"https:\/\/www.ugr.es\/~aperalta\/\" target=\"_blank\" rel=\"noopener\">Antonio Peralta<\/a>, <a href=\"https:\/\/analisismatematico.ugr.es\/pages\/profesorado\/armandoreyes\" target=\"_blank\" rel=\"noopener\">Armando Villena<\/a>.<\/p>\n<h4>2026<\/h4>\n<hr \/>\n<ul>\n<li><strong>26\/03\/2026 &#8211; Juan Guerrero Viu\u00a0 <\/strong>(Universidad de Zaragoza)\n<ul>\n<li>Title: &#8220;<em><a href=\"https:\/\/wpd.ugr.es\/~imag\/?p=13822\" target=\"_blank\" rel=\"noopener\">Representaciones \u00f3ptimas en productos tensoriales proyectivos y espacios $L_1$<\/a><\/em>&#8220;<\/li>\n<\/ul>\n<\/li>\n<\/ul>\n<h4>2025<\/h4>\n<hr \/>\n<ul>\n<li><strong>19\/12\/2025 &#8211; Iv\u00e1n Caama\u00f1o\u00a0 <\/strong>(IMPAM, Poland)\n<ul>\n<li>Title: &#8220;<em><a href=\"https:\/\/wpd.ugr.es\/~imag\/?p=13425\" target=\"_blank\" rel=\"noopener\">El teorema de Rademacher en espacios m\u00e9tricos<\/a><\/em>&#8220;<\/li>\n<\/ul>\n<\/li>\n<li><strong>05\/12\/2025 &#8211; Manwook Han <\/strong>(Chungbuk National University, Republic of Korea)\n<ul>\n<li>Title: &#8220;<em><a href=\"https:\/\/wpd.ugr.es\/~imag\/?p=13310\" target=\"_blank\" rel=\"noopener\">M-ideals of compact operators<\/a><\/em>&#8220;<\/li>\n<\/ul>\n<\/li>\n<li><strong>28\/11\/2025 &#8211; Tom\u00e1\u0161 Raunig<\/strong> (Charles University, Rep\u00fablica Checa)\n<ul>\n<li>Title: &#8220;<em><a href=\"https:\/\/wpd.ugr.es\/~imag\/?p=13309\" target=\"_blank\" rel=\"noopener\">Dynamical properties of weighted shifts on sequence spaces<\/a><\/em>&#8220;<\/li>\n<\/ul>\n<\/li>\n<li><strong>21\/11\/2025 &#8211; Joanna Markowicz <\/strong>(University of the National Education Commission, Krakow, Poland)\n<ul>\n<li>Title: &#8220;<em><a href=\"https:\/\/wpd.ugr.es\/~imag\/?p=13386\" target=\"_blank\" rel=\"noopener\">On some geometric properties of Banach spaces<\/a><\/em>&#8220;<\/li>\n<\/ul>\n<\/li>\n<li><strong>05\/11\/2025 &#8211; Tatsuhiro Honda<\/strong>(Senshu University, Japan)\n<ul>\n<li>Title: &#8220;<em><a href=\"https:\/\/wpd.ugr.es\/~imag\/?p=13356\" target=\"_blank\" rel=\"noopener\">Bohr&#8217;s inequalities on a bounded balanced domain<\/a><\/em>&#8220;<\/li>\n<\/ul>\n<\/li>\n<li><strong>31\/10\/2025 &#8211; Esteban Mart\u00ednez Va\u00f1\u00f3<\/strong> (UGR)\n<ul>\n<li>Title: &#8220;<em><a href=\"https:\/\/wpd.ugr.es\/~imag\/?p=13340\" target=\"_blank\" rel=\"noopener\">Radio grande versus di\u00e1metro peque\u00f1o<\/a><\/em>&#8220;<\/li>\n<\/ul>\n<\/li>\n<li><strong>10\/10\/2025 &#8211; Pedro Saavedra Ortiz<\/strong>\u00a0(UGR)\n<ul>\n<li>Title: &#8220;<em><a href=\"https:\/\/wpd.ugr.es\/~imag\/?p=13281\" target=\"_blank\" rel=\"noopener\">Tingley&#8217;s Problem(s): Positive answers and insightful results<\/a><\/em>&#8220;<\/li>\n<\/ul>\n<\/li>\n<li><strong>26\/09\/2025 &#8211; Sheldon Dantas<\/strong>\u00a0(UGR)\n<ul>\n<li>Title: &#8220;<em><a href=\"https:\/\/wpd.ugr.es\/~imag\/?p=13255\" target=\"_blank\" rel=\"noopener\">The Daugavet property is equivalent to the polynomial Daugavet property<\/a><\/em>&#8220;<\/li>\n<\/ul>\n<\/li>\n<li><strong>12\/09\/2025 &#8211; Gerardo Mart\u00edn Ecolano<\/strong>\u00a0(UGR)\n<ul>\n<li>Title: &#8220;<em><a href=\"https:\/\/wpd.ugr.es\/~imag\/?p=13170\" target=\"_blank\" rel=\"noopener\">El problema de Mackey-Gleason-Bunce-Wright: Morfismos de estructuras unitarias<\/a><\/em>&#8220;<\/li>\n<\/ul>\n<\/li>\n<li><strong>24\/06\/2025 &#8211; Esteban Mart\u00ednez Va\u00f1\u00f3<\/strong> (UGR)\n<ul>\n<li>Title: &#8220;<em><a href=\"https:\/\/wpd.ugr.es\/~imag\/?p=13015\" target=\"_blank\" rel=\"noopener\">\u00bfPodemos elegir no elegir en an\u00e1lisis funcional?<\/a><\/em>&#8220;<\/li>\n<\/ul>\n<\/li>\n<li><strong>11\/06\/2025 &#8211; <b>Yo\u00ebl Perreau <\/b><\/strong>(University of Tartu, Estonia)\n<ul>\n<li>Title: &#8220;<em><a href=\"https:\/\/wpd.ugr.es\/~imag\/events\/event\/points-of-continuity-in-lipschitz-free-spaces\/\" target=\"_blank\" rel=\"noopener\">Points of continuity in Lipschitz-free spaces<\/a><\/em>&#8220;<\/li>\n<\/ul>\n<\/li>\n<li><strong>03\/06\/2025 &#8211; <b>Michal Doucha <\/b><\/strong>(Institute of Mathematics of the Czech Academy of Sciences, Czech Republic)\n<ul>\n<li>Title: &#8220;<em><a href=\"https:\/\/wpd.ugr.es\/~imag\/events\/event\/group-equivariant-versions-of-the-radon-nikodym-property\/\" target=\"_blank\" rel=\"noopener\">Group-equivariant versions of the Radon-Nikodym property<\/a><\/em>&#8220;<\/li>\n<\/ul>\n<\/li>\n<li><strong>02\/06\/2025 -Javier Cabello\u00a0 <\/strong>(Universidad de Extremadura)\n<ul>\n<li>Title: &#8220;<em><a href=\"https:\/\/wpd.ugr.es\/~imag\/?p=12953\" target=\"_blank\" rel=\"noopener\">Horsing around Mazur&#8217;s rotations<\/a><\/em>&#8220;<\/li>\n<\/ul>\n<\/li>\n<li><strong>23\/05\/2025 &#8211; Antonio Fern\u00e1ndez L\u00f3pez<\/strong> (Universidad de M\u00e1laga)\n<ul>\n<li>Title: &#8220;<em><a href=\"https:\/\/wpd.ugr.es\/~imag\/events\/event\/algebras-de-lie-reales-simples-y-sus-ideales-internos\/\">\u00c1lgebras de Lie reales simples y sus ideales internos<\/a><\/em>&#8220;<\/li>\n<\/ul>\n<\/li>\n<li><strong>26\/04\/2025 &#8211; Antonio Peralta<\/strong> (UGR)\n<ul>\n<li>Title: &#8220;<a href=\"https:\/\/wpd.ugr.es\/~imag\/?p=12701\"><em>Is it possible to identify\/distinguish unital Banach algebras by their invertible elements?<\/em><\/a>&#8220;<\/li>\n<\/ul>\n<\/li>\n<li><strong>19\/03\/2025 &#8211; Juan Seoane<\/strong> (Universidad Complutense de Madrid)\n<ul>\n<li>Title: &#8220;<em><a href=\"https:\/\/wpd.ugr.es\/~imag\/?p=12597\" target=\"_blank\" rel=\"noopener\">Lineability, spaceability and Orlicz-Lorentz spaces<\/a>&#8220;<\/em><\/li>\n<\/ul>\n<\/li>\n<li><strong>12\/03\/2025 &#8211; Marcus Loo<\/strong> (University of Tartu, Estonia)\n<ul>\n<li>Title: &#8220;<a href=\"https:\/\/wpd.ugr.es\/~imag\/?p=12601\" target=\"_blank\" rel=\"noopener\"><em>AD points and the super ADP property for Banach\u00a0spaces<\/em><\/a>&#8220;<\/li>\n<\/ul>\n<\/li>\n<li><strong>26\/02\/2025 &#8211; Tommaso Russo<\/strong> (Universit\u00e4t Innsbruck, Austria)\n<ul>\n<li>Title: &#8220;<em><a href=\"https:\/\/wpd.ugr.es\/~imag\/?p=12264\" target=\"_blank\" rel=\"noopener\">Klee&#8217;s tiling of $\\ell_1(\\Gamma)$. Variations on a theme<\/a>&#8220;<\/em><\/li>\n<\/ul>\n<\/li>\n<li><strong>12\/02\/2025 &amp; 19\/02\/2025 &#8211; Esteban Mart\u00ednez Va\u00f1\u00f3<\/strong> (UGR)\n<ul>\n<li>Title: &#8220;<em><a href=\"https:\/\/wpd.ugr.es\/~imag\/?p=12267\" target=\"_blank\" rel=\"noopener\">Espacios inyectivos y sus amigos<\/a>&#8220;<\/em><\/li>\n<\/ul>\n<\/li>\n<li><strong>22\/01\/2025 &amp; 29\/01\/2025 &#8211; Abraham Rueda <\/strong>(UGR)\n<ul>\n<li>Title: &#8220;<a href=\"https:\/\/wpd.ugr.es\/~imag\/events\/event\/ultrapotencias-en-espacios-de-banach\/\" target=\"_blank\" rel=\"noopener\"><em>Ultrapotencias en espacios de Banach<\/em><\/a>&#8220;<\/li>\n<\/ul>\n<\/li>\n<\/ul>\n<h4>2024<\/h4>\n<hr \/>\n<ul>\n<li><strong>10\/12\/2024 &#8211; Rafael Chiclana <\/strong>(Michigan State University, USA)\n<ul>\n<li>Title: &#8220;<em><a href=\"https:\/\/wpd.ugr.es\/~imag\/events\/event\/continuity-of-terminal-embeddings\/\" target=\"_blank\" rel=\"noopener\">Continuity of terminal embeddings<\/a>&#8220;<\/em><\/li>\n<\/ul>\n<\/li>\n<li><strong>04\/12\/2024 &amp; 11\/12\/2024 &#8211; Miguel Mart\u00edn<\/strong>\u00a0(UGR)\n<ul>\n<li>Title: &#8220;<em><a href=\"https:\/\/wpd.ugr.es\/~imag\/?p=11987\" target=\"_blank\" rel=\"noopener\">How minimal can be the linear structure of the set of norm attaining functionals of a Banach space?<\/a>&#8220;<\/em><\/li>\n<\/ul>\n<\/li>\n<li><strong>20\/11\/2024 &amp; 27\/11\/2024 &#8211; Gerardo Mart\u00edn Escolano<\/strong> (UGR)\n<ul>\n<li>Title: &#8220;<em><a href=\"https:\/\/wpd.ugr.es\/~imag\/events\/event\/gleason-enjoyer\/\" target=\"_blank\" rel=\"noopener\">Gleason enjoyer<\/a>&#8220;<\/em><\/li>\n<\/ul>\n<\/li>\n<li><strong>30\/10\/2024 &#8211; Helena del R\u00edo<\/strong> (UGR)\n<ul>\n<li>Title: &#8220;<a href=\"https:\/\/wpd.ugr.es\/~imag\/?p=11588\" target=\"_blank\" rel=\"noopener\"><em>On a new notion of norm-attaining operators on\u00a0 Banach spaces&#8221;<\/em><\/a><\/li>\n<\/ul>\n<\/li>\n<li><strong>16\/10\/2024 &amp; 23\/10\/2024 &#8211; Rub\u00e9n Medina<\/strong>\u00a0(UGR)\n<ul>\n<li>Title: <em>&#8220;<a href=\"https:\/\/wpd.ugr.es\/~imag\/?p=11594\" target=\"_blank\" rel=\"noopener\">Propiedades de aproximaci\u00f3n no lineales siguiendo el programa de Kalton\u00a0y\u00a0Godefroy<\/a>&#8220;<\/em><\/li>\n<\/ul>\n<\/li>\n<li><strong>09\/10\/2024 &#8211; Audrey Fovelle<\/strong> (UGR)\n<ul>\n<li>Title: <em>&#8220;<a href=\"https:\/\/wpd.ugr.es\/~imag\/events\/event\/unicidad-de-la-geometria-a-gran-escala-de-lp\/\" target=\"_blank\" rel=\"noopener\">Unicidad de la geometr\u00eda a gran escala de lp con 1&lt;p&lt;\\infty<\/a>&#8220;<\/em><\/li>\n<\/ul>\n<\/li>\n<li><strong>02\/10\/2024 &#8211; Esteban Mart\u00ednez Va\u00f1\u00f3<\/strong> (UGR)\n<ul>\n<li>Title: <em>&#8220;<a href=\"https:\/\/wpd.ugr.es\/~imag\/?p=11589\" target=\"_blank\" rel=\"noopener\">Pasen y Lean<\/a>&#8220;<\/em><\/li>\n<\/ul>\n<\/li>\n<li><strong>22\/07\/2024 &#8211; Bojan Kuzma<\/strong> (University of Primorska, Eslovenia)\n<ul>\n<li>Title: &#8220;<a href=\"https:\/\/wpd.ugr.es\/~imag\/?p=11863\" target=\"_blank\" rel=\"noopener\">Spectrum preservers on unbounded operators<\/a>&#8220;<\/li>\n<\/ul>\n<\/li>\n<li><strong>14\/06\/2024 &#8211; Dijana Ili\u0161evi\u0107 <\/strong>(University of Zagreb, Croatia)\n<ul>\n<li>Title: &#8220;<em><a href=\"https:\/\/wpd.ugr.es\/~imag\/?p=5143\" target=\"_blank\" rel=\"noopener\">Isometries of JB*-triples and C*-algebras, their eigenprojections and eigenvalues<\/a>&#8221;\u00a0<\/em><\/li>\n<\/ul>\n<\/li>\n<\/ul>\n<h4>2023<\/h4>\n<hr \/>\n<ul>\n<li><strong>26\/09\/2023- <\/strong><a href=\"https:\/\/wpd.ugr.es\/~imag\/events\/event\/2023-special-session-of-imag-functional-analysis-seminar\/\">2023 SPECIAL SESSION OF IMAG FUNCTIONAL ANALYSIS SEMINAR<\/a><\/li>\n<li><strong>15\/06\/2023 &#8211; Matej Bresar<\/strong> (Universities of Ljubljana and Maribor, Slovenia)\n<ul>\n<li>Title: <em><a href=\"https:\/\/wpd.ugr.es\/~imag\/cms\/wp-content\/uploads\/ConferenceBresar2023.pdf\">&#8220;The Waring problem for noncommutative algebras&#8221;<\/a><\/em><\/li>\n<\/ul>\n<\/li>\n<li><strong>15\/02\/2023 &#8211; Lajos Molnar<\/strong> (University of Szeged, Hungary)\n<ul>\n<li>Title:<em> <a href=\"https:\/\/wpd.ugr.es\/~imag\/cms\/wp-content\/uploads\/ConferenceMolnarFeb2023.pdf\" target=\"_blank\" rel=\"noopener\">&#8220;Order isomorphisms between positive definite cones in C*-algebras and their applications&#8221;<\/a><\/em><\/li>\n<\/ul>\n<\/li>\n<li><strong>15\/02\/2023 &#8211; Jorge Galindo Pastor<\/strong> (Universitat Jaume I)\n<ul>\n<li>Title:<em> <a href=\"https:\/\/wpd.ugr.es\/~imag\/cms\/wp-content\/uploads\/ConferenceGalindoFeb2023.pdf\" target=\"_blank\" rel=\"noopener\">&#8220;Algebraic structure in the second dual of ideals of group algebras and related Banach algebras&#8221;<\/a><\/em><\/li>\n<\/ul>\n<\/li>\n<\/ul>\n<p>Seminar of the research grant Project PID2021-122126NB-C31 funded by MCIN\/AEI\/10.13039\/501100011033<\/p>\n","protected":false},"excerpt":{"rendered":"<p>Current organizers: Gin\u00e9s L\u00f3pez, Miguel Mart\u00edn, Antonio Peralta, Armando Villena. 2026 26\/03\/2026 &#8211; Juan Guerrero Viu\u00a0 (Universidad de Zaragoza) Title: &#8220;Representaciones \u00f3ptimas en productos tensoriales proyectivos y espacios $L_1$&#8220; 2025 19\/12\/2025 &#8211; Iv\u00e1n Caama\u00f1o\u00a0 (IMPAM, Poland) Title: &#8220;El teorema de Rademacher en espacios m\u00e9tricos&#8220; 05\/12\/2025 &#8211; Manwook Han (Chungbuk National<span class=\"more-link\"><a href=\"https:\/\/wpd.ugr.es\/~imag\/functional-analysis-seminar\/\">Continue Reading<\/a><\/span><\/p>\n","protected":false},"author":1,"featured_media":0,"parent":0,"menu_order":0,"comment_status":"closed","ping_status":"closed","template":"","meta":{"footnotes":""},"translation":{"provider":"WPGlobus","version":"3.0.0","language":"en","enabled_languages":["en"],"languages":{"en":{"title":true,"content":true,"excerpt":false}}},"_links":{"self":[{"href":"https:\/\/wpd.ugr.es\/~imag\/wp-json\/wp\/v2\/pages\/9899"}],"collection":[{"href":"https:\/\/wpd.ugr.es\/~imag\/wp-json\/wp\/v2\/pages"}],"about":[{"href":"https:\/\/wpd.ugr.es\/~imag\/wp-json\/wp\/v2\/types\/page"}],"author":[{"embeddable":true,"href":"https:\/\/wpd.ugr.es\/~imag\/wp-json\/wp\/v2\/users\/1"}],"replies":[{"embeddable":true,"href":"https:\/\/wpd.ugr.es\/~imag\/wp-json\/wp\/v2\/comments?post=9899"}],"version-history":[{"count":55,"href":"https:\/\/wpd.ugr.es\/~imag\/wp-json\/wp\/v2\/pages\/9899\/revisions"}],"predecessor-version":[{"id":13824,"href":"https:\/\/wpd.ugr.es\/~imag\/wp-json\/wp\/v2\/pages\/9899\/revisions\/13824"}],"wp:attachment":[{"href":"https:\/\/wpd.ugr.es\/~imag\/wp-json\/wp\/v2\/media?parent=9899"}],"curies":[{"name":"wp","href":"https:\/\/api.w.org\/{rel}","templated":true}]}}