{"id":9917,"date":"2023-03-21T13:28:44","date_gmt":"2023-03-21T12:28:44","guid":{"rendered":"https:\/\/wpd.ugr.es\/~imag\/?page_id=9917"},"modified":"2024-02-05T11:53:33","modified_gmt":"2024-02-05T10:53:33","slug":"seminario-de-algebra","status":"publish","type":"page","link":"https:\/\/wpd.ugr.es\/~imag\/seminario-de-algebra\/","title":{"rendered":"Seminario de \u00c1lgebra"},"content":{"rendered":"<h4>2024<\/h4>\n<hr>\n<ul>\n<li><strong>13\/02\/2024 &#8211; Stefano Bonzio <\/strong>(University of Cagliary)<br \/>\n<strong>T\u00edtulo: <\/strong><em>Regular(ized) varieties and P\u0142onka sums of algebras<\/em><br \/>\n<a href=\"https:\/\/wpd.ugr.es\/~imag\/events\/event\/regularized-varieties-and-plonka-sums-of-algebras\/\">+info<\/a><\/p>\n<\/ul>\n<h4>2023<\/h4>\n<hr>\n<ul>\n<li><strong>28\/09\/2023 &#8211; Carmelo Cisto <\/strong>(University of Messina)<br \/>\n<strong>T\u00edtulo: <\/strong> <em>Generalized numerical semigroups: the first properties and some other developments<\/em><br \/>\n<a href=\"https:\/\/wpd.ugr.es\/~imag\/events\/event\/generalized-numerical-semigroups-the-first-properties-and-some-other-developments\/\">+info<\/a><\/li>\n<li><strong>25\/05\/2023 &#8211; Carlos Jes\u00fas Moreno \u00c1vila <\/strong>(Universitat Jaume I)<br \/>\n<strong>T\u00edtulo:<\/strong><em> Some combinatorial thoughts around semigroups at infinity<\/em><br \/>\n<a href=\"https:\/\/wpd.ugr.es\/~imag\/events\/event\/some-combinatorial-thoughts-around-semigroups-at-infinity\/\" rel=\"noopener\" target=\"_blank\">+info<\/a><\/p>\n<li><strong>11\/04\/2023 &#8211; Patricio Almir\u00f3n<\/strong> (IMAG-Universidad de Granada)<br \/>\n<strong>T\u00edtulo: <\/strong> <em>La naturaleza topol\u00f3gica de la serie de Poincar\u00e9 de una singularidad de curva plana<\/em><br \/>\n<a href=\"https:\/\/wpd.ugr.es\/~imag\/?post_type=event&#038;p=9972&#038;preview=true\">+info<\/a>\n<\/li>\n<li><strong>13\/03\/2023 &#8211; Tamar Mesablishvili<\/strong> (Universidad de Granada)<br \/>\n<strong>T\u00edtulo: <\/strong> <em>On Factorization of Monoids<\/em><br \/>\n<a href=\"https:\/\/wpd.ugr.es\/~imag\/events\/event\/on-factorization-of-monoids\/\" rel=\"noopener\" target=\"_blank\">+info<\/a>\n<\/li>\n<li><strong>31\/01\/2023 &#8211; Xaro Soler Escriv\u00e0<\/strong> (Universidad de Alicante)<br \/>\n<strong>T\u00edtulo: <\/strong> <em>On Flag Codes in Network Coding<\/em><br \/>\n<a href=\"https:\/\/wpd.ugr.es\/~imag\/events\/event\/on-flag-codes-in-network-coding\/\" rel=\"noopener\" target=\"_blank\">+info<\/a>\n<\/li>\n<\/ul>\n","protected":false},"excerpt":{"rendered":"<p>2024 13\/02\/2024 &#8211; Stefano Bonzio (University of Cagliary) T\u00edtulo: Regular(ized) varieties and P\u0142onka sums of algebras +info 2023 28\/09\/2023 &#8211; Carmelo Cisto (University of Messina) T\u00edtulo: Generalized numerical semigroups: the first properties and some other developments +info 25\/05\/2023 &#8211; Carlos Jes\u00fas Moreno \u00c1vila (Universitat Jaume I) T\u00edtulo: Some combinatorial thoughts<span class=\"more-link\"><a href=\"https:\/\/wpd.ugr.es\/~imag\/seminario-de-algebra\/\">Continue Reading<\/a><\/span><\/p>\n","protected":false},"author":1,"featured_media":0,"parent":0,"menu_order":0,"comment_status":"closed","ping_status":"closed","template":"","meta":{"footnotes":""},"translation":{"provider":"WPGlobus","version":"3.0.0","language":"en","enabled_languages":["en"],"languages":{"en":{"title":true,"content":true,"excerpt":false}}},"_links":{"self":[{"href":"https:\/\/wpd.ugr.es\/~imag\/wp-json\/wp\/v2\/pages\/9917"}],"collection":[{"href":"https:\/\/wpd.ugr.es\/~imag\/wp-json\/wp\/v2\/pages"}],"about":[{"href":"https:\/\/wpd.ugr.es\/~imag\/wp-json\/wp\/v2\/types\/page"}],"author":[{"embeddable":true,"href":"https:\/\/wpd.ugr.es\/~imag\/wp-json\/wp\/v2\/users\/1"}],"replies":[{"embeddable":true,"href":"https:\/\/wpd.ugr.es\/~imag\/wp-json\/wp\/v2\/comments?post=9917"}],"version-history":[{"count":7,"href":"https:\/\/wpd.ugr.es\/~imag\/wp-json\/wp\/v2\/pages\/9917\/revisions"}],"predecessor-version":[{"id":9919,"href":"https:\/\/wpd.ugr.es\/~imag\/wp-json\/wp\/v2\/pages\/9917\/revisions\/9919"}],"wp:attachment":[{"href":"https:\/\/wpd.ugr.es\/~imag\/wp-json\/wp\/v2\/media?parent=9917"}],"curies":[{"name":"wp","href":"https:\/\/api.w.org\/{rel}","templated":true}]}}