{"id":85,"date":"2022-05-04T14:01:08","date_gmt":"2022-05-04T13:01:08","guid":{"rendered":"http:\/\/innoteduc"},"modified":"2022-11-09T10:10:20","modified_gmt":"2022-11-09T09:10:20","slug":"noticias","status":"publish","type":"page","link":"https:\/\/wpd.ugr.es\/~innoteduc\/noticias\/","title":{"rendered":"Noticias"},"content":{"rendered":"\t\t<div data-elementor-type=\"wp-page\" data-elementor-id=\"85\" class=\"elementor elementor-85\">\n\t\t\t\t\t\t\t\t\t<section class=\"elementor-section elementor-top-section elementor-element elementor-element-375bd48 elementor-section-height-min-height elementor-section-boxed elementor-section-height-default elementor-section-items-middle\" data-id=\"375bd48\" data-element_type=\"section\" data-settings=\"{&quot;background_background&quot;:&quot;classic&quot;}\">\n\t\t\t\t\t\t\t<div class=\"elementor-background-overlay\"><\/div>\n\t\t\t\t\t\t\t<div class=\"elementor-container elementor-column-gap-default\">\n\t\t\t\t\t<div class=\"elementor-column elementor-col-100 elementor-top-column elementor-element elementor-element-42dbb96\" data-id=\"42dbb96\" data-element_type=\"column\">\n\t\t\t<div class=\"elementor-widget-wrap elementor-element-populated\">\n\t\t\t\t\t\t\t\t<div class=\"elementor-element elementor-element-47e941f elementor-widget elementor-widget-heading\" data-id=\"47e941f\" data-element_type=\"widget\" data-widget_type=\"heading.default\">\n\t\t\t\t<div class=\"elementor-widget-container\">\n\t\t\t<style>\/*! elementor - v3.13.3 - 28-05-2023 *\/\n.elementor-heading-title{padding:0;margin:0;line-height:1}.elementor-widget-heading .elementor-heading-title[class*=elementor-size-]>a{color:inherit;font-size:inherit;line-height:inherit}.elementor-widget-heading .elementor-heading-title.elementor-size-small{font-size:15px}.elementor-widget-heading .elementor-heading-title.elementor-size-medium{font-size:19px}.elementor-widget-heading .elementor-heading-title.elementor-size-large{font-size:29px}.elementor-widget-heading .elementor-heading-title.elementor-size-xl{font-size:39px}.elementor-widget-heading .elementor-heading-title.elementor-size-xxl{font-size:59px}<\/style><h1 class=\"elementor-heading-title elementor-size-default\">Noticias<\/h1>\t\t<\/div>\n\t\t\t\t<\/div>\n\t\t\t\t\t<\/div>\n\t\t<\/div>\n\t\t\t\t\t\t\t<\/div>\n\t\t<\/section>\n\t\t\t\t<section class=\"elementor-section elementor-top-section elementor-element elementor-element-654d705 elementor-section-full_width elementor-section-height-default elementor-section-height-default\" data-id=\"654d705\" data-element_type=\"section\" data-settings=\"{&quot;background_background&quot;:&quot;classic&quot;}\">\n\t\t\t\t\t\t<div class=\"elementor-container elementor-column-gap-default\">\n\t\t\t\t\t<div class=\"elementor-column elementor-col-100 elementor-top-column elementor-element elementor-element-a880f50\" data-id=\"a880f50\" data-element_type=\"column\">\n\t\t\t<div class=\"elementor-widget-wrap elementor-element-populated\">\n\t\t\t\t\t\t\t\t<div class=\"elementor-element elementor-element-63c7d8d elementor-view-default elementor-invisible elementor-widget elementor-widget-icon\" data-id=\"63c7d8d\" data-element_type=\"widget\" data-settings=\"{&quot;_animation&quot;:&quot;fadeInDown&quot;}\" data-widget_type=\"icon.default\">\n\t\t\t\t<div class=\"elementor-widget-container\">\n\t\t\t\t\t<div class=\"elementor-icon-wrapper\">\n\t\t\t<a class=\"elementor-icon\" href=\"#noticias\">\n\t\t\t<svg xmlns=\"http:\/\/www.w3.org\/2000\/svg\" id=\"f091b371-0a0c-4a7a-b831-d1a750619811\" data-name=\"Layer 1\" viewBox=\"0 0 24.9999 32\"><title>scroll-down-icon<\/title><g id=\"a2db11b3-5623-466b-a28d-fa1595a1ff7d\" data-name=\"Home-Page-\"><g id=\"a060ad71-be4b-4462-8469-bf6bb42ed1bf\" data-name=\"Hero\"><path d=\"M24.8505,18.7959a.5.5,0,0,0-.707.0059L12.871,30.2773V.5a.5.5,0,0,0-1,0V30.2588L.86,18.8057A.5.5,0,1,0,.14,19.499L12.0087,31.8447l.0078.0078.001.001a.5057.5057,0,0,0,.1274.0928h.001l.001.001.0015.0009a.3267.3267,0,0,0,.0415.0176A.5029.5029,0,0,0,12.3573,32h.0288a.4941.4941,0,0,0,.1783-.0391l.02-.0078v-.001h.002l.0014-.0009a.4835.4835,0,0,0,.1358-.0967h0l.0054-.0059L24.8564,19.5029A.5.5,0,0,0,24.8505,18.7959Z\"><\/path><\/g><\/g><\/svg>\t\t\t<\/a>\n\t\t<\/div>\n\t\t\t\t<\/div>\n\t\t\t\t<\/div>\n\t\t\t\t\t<\/div>\n\t\t<\/div>\n\t\t\t\t\t\t\t<\/div>\n\t\t<\/section>\n\t\t\t\t<section class=\"elementor-section elementor-top-section elementor-element elementor-element-cae86b1 elementor-section-boxed elementor-section-height-default elementor-section-height-default\" data-id=\"cae86b1\" data-element_type=\"section\">\n\t\t\t\t\t\t<div class=\"elementor-container elementor-column-gap-default\">\n\t\t\t\t\t<div class=\"elementor-column elementor-col-100 elementor-top-column elementor-element elementor-element-041968c\" data-id=\"041968c\" data-element_type=\"column\">\n\t\t\t<div class=\"elementor-widget-wrap elementor-element-populated\">\n\t\t\t\t\t\t\t\t<div class=\"elementor-element elementor-element-a1b0aea elementor-grid-3 elementor-grid-tablet-2 elementor-grid-mobile-1 elementor-posts--thumbnail-top elementor-widget elementor-widget-posts\" data-id=\"a1b0aea\" data-element_type=\"widget\" data-settings=\"{&quot;classic_row_gap&quot;:{&quot;unit&quot;:&quot;px&quot;,&quot;size&quot;:0,&quot;sizes&quot;:[]},&quot;classic_columns&quot;:&quot;3&quot;,&quot;classic_columns_tablet&quot;:&quot;2&quot;,&quot;classic_columns_mobile&quot;:&quot;1&quot;,&quot;classic_row_gap_widescreen&quot;:{&quot;unit&quot;:&quot;px&quot;,&quot;size&quot;:&quot;&quot;,&quot;sizes&quot;:[]},&quot;classic_row_gap_tablet&quot;:{&quot;unit&quot;:&quot;px&quot;,&quot;size&quot;:&quot;&quot;,&quot;sizes&quot;:[]},&quot;classic_row_gap_mobile&quot;:{&quot;unit&quot;:&quot;px&quot;,&quot;size&quot;:&quot;&quot;,&quot;sizes&quot;:[]}}\" data-widget_type=\"posts.classic\">\n\t\t\t\t<div class=\"elementor-widget-container\">\n\t\t\t<link rel=\"stylesheet\" href=\"https:\/\/wpd.ugr.es\/~innoteduc\/wp-content\/plugins\/elementor-pro\/assets\/css\/widget-posts.min.css\">\t\t<div class=\"elementor-posts-container elementor-posts elementor-posts--skin-classic elementor-grid\">\n\t\t\t\t<article class=\"elementor-post elementor-grid-item post-924 post type-post status-publish format-standard hentry category-sin-categoria\">\n\t\t\t\t<div class=\"elementor-post__text\">\n\t\t\t\t<h2 class=\"elementor-post__title\">\n\t\t\t<a href=\"https:\/\/wpd.ugr.es\/~innoteduc\/presentacion-del-proyecto-innoteduc-en-la-staff-training-week\/\" >\n\t\t\t\tPresentaci\u00f3n del Proyecto INNOTEDUC en la \u00abStaff Training Week\u00bb\t\t\t<\/a>\n\t\t<\/h2>\n\t\t\t\t<div class=\"elementor-post__meta-data\">\n\t\t\t\t\t<span class=\"elementor-post-date\">\n\t\t\t02\/06\/2023\t\t<\/span>\n\t\t\t\t<\/div>\n\t\t\t\t<div class=\"elementor-post__excerpt\">\n\t\t\t<p>02\/06\/2023 Diversos profesores de diferentes pa\u00edses como Ucrania, Vietnam, Turqu\u00eda, Polonia, Grecia, Portugal, Italia, entre otros m\u00e1s han asistido al evento realizado en la Facultad<\/p>\n\t\t<\/div>\n\t\t\n\t\t<a class=\"elementor-post__read-more\" href=\"https:\/\/wpd.ugr.es\/~innoteduc\/presentacion-del-proyecto-innoteduc-en-la-staff-training-week\/\" aria-label=\"Read more about Presentaci\u00f3n del Proyecto INNOTEDUC en la \u00abStaff Training Week\u00bb\" >\n\t\t\tLeer m\u00e1s \u00bb\t\t<\/a>\n\n\t\t\t\t<\/div>\n\t\t\t\t<\/article>\n\t\t\t\t<article class=\"elementor-post elementor-grid-item post-870 post type-post status-publish format-standard hentry category-sin-categoria\">\n\t\t\t\t<div class=\"elementor-post__text\">\n\t\t\t\t<h2 class=\"elementor-post__title\">\n\t\t\t<a href=\"https:\/\/wpd.ugr.es\/~innoteduc\/xiv-jornadas-de-orientacion-profesionalpara-el-alumnado-de-grado-y-posgradode-la-facultad-de-ciencias-de-laeducacion-y-del-deporte-de-melilla\/\" >\n\t\t\t\tXIV JORNADAS DE ORIENTACI\u00d3N PROFESIONALPARA EL ALUMNADO DE GRADO Y POSGRADODE LA FACULTAD DE CIENCIAS DE LAEDUCACI\u00d3N Y DEL DEPORTE DE MELILLA\t\t\t<\/a>\n\t\t<\/h2>\n\t\t\t\t<div class=\"elementor-post__meta-data\">\n\t\t\t\t\t<span class=\"elementor-post-date\">\n\t\t\t04\/05\/2023\t\t<\/span>\n\t\t\t\t<\/div>\n\t\t\t\t<div class=\"elementor-post__excerpt\">\n\t\t\t<p>El pasado d\u00eda tres de mayo del 2023, se realiz\u00f3 una conferencia sobre el proyecto INNOTEDUC, en la Facultad de Ciencias de la Educaci\u00f3n y<\/p>\n\t\t<\/div>\n\t\t\n\t\t<a class=\"elementor-post__read-more\" href=\"https:\/\/wpd.ugr.es\/~innoteduc\/xiv-jornadas-de-orientacion-profesionalpara-el-alumnado-de-grado-y-posgradode-la-facultad-de-ciencias-de-laeducacion-y-del-deporte-de-melilla\/\" aria-label=\"Read more about XIV JORNADAS DE ORIENTACI\u00d3N PROFESIONALPARA EL ALUMNADO DE GRADO Y POSGRADODE LA FACULTAD DE CIENCIAS DE LAEDUCACI\u00d3N Y DEL DEPORTE DE MELILLA\" >\n\t\t\tLeer m\u00e1s \u00bb\t\t<\/a>\n\n\t\t\t\t<\/div>\n\t\t\t\t<\/article>\n\t\t\t\t<article class=\"elementor-post elementor-grid-item post-828 post type-post status-publish format-standard hentry category-sin-categoria\">\n\t\t\t\t<div class=\"elementor-post__text\">\n\t\t\t\t<h2 class=\"elementor-post__title\">\n\t\t\t<a href=\"https:\/\/wpd.ugr.es\/~innoteduc\/participacion-del-proyecto-innoteduc-en-the-6th-edition-of-this-premier-education-conference-2023\/\" >\n\t\t\t\tParticipaci\u00f3n del PROYECTO INNOTEDUC en The 6th edition of this premier education conference 2023\t\t\t<\/a>\n\t\t<\/h2>\n\t\t\t\t<div class=\"elementor-post__meta-data\">\n\t\t\t\t\t<span class=\"elementor-post-date\">\n\t\t\t27\/03\/2023\t\t<\/span>\n\t\t\t\t<\/div>\n\t\t\t\t<div class=\"elementor-post__excerpt\">\n\t\t\t<p>Los pasados d\u00edas 24, 25 y 26, se celebr\u00f3 en Universidad de Oxford un encuentro internacional de educadores de varios \u00e1mbitos, la pedagog\u00eda, TIC, educaci\u00f3n<\/p>\n\t\t<\/div>\n\t\t\n\t\t<a class=\"elementor-post__read-more\" href=\"https:\/\/wpd.ugr.es\/~innoteduc\/participacion-del-proyecto-innoteduc-en-the-6th-edition-of-this-premier-education-conference-2023\/\" aria-label=\"Read more about Participaci\u00f3n del PROYECTO INNOTEDUC en The 6th edition of this premier education conference 2023\" >\n\t\t\tLeer m\u00e1s \u00bb\t\t<\/a>\n\n\t\t\t\t<\/div>\n\t\t\t\t<\/article>\n\t\t\t\t<article class=\"elementor-post elementor-grid-item post-826 post type-post status-publish format-standard hentry category-sin-categoria\">\n\t\t\t\t<div class=\"elementor-post__text\">\n\t\t\t\t<h2 class=\"elementor-post__title\">\n\t\t\t<a href=\"https:\/\/wpd.ugr.es\/~innoteduc\/articulo-publicado-en-la-prestigiosa-revista-frontiers-in-education-derivada-del-proyecto-innoteduc\/\" >\n\t\t\t\tART\u00cdCULO PUBLICADO EN LA PRESTIGIOSA REVISTA  FRONTIERS IN EDUCATION DERIVADA DEL PROYECTO INNOTEDUC\t\t\t<\/a>\n\t\t<\/h2>\n\t\t\t\t<div class=\"elementor-post__meta-data\">\n\t\t\t\t\t<span class=\"elementor-post-date\">\n\t\t\t15\/03\/2023\t\t<\/span>\n\t\t\t\t<\/div>\n\t\t\t\t<div class=\"elementor-post__excerpt\">\n\t\t\t<p>Atendiendo a nuestros objetivos con el proyecto, se realiz\u00f3 un estudio donde pueden verse reflejadas las variables que llevan a los estudiantes universitarios a abandonar<\/p>\n\t\t<\/div>\n\t\t\n\t\t<a class=\"elementor-post__read-more\" href=\"https:\/\/wpd.ugr.es\/~innoteduc\/articulo-publicado-en-la-prestigiosa-revista-frontiers-in-education-derivada-del-proyecto-innoteduc\/\" aria-label=\"Read more about ART\u00cdCULO PUBLICADO EN LA PRESTIGIOSA REVISTA  FRONTIERS IN EDUCATION DERIVADA DEL PROYECTO INNOTEDUC\" >\n\t\t\tLeer m\u00e1s \u00bb\t\t<\/a>\n\n\t\t\t\t<\/div>\n\t\t\t\t<\/article>\n\t\t\t\t<article class=\"elementor-post elementor-grid-item post-812 post type-post status-publish format-standard hentry category-sin-categoria\">\n\t\t\t\t<div class=\"elementor-post__text\">\n\t\t\t\t<h2 class=\"elementor-post__title\">\n\t\t\t<a href=\"https:\/\/wpd.ugr.es\/~innoteduc\/proximo-evento-academico-6th-international-academic-conference-on-education-iaceducation\/\" >\n\t\t\t\tPr\u00f3ximo evento acad\u00e9mico \u00ab6th International Academic Conference on Education (IACEDUCATION)\u00bb.\t\t\t<\/a>\n\t\t<\/h2>\n\t\t\t\t<div class=\"elementor-post__meta-data\">\n\t\t\t\t\t<span class=\"elementor-post-date\">\n\t\t\t17\/02\/2023\t\t<\/span>\n\t\t\t\t<\/div>\n\t\t\t\t<div class=\"elementor-post__excerpt\">\n\t\t\t<p>17\/02\/2023 Comp\u00e1rtenos Los pr\u00f3ximos d\u00edas 24, 25 y 26 de marzo del 2023 en la Universidad de Oxford Reino Unido, albergar\u00e1 a la comunidad internacional<\/p>\n\t\t<\/div>\n\t\t\n\t\t<a class=\"elementor-post__read-more\" href=\"https:\/\/wpd.ugr.es\/~innoteduc\/proximo-evento-academico-6th-international-academic-conference-on-education-iaceducation\/\" aria-label=\"Read more about Pr\u00f3ximo evento acad\u00e9mico \u00ab6th International Academic Conference on Education (IACEDUCATION)\u00bb.\" >\n\t\t\tLeer m\u00e1s \u00bb\t\t<\/a>\n\n\t\t\t\t<\/div>\n\t\t\t\t<\/article>\n\t\t\t\t<article class=\"elementor-post elementor-grid-item post-802 post type-post status-publish format-standard has-post-thumbnail hentry category-sin-categoria\">\n\t\t\t\t<a class=\"elementor-post__thumbnail__link\" href=\"https:\/\/wpd.ugr.es\/~innoteduc\/congreso-en-berlin-8-9-y-10-de-diciembre\/\" >\n\t\t\t<div class=\"elementor-post__thumbnail\"><img decoding=\"async\" width=\"223\" height=\"255\" src=\"https:\/\/wpd.ugr.es\/~innoteduc\/wp-content\/uploads\/2022\/12\/Captura-de-pantalla-2022-12-23-132658-1.png\" class=\"attachment-medium size-medium wp-image-805\" alt=\"\" loading=\"lazy\" \/><\/div>\n\t\t<\/a>\n\t\t\t\t<div class=\"elementor-post__text\">\n\t\t\t\t<h2 class=\"elementor-post__title\">\n\t\t\t<a href=\"https:\/\/wpd.ugr.es\/~innoteduc\/congreso-en-berlin-8-9-y-10-de-diciembre\/\" >\n\t\t\t\tCONGRESO EN BERL\u00cdN 8, 9 Y 10 DE DICIEMBRE\t\t\t<\/a>\n\t\t<\/h2>\n\t\t\t\t<div class=\"elementor-post__meta-data\">\n\t\t\t\t\t<span class=\"elementor-post-date\">\n\t\t\t23\/12\/2022\t\t<\/span>\n\t\t\t\t<\/div>\n\t\t\t\t<div class=\"elementor-post__excerpt\">\n\t\t\t<p>12\/12\/2022 En los pasado d\u00edas 8, 9 y 10 de diciembre se celebr\u00f3 el World Conference on Teaching and Education. Un espacio donde primaba el<\/p>\n\t\t<\/div>\n\t\t\n\t\t<a class=\"elementor-post__read-more\" href=\"https:\/\/wpd.ugr.es\/~innoteduc\/congreso-en-berlin-8-9-y-10-de-diciembre\/\" aria-label=\"Read more about CONGRESO EN BERL\u00cdN 8, 9 Y 10 DE DICIEMBRE\" >\n\t\t\tLeer m\u00e1s \u00bb\t\t<\/a>\n\n\t\t\t\t<\/div>\n\t\t\t\t<\/article>\n\t\t\t\t<article class=\"elementor-post elementor-grid-item post-769 post type-post status-publish format-standard hentry category-sin-categoria\">\n\t\t\t\t<div class=\"elementor-post__text\">\n\t\t\t\t<h2 class=\"elementor-post__title\">\n\t\t\t<a href=\"https:\/\/wpd.ugr.es\/~innoteduc\/inscripcion-al-congreso-sociedad-digital-y-tic\/\" >\n\t\t\t\tINSCRIPCI\u00d3N AL CONGRESO SOCIEDAD DIGITAL Y TIC\t\t\t<\/a>\n\t\t<\/h2>\n\t\t\t\t<div class=\"elementor-post__meta-data\">\n\t\t\t\t\t<span class=\"elementor-post-date\">\n\t\t\t09\/11\/2022\t\t<\/span>\n\t\t\t\t<\/div>\n\t\t\t\t<div class=\"elementor-post__excerpt\">\n\t\t\t<p>Los pr\u00f3ximo d\u00edas 25 y 26 de noviembre se celebra el CONGRESO SOCIEDAD DIGITAL Y TIC. Un encuentro donde la Facultad de Ciencias de la<\/p>\n\t\t<\/div>\n\t\t\n\t\t<a class=\"elementor-post__read-more\" href=\"https:\/\/wpd.ugr.es\/~innoteduc\/inscripcion-al-congreso-sociedad-digital-y-tic\/\" aria-label=\"Read more about INSCRIPCI\u00d3N AL CONGRESO SOCIEDAD DIGITAL Y TIC\" >\n\t\t\tLeer m\u00e1s \u00bb\t\t<\/a>\n\n\t\t\t\t<\/div>\n\t\t\t\t<\/article>\n\t\t\t\t<article class=\"elementor-post elementor-grid-item post-661 post type-post status-publish format-standard has-post-thumbnail hentry category-sin-categoria\">\n\t\t\t\t<a class=\"elementor-post__thumbnail__link\" href=\"https:\/\/wpd.ugr.es\/~innoteduc\/elementor-661\/\" >\n\t\t\t<div class=\"elementor-post__thumbnail\"><img decoding=\"async\" width=\"300\" height=\"155\" src=\"https:\/\/wpd.ugr.es\/~innoteduc\/wp-content\/uploads\/2022\/10\/congress-1-300x155.png\" class=\"attachment-medium size-medium wp-image-676\" alt=\"\" loading=\"lazy\" srcset=\"https:\/\/wpd.ugr.es\/~innoteduc\/wp-content\/uploads\/2022\/10\/congress-1-300x155.png 300w, https:\/\/wpd.ugr.es\/~innoteduc\/wp-content\/uploads\/2022\/10\/congress-1-1024x529.png 1024w, https:\/\/wpd.ugr.es\/~innoteduc\/wp-content\/uploads\/2022\/10\/congress-1-768x397.png 768w, https:\/\/wpd.ugr.es\/~innoteduc\/wp-content\/uploads\/2022\/10\/congress-1.png 1131w\" sizes=\"(max-width: 300px) 100vw, 300px\" \/><\/div>\n\t\t<\/a>\n\t\t\t\t<div class=\"elementor-post__text\">\n\t\t\t\t<h2 class=\"elementor-post__title\">\n\t\t\t<a href=\"https:\/\/wpd.ugr.es\/~innoteduc\/elementor-661\/\" >\n\t\t\t\tCONGRESO INTERNACIONA \u201cSOCIEDAD DIGITAL Y TIC\u201d\t\t\t<\/a>\n\t\t<\/h2>\n\t\t\t\t<div class=\"elementor-post__meta-data\">\n\t\t\t\t\t<span class=\"elementor-post-date\">\n\t\t\t20\/10\/2022\t\t<\/span>\n\t\t\t\t<\/div>\n\t\t\t\t<div class=\"elementor-post__excerpt\">\n\t\t\t<p>CONGRESO INTERNACIONA \u201cSOCIEDAD DIGITAL Y TIC\u201d FINANCIADO POR EL PATRONATO DE TURISMO DE LA CIUDAD AUT\u00d3NOMA DE MELILLA. Proyecto Sociedad digital: la innovaci\u00f3n TIC como<\/p>\n\t\t<\/div>\n\t\t\n\t\t<a class=\"elementor-post__read-more\" href=\"https:\/\/wpd.ugr.es\/~innoteduc\/elementor-661\/\" aria-label=\"Read more about CONGRESO INTERNACIONA \u201cSOCIEDAD DIGITAL Y TIC\u201d\" >\n\t\t\tLeer m\u00e1s \u00bb\t\t<\/a>\n\n\t\t\t\t<\/div>\n\t\t\t\t<\/article>\n\t\t\t\t<article class=\"elementor-post elementor-grid-item post-278 post type-post status-publish format-standard hentry category-sin-categoria\">\n\t\t\t\t<div class=\"elementor-post__text\">\n\t\t\t\t<h2 class=\"elementor-post__title\">\n\t\t\t<a href=\"https:\/\/wpd.ugr.es\/~innoteduc\/colaboracion-del-proyecto-ecalfor-con-el-proyecto-feder\/\" >\n\t\t\t\tCOLABORACI\u00d3N DEL PROYECTO ECALFOR CON EL PROYECTO FEDER\t\t\t<\/a>\n\t\t<\/h2>\n\t\t\t\t<div class=\"elementor-post__meta-data\">\n\t\t\t\t\t<span class=\"elementor-post-date\">\n\t\t\t26\/09\/2022\t\t<\/span>\n\t\t\t\t<\/div>\n\t\t\t\t<div class=\"elementor-post__excerpt\">\n\t\t\t<p>26\/09\/2022 ECALFOR es un proyecto integrado por un consorcio internacional y que est\u00e1 coordinado por el Dr. Oswaldo Lorenzo Quiles, actual Vicedecano de Investigaci\u00f3n, Proyectos<\/p>\n\t\t<\/div>\n\t\t\n\t\t<a class=\"elementor-post__read-more\" href=\"https:\/\/wpd.ugr.es\/~innoteduc\/colaboracion-del-proyecto-ecalfor-con-el-proyecto-feder\/\" aria-label=\"Read more about COLABORACI\u00d3N DEL PROYECTO ECALFOR CON EL PROYECTO FEDER\" >\n\t\t\tLeer m\u00e1s \u00bb\t\t<\/a>\n\n\t\t\t\t<\/div>\n\t\t\t\t<\/article>\n\t\t\t\t<\/div>\n\t\t\n\t\t\t\t<\/div>\n\t\t\t\t<\/div>\n\t\t\t\t\t<\/div>\n\t\t<\/div>\n\t\t\t\t\t\t\t<\/div>\n\t\t<\/section>\n\t\t\t\t\t\t\t<\/div>\n\t\t","protected":false},"excerpt":{"rendered":"<p>Noticias scroll-down-icon<\/p>\n","protected":false},"author":1,"featured_media":0,"parent":0,"menu_order":-95,"comment_status":"closed","ping_status":"closed","template":"elementor_header_footer","meta":[],"yoast_head":"<!-- This site is optimized with the Yoast SEO plugin v20.9 - https:\/\/yoast.com\/wordpress\/plugins\/seo\/ -->\n<title>Noticias - INNOTEDUC<\/title>\n<meta name=\"robots\" content=\"index, follow, max-snippet:-1, max-image-preview:large, max-video-preview:-1\" \/>\n<link rel=\"canonical\" href=\"https:\/\/wpd.ugr.es\/~innoteduc\/noticias\/\" \/>\n<meta property=\"og:locale\" content=\"es_ES\" \/>\n<meta property=\"og:type\" content=\"article\" \/>\n<meta property=\"og:title\" content=\"Noticias - INNOTEDUC\" \/>\n<meta property=\"og:description\" content=\"Noticias scroll-down-icon\" \/>\n<meta property=\"og:url\" content=\"https:\/\/wpd.ugr.es\/~innoteduc\/noticias\/\" \/>\n<meta property=\"og:site_name\" content=\"INNOTEDUC\" \/>\n<meta property=\"article:modified_time\" content=\"2022-11-09T09:10:20+00:00\" \/>\n<meta name=\"twitter:card\" content=\"summary_large_image\" \/>\n<meta name=\"twitter:label1\" content=\"Tiempo de lectura\" \/>\n\t<meta name=\"twitter:data1\" content=\"2 minutos\" \/>\n<script type=\"application\/ld+json\" class=\"yoast-schema-graph\">{\"@context\":\"https:\/\/schema.org\",\"@graph\":[{\"@type\":\"WebPage\",\"@id\":\"https:\/\/wpd.ugr.es\/~innoteduc\/noticias\/\",\"url\":\"https:\/\/wpd.ugr.es\/~innoteduc\/noticias\/\",\"name\":\"Noticias - INNOTEDUC\",\"isPartOf\":{\"@id\":\"https:\/\/wpd.ugr.es\/~innoteduc\/#website\"},\"datePublished\":\"2022-05-04T13:01:08+00:00\",\"dateModified\":\"2022-11-09T09:10:20+00:00\",\"breadcrumb\":{\"@id\":\"https:\/\/wpd.ugr.es\/~innoteduc\/noticias\/#breadcrumb\"},\"inLanguage\":\"es\",\"potentialAction\":[{\"@type\":\"ReadAction\",\"target\":[\"https:\/\/wpd.ugr.es\/~innoteduc\/noticias\/\"]}]},{\"@type\":\"BreadcrumbList\",\"@id\":\"https:\/\/wpd.ugr.es\/~innoteduc\/noticias\/#breadcrumb\",\"itemListElement\":[{\"@type\":\"ListItem\",\"position\":1,\"name\":\"Portada\",\"item\":\"https:\/\/wpd.ugr.es\/~innoteduc\/\"},{\"@type\":\"ListItem\",\"position\":2,\"name\":\"Noticias\"}]},{\"@type\":\"WebSite\",\"@id\":\"https:\/\/wpd.ugr.es\/~innoteduc\/#website\",\"url\":\"https:\/\/wpd.ugr.es\/~innoteduc\/\",\"name\":\"INNOTEDUC\",\"description\":\"Una perspectiva transnacional.\",\"potentialAction\":[{\"@type\":\"SearchAction\",\"target\":{\"@type\":\"EntryPoint\",\"urlTemplate\":\"https:\/\/wpd.ugr.es\/~innoteduc\/?s={search_term_string}\"},\"query-input\":\"required name=search_term_string\"}],\"inLanguage\":\"es\"}]}<\/script>\n<!-- \/ Yoast SEO plugin. -->","yoast_head_json":{"title":"Noticias - INNOTEDUC","robots":{"index":"index","follow":"follow","max-snippet":"max-snippet:-1","max-image-preview":"max-image-preview:large","max-video-preview":"max-video-preview:-1"},"canonical":"https:\/\/wpd.ugr.es\/~innoteduc\/noticias\/","og_locale":"es_ES","og_type":"article","og_title":"Noticias - INNOTEDUC","og_description":"Noticias scroll-down-icon","og_url":"https:\/\/wpd.ugr.es\/~innoteduc\/noticias\/","og_site_name":"INNOTEDUC","article_modified_time":"2022-11-09T09:10:20+00:00","twitter_card":"summary_large_image","twitter_misc":{"Tiempo de lectura":"2 minutos"},"schema":{"@context":"https:\/\/schema.org","@graph":[{"@type":"WebPage","@id":"https:\/\/wpd.ugr.es\/~innoteduc\/noticias\/","url":"https:\/\/wpd.ugr.es\/~innoteduc\/noticias\/","name":"Noticias - INNOTEDUC","isPartOf":{"@id":"https:\/\/wpd.ugr.es\/~innoteduc\/#website"},"datePublished":"2022-05-04T13:01:08+00:00","dateModified":"2022-11-09T09:10:20+00:00","breadcrumb":{"@id":"https:\/\/wpd.ugr.es\/~innoteduc\/noticias\/#breadcrumb"},"inLanguage":"es","potentialAction":[{"@type":"ReadAction","target":["https:\/\/wpd.ugr.es\/~innoteduc\/noticias\/"]}]},{"@type":"BreadcrumbList","@id":"https:\/\/wpd.ugr.es\/~innoteduc\/noticias\/#breadcrumb","itemListElement":[{"@type":"ListItem","position":1,"name":"Portada","item":"https:\/\/wpd.ugr.es\/~innoteduc\/"},{"@type":"ListItem","position":2,"name":"Noticias"}]},{"@type":"WebSite","@id":"https:\/\/wpd.ugr.es\/~innoteduc\/#website","url":"https:\/\/wpd.ugr.es\/~innoteduc\/","name":"INNOTEDUC","description":"Una perspectiva transnacional.","potentialAction":[{"@type":"SearchAction","target":{"@type":"EntryPoint","urlTemplate":"https:\/\/wpd.ugr.es\/~innoteduc\/?s={search_term_string}"},"query-input":"required name=search_term_string"}],"inLanguage":"es"}]}},"_links":{"self":[{"href":"https:\/\/wpd.ugr.es\/~innoteduc\/wp-json\/wp\/v2\/pages\/85"}],"collection":[{"href":"https:\/\/wpd.ugr.es\/~innoteduc\/wp-json\/wp\/v2\/pages"}],"about":[{"href":"https:\/\/wpd.ugr.es\/~innoteduc\/wp-json\/wp\/v2\/types\/page"}],"author":[{"embeddable":true,"href":"https:\/\/wpd.ugr.es\/~innoteduc\/wp-json\/wp\/v2\/users\/1"}],"replies":[{"embeddable":true,"href":"https:\/\/wpd.ugr.es\/~innoteduc\/wp-json\/wp\/v2\/comments?post=85"}],"version-history":[{"count":21,"href":"https:\/\/wpd.ugr.es\/~innoteduc\/wp-json\/wp\/v2\/pages\/85\/revisions"}],"predecessor-version":[{"id":765,"href":"https:\/\/wpd.ugr.es\/~innoteduc\/wp-json\/wp\/v2\/pages\/85\/revisions\/765"}],"wp:attachment":[{"href":"https:\/\/wpd.ugr.es\/~innoteduc\/wp-json\/wp\/v2\/media?parent=85"}],"curies":[{"name":"wp","href":"https:\/\/api.w.org\/{rel}","templated":true}]}}