{"id":2,"date":"2024-11-29T20:43:19","date_gmt":"2024-11-29T19:43:19","guid":{"rendered":"https:\/\/wpd.ugr.es\/~isoperimetric\/wordpress\/?page_id=2"},"modified":"2025-01-30T19:51:12","modified_gmt":"2025-01-30T18:51:12","slug":"pagina-ejemplo","status":"publish","type":"page","link":"https:\/\/wpd.ugr.es\/~isoperimetric\/","title":{"rendered":"About the project"},"content":{"rendered":"\n<p><em>Geometric Variational Problems<\/em> (PID2023-151060NB-I00) is a 4-year project (January 1, 2025 &#8211; December 31, 2028) at the University of Granada funded by MICIU-AEI and FEDER-UE. The principal investigators are <a href=\"https:\/\/wpd.ugr.es\/~ritore\/\">Manuel Ritor\u00e9<\/a> and <a href=\"https:\/\/www.ugr.es\/~crosales\/\">C\u00e9sar Rosales<\/a> (University of Granada). The research team is also formed by <a href=\"https:\/\/www.us.es\/trabaja-en-la-us\/directorio\/antonio-jesus-canete-martin\">Antonio Ca\u00f1ete<\/a> (University of Sevilla) and <a href=\"https:\/\/www.ugr.es\/~ahurtado\/\">Ana Hurtado<\/a> (University of Granada). The work team is formed by <a href=\"https:\/\/gianmarco-giovannardi.webnode.it\/\">Gianmarco Giovannardi<\/a> (Universit\u00e0 di Firenze), <a href=\"https:\/\/webapps.unitn.it\/du\/en\/Persona\/PER0015797\/Didattica\">Andrea Pinamonti<\/a> (Universit\u00e0 di Trento) and <a href=\"https:\/\/www.math.unipd.it\/en\/department\/people\/julian.pozuelo_dominguez\/\">Juli\u00e1n Pozuelo<\/a> (Universit\u00e0 di Padova). <\/p>\n\n\n\n<p>The current project is the continuation of several previous projects where Manuel Ritor\u00e9 was the principal investigator. Our research group began its journey in 2004 and has been working during the last 20 years as an individual project and sometimes in coordination with the project <em><a href=\"https:\/\/www.analisisgeometrico.uji.es\/\">Geometric Analysis<\/a> <\/em>led by Vicente Palmer (and recently by Vicent Gimeno) at University Jaume I of Castell\u00f3n. We form a small but dynamic group, which has evolved along time by incorporating some new members and research lines. The project is also part of the <a href=\"https:\/\/www.ugr.es\/~reag\">Spanish Network of Geometric Analysis<\/a>.<\/p>\n\n\n\n<p>For the most time, we have dealt with the optimization of geometric functionals in different metric measure spaces such as Riemannian and sub-Riemannian manifolds, or weighted manifolds. The corresponding study provides a fruitful interaction between different areas such as Calculus of Variations, Geometric Measure Theory and Partial Differential Equations. Besides its mathematical interest, the analysis of these problems has also applications in disciplines like Control Theory, Vision Theory, Crystallography, Materials Science and Geometric Optics. <\/p>\n\n\n\n<p>The current research lines of the project are the following: <\/p>\n\n\n\n<ul class=\"wp-block-list\">\n<li>Variational problems related to the sub-Riemannian and sub-Finsler area functionals.<\/li>\n\n\n\n<li>Isoperimetric problems in weighted manifolds and conductive Laplacians.<\/li>\n\n\n\n<li>Geometric inequalities for anisotropic functionals.<\/li>\n<\/ul>\n\n\n\n<p><\/p>\n\n\n\n<p><\/p>\n\n\n\n<p><\/p>\n","protected":false},"excerpt":{"rendered":"<p>Geometric Variational Problems (PID2023-151060NB-I00) is a 4-year project (January 1, 2025 &#8211; December 31, 2028) at the University of Granada funded by MICIU-AEI and FEDER-UE. The principal investigators are Manuel Ritor\u00e9 and C\u00e9sar Rosales (University of Granada). The research team is also formed by Antonio Ca\u00f1ete (University of Sevilla) and Ana Hurtado (University of Granada). [&hellip;]<\/p>\n","protected":false},"author":1,"featured_media":0,"parent":0,"menu_order":-1,"comment_status":"closed","ping_status":"closed","template":"","meta":{"footnotes":""},"class_list":["post-2","page","type-page","status-publish","hentry"],"_links":{"self":[{"href":"https:\/\/wpd.ugr.es\/~isoperimetric\/wp-json\/wp\/v2\/pages\/2","targetHints":{"allow":["GET"]}}],"collection":[{"href":"https:\/\/wpd.ugr.es\/~isoperimetric\/wp-json\/wp\/v2\/pages"}],"about":[{"href":"https:\/\/wpd.ugr.es\/~isoperimetric\/wp-json\/wp\/v2\/types\/page"}],"author":[{"embeddable":true,"href":"https:\/\/wpd.ugr.es\/~isoperimetric\/wp-json\/wp\/v2\/users\/1"}],"replies":[{"embeddable":true,"href":"https:\/\/wpd.ugr.es\/~isoperimetric\/wp-json\/wp\/v2\/comments?post=2"}],"version-history":[{"count":40,"href":"https:\/\/wpd.ugr.es\/~isoperimetric\/wp-json\/wp\/v2\/pages\/2\/revisions"}],"predecessor-version":[{"id":185,"href":"https:\/\/wpd.ugr.es\/~isoperimetric\/wp-json\/wp\/v2\/pages\/2\/revisions\/185"}],"wp:attachment":[{"href":"https:\/\/wpd.ugr.es\/~isoperimetric\/wp-json\/wp\/v2\/media?parent=2"}],"curies":[{"name":"wp","href":"https:\/\/api.w.org\/{rel}","templated":true}]}}