{"id":12,"date":"2022-01-13T07:49:19","date_gmt":"2022-01-13T07:49:19","guid":{"rendered":"https:\/\/wpd.ugr.es\/~jarn\/wordpress\/?page_id=12"},"modified":"2024-01-24T10:40:24","modified_gmt":"2024-01-24T10:40:24","slug":"photos","status":"publish","type":"page","link":"https:\/\/wpd.ugr.es\/~jarn\/wordpress\/?page_id=12","title":{"rendered":"Lab Tour"},"content":{"rendered":"<p>Hits: 0<\/p>\n<div class=\"wp-block-columns\">\n<div class=\"wp-block-column\">\n<figure class=\"wp-block-image size-full\"><img loading=\"lazy\" width=\"640\" height=\"480\" src=\"https:\/\/wpd.ugr.es\/~jarn\/wordpress\/wp-content\/uploads\/2022\/01\/IMG_5958.jpg\" alt=\"\" class=\"wp-image-210\" srcset=\"https:\/\/wpd.ugr.es\/~jarn\/wordpress\/wp-content\/uploads\/2022\/01\/IMG_5958.jpg 640w, https:\/\/wpd.ugr.es\/~jarn\/wordpress\/wp-content\/uploads\/2022\/01\/IMG_5958-300x225.jpg 300w\" sizes=\"(max-width: 640px) 100vw, 640px\" \/><\/figure>\n<\/div>\n\n\n\n<div class=\"wp-block-column\">\n<figure class=\"wp-block-image size-full\"><img loading=\"lazy\" width=\"640\" height=\"480\" src=\"https:\/\/wpd.ugr.es\/~jarn\/wordpress\/wp-content\/uploads\/2022\/01\/IMG_5954-1.jpg\" alt=\"\" class=\"wp-image-211\" srcset=\"https:\/\/wpd.ugr.es\/~jarn\/wordpress\/wp-content\/uploads\/2022\/01\/IMG_5954-1.jpg 640w, https:\/\/wpd.ugr.es\/~jarn\/wordpress\/wp-content\/uploads\/2022\/01\/IMG_5954-1-300x225.jpg 300w\" sizes=\"(max-width: 640px) 100vw, 640px\" \/><\/figure>\n<\/div>\n\n\n\n<div class=\"wp-block-column\">\n<figure class=\"wp-block-image size-full\"><img loading=\"lazy\" width=\"640\" height=\"480\" src=\"https:\/\/wpd.ugr.es\/~jarn\/wordpress\/wp-content\/uploads\/2022\/01\/IMG_5957.jpg\" alt=\"\" class=\"wp-image-212\" srcset=\"https:\/\/wpd.ugr.es\/~jarn\/wordpress\/wp-content\/uploads\/2022\/01\/IMG_5957.jpg 640w, https:\/\/wpd.ugr.es\/~jarn\/wordpress\/wp-content\/uploads\/2022\/01\/IMG_5957-300x225.jpg 300w\" sizes=\"(max-width: 640px) 100vw, 640px\" \/><\/figure>\n<\/div>\n<\/div>\n\n\n\n<p>Our synthesis Lab: Fully equipped lab with 6 fume hoods, rotavapors, temperature controlled ovens, centrifuges, shackers, schlenk lines, microwave reactor, etc.<\/p>\n\n\n\n<div class=\"wp-block-columns\">\n<div class=\"wp-block-column\">\n<figure class=\"wp-block-image size-full\"><img loading=\"lazy\" width=\"640\" height=\"480\" src=\"https:\/\/wpd.ugr.es\/~jarn\/wordpress\/wp-content\/uploads\/2024\/01\/IMG_0885.jpg\" alt=\"\" class=\"wp-image-436\" srcset=\"https:\/\/wpd.ugr.es\/~jarn\/wordpress\/wp-content\/uploads\/2024\/01\/IMG_0885.jpg 640w, https:\/\/wpd.ugr.es\/~jarn\/wordpress\/wp-content\/uploads\/2024\/01\/IMG_0885-300x225.jpg 300w\" sizes=\"(max-width: 640px) 100vw, 640px\" \/><\/figure>\n\n\n\n<p>Our brand new GC-MS for catalysis<\/p>\n<\/div>\n\n\n\n<div class=\"wp-block-column\">\n<figure class=\"wp-block-image size-full\"><img loading=\"lazy\" width=\"640\" height=\"480\" src=\"https:\/\/wpd.ugr.es\/~jarn\/wordpress\/wp-content\/uploads\/2024\/01\/IMG_0887.jpg\" alt=\"\" class=\"wp-image-434\" srcset=\"https:\/\/wpd.ugr.es\/~jarn\/wordpress\/wp-content\/uploads\/2024\/01\/IMG_0887.jpg 640w, https:\/\/wpd.ugr.es\/~jarn\/wordpress\/wp-content\/uploads\/2024\/01\/IMG_0887-300x225.jpg 300w\" sizes=\"(max-width: 640px) 100vw, 640px\" \/><\/figure>\n\n\n\n<p>Our setup for Gas separation with our new Hyden HPR-20 MS<\/p>\n<\/div>\n\n\n\n<div class=\"wp-block-column\">\n<figure class=\"wp-block-image size-large\"><img loading=\"lazy\" width=\"1024\" height=\"768\" src=\"https:\/\/wpd.ugr.es\/~jarn\/wordpress\/wp-content\/uploads\/2022\/01\/IMG_5942-1024x768.jpg\" alt=\"\" class=\"wp-image-154\" srcset=\"https:\/\/wpd.ugr.es\/~jarn\/wordpress\/wp-content\/uploads\/2022\/01\/IMG_5942-1024x768.jpg 1024w, https:\/\/wpd.ugr.es\/~jarn\/wordpress\/wp-content\/uploads\/2022\/01\/IMG_5942-300x225.jpg 300w, https:\/\/wpd.ugr.es\/~jarn\/wordpress\/wp-content\/uploads\/2022\/01\/IMG_5942-768x576.jpg 768w, https:\/\/wpd.ugr.es\/~jarn\/wordpress\/wp-content\/uploads\/2022\/01\/IMG_5942-1536x1152.jpg 1536w, https:\/\/wpd.ugr.es\/~jarn\/wordpress\/wp-content\/uploads\/2022\/01\/IMG_5942.jpg 2016w\" sizes=\"(max-width: 1024px) 100vw, 1024px\" \/><\/figure>\n\n\n\n<p>Micrommeritics Triflex for Gas, vapor physi and chemisorption <\/p>\n<\/div>\n<\/div>\n\n\n\n<div class=\"wp-block-columns\">\n<div class=\"wp-block-column\">\n<figure class=\"wp-block-image size-large\"><img loading=\"lazy\" width=\"1024\" height=\"768\" src=\"https:\/\/wpd.ugr.es\/~jarn\/wordpress\/wp-content\/uploads\/2022\/01\/IMG_5941-1024x768.jpg\" alt=\"\" class=\"wp-image-155\" srcset=\"https:\/\/wpd.ugr.es\/~jarn\/wordpress\/wp-content\/uploads\/2022\/01\/IMG_5941-1024x768.jpg 1024w, https:\/\/wpd.ugr.es\/~jarn\/wordpress\/wp-content\/uploads\/2022\/01\/IMG_5941-300x225.jpg 300w, https:\/\/wpd.ugr.es\/~jarn\/wordpress\/wp-content\/uploads\/2022\/01\/IMG_5941-768x576.jpg 768w, https:\/\/wpd.ugr.es\/~jarn\/wordpress\/wp-content\/uploads\/2022\/01\/IMG_5941-1536x1152.jpg 1536w, https:\/\/wpd.ugr.es\/~jarn\/wordpress\/wp-content\/uploads\/2022\/01\/IMG_5941.jpg 2016w\" sizes=\"(max-width: 1024px) 100vw, 1024px\" \/><\/figure>\n\n\n\n<p>Sample activation<\/p>\n<\/div>\n\n\n\n<div class=\"wp-block-column\">\n<figure class=\"wp-block-image size-large\"><img loading=\"lazy\" width=\"1024\" height=\"768\" src=\"https:\/\/wpd.ugr.es\/~jarn\/wordpress\/wp-content\/uploads\/2022\/01\/IMG_5940-1024x768.jpg\" alt=\"\" class=\"wp-image-156\" srcset=\"https:\/\/wpd.ugr.es\/~jarn\/wordpress\/wp-content\/uploads\/2022\/01\/IMG_5940-1024x768.jpg 1024w, https:\/\/wpd.ugr.es\/~jarn\/wordpress\/wp-content\/uploads\/2022\/01\/IMG_5940-300x225.jpg 300w, https:\/\/wpd.ugr.es\/~jarn\/wordpress\/wp-content\/uploads\/2022\/01\/IMG_5940-768x576.jpg 768w, https:\/\/wpd.ugr.es\/~jarn\/wordpress\/wp-content\/uploads\/2022\/01\/IMG_5940-1536x1152.jpg 1536w, https:\/\/wpd.ugr.es\/~jarn\/wordpress\/wp-content\/uploads\/2022\/01\/IMG_5940.jpg 2016w\" sizes=\"(max-width: 1024px) 100vw, 1024px\" \/><\/figure>\n\n\n\n<p>UV-vis with temperature control<\/p>\n<\/div>\n\n\n\n<div class=\"wp-block-column\">\n<figure class=\"wp-block-image size-full\"><img loading=\"lazy\" width=\"640\" height=\"480\" src=\"https:\/\/wpd.ugr.es\/~jarn\/wordpress\/wp-content\/uploads\/2024\/01\/IMG_0886.jpg\" alt=\"\" class=\"wp-image-435\" srcset=\"https:\/\/wpd.ugr.es\/~jarn\/wordpress\/wp-content\/uploads\/2024\/01\/IMG_0886.jpg 640w, https:\/\/wpd.ugr.es\/~jarn\/wordpress\/wp-content\/uploads\/2024\/01\/IMG_0886-300x225.jpg 300w\" sizes=\"(max-width: 640px) 100vw, 640px\" \/><\/figure>\n\n\n\n<p>HPLC for solid-liquid adsorption <\/p>\n<\/div>\n<\/div>\n\n\n\n<div class=\"wp-block-columns\">\n<div class=\"wp-block-column\">\n<figure class=\"wp-block-image size-large\"><img loading=\"lazy\" width=\"1024\" height=\"768\" src=\"https:\/\/wpd.ugr.es\/~jarn\/wordpress\/wp-content\/uploads\/2022\/01\/IMG_5939-1024x768.jpg\" alt=\"\" class=\"wp-image-158\" srcset=\"https:\/\/wpd.ugr.es\/~jarn\/wordpress\/wp-content\/uploads\/2022\/01\/IMG_5939-1024x768.jpg 1024w, https:\/\/wpd.ugr.es\/~jarn\/wordpress\/wp-content\/uploads\/2022\/01\/IMG_5939-300x225.jpg 300w, https:\/\/wpd.ugr.es\/~jarn\/wordpress\/wp-content\/uploads\/2022\/01\/IMG_5939-768x576.jpg 768w, https:\/\/wpd.ugr.es\/~jarn\/wordpress\/wp-content\/uploads\/2022\/01\/IMG_5939-1536x1152.jpg 1536w, https:\/\/wpd.ugr.es\/~jarn\/wordpress\/wp-content\/uploads\/2022\/01\/IMG_5939.jpg 2016w\" sizes=\"(max-width: 1024px) 100vw, 1024px\" \/><\/figure>\n\n\n\n<p>FTIR with ATR and gas-cell<\/p>\n<\/div>\n\n\n\n<div class=\"wp-block-column\">\n<figure class=\"wp-block-image size-large\"><img loading=\"lazy\" width=\"1024\" height=\"768\" src=\"https:\/\/wpd.ugr.es\/~jarn\/wordpress\/wp-content\/uploads\/2022\/01\/IMG_5938-1024x768.jpg\" alt=\"\" class=\"wp-image-159\" srcset=\"https:\/\/wpd.ugr.es\/~jarn\/wordpress\/wp-content\/uploads\/2022\/01\/IMG_5938-1024x768.jpg 1024w, https:\/\/wpd.ugr.es\/~jarn\/wordpress\/wp-content\/uploads\/2022\/01\/IMG_5938-300x225.jpg 300w, https:\/\/wpd.ugr.es\/~jarn\/wordpress\/wp-content\/uploads\/2022\/01\/IMG_5938-768x576.jpg 768w, https:\/\/wpd.ugr.es\/~jarn\/wordpress\/wp-content\/uploads\/2022\/01\/IMG_5938-1536x1152.jpg 1536w, https:\/\/wpd.ugr.es\/~jarn\/wordpress\/wp-content\/uploads\/2022\/01\/IMG_5938.jpg 2016w\" sizes=\"(max-width: 1024px) 100vw, 1024px\" \/><\/figure>\n\n\n\n<p>Our benchtop XRPD<\/p>\n<\/div>\n\n\n\n<div class=\"wp-block-column\">\n<figure class=\"wp-block-image size-large\"><img loading=\"lazy\" width=\"1024\" height=\"768\" src=\"https:\/\/wpd.ugr.es\/~jarn\/wordpress\/wp-content\/uploads\/2022\/01\/IMG_5962-1024x768.jpg\" alt=\"\" class=\"wp-image-214\" srcset=\"https:\/\/wpd.ugr.es\/~jarn\/wordpress\/wp-content\/uploads\/2022\/01\/IMG_5962-1024x768.jpg 1024w, https:\/\/wpd.ugr.es\/~jarn\/wordpress\/wp-content\/uploads\/2022\/01\/IMG_5962-300x225.jpg 300w, https:\/\/wpd.ugr.es\/~jarn\/wordpress\/wp-content\/uploads\/2022\/01\/IMG_5962-768x576.jpg 768w, https:\/\/wpd.ugr.es\/~jarn\/wordpress\/wp-content\/uploads\/2022\/01\/IMG_5962-1536x1152.jpg 1536w, https:\/\/wpd.ugr.es\/~jarn\/wordpress\/wp-content\/uploads\/2022\/01\/IMG_5962.jpg 2016w\" sizes=\"(max-width: 1024px) 100vw, 1024px\" \/><figcaption>Anton Paar Microwave reactor<\/figcaption><\/figure>\n<\/div>\n<\/div>\n\n\n\n<p>Additional equipment available: Micrommeritic Tristar, cyclovoltameter, GC, light scattering, TGA, bentchtop SEM-EDX, &#8230;<\/p>\n\n\n\n<p>Access to large equimments through the Scientific instrumentation center of the University of Granada (<a href=\"https:\/\/cic.ugr.es\/\" target=\"_blank\" rel=\"noreferrer noopener\">https:\/\/cic.ugr.es\/<\/a>).<\/p>\n\n\n\n<div class=\"wp-block-columns\">\n<div class=\"wp-block-column\">\n<figure class=\"wp-block-image\"><img src=\"https:\/\/intranet-cic.ugr.es\/foto\/muestraFoto.php?foto=c2VydmljaW9zIzI4IyNmb3RvMA==\" alt=\"Servicios y unidades. CIC. Centro de Instrumentaci\u00f3n Cient\u00edfica\"\/><\/figure>\n<\/div>\n\n\n\n<div class=\"wp-block-column\">\n<figure class=\"wp-block-image is-resized\"><img loading=\"lazy\" src=\"https:\/\/cic.ugr.es\/sites\/centros\/cic\/public\/2020-05\/resonancia%20magn%C3%A9tica%20nuclear.jpg\" alt=\"Resonancia Magn\u00e9tica Nuclear [RMN] | Centro de Instrumentaci\u00f3n Cient\u00edfica\" width=\"258\" height=\"172\"\/><\/figure>\n<\/div>\n\n\n\n<div class=\"wp-block-column\">\n<figure class=\"wp-block-image\"><img src=\"https:\/\/cic.ugr.es\/sites\/centros\/cic\/public\/2020-05\/drx.jpg\" alt=\"Difracci\u00f3n de Rayos X [DRX] | Centro de Instrumentaci\u00f3n Cient\u00edfica\"\/><\/figure>\n<\/div>\n<\/div>\n\n\n\n<p><\/p>\n","protected":false},"excerpt":{"rendered":"<p>Hits: 0 Our synthesis Lab: Fully equipped lab with 6 fume hoods, rotavapors, temperature controlled ovens, centrifuges, shackers, schlenk lines, microwave reactor, etc. Our brand new GC-MS for catalysis Our setup for Gas separation with our new Hyden HPR-20 MS Micrommeritics Triflex for Gas, vapor physi and chemisorption Sample activation UV-vis with temperature control HPLC [&hellip;]<\/p>\n","protected":false},"author":1,"featured_media":0,"parent":0,"menu_order":0,"comment_status":"closed","ping_status":"closed","template":"","meta":{"_mi_skip_tracking":false,"_monsterinsights_sitenote_active":false,"_monsterinsights_sitenote_note":"","_monsterinsights_sitenote_category":0},"yoast_head":"<!-- This site is optimized with the Yoast SEO plugin v19.7.1 - https:\/\/yoast.com\/wordpress\/plugins\/seo\/ -->\n<title>Lab Tour - Jorge A. R. Navarro<\/title>\n<meta name=\"description\" content=\"Full equipped synthesis lab with 6 fume hoods. Lab Tour\" \/>\n<meta name=\"robots\" content=\"index, follow, max-snippet:-1, max-image-preview:large, max-video-preview:-1\" \/>\n<link rel=\"canonical\" href=\"https:\/\/wpd.ugr.es\/~jarn\/wordpress\/?page_id=12\" \/>\n<meta property=\"og:locale\" content=\"en_US\" \/>\n<meta property=\"og:type\" content=\"article\" \/>\n<meta property=\"og:title\" content=\"Lab Tour - Jorge A. R. Navarro\" \/>\n<meta property=\"og:description\" content=\"Full equipped synthesis lab with 6 fume hoods. Lab Tour\" \/>\n<meta property=\"og:url\" content=\"https:\/\/wpd.ugr.es\/~jarn\/wordpress\/?page_id=12\" \/>\n<meta property=\"og:site_name\" content=\"Jorge A. R. Navarro\" \/>\n<meta property=\"article:modified_time\" content=\"2024-01-24T10:40:24+00:00\" \/>\n<meta property=\"og:image\" content=\"https:\/\/wpd.ugr.es\/~jarn\/wordpress\/wp-content\/uploads\/2022\/01\/IMG_5958.jpg\" \/>\n<meta name=\"twitter:card\" content=\"summary_large_image\" \/>\n<meta name=\"twitter:title\" content=\"@JorgeAR_Navarro\" \/>\n<meta name=\"twitter:image\" content=\"https:\/\/wpd.ugr.es\/~jarn\/wordpress\/wp-content\/uploads\/2022\/01\/image-1.jpeg\" \/>\n<script type=\"application\/ld+json\" class=\"yoast-schema-graph\">{\"@context\":\"https:\/\/schema.org\",\"@graph\":[{\"@type\":\"WebPage\",\"@id\":\"https:\/\/wpd.ugr.es\/~jarn\/wordpress\/?page_id=12\",\"url\":\"https:\/\/wpd.ugr.es\/~jarn\/wordpress\/?page_id=12\",\"name\":\"Lab Tour - Jorge A. R. Navarro\",\"isPartOf\":{\"@id\":\"https:\/\/wpd.ugr.es\/~jarn\/wordpress\/#website\"},\"datePublished\":\"2022-01-13T07:49:19+00:00\",\"dateModified\":\"2024-01-24T10:40:24+00:00\",\"description\":\"Full equipped synthesis lab with 6 fume hoods. Lab Tour\",\"breadcrumb\":{\"@id\":\"https:\/\/wpd.ugr.es\/~jarn\/wordpress\/?page_id=12#breadcrumb\"},\"inLanguage\":\"en-US\",\"potentialAction\":[{\"@type\":\"ReadAction\",\"target\":[\"https:\/\/wpd.ugr.es\/~jarn\/wordpress\/?page_id=12\"]}]},{\"@type\":\"BreadcrumbList\",\"@id\":\"https:\/\/wpd.ugr.es\/~jarn\/wordpress\/?page_id=12#breadcrumb\",\"itemListElement\":[{\"@type\":\"ListItem\",\"position\":1,\"name\":\"Home\",\"item\":\"https:\/\/wpd.ugr.es\/~jarn\/wordpress\/\"},{\"@type\":\"ListItem\",\"position\":2,\"name\":\"Lab Tour\"}]},{\"@type\":\"WebSite\",\"@id\":\"https:\/\/wpd.ugr.es\/~jarn\/wordpress\/#website\",\"url\":\"https:\/\/wpd.ugr.es\/~jarn\/wordpress\/\",\"name\":\"Jorge A. R. Navarro\",\"description\":\"Professor of Chemistry. University of Granada (Spain)\",\"publisher\":{\"@id\":\"https:\/\/wpd.ugr.es\/~jarn\/wordpress\/#organization\"},\"potentialAction\":[{\"@type\":\"SearchAction\",\"target\":{\"@type\":\"EntryPoint\",\"urlTemplate\":\"https:\/\/wpd.ugr.es\/~jarn\/wordpress\/?s={search_term_string}\"},\"query-input\":\"required name=search_term_string\"}],\"inLanguage\":\"en-US\"},{\"@type\":\"Organization\",\"@id\":\"https:\/\/wpd.ugr.es\/~jarn\/wordpress\/#organization\",\"name\":\"Jorge A. R. Navarro\",\"url\":\"https:\/\/wpd.ugr.es\/~jarn\/wordpress\/\",\"sameAs\":[],\"logo\":{\"@type\":\"ImageObject\",\"inLanguage\":\"en-US\",\"@id\":\"https:\/\/wpd.ugr.es\/~jarn\/wordpress\/#\/schema\/logo\/image\/\",\"url\":\"https:\/\/wpd.ugr.es\/~jarn\/wordpress\/wp-content\/uploads\/2024\/10\/Specia.png\",\"contentUrl\":\"https:\/\/wpd.ugr.es\/~jarn\/wordpress\/wp-content\/uploads\/2024\/10\/Specia.png\",\"caption\":\"Jorge A. R. Navarro\"},\"image\":{\"@id\":\"https:\/\/wpd.ugr.es\/~jarn\/wordpress\/#\/schema\/logo\/image\/\"}}]}<\/script>\n<!-- \/ Yoast SEO plugin. -->","yoast_head_json":{"title":"Lab Tour - Jorge A. R. Navarro","description":"Full equipped synthesis lab with 6 fume hoods. Lab Tour","robots":{"index":"index","follow":"follow","max-snippet":"max-snippet:-1","max-image-preview":"max-image-preview:large","max-video-preview":"max-video-preview:-1"},"canonical":"https:\/\/wpd.ugr.es\/~jarn\/wordpress\/?page_id=12","og_locale":"en_US","og_type":"article","og_title":"Lab Tour - Jorge A. R. Navarro","og_description":"Full equipped synthesis lab with 6 fume hoods. Lab Tour","og_url":"https:\/\/wpd.ugr.es\/~jarn\/wordpress\/?page_id=12","og_site_name":"Jorge A. R. Navarro","article_modified_time":"2024-01-24T10:40:24+00:00","og_image":[{"url":"https:\/\/wpd.ugr.es\/~jarn\/wordpress\/wp-content\/uploads\/2022\/01\/IMG_5958.jpg"}],"twitter_card":"summary_large_image","twitter_title":"@JorgeAR_Navarro","twitter_image":"https:\/\/wpd.ugr.es\/~jarn\/wordpress\/wp-content\/uploads\/2022\/01\/image-1.jpeg","schema":{"@context":"https:\/\/schema.org","@graph":[{"@type":"WebPage","@id":"https:\/\/wpd.ugr.es\/~jarn\/wordpress\/?page_id=12","url":"https:\/\/wpd.ugr.es\/~jarn\/wordpress\/?page_id=12","name":"Lab Tour - Jorge A. R. Navarro","isPartOf":{"@id":"https:\/\/wpd.ugr.es\/~jarn\/wordpress\/#website"},"datePublished":"2022-01-13T07:49:19+00:00","dateModified":"2024-01-24T10:40:24+00:00","description":"Full equipped synthesis lab with 6 fume hoods. Lab Tour","breadcrumb":{"@id":"https:\/\/wpd.ugr.es\/~jarn\/wordpress\/?page_id=12#breadcrumb"},"inLanguage":"en-US","potentialAction":[{"@type":"ReadAction","target":["https:\/\/wpd.ugr.es\/~jarn\/wordpress\/?page_id=12"]}]},{"@type":"BreadcrumbList","@id":"https:\/\/wpd.ugr.es\/~jarn\/wordpress\/?page_id=12#breadcrumb","itemListElement":[{"@type":"ListItem","position":1,"name":"Home","item":"https:\/\/wpd.ugr.es\/~jarn\/wordpress\/"},{"@type":"ListItem","position":2,"name":"Lab Tour"}]},{"@type":"WebSite","@id":"https:\/\/wpd.ugr.es\/~jarn\/wordpress\/#website","url":"https:\/\/wpd.ugr.es\/~jarn\/wordpress\/","name":"Jorge A. R. Navarro","description":"Professor of Chemistry. University of Granada (Spain)","publisher":{"@id":"https:\/\/wpd.ugr.es\/~jarn\/wordpress\/#organization"},"potentialAction":[{"@type":"SearchAction","target":{"@type":"EntryPoint","urlTemplate":"https:\/\/wpd.ugr.es\/~jarn\/wordpress\/?s={search_term_string}"},"query-input":"required name=search_term_string"}],"inLanguage":"en-US"},{"@type":"Organization","@id":"https:\/\/wpd.ugr.es\/~jarn\/wordpress\/#organization","name":"Jorge A. R. Navarro","url":"https:\/\/wpd.ugr.es\/~jarn\/wordpress\/","sameAs":[],"logo":{"@type":"ImageObject","inLanguage":"en-US","@id":"https:\/\/wpd.ugr.es\/~jarn\/wordpress\/#\/schema\/logo\/image\/","url":"https:\/\/wpd.ugr.es\/~jarn\/wordpress\/wp-content\/uploads\/2024\/10\/Specia.png","contentUrl":"https:\/\/wpd.ugr.es\/~jarn\/wordpress\/wp-content\/uploads\/2024\/10\/Specia.png","caption":"Jorge A. R. Navarro"},"image":{"@id":"https:\/\/wpd.ugr.es\/~jarn\/wordpress\/#\/schema\/logo\/image\/"}}]}},"_links":{"self":[{"href":"https:\/\/wpd.ugr.es\/~jarn\/wordpress\/index.php?rest_route=\/wp\/v2\/pages\/12"}],"collection":[{"href":"https:\/\/wpd.ugr.es\/~jarn\/wordpress\/index.php?rest_route=\/wp\/v2\/pages"}],"about":[{"href":"https:\/\/wpd.ugr.es\/~jarn\/wordpress\/index.php?rest_route=\/wp\/v2\/types\/page"}],"author":[{"embeddable":true,"href":"https:\/\/wpd.ugr.es\/~jarn\/wordpress\/index.php?rest_route=\/wp\/v2\/users\/1"}],"replies":[{"embeddable":true,"href":"https:\/\/wpd.ugr.es\/~jarn\/wordpress\/index.php?rest_route=%2Fwp%2Fv2%2Fcomments&post=12"}],"version-history":[{"count":21,"href":"https:\/\/wpd.ugr.es\/~jarn\/wordpress\/index.php?rest_route=\/wp\/v2\/pages\/12\/revisions"}],"predecessor-version":[{"id":437,"href":"https:\/\/wpd.ugr.es\/~jarn\/wordpress\/index.php?rest_route=\/wp\/v2\/pages\/12\/revisions\/437"}],"wp:attachment":[{"href":"https:\/\/wpd.ugr.es\/~jarn\/wordpress\/index.php?rest_route=%2Fwp%2Fv2%2Fmedia&parent=12"}],"curies":[{"name":"wp","href":"https:\/\/api.w.org\/{rel}","templated":true}]}}