{"id":24,"date":"2022-12-01T16:35:17","date_gmt":"2022-12-01T15:35:17","guid":{"rendered":"http:\/\/wpd.ugr.es\/~jici6\/?page_id=24"},"modified":"2023-06-26T12:03:22","modified_gmt":"2023-06-26T11:03:22","slug":"inicio","status":"publish","type":"page","link":"https:\/\/wpd.ugr.es\/~jici6\/","title":{"rendered":"Inicio"},"content":{"rendered":"\n<div class=\"wp-block-group alignfull has-background has-global-padding is-layout-constrained wp-container-10\" style=\"background-color:#f2f0e9;padding-top:var(--wp--preset--spacing--40);padding-right:var(--wp--preset--spacing--40);padding-bottom:var(--wp--preset--spacing--40);padding-left:var(--wp--preset--spacing--40)\">\n<div class=\"wp-block-columns alignwide is-layout-flex wp-container-3\">\n<div class=\"wp-block-column is-layout-flow\" style=\"flex-basis:50%\">\n<h1 class=\"wp-block-heading has-large-font-size\">Bienvenidos y bienvenidas al VI Congreso de J\u00f3venes Investigadores e Investigadoras en Coloides e Interfases<\/h1>\n<\/div>\n\n\n\n<div class=\"wp-block-column is-vertically-aligned-bottom is-layout-flow\" style=\"flex-basis:50%\"><\/div>\n<\/div>\n\n\n\n<div class=\"wp-block-columns alignwide is-layout-flex wp-container-7\">\n<div class=\"wp-block-column is-layout-flow\">\n<h2 class=\"wp-block-heading has-medium-font-size\">13-15 de septiembre 2023<br>Facultad de Ciencias de la Universidad de Granada<\/h2>\n\n\n\n<hr class=\"wp-block-separator has-text-color has-custom-azul-jici-color has-alpha-channel-opacity has-custom-azul-jici-background-color has-background is-style-wide\"\/>\n\n\n\n<h2 class=\"wp-block-heading has-text-align-left\" style=\"font-style:normal;font-weight:700\">Inscripciones hasta el 19 de mayo 2023<\/h2>\n<\/div>\n\n\n\n<div class=\"wp-block-column is-layout-flow\">\n<hr class=\"wp-block-separator has-text-color has-custom-azul-jici-color has-alpha-channel-opacity has-custom-azul-jici-background-color has-background is-style-wide\"\/>\n\n\n\n<p class=\"has-text-color has-link-color has-extra-small-font-size wp-elements-828c87695a2fee3aab2b2530162a9e84\" style=\"color:#000000\">El JICI es un congreso bianual promovido por el Grupo Especializado de Coloides e Interfases de la Real Sociedad Espa\u00f1ola de F\u00edsica y la Real Sociedad Espa\u00f1ola de Qu\u00edmica. Desde su primera edici\u00f3n en 2012 en Benidorm, este congreso da protagonismo a j\u00f3venes investigadoras e investigadores en coloides e interfases de toda la geograf\u00eda espa\u00f1ola, con el objetivo de que difundan sus trabajos y puedan establecer redes de colaboraciones.<\/p>\n\n\n\n<hr class=\"wp-block-separator has-text-color has-custom-azul-jici-color has-alpha-channel-opacity has-custom-azul-jici-background-color has-background is-style-wide\"\/>\n<\/div>\n\n\n\n<div class=\"wp-block-column is-layout-flow\">\n<hr class=\"wp-block-separator has-text-color has-base-color has-alpha-channel-opacity has-base-background-color has-background is-style-wide\"\/>\n\n\n\n<p class=\"has-black-color has-text-color\">La VI edici\u00f3n del JICI se celebrar\u00e1 en la Facultad de Ciencias de la Universidad de Granada los d\u00edas 14 y 15 de septiembre de 2023. Desde el comit\u00e9 organizador os damos la bienvenida y, por supuesto, \u00a1os animamos a participar!<\/p>\n\n\n\n<hr class=\"wp-block-separator has-text-color has-custom-azul-jici-color has-alpha-channel-opacity has-custom-azul-jici-background-color has-background is-style-wide\"\/>\n<\/div>\n<\/div>\n\n\n\n<h2 class=\"wp-block-heading has-text-align-center has-custom-celeste-jici-color has-text-color has-large-font-size\">Entidades patrocinadoras<\/h2>\n\n\n\n<div class=\"wp-block-group alignwide is-content-justification-center is-layout-flex wp-container-9\" style=\"border-style:none;border-width:0px;border-radius:0px;padding-top:0;padding-right:0;padding-bottom:0;padding-left:0\">\n<figure class=\"wp-block-image size-full is-style-default\"><a href=\"https:\/\/rsef.es\/junta-de-gobierno-geci\" target=\"_blank\" rel=\"noreferrer noopener\"><img decoding=\"async\" loading=\"lazy\" width=\"273\" height=\"100\" src=\"https:\/\/wpd.ugr.es\/~jici6\/wp-content\/uploads\/2023\/03\/logo_GECI_100px.png\" alt=\"Grupo Especializado en Coloides e Interfases\" class=\"wp-image-721\"\/><\/a><\/figure>\n\n\n\n<figure class=\"wp-block-image size-full\"><a href=\"https:\/\/rseq.org\/\" target=\"_blank\" rel=\"noreferrer noopener\"><img decoding=\"async\" loading=\"lazy\" width=\"300\" height=\"99\" src=\"https:\/\/wpd.ugr.es\/~jici6\/wp-content\/uploads\/2023\/02\/logo_RSEQ.png\" alt=\"Real Sociedad Espa\u00f1ola de Qu\u00edmica\" class=\"wp-image-117\"\/><\/a><\/figure>\n\n\n\n<figure class=\"wp-block-image size-full\"><a href=\"https:\/\/rsef.es\/\" target=\"_blank\" rel=\"noreferrer noopener\"><img decoding=\"async\" loading=\"lazy\" width=\"174\" height=\"100\" src=\"https:\/\/wpd.ugr.es\/~jici6\/wp-content\/uploads\/2023\/03\/logo_RSEF_100px.png\" alt=\"Real Sociedad Espa\u00f1ola de F\u00edsica\" class=\"wp-image-722\"\/><\/a><\/figure>\n\n\n\n<div class=\"wp-block-group is-vertical is-content-justification-center is-layout-flex wp-container-8\" style=\"padding-top:0;padding-right:0;padding-bottom:0;padding-left:0\">\n<figure class=\"wp-block-image size-full has-custom-border\"><a href=\"https:\/\/www.ugr.es\/\" target=\"_blank\" rel=\"noreferrer noopener\"><img decoding=\"async\" loading=\"lazy\" width=\"359\" height=\"100\" src=\"https:\/\/wpd.ugr.es\/~jici6\/wp-content\/uploads\/2023\/05\/UGR_horizontal_100px.png\" alt=\"Logo Universidad de Granada\" class=\"wp-image-778\" style=\"border-style:none;border-width:0px;border-radius:0px\" srcset=\"https:\/\/wpd.ugr.es\/~jici6\/wp-content\/uploads\/2023\/05\/UGR_horizontal_100px.png 359w, https:\/\/wpd.ugr.es\/~jici6\/wp-content\/uploads\/2023\/05\/UGR_horizontal_100px-300x84.png 300w\" sizes=\"(max-width: 359px) 100vw, 359px\" \/><\/a><\/figure>\n\n\n\n<p class=\"has-text-align-center has-small-font-size\"><a rel=\"noreferrer noopener\" href=\"https:\/\/investigacion.ugr.es\/plan-propio\/informacion\" target=\"_blank\">Plan Propio de Investigaci\u00f3n y Transferencia<\/a><br><a rel=\"noreferrer noopener\" href=\"https:\/\/investigacion.ugr.es\/plan-propio\/informacion\" target=\"_blank\">de la Universidad de Granada<\/a><\/p>\n<\/div>\n\n\n\n<figure class=\"wp-block-image size-full\"><a href=\"https:\/\/biocol.ugr.es\/\" target=\"_blank\" rel=\"noreferrer noopener\"><img decoding=\"async\" loading=\"lazy\" width=\"115\" height=\"100\" src=\"https:\/\/wpd.ugr.es\/~jici6\/wp-content\/uploads\/2023\/06\/logo_biocol_100px.jpg\" alt=\"Logo Grupo de F\u00edsica de Fluidos y Biocoloides\" class=\"wp-image-800\"\/><\/a><\/figure>\n\n\n\n<figure class=\"wp-block-image size-full\"><img decoding=\"async\" loading=\"lazy\" width=\"186\" height=\"100\" src=\"https:\/\/wpd.ugr.es\/~jici6\/wp-content\/uploads\/2023\/06\/Logo_i6_100px.png\" alt=\"Logo del Grupo de F\u00edsica de Interfases y Sistemas Coloidales\" class=\"wp-image-861\"\/><\/figure>\n\n\n\n<figure class=\"wp-block-image size-full\"><a href=\"https:\/\/arqus-alliance.eu\/\" target=\"_blank\" rel=\"noreferrer noopener\"><img decoding=\"async\" loading=\"lazy\" width=\"235\" height=\"100\" src=\"https:\/\/wpd.ugr.es\/~jici6\/wp-content\/uploads\/2023\/06\/logo_arqus_100px.png\" alt=\"Logo Alianza Arqus\" class=\"wp-image-799\"\/><\/a><\/figure>\n\n\n\n<figure class=\"wp-block-image size-full\"><a href=\"https:\/\/sical2000.es\/\" target=\"_blank\" rel=\"noreferrer noopener\"><img decoding=\"async\" loading=\"lazy\" width=\"189\" height=\"100\" src=\"https:\/\/wpd.ugr.es\/~jici6\/wp-content\/uploads\/2023\/06\/logo_sical_100px.png\" alt=\"Logo Sical\" class=\"wp-image-801\"\/><\/a><\/figure>\n<\/div>\n<\/div>\n","protected":false},"excerpt":{"rendered":"<p>Bienvenidos y bienvenidas al VI Congreso de J\u00f3venes Investigadores e Investigadoras en Coloides e Interfases 13-15 de septiembre 2023Facultad de Ciencias de la Universidad de Granada Inscripciones hasta el 19 de mayo 2023 El JICI es un congreso bianual promovido por el Grupo Especializado de Coloides e Interfases de la Real Sociedad Espa\u00f1ola de F\u00edsica [&hellip;]<\/p>\n","protected":false},"author":1,"featured_media":0,"parent":0,"menu_order":0,"comment_status":"closed","ping_status":"closed","template":"","meta":[],"_links":{"self":[{"href":"https:\/\/wpd.ugr.es\/~jici6\/wp-json\/wp\/v2\/pages\/24"}],"collection":[{"href":"https:\/\/wpd.ugr.es\/~jici6\/wp-json\/wp\/v2\/pages"}],"about":[{"href":"https:\/\/wpd.ugr.es\/~jici6\/wp-json\/wp\/v2\/types\/page"}],"author":[{"embeddable":true,"href":"https:\/\/wpd.ugr.es\/~jici6\/wp-json\/wp\/v2\/users\/1"}],"replies":[{"embeddable":true,"href":"https:\/\/wpd.ugr.es\/~jici6\/wp-json\/wp\/v2\/comments?post=24"}],"version-history":[{"count":57,"href":"https:\/\/wpd.ugr.es\/~jici6\/wp-json\/wp\/v2\/pages\/24\/revisions"}],"predecessor-version":[{"id":865,"href":"https:\/\/wpd.ugr.es\/~jici6\/wp-json\/wp\/v2\/pages\/24\/revisions\/865"}],"wp:attachment":[{"href":"https:\/\/wpd.ugr.es\/~jici6\/wp-json\/wp\/v2\/media?parent=24"}],"curies":[{"name":"wp","href":"https:\/\/api.w.org\/{rel}","templated":true}]}}