{"id":652,"date":"2023-03-02T15:38:59","date_gmt":"2023-03-02T14:38:59","guid":{"rendered":"http:\/\/wpd.ugr.es\/~jici6\/?page_id=652"},"modified":"2023-03-02T15:38:59","modified_gmt":"2023-03-02T14:38:59","slug":"codigo-de-conducta","status":"publish","type":"page","link":"https:\/\/wpd.ugr.es\/~jici6\/codigo-de-conducta\/","title":{"rendered":"C\u00f3digo de conducta"},"content":{"rendered":"\n<div class=\"wp-block-group alignwide is-vertical is-layout-flex wp-container-1\">\n<p>El congreso de J\u00f3venes Investigadores en Coloides e Interfases pretende ofrecer una experiencia cient\u00edfica enriquecedora y libre de acoso para todas las personas asistentes. Quienes asistan, expongan, patrocinen o realicen un voluntariado en el JICI-VI deben estar de acuerdo con este c\u00f3digo de conducta. El comit\u00e9 organizador har\u00e1 cumplir estas normas durante todo el evento. Esperamos cooperaci\u00f3n para garantizar un ambiente seguro para todo el mundo en las charlas, talleres y eventos sociales del JICI-VI.<\/p>\n\n\n\n<ul style=\"font-style:normal;font-weight:300\">\n<li>Se entiende por acoso los comentarios verbales ofensivos relacionados con g\u00e9nero, identidad y expresi\u00f3n de g\u00e9nero, edad, orientaci\u00f3n sexual, discapacidad, apariencia f\u00edsica, tama\u00f1o del cuerpo, raza, origen \u00e9tnico o la religi\u00f3n, las im\u00e1genes sexuales en espacios p\u00fablicos, la intimidaci\u00f3n, el acecho, el seguimiento, la interrupci\u00f3n sostenida de conversaciones u otros eventos, el contacto f\u00edsico inapropiado y la atenci\u00f3n sexual no deseada.<\/li>\n\n\n\n<li>El lenguaje e im\u00e1genes sexuales no son apropiados en ning\u00fan lugar del evento, incluyendo charlas, talleres, descansos, visitas, fiestas, redes sociales y otros medios online.<\/li>\n\n\n\n<li>Se espera que las personas participantes instadas a parar cualquier comportamiento abusivo obedezcan inmediatamente. Si alguna persona incurre en un comportamiento abusivo, el comit\u00e9 organizador del JICI-VI tomar\u00e1 cualquier acci\u00f3n que estime oportuna, desde la advertencia verbal hasta la expulsi\u00f3n del congreso sin reembolso de la cuota de inscripci\u00f3n.<\/li>\n\n\n\n<li>Si sufres acoso o percibes que alguien est\u00e1 siendo v\u00edctima de comportamiento inadecuado,\u00a0contacta por favor con el comit\u00e9 organizador\u00a0inmediatamente.<\/li>\n\n\n\n<li>El comit\u00e9 organizador estar\u00e1 dispuesto a contactar con las autoridades locales, proveer escolta o asistir en la manera que sea posible a las personas que sufran acoso para que se sientan seguras durante el congreso. Valoramos tu asistencia.<\/li>\n<\/ul>\n\n\n\n<hr class=\"wp-block-separator has-alpha-channel-opacity\"\/>\n\n\n\n<p class=\"has-text-align-left has-tiny-font-size\" style=\"font-style:italic;font-weight:400\">C\u00f3digo de conducta basado en <a rel=\"noreferrer noopener\" href=\"https:\/\/confcodeofconduct.com\/\" target=\"_blank\">Conference Code of Conduct<\/a>, licencia <a href=\"http:\/\/creativecommons.org\/licenses\/by\/3.0\/deed.en_US\" target=\"_blank\" rel=\"noreferrer noopener\">Creative Commons Attribution 3.0 Unported License<\/a>.<\/p>\n<\/div>\n","protected":false},"excerpt":{"rendered":"<p>El congreso de J\u00f3venes Investigadores en Coloides e Interfases pretende ofrecer una experiencia cient\u00edfica enriquecedora y libre de acoso para todas las personas asistentes. Quienes asistan, expongan, patrocinen o realicen un voluntariado en el JICI-VI deben estar de acuerdo con este c\u00f3digo de conducta. El comit\u00e9 organizador har\u00e1 cumplir estas normas durante todo el evento. [&hellip;]<\/p>\n","protected":false},"author":1,"featured_media":0,"parent":0,"menu_order":0,"comment_status":"closed","ping_status":"closed","template":"wp-custom-template-pagina-jici","meta":[],"_links":{"self":[{"href":"https:\/\/wpd.ugr.es\/~jici6\/wp-json\/wp\/v2\/pages\/652"}],"collection":[{"href":"https:\/\/wpd.ugr.es\/~jici6\/wp-json\/wp\/v2\/pages"}],"about":[{"href":"https:\/\/wpd.ugr.es\/~jici6\/wp-json\/wp\/v2\/types\/page"}],"author":[{"embeddable":true,"href":"https:\/\/wpd.ugr.es\/~jici6\/wp-json\/wp\/v2\/users\/1"}],"replies":[{"embeddable":true,"href":"https:\/\/wpd.ugr.es\/~jici6\/wp-json\/wp\/v2\/comments?post=652"}],"version-history":[{"count":18,"href":"https:\/\/wpd.ugr.es\/~jici6\/wp-json\/wp\/v2\/pages\/652\/revisions"}],"predecessor-version":[{"id":670,"href":"https:\/\/wpd.ugr.es\/~jici6\/wp-json\/wp\/v2\/pages\/652\/revisions\/670"}],"wp:attachment":[{"href":"https:\/\/wpd.ugr.es\/~jici6\/wp-json\/wp\/v2\/media?parent=652"}],"curies":[{"name":"wp","href":"https:\/\/api.w.org\/{rel}","templated":true}]}}