{"id":112,"date":"2024-12-04T10:20:35","date_gmt":"2024-12-04T10:20:35","guid":{"rendered":"https:\/\/wpd.ugr.es\/~jjordan\/?page_id=112"},"modified":"2025-12-11T10:28:27","modified_gmt":"2025-12-11T10:28:27","slug":"capitulos-de-libro","status":"publish","type":"page","link":"https:\/\/wpd.ugr.es\/~jjordan\/capitulos-de-libro\/","title":{"rendered":"Cap\u00edtulos\u00a0de libro"},"content":{"rendered":"\n<p style=\"font-size:17px\">Jord\u00e1n, Javier (2024), \u201c<a href=\"http:\/\/www.ugr.es\/~jjordan\/estrategia-politica-defensa.pdf\" target=\"_blank\" rel=\"noreferrer noopener\">Principios estrat\u00e9gicos de la pol\u00edtica de Defensa espa\u00f1ola 2003-2023: una lectura desde el realismo estructural<\/a>\u201d, en Rafa Mart\u00ednez y Mari\u00e9n Dur\u00e1n Cenit (dir.), <em>Repensando el papel de las Fuerzas Armadas espa\u00f1olas las ante los nuevos desaf\u00edos a la seguridad<\/em>, Madrid: Centro de Estudios Pol\u00edticos y Constitucionales, pp. 101-142.<\/p>\n\n\n\n<p style=\"font-size:17px\">Dur\u00e1n, Mari\u00e9n, Antonio D\u00edaz y Javier Jord\u00e1n (2024), \u201c<a href=\"http:\/\/www.ugr.es\/~jjordan\/dimension-exterior-defensa.pdf\" target=\"_blank\" rel=\"noreferrer noopener\">La dimensi\u00f3n exterior de la Defensa<\/a>\u201d, en Rafa Mart\u00ednez y Mari\u00e9n Dur\u00e1n Cenit (dir.), <em>Repensando el papel de las Fuerzas Armadas espa\u00f1olas las ante los nuevos desaf\u00edos a la seguridad<\/em>, Madrid: Centro de Estudios Pol\u00edticos y Constitucionales, pp. 143-182.<\/p>\n\n\n\n<p style=\"font-size:18px\">Javier Jord\u00e1n, \u201c<a href=\"http:\/\/www.ugr.es\/~jjordan\/geopolitica-espana.pdf\">Geopol\u00edtica de Espa\u00f1a: fortalezas y debilidades para convertirse en un actor estrat\u00e9gico<\/a>\u201d, en Josep Baqu\u00e9s y Enrique Foj\u00f3n (Coords.), <em>La realidad geopol\u00edtica de Espa\u00f1a. Hacia el estatus de actor estrat\u00e9gico<\/em>, (Madrid: UNED, 2023), pp. 69-92.<\/p>\n\n\n\n<p style=\"font-size:18px\">Javier Jord\u00e1n,\u00a0<a href=\"http:\/\/www.ugr.es\/~jjordan\/estrategia-aeroespacial.pdf\">\u00abIdeas que se convierten en soluciones. Teor\u00edas estrat\u00e9gicas sobre la seguridad aeroespacial en el siglo XXI\u00bb<\/a>, en Instituto Espa\u00f1ol de Estudios Estrat\u00e9gicos,\u00a0<em>Hacia una estrategia de seguridad aeroespacial<\/em>, (Madrid: Ministerio de Defensa, 2018), pp. 19-57<\/p>\n\n\n\n<p style=\"font-size:18px\">Javier Jord\u00e1n,&nbsp;<a href=\"http:\/\/www.ugr.es\/~jjordan\/evolucion-Estado-Islamico-Oriente-Medio.pdf\">\u00abEl Daesh en Oriente Medio, una amenaza en evoluci\u00f3n\u00bb<\/a>, en Instituto Espa\u00f1ol de Estudios Estrat\u00e9gicos,&nbsp;<em>Panorama Estrat\u00e9gico 2016<\/em>, (Madrid: Ministerio de Defensa, 2016), pp. 141-180<\/p>\n\n\n\n<p style=\"font-size:18px\">Javier Jord\u00e1n,&nbsp;<a href=\"http:\/\/www.ugr.es\/~jjordan\/Daesh-Estado-Islamico.pdf\">\u00abEl Daesh\u00bb<\/a>, en Instituto Espa\u00f1ol de Estudios Estrat\u00e9gicos,&nbsp;<em>La internacional yihadista<\/em>, (Madrid: Ministerio de Defensa, 2015), pp. 109-147<\/p>\n\n\n\n<p style=\"font-size:18px\">Javier Jord\u00e1n, \u00ab<a href=\"http:\/\/www.ugr.es\/~jjordan\/Italy-terror-plot-2006.pdf\">The Foiled Attacks in Italy in 2006<\/a>\u00ab, en Bruce Hoffman &amp; Fernando Reinares (Ed.)&nbsp;<em>The Evolution of the Global Terrorist Threat. From 9\/11 to Osama Bin Laden&#8217;s Death<\/em>, (New York: Columbia University Press, 2014), pp. 273-288.<\/p>\n\n\n\n<p style=\"font-size:18px\">Javier Jord\u00e1n,&nbsp;<a href=\"http:\/\/www.ugr.es\/~jjordan\/terrorismoeuropa2011.pdf\">\u00abUn estudio preliminar sobre las tendencias del terrorismo yihadista en Europa\u00bb<\/a>, en CESEDEN,&nbsp;<em>La influencia social del Islam en la Uni\u00f3n Europea<\/em>, (Madrid: Ministerio de Defensa, 2011), pp. 205-233<\/p>\n\n\n\n<p style=\"font-size:18px\">Javier Jord\u00e1n,&nbsp;<a href=\"http:\/\/www.ugr.es\/~jjordan\/terrorismoglobal.pdf\">\u00abEl terrorismo global una d\u00e9cada despu\u00e9s del 11-S\u00bb<\/a>, en Instituto Espa\u00f1ol de Estudios Estrat\u00e9gicos,&nbsp;<em>Actores armados no estatales: retos a la seguridad global<\/em>, (Madrid: Ministerio de Defensa, 2011), pp. 131-173<\/p>\n\n\n\n<p style=\"font-size:18px\">Javier Jord\u00e1n, \u00abEl terrorismo global frente al poder de los Estados\u00bb, Javier Jord\u00e1n, Pilar Pozo y Josep Baqu\u00e9s (Ed.),&nbsp;<em>La seguridad m\u00e1s all\u00e1 del Estado. Actores no estatales y seguridad internacional<\/em>, (Madrid: Plaza y Vald\u00e9s, 2011), pp. 43-64.<\/p>\n\n\n\n<p style=\"font-size:18px\">Javier Jord\u00e1n,&nbsp;<a href=\"http:\/\/www.seguridadinternacional.es\/?q=node\/3\">\u00abDelimitaci\u00f3n te\u00f3rica de la insurgencia: concepto, fines y medios\u00bb<\/a>, Javier Jord\u00e1n, Pilar Pozo y Josep Baqu\u00e9s (Ed.),&nbsp;<em>La seguridad m\u00e1s all\u00e1 del Estado. Actores no estatales y seguridad internacional<\/em>, (Madrid: Plaza y Vald\u00e9s, 2011), pp. 113-134.<\/p>\n\n\n\n<p style=\"font-size:18px\">Javier Jord\u00e1n, \u00abRepercusi\u00f3n de nuevas tecnol\u00f3gicas en las pol\u00edticas de defensa: los sistemas no tripulados\u00bb, Consuelo Ram\u00f3n Chornet (Coord.),&nbsp;<em>Estabilidad internacional, conflictos armados y protecci\u00f3n de los derechos humanos<\/em>, (Valencia: Tirant lo Blanch, 2010), pp. 57-77<\/p>\n\n\n\n<p style=\"font-size:18px\">Javier Jord\u00e1n,&nbsp;<a href=\"http:\/\/www.seguridadinternacional.es\/?q=es\/content\/contextualizaci%C3%B3n-conceptual-ideol%C3%B3gica-e-hist%C3%B3rica-del-terrorismo-global\">\u00abContextualizaci\u00f3n conceptual, ideol\u00f3gica e hist\u00f3rica del terrorismo global\u00bb<\/a>, en Eugenia L\u00f3pez-Jacoiste (Coord.),&nbsp;<em>Seguridad, Defensa y Desarrollo en el contexto internacional actual<\/em>, (Pamplona: EUNSA, 2010), pp. 137-167<\/p>\n\n\n\n<p style=\"font-size:18px\">Javier Jord\u00e1n, \u00abLa evoluci\u00f3n del terrorismo yihadista global despu\u00e9s del 11-S: repercusiones sobre la seguridad europea y espa\u00f1ola\u00bb, en Javier Jord\u00e1n, Pilar Pozo y Miguel G. Guindo (Coord.),&nbsp;<em>Terrorismo sin fronteras. Actores, escenarios y respuestas en un mundo global<\/em>, (Pamplona: Aranzadi, 2010), pp. 17-39<\/p>\n\n\n\n<p style=\"font-size:18px\">Javier Jord\u00e1n,&nbsp;<a href=\"http:\/\/www.ugr.es\/~jjordan\/publicaciones\/organizacionyihadista.pdf\">\u00abEstructura organizativa del terrorismo de inspiraci\u00f3n yihadista en Europa: retos para los servicios de inteligencia\u00bb<\/a>, en Instituto Espa\u00f1ol de Estudios Estrat\u00e9gicos y Centro Nacional de Inteligencia,&nbsp;<em>La Inteligencia, factor clave frente al terrorismo internacional<\/em>, (Madrid: Ministerio de Defensa, 2009), pp. 71-108<\/p>\n\n\n\n<p style=\"font-size:18px\">Javier Jord\u00e1n, \u00abElementos estructurales del terrorismo yihadista\u00bb, en Jos\u00e9 Julio Fern\u00e1ndez, Javier Jord\u00e1n y Daniel Sans\u00f3 (coord.),&nbsp;<em>Seguridad y Defensa hoy: construyendo el futuro<\/em>, (Madrid: Plaza y Vald\u00e9s, 2008), pp 53-70<\/p>\n\n\n\n<p style=\"font-size:18px\">Javier Jord\u00e1n,&nbsp;<a href=\"http:\/\/www.ugr.es\/~jjordan\/publicaciones\/gruposradicales.pdf\">\u00abGrupos radicales en Oriente Medio. Estrategia, capacidades y alianzas\u00bb<\/a>, en Instituto Espa\u00f1ol de Estudios Estrat\u00e9gicos y CIDOB,&nbsp;<em>Inmigraci\u00f3n y seguridad en el Mediterr\u00e1neo: el caso espa\u00f1ol<\/em>, (Madrid: Ministerio de Defensa, 2008), pp. 89-139<\/p>\n\n\n\n<p style=\"font-size:18px\">Javier Jord\u00e1n, \u00abEl vinculo trasatl\u00e1ntico y la lucha contra el terrorismo de Al-Qaeda. Una valoraci\u00f3n de las pol\u00edticas antiterroristas de Estados Unidos y la Uni\u00f3n Europea\u00bb, en Pere Vilanova y Josep Baqu\u00e9s (coord.),&nbsp;<em>La crisis del v\u00ednculo trasatl\u00e1ntico \u00bfcoyuntural o estructural?<\/em>, (Madrid: Thomson Aranzadi, 2008), pp 201-229<\/p>\n\n\n\n<p style=\"font-size:18px\">Javier Jord\u00e1n, \u00abLa evoluci\u00f3n del yihadismo en Espa\u00f1a. Un reto para los servicios de inteligencia\u00bb, en Miguel \u00e1ngel Esteban y Diego Navarro (coord.),&nbsp;<em>Terrorismo global. Gesti\u00f3n de informaci\u00f3n y servicios de inteligencia<\/em>, (Madrid: Plaza y Vald\u00e9s, 2007), pp 33-48<\/p>\n\n\n\n<p style=\"font-size:18px\">Javier Jord\u00e1n &amp; Nicola Horsburgh,&nbsp;<a href=\"http:\/\/www.ugr.es\/~jjordan\/Politics-Madrid-terror-attacks-2004.pdf\">\u00abPolitics vs Terrorism: The Madrid Case\u00bb<\/a>, in George Kassimeris,&nbsp;<em>Playing Politics with Terrorism<\/em>, (London: Hurst &amp; Company, 2007), pp 203-219<\/p>\n\n\n\n<p style=\"font-size:18px\">Javier Jord\u00e1n, \u00abEl salafismo yihadista en el norte de \u00e1frica. Implicaciones para la seguridad espa\u00f1ola\u00bb, en CESEDEN,&nbsp;<em>Evoluci\u00f3n geopol\u00edtica del norte de \u00e1frica. Implicaciones para Espa\u00f1a<\/em>, (Madrid: Ministerio de Defensa, 2007), pp. 81-99<\/p>\n\n\n\n<p style=\"font-size:18px\">Javier Jord\u00e1n, \u00abEl terrorismo islamista en Espa\u00f1a\u00bb, en Amalio Blanco Abarca, Rafael del Aguila Tejerina, Jos\u00e9 Manuel Sabucedo Cameselle (coord.),&nbsp;<em>Madrid 11-M: un an\u00e1lisis del mal y sus consecuencias<\/em>, (Madrid: Trotta, 2005), pp 79-112<\/p>\n\n\n\n<p style=\"font-size:18px\">Javier Jord\u00e1n &amp; Nicola Horsburgh, \u00abSpain: Islamic Extremis\u00bb, in Karen Von Hippel,&nbsp;<em>Europe Confronts Terrorism<\/em>, (London: Palgrave Macmillan, 2005), pp 132-145<\/p>\n\n\n\n<p style=\"font-size:18px\">Javier Jord\u00e1n &amp; Nicola Horsburgh, \u00abThe Jihadist Subculture of Terrorism in Spain\u00bb,&nbsp;<em>Cultures of Violence<\/em>, (Oxford: The Inter-Disciplinary Press, 2005), pp 161-173<\/p>\n\n\n\n<p style=\"font-size:18px\">Javier Jord\u00e1n y Luisa Boix, \u00abLa justificaci\u00f3n ideol\u00f3gica del terrorismo islamista\u00bb, en Javier Jord\u00e1n (Ed.)&nbsp;<em>Los or\u00edgenes del terror<\/em>, (Madrid: Biblioteca Nueva, 2004), pp. 145-185<\/p>\n\n\n\n<p style=\"font-size:18px\">Javier Jord\u00e1n, \u00abLa actuaci\u00f3n de las fuerzas armadas en la lucha contra el terrorismo\u00bb, en Carlos De Cuerto y Javier Jord\u00e1n (Coord.) Respuestas a nuevos desaf\u00edos de seguridad, (Granada: Comares, 2003), pp. 135-157<\/p>\n\n\n\n<p style=\"font-size:18px\">Javier Jord\u00e1n, \u00abAspectos relevantes de la pol\u00edtica euromediterr\u00e1nea: Magreb, Oriente Medio, Medidas de confianza. Implicaciones de Estados Unidos en el proceso\u00bb, en CESEDEN,&nbsp;<em>El Mediterr\u00e1neo: Proceso de Barcelona y su entorno despu\u00e9s del 11 de septiembre<\/em>, (Madrid: Ministerio de Defensa, 2002), pp. 51-87<\/p>\n\n\n\n<p style=\"font-size:18px\">Javier Jord\u00e1n, \u00abInmigraci\u00f3n y cultura de defensa\u00bb, en CESEDEN,&nbsp;<em>Inmigraci\u00f3n y seguridad en el Mediterr\u00e1neo: el caso espa\u00f1ol<\/em>, (Madrid: Ministerio de Defensa, 2002), pp. 51-80<\/p>\n\n\n\n<p style=\"font-size:18px\">Javier Jord\u00e1n, \u00abLa pol\u00edtica exterior espa\u00f1ola en el Mediterr\u00e1neo Occidental y su relaci\u00f3n con las iniciativas de seguridad europeas en la zona\u00bb, en Carlos De Cuerto (Coord.) La Europeizaci\u00f3n de las pol\u00edticas nacionales, (Granada: Comares, 2001), pp. 161-182<\/p>\n\n\n\n<p style=\"font-size:18px\">Javier Jord\u00e1n, \u00abLa seguridad en el Mediterr\u00e1neo\u00bb, en Carlos De Cueto y Javier Jord\u00e1n (Coord.) Introducci\u00f3n a los estudios de seguridad y defensa, (Granada: Comares, 2001), pp. 267-289<\/p>\n\n\n\n<p style=\"font-size:18px\">Javier Jord\u00e1n, \u00abLecciones de la guerra de Kosovo: Las nuevas formas de terrorismo como posible estrategia en los conflictos asim\u00e9tricos\u00bb, en Carlos Flores (Ed.)&nbsp;<em>Estudios sobre la Europa Oriental<\/em>, (Valencia: Universidad de Valencia, 2000), pp. 489-502<\/p>\n\n\n\n<p style=\"font-size:18px\">Javier Jord\u00e1n, \u00abIslam y Democracia\u00bb, en CESEDEN,&nbsp;<em>El Islam: presente y futuro<\/em>, (Madrid: Ministerio de Defensa, 1999), pp. 31-72<\/p>\n","protected":false},"excerpt":{"rendered":"<p>Jord\u00e1n, Javier (2024), \u201cPrincipios estrat\u00e9gicos de la pol\u00edtica de Defensa espa\u00f1ola 2003-2023: una lectura desde el realismo estructural\u201d, en Rafa Mart\u00ednez y Mari\u00e9n Dur\u00e1n Cenit (dir.), Repensando el papel de las Fuerzas Armadas espa\u00f1olas las ante los nuevos desaf\u00edos a <span class=\"readmore\"><a href=\"https:\/\/wpd.ugr.es\/~jjordan\/capitulos-de-libro\/\">Contin\u00faa la lectura<\/a><\/span><\/p>\n","protected":false},"author":1,"featured_media":0,"parent":0,"menu_order":0,"comment_status":"closed","ping_status":"closed","template":"","meta":[],"amp_enabled":true,"_links":{"self":[{"href":"https:\/\/wpd.ugr.es\/~jjordan\/wp-json\/wp\/v2\/pages\/112"}],"collection":[{"href":"https:\/\/wpd.ugr.es\/~jjordan\/wp-json\/wp\/v2\/pages"}],"about":[{"href":"https:\/\/wpd.ugr.es\/~jjordan\/wp-json\/wp\/v2\/types\/page"}],"author":[{"embeddable":true,"href":"https:\/\/wpd.ugr.es\/~jjordan\/wp-json\/wp\/v2\/users\/1"}],"replies":[{"embeddable":true,"href":"https:\/\/wpd.ugr.es\/~jjordan\/wp-json\/wp\/v2\/comments?post=112"}],"version-history":[{"count":6,"href":"https:\/\/wpd.ugr.es\/~jjordan\/wp-json\/wp\/v2\/pages\/112\/revisions"}],"predecessor-version":[{"id":200,"href":"https:\/\/wpd.ugr.es\/~jjordan\/wp-json\/wp\/v2\/pages\/112\/revisions\/200"}],"wp:attachment":[{"href":"https:\/\/wpd.ugr.es\/~jjordan\/wp-json\/wp\/v2\/media?parent=112"}],"curies":[{"name":"wp","href":"https:\/\/api.w.org\/{rel}","templated":true}]}}