{"id":22,"date":"2022-10-11T13:41:40","date_gmt":"2022-10-11T13:41:40","guid":{"rendered":"https:\/\/wpd.ugr.es\/~jjordan\/?page_id=22"},"modified":"2026-01-01T11:47:25","modified_gmt":"2026-01-01T11:47:25","slug":"articulos-cientificos","status":"publish","type":"page","link":"https:\/\/wpd.ugr.es\/~jjordan\/articulos-cientificos\/","title":{"rendered":"Art\u00edculos cient\u00edficos"},"content":{"rendered":"\n<p style=\"font-size:18px\">Javier Jord\u00e1n, <a rel=\"noreferrer noopener\" href=\"https:\/\/revistascientificas.us.es\/index.php\/araucaria\/article\/view\/22882\/20827\" target=\"_blank\">\u201cCompetici\u00f3n entre grandes potencias y militarizaci\u00f3n del espacio exterior\u201d<\/a>, <em>Arucaria. Revista Iberoamericana de Filosof\u00eda, Pol\u00edtica, Humanidades y Relaciones Internacionales<\/em>, No 53 (2023), pp. 169-194.<\/p>\n\n\n\n<p style=\"font-size:18px\">Javier Jord\u00e1n, <a href=\"http:\/\/www.ugr.es\/~jjordan\/Alpujarras-Insurgency.pdf\">\u201cThe Last Stand of Al Andalus Lessons on the Changing Nature of War from an Early Modern Islamic Insurgency\u201d<\/a>, <em>Studies in Conflict and Terrorism<\/em>, Vol 46, No 6, (2023), pp. 824-846.<\/p>\n\n\n\n<p style=\"font-size:18px\">Javier Jord\u00e1n, \u201c<a href=\"https:\/\/recyt.fecyt.es\/index.php\/recp\/article\/view\/90962\">La disuasi\u00f3n en la zona gris: una exploraci\u00f3n te\u00f3rica<\/a>\u201d, <em>Revista Espa\u00f1ola de Ciencia Pol\u00edtica<\/em>, No 59, (2022), pp. 65-88.<\/p>\n\n\n\n<p style=\"font-size:18px\">Javier Jord\u00e1n, \u201c<a href=\"https:\/\/www.sciencedirect.com\/science\/article\/pii\/S0016328721001579\">The future of unmanned combat aerial vehicles: An analysis using the Three Horizons framework<\/a>\u201d, <em>Futures<\/em>, Vol. 134, (2021).<\/p>\n\n\n\n<p style=\"font-size:18px\">Javier Jord\u00e1n, \u201c<a href=\"https:\/\/www.jstor.org\/stable\/26999974#metadata_info_tab_contents\">International Competition below the Threshold of War: Toward a Theory of Gray Zone Conflict<\/a>\u201d, <em>Journal of Strategic Security<\/em>, Vol. 14, No 1, (2020), pp. 1-24.<\/p>\n\n\n\n<p style=\"font-size:18px\">Javier Jord\u00e1n, <a href=\"http:\/\/www.ugr.es\/~jjordan\/Jewish-Roman War.pdf\">\u201cAn analysis of the Jewish-Roman War (66-73 AD) using contemporary insurgency theory\u201d<\/a>, <em>Small Wars &amp; Insurgencies<\/em>, Vol. 31, No 5 (2020), pp. 1058-1079.<\/p>\n\n\n\n<p style=\"font-size:18px\">Javier Jord\u00e1n, \u201c<a href=\"https:\/\/recyt.fecyt.es\/index.php\/recp\/article\/view\/64804\">El conflicto internacional en la zona gris: una propuesta te\u00f3rica desde la perspectiva del realismo ofensivo<\/a>\u201d, <em>Revista Espa\u00f1ola de Ciencia Pol\u00edtica<\/em>, No. 48, Noviembre 2018, pp. 129-151.<\/p>\n\n\n\n<p style=\"font-size:18px\">Javier Jord\u00e1n, <a href=\"http:\/\/www.ugr.es\/~jjordan\/poder-aereo-israel.pdf\">\u201cAportaci\u00f3n de la experiencia b\u00e9lica israel\u00ed a la teor\u00eda estrat\u00e9gica del poder a\u00e9reo, 1967-2014\u201d<\/a>, <em>Revista Universitaria de Historia Militar<\/em>, Vol. 6, No 12, (2017), pp. 221-240.<\/p>\n\n\n\n<p style=\"font-size:18px\">Javier Jord\u00e1n, <a href=\"https:\/\/link.springer.com\/article\/10.1007\/s40309-017-0120-x\">\u201cPolitical and social trends in the future of global security. A meta-study on official perspectives in Europe and North America\u201d<\/a>, <em>European Journal of Futures Research<\/em>, Vol. 5, No 11, (2017).<\/p>\n\n\n\n<p style=\"font-size:18px\">Javier Jord\u00e1n, <a href=\"http:\/\/www.ugr.es\/~jjordan\/cambio-militar.pdf\">\u201cUn modelo explicativo de los procesos de cambio en las organizaciones militares. La respuesta de Estados Unidos despu\u00e9s del 11-S como caso de estudio\u201d<\/a>, <em>Revista de Ciencia Pol\u00edtica<\/em>, Vol. 37, No1, (2017), pp. 203-226.<\/p>\n\n\n\n<p style=\"font-size:18px\">Javier Jord\u00e1n, <a href=\"https:\/\/www.ugr.es\/~jjordan\/comision-defensa.pdf\">\u201cUna aproximaci\u00f3n a la agenda institucional de la Comisi\u00f3n de Defensa del Congreso de los Diputados espa\u00f1ol, 2004-2016\u201d<\/a>, <em>UNISCI Discussion Papers<\/em>, No 44, (2017), pp. 163-183.<\/p>\n\n\n\n<p style=\"font-size:18px\">Javier Jord\u00e1n, <a href=\"http:\/\/www.seguridadinternacional.es\/revista\/?q=content\/cultura-organizativa-e-innovaci%C3%B3n-militar-el-caso-de-las-fuerzas-de-defensa-de-israel\">\u201cCultura organizativa e innovaci\u00f3n militar: el caso de las Fuerzas de Defensa de Israel\u201d<\/a>, <em>Revista de Estudios en Seguridad Internacional<\/em>, Vol. 1, No. 1, (2015), pp. 17-40.<\/p>\n\n\n\n<p style=\"font-size:18px\">Javier Jord\u00e1n y Jos\u00e9 Antonio Pe\u00f1a, <a href=\"http:\/\/www.ugr.es\/~jjordan\/gestion-crisis-internacionales.pdf\">\u201cGesti\u00f3n de crisis internacionales\u201d<\/a>, <em>Revista Espa\u00f1ola de Desarrollo y Cooperaci\u00f3n<\/em>, No. 35, (2015), pp. 53-63.<\/p>\n\n\n\n<p style=\"font-size:18px\">Raimundo Rodr\u00edguez Roca y Javier Jord\u00e1n, <a href=\"https:\/\/www.ucm.es\/data\/cont\/media\/www\/pag-72452\/UNISCIDP38-5RODRIGUEZ-JORDAN.pdf\">\u201cLa importancia creciente de las fuerzas de operaciones especiales en Estados Unidos y su influencia en el resto de pa\u00edses de la OTAN\u201d<\/a>, <em>UNISCI Discussion Papers<\/em>, No 38, (Mayo 2015), pp. 107-123.<\/p>\n\n\n\n<p style=\"font-size:18px\">Javier Jord\u00e1n, <a href=\"http:\/\/www.ugr.es\/~jjordan\/Terrorismo%20yihadista%20en%20Europa%20y%20Estados%20Unidos.pdf\">\u201cIncidencia del terrorismo de inspiraci\u00f3n yihadista en Estados Unidos y Europa Occidental: un an\u00e1lisis comparado\u201d<\/a>, <em>Revista Espa\u00f1ola de Ciencia Pol\u00edtica<\/em>, No 37, (2015), pp. 89-117.<\/p>\n\n\n\n<p style=\"font-size:18px\">Javier Jord\u00e1n, <a href=\"http:\/\/www.ugr.es\/~jjordan\/Jihadist-Terrorism-Spain.pdf\">\u201cThe evolution of the structure of jihadist terrorism in Western Europe: the case of Spain\u00bb<\/a>, <em>Studies in Conflict and Terrorism<\/em>, Vol. 37, No 8 (2014), pp. 654-673.<\/p>\n\n\n\n<p style=\"font-size:18px\">Javier Jord\u00e1n, <a href=\"http:\/\/www.ugr.es\/~jjordan\/AlQaeda-Drones-Pakistan.pdf\">\u201cThe Effectiveness of the Drone Campaign against Al Qaeda Central: A Case Study\u201d<\/a>, <em>Journal of Strategic Studies<\/em>, Vol. 37, No 1 (2014), pp. 4-29.<\/p>\n\n\n\n<p style=\"font-size:18px\">Javier Jord\u00e1n, <a href=\"http:\/\/www.ugr.es\/~jjordan\/dronesyemen.pdf\">\u201cLa campa\u00f1a de ataques con drones en Yemen\u201d<\/a>, <em>Revista del Instituto Espa\u00f1ol de Estudios Estrat\u00e9gicos<\/em>, No 1, (2013), pp. 37-59.<\/p>\n\n\n\n<p style=\"font-size:18px\">Jos\u00e9 Antonio Pe\u00f1a, Carmen Ortega y Javier Jord\u00e1n, \u201cPercepciones sobre la integraci\u00f3n sociopol\u00edtica de los inmigrantes de origen musulm\u00e1n en Espa\u00f1a: an\u00e1lisis de cuatro estudios de caso en Cartagena, Granada, Madrid y Guip\u00fazcoa\u201d, <em>Revista Espa\u00f1ola de Ciencia Pol\u00edtica<\/em>, No 29, (2012), pp. 147-159.<\/p>\n\n\n\n<p style=\"font-size:18px\">Javier Jord\u00e1n, <a href=\"http:\/\/www.ugr.es\/~jjordan\/terrorismoeuropa2.pdf\">\u201cUna aportaci\u00f3n emp\u00edrica al debate te\u00f3rico sobre la naturaleza organizativa del terrorismo yihadista en Europa Occidental\u201d<\/a>, <em>Revista Espa\u00f1ola de Ciencia Pol\u00edtica<\/em>, No 28, (2012), pp. 87-106.<\/p>\n\n\n\n<p style=\"font-size:18px\">Javier Jord\u00e1n, <a href=\"http:\/\/www.ugr.es\/~jjordan\/Terror-incidents-Europe.pdf\">\u00abAnalysis of Jihadi Terrorism Incidents in Western Europe, 2001-2011\u201d<\/a>, <em>Studies in Conflict and Terrorism<\/em>, Vol. 35, No. 5, (2012), pp. 382-404.<\/p>\n\n\n\n<p style=\"font-size:18px\">Javier Jord\u00e1n, <a href=\"http:\/\/www.ugr.es\/~jjordan\/publicaciones\/radicalizacion.pdf\">\u201cProcesos de radicalizaci\u00f3n yihadista en Espa\u00f1a: An\u00e1lisis sociopol\u00edtico en tres niveles\u201d<\/a>, <em>Revista de Psicolog\u00eda Social<\/em>, Vol. 24, No 2, (2009), pp. 197-216.<\/p>\n\n\n\n<p style=\"font-size:18px\">Javier Jord\u00e1n y Fernando M. Ma\u00f1as, <a href=\"http:\/\/www.ugr.es\/~jjordan\/publicaciones\/analisisredes11m.pdf\">\u201cLa naturaleza cambiante de las organizaciones terroristas. Una aportaci\u00f3n desde el an\u00e1lisis de redes sociales\u201d<\/a>, <em>UNISCI Discussion Papers<\/em>, No 20, (2009), pp. 100-124.<\/p>\n\n\n\n<p style=\"font-size:18px\">Javier Jord\u00e1n, <a href=\"http:\/\/criminet.ugr.es\/recpc\/11\/recpc11-05.pdf\">\u201cPol\u00edticas de prevenci\u00f3n de la radicalizaci\u00f3n violenta en Europa: elementos de inter\u00e9s para Espa\u00f1a\u201d<\/a>, <em>Revista de Ciencia Penal y Criminolog\u00eda<\/em>, No 11, (2009), pp. 1-25.<\/p>\n\n\n\n<p style=\"font-size:18px\">Javier Jord\u00e1n, Fernando M. Ma\u00f1as &amp; Nicola Horsburgh, \u201cStrengths and Weaknesses of Grassroot Jihadist Networks: The Madrid Bombings\u201d, <em>Studies in Conflict &amp; Terrorism<\/em>, Vol. 31, 2008, pp. 17\u201339.<\/p>\n\n\n\n<p style=\"font-size:18px\">Javier Jord\u00e1n y Manuel R. Torres, <a href=\"http:\/\/www.ugr.es\/~jjordan\/publicaciones\/internet11m.pdf\">\u201cInternet y actividades terroristas: el caso del 11-M\u201d<\/a>, <em>El Profesional de la Informaci\u00f3n<\/em>, Vol. 16, No 2, (2007), pp. 123-130.<\/p>\n\n\n\n<p style=\"font-size:18px\">Javier Jord\u00e1n &amp; Nicola Horsburgh, \u201cSpain and Islamist Terrorism: Analysis of the Threat and Response 1995-2005\u201d, <em>Mediterranean Politics<\/em>, Vol. 11, No2, July 2006, pp. 209-229.<\/p>\n\n\n\n<p style=\"font-size:18px\">Manuel R. Torres, Javier Jord\u00e1n and Nicola Horsburgh, Analysis and Evolution of the Global Jihadist Movement Propaganda\u201d, <em>Terrorism and Political Violence<\/em>, Vol. 18, Fall 2006, pp. 399-421.<\/p>\n\n\n\n<p style=\"font-size:18px\">Javier Jord\u00e1n &amp; Nicola Horsburgh, \u201cMapping Jihadist Terrorism in Spain\u201d, <em>Studies in Conflict and Terrorism<\/em>, 28, (2005), pp 169-191.<\/p>\n\n\n\n<p style=\"font-size:18px\">Javier Jord\u00e1n &amp; Luisa Boix \u201cAl-Qaeda and Western Islam\u201d, <em>Terrorism &amp; Political Violence, <\/em>Vol. 16, No 1, (2004), pp. 1-17.<\/p>\n\n\n\n<p style=\"font-size:18px\">Javier Jord\u00e1n, Manuel Torres &amp; Nicola Horsburgh, \u201cThe Struggle Against Al-Qaeda Propaganda\u201d. The Role of the Intelligence Services, <em>International Journal on Intelligence and Counterintelligence<\/em>, 18, (2005), pp. 31-49.<\/p>\n\n\n\n<p style=\"font-size:18px\">Javier Jord\u00e1n, <a href=\"http:\/\/www.ugr.es\/~jjordan\/publicaciones\/inteligenciaterrorismo.pdf\">\u201cServicios de Inteligencia y lucha antiterrorista\u201d<\/a>, <em>Arbor<\/em>, 709, (2005), pp. 227-246.<\/p>\n\n\n\n<p style=\"font-size:18px\">Javier Jord\u00e1n, \u201cBrothers in Arms: Foreigners in Spain&#8217;s Armed Forces. A Bridge for Social Integration?, \u201c<em>Migration. A European Journal on International Migration and Ethnic Relations<\/em>, 2005, pp. 166-180.<\/p>\n\n\n\n<p style=\"font-size:18px\">Javier Jord\u00e1n, \u201cLa democratizaci\u00f3n de la pol\u00edtica de defensa en Espa\u00f1a. Parlamento y ciudadan\u00eda ante las cuestiones de defensa\u201d, <em>Sistema<\/em>, 170, (2002), pp. 87-106.<\/p>\n","protected":false},"excerpt":{"rendered":"<p>Javier Jord\u00e1n, \u201cCompetici\u00f3n entre grandes potencias y militarizaci\u00f3n del espacio exterior\u201d, Arucaria. Revista Iberoamericana de Filosof\u00eda, Pol\u00edtica, Humanidades y Relaciones Internacionales, No 53 (2023), pp. 169-194. Javier Jord\u00e1n, \u201cThe Last Stand of Al Andalus Lessons on the Changing Nature of <span class=\"readmore\"><a href=\"https:\/\/wpd.ugr.es\/~jjordan\/articulos-cientificos\/\">Contin\u00faa la lectura<\/a><\/span><\/p>\n","protected":false},"author":1,"featured_media":0,"parent":0,"menu_order":0,"comment_status":"closed","ping_status":"closed","template":"","meta":[],"amp_enabled":true,"_links":{"self":[{"href":"https:\/\/wpd.ugr.es\/~jjordan\/wp-json\/wp\/v2\/pages\/22"}],"collection":[{"href":"https:\/\/wpd.ugr.es\/~jjordan\/wp-json\/wp\/v2\/pages"}],"about":[{"href":"https:\/\/wpd.ugr.es\/~jjordan\/wp-json\/wp\/v2\/types\/page"}],"author":[{"embeddable":true,"href":"https:\/\/wpd.ugr.es\/~jjordan\/wp-json\/wp\/v2\/users\/1"}],"replies":[{"embeddable":true,"href":"https:\/\/wpd.ugr.es\/~jjordan\/wp-json\/wp\/v2\/comments?post=22"}],"version-history":[{"count":12,"href":"https:\/\/wpd.ugr.es\/~jjordan\/wp-json\/wp\/v2\/pages\/22\/revisions"}],"predecessor-version":[{"id":201,"href":"https:\/\/wpd.ugr.es\/~jjordan\/wp-json\/wp\/v2\/pages\/22\/revisions\/201"}],"wp:attachment":[{"href":"https:\/\/wpd.ugr.es\/~jjordan\/wp-json\/wp\/v2\/media?parent=22"}],"curies":[{"name":"wp","href":"https:\/\/api.w.org\/{rel}","templated":true}]}}