{"id":27,"date":"2022-10-11T13:45:00","date_gmt":"2022-10-11T13:45:00","guid":{"rendered":"https:\/\/wpd.ugr.es\/~jjordan\/?page_id=27"},"modified":"2025-09-29T16:27:45","modified_gmt":"2025-09-29T16:27:45","slug":"podcast","status":"publish","type":"page","link":"https:\/\/wpd.ugr.es\/~jjordan\/podcast\/","title":{"rendered":"Podcast"},"content":{"rendered":"\n<p style=\"font-size:18px\"><a href=\"https:\/\/global-strategy.org\/estrategia-nuclear-estados-unidos\/\">Estrategia nuclear de Estados Unidos<\/a>, HistoCast, 29 de septiembre de 2025.<\/p>\n\n\n\n<p style=\"font-size:18px\"><a href=\"https:\/\/global-strategy.org\/insurgencia\/\">C\u00f3mo iniciar una insurgencia<\/a> | Estrategia podcast 140, 14 de mayo de 2025.<\/p>\n\n\n\n<p style=\"font-size:18px\"><a href=\"https:\/\/global-strategy.org\/matrix-game-analisis-docencia\/\">Matrix Game: an\u00e1lisis y docencia de la pol\u00edtica internacional<\/a> | Especiales wargaming, 13 de abril de 2025.<\/p>\n\n\n\n<p style=\"font-size:18px\"><a href=\"https:\/\/global-strategy.org\/claves-teoricas-terrorismo\/\">Claves te\u00f3ricas del terrorismo<\/a> | Estrategia podcast 119, 14 de octubre de 2024.<\/p>\n\n\n\n<p style=\"font-size:18px\"><a href=\"https:\/\/global-strategy.org\/politica-defensa-espana-histocast\/\">Pol\u00edtica de Defensa en Espa\u00f1a: perspectiva hist\u00f3rica<\/a>, HistoCast, 30 de septiembre de 2024.<\/p>\n\n\n\n<p style=\"font-size:18px\"><a rel=\"noreferrer noopener\" href=\"https:\/\/global-strategy.org\/que-son-los-estudios-estrategicos-estrategia-podcast-97\/\" target=\"_blank\">\u00bfQu\u00e9 son los estudios estrat\u00e9gicos?<\/a> | Estrategia podcast 97, 9 de marzo de 2024.<\/p>\n\n\n\n<p style=\"font-size:18px\"><a href=\"https:\/\/www.youtube.com\/watch?v=VWvEZcyoV1g\">\u00bfQu\u00e9 clase de potencia es Espa\u00f1a?<\/a>, Cosas Militares, 7 de marzo de 2024.<\/p>\n\n\n\n<p style=\"font-size:18px\"><a href=\"https:\/\/global-strategy.org\/principios-estrategicos-politica-defensa-espanola-estrategia-podcast-92\/\">\u00bfEs realista la pol\u00edtica de Defensa espa\u00f1ola?<\/a>, Estrategia podcast 92, Global Strategy, 24 de enero de 2024.<\/p>\n\n\n\n<p style=\"font-size:18px\"><a href=\"https:\/\/global-strategy.org\/antecedentes-y-futuro-de-la-guerra-de-ucrania-un-analisis-desde-la-teoria-realista\/\">Antecedentes y futuro de la guerra de Ucrania: un an\u00e1lisis desde la teor\u00eda realista<\/a>, Global Strategy, 1 de noviembre de 2023.<\/p>\n\n\n\n<p style=\"font-size:18px\"><a href=\"https:\/\/www.ivoox.com\/29-x-23-conflictos-zona-gris-javier-jordan-audios-mp3_rf_118582342_1.html\">Conflictos en zona gris<\/a>, Terra Ignota, 29 de octubre de 2023.<\/p>\n\n\n\n<p style=\"font-size:18px\"><a href=\"https:\/\/global-strategy.org\/que-es-la-doctrina-militar\/\">\u00bfQu\u00e9 es la doctrina militar?<\/a>, HistoCast, 15 de octubre de 2023.<\/p>\n\n\n\n<p style=\"font-size:18px\"><a rel=\"noreferrer noopener\" href=\"https:\/\/www.youtube.com\/watch?v=-G3c5r_pZN0\" target=\"_blank\">Drones contra Al Qaeda<\/a>, Cosas Militares, 27 de julio de 2023.<\/p>\n\n\n\n<p style=\"font-size:18px\"><a rel=\"noreferrer noopener\" href=\"https:\/\/global-strategy.org\/politica-defensa-union-europea\/\" target=\"_blank\">Claves introductorias sobre la Defensa europea<\/a>, Global Strategy, 25 de julio de 2023.<\/p>\n\n\n\n<p style=\"font-size:18px\"><a rel=\"noreferrer noopener\" href=\"https:\/\/global-strategy.org\/inteligencia-y-sorpresas-estrategicas\/\" target=\"_blank\">Inteligencia y sorpresas estrat\u00e9gicas<\/a>, Estrategia podcast 62, Global Strategy, 7 de marzo de 2023.<\/p>\n\n\n\n<p style=\"font-size:18px\"><a rel=\"noreferrer noopener\" href=\"https:\/\/www.youtube.com\/watch?v=yn-k9vU4GOo\" target=\"_blank\">La primac\u00eda del poder a\u00e9reo: un recorrido hist\u00f3rico<\/a>, Bellumartis Historia Militar, 16 de febrero de 2023.<\/p>\n\n\n\n<p style=\"font-size:18px\"><a rel=\"noreferrer noopener\" href=\"https:\/\/www.ivoox.com\/actualidad-geopolitica-javier-jordan-audios-mp3_rf_103211459_1.html\" target=\"_blank\">Actualidad Geopol\u00edtica<\/a>, D\u00edas Extra\u00f1os Podcast, 16 de febrero de 2023.<\/p>\n\n\n\n<p style=\"font-size:18px\"><a rel=\"noreferrer noopener\" href=\"https:\/\/global-strategy.org\/realismo-en-la-politica-internacional-estrategia-podcast-55\/\" target=\"_blank\">Realismo ofensivo y defensivo en la pol\u00edtica internacional<\/a>, Estrategia podcast 55, Global Strategy, 10 de enero de 2023.<\/p>\n\n\n\n<p style=\"font-size:18px\"><a href=\"https:\/\/www.youtube.com\/watch?v=-s2tdsOVnLQ&amp;t=1442s\" target=\"_blank\" rel=\"noreferrer noopener\">Guerras h\u00edbridas y zonas grises<\/a>, Trufault. Historia militar, 27 de noviembre de 2022.<\/p>\n\n\n\n<p style=\"font-size:18px\"><a rel=\"noreferrer noopener\" href=\"https:\/\/global-strategy.org\/militarizacion-del-espacio-y-operaciones-multidominio\/\" target=\"_blank\">Militarizaci\u00f3n del espacio y operaciones multidominio<\/a>, HistoCast, 17 de octubre de 2022<\/p>\n\n\n\n<p style=\"font-size:18px\"><a href=\"https:\/\/global-strategy.org\/que-es-la-disuasion-y-como-funciona-estrategia-podcast-40\/\">Qu\u00e9 es la disuasi\u00f3n y c\u00f3mo funciona<\/a>. Estrategia podcast 40, Global Strategy, 16 de agosto de 2022.<\/p>\n\n\n\n<p style=\"font-size:18px\"><a href=\"https:\/\/www.youtube.com\/watch?v=LMQAtt8fq30\">Realismo en relaciones internacionales<\/a>, Cosas Militares, 17 de abril de 2022.<\/p>\n\n\n\n<p style=\"font-size:18px\"><a href=\"https:\/\/global-strategy.org\/conflicto-zona-gris-estrategias-hibridas\/\">Clase sobre el conflicto en la zona gris y las estrategias h\u00edbridas<\/a>, Global Strategy, 15 de abril de 2022.<\/p>\n\n\n\n<p style=\"font-size:18px\"><a href=\"https:\/\/global-strategy.org\/juegos-profesionales-para-el-analisis-y-la-docencia-de-los-estudios-estrategicos-estrategia-podcast-28\/\">Juegos profesionales para el an\u00e1lisis y la docencia de los estudios estrat\u00e9gicos<\/a>, Estrategia podcast 28, Global Strategy, 6 de abril de 2022.<\/p>\n\n\n\n<p style=\"font-size:18px\"><a href=\"https:\/\/global-strategy.org\/clase-sobre-analisis-estrategico-prospectiva-y-construccion-de-escenarios\/\">Clase sobre an\u00e1lisis estrat\u00e9gico, prospectiva y construcci\u00f3n de escenarios<\/a>, Global Strategy, 10 de marzo de 2022.<\/p>\n\n\n\n<p style=\"font-size:18px\"><a href=\"https:\/\/global-strategy.org\/espana-geopolitica-y-gran-estrategia-estrategia-podcast-16\/\">Espa\u00f1a: geopol\u00edtica y gran estrategia<\/a>, Estrategia podcast 16, Global Strategy, 25 de enero de 2022.<\/p>\n\n\n\n<p style=\"font-size:18px\"><a href=\"https:\/\/global-strategy.org\/analisis-geopolitico-imperativos-para-comprender-la-politica-internacional\/\">An\u00e1lisis geopol\u00edtico. Imperativos para comprender la pol\u00edtica internacional<\/a>, Global Strategy, 21 de diciembre de 2021.<\/p>\n\n\n\n<p style=\"font-size:18px\"><a href=\"https:\/\/global-strategy.org\/politicas-de-defensa-en-el-siglo-xxi-cambios-y-continuidades\/\">Pol\u00edticas de Defensa en el siglo XXI: cambios y continuidades<\/a>, Global Strategy, 31 de octubre de 2010.<\/p>\n\n\n\n<p style=\"font-size:18px\"><a href=\"https:\/\/www.youtube.com\/watch?v=ySvRaVWnYmI&amp;t=2127s\">Innovaci\u00f3n militar<\/a>, Cosas Militares, 20 de octubre de 2021.<\/p>\n\n\n\n<p style=\"font-size:18px\"><a href=\"https:\/\/global-strategy.org\/guerra-de-el-libano-de-2006\/\">Guerra entre Israel y Hizbollah<\/a>, verano de 2006, HistoCast, 4 de octubre de 2021.<\/p>\n\n\n\n<p style=\"font-size:18px\"><a href=\"https:\/\/global-strategy.org\/prospectiva-estrategica-y-defensa\/\">Prospectiva estrat\u00e9gica y Defensa<\/a>, Estrategia podcast 1, Global Strategy,26 de septiembre de 2022.<\/p>\n\n\n\n<p style=\"font-size:18px\"><a href=\"https:\/\/global-strategy.org\/la-batalla-aeroterrestre\/\">La Batalla Aeroterrestre<\/a>, HistoCast, 21 de septiembre de 2020.<\/p>\n\n\n\n<p style=\"font-size:18px\"><a href=\"https:\/\/global-strategy.org\/la-guerra-de-las-alpujarras-analisis-de-una-insurgencia\/\">La guerra de las Alpujarras: an\u00e1lisis de una insurgencia<\/a>, HistoCast, 2 de octubre de 2019.<\/p>\n\n\n\n<p style=\"font-size:18px\"><a href=\"https:\/\/global-strategy.org\/teoria-de-la-insurgencia-aplicada-a-la-antiguedad-la-revuelta-de-los-judios-contra-roma\/\">Teor\u00eda de la insurgencia aplicada a la Antig\u00fcedad: la revuelta de los jud\u00edos contra Roma<\/a>, HistoCast, 15 de octubre de 2018.<\/p>\n\n\n\n<p style=\"font-size:18px\"><a href=\"http:\/\/www.seguridadinternacional.es\/?q=es\/content\/el-poder-a%C3%A9reo-en-las-guerras-de-israel\">El poder a\u00e9reo en las guerras de Israel<\/a>, HistoCast, 4 de diciembre de 2017.<\/p>\n\n\n\n<p style=\"font-size:18px\"><a href=\"http:\/\/www.seguridadinternacional.es\/?q=es\/content\/fuerzas-especiales-de-estados-unidos-contra-al-qaeda\">Fuerzas de Operaciones Especiales de Estados Unidos contra Al Qaeda<\/a>, HistoCast, 27 de noviembre de 2017.<\/p>\n\n\n\n<p style=\"font-size:18px\"><a href=\"http:\/\/www.seguridadinternacional.es\/?q=es\/content\/innovaciones-y-revoluciones-en-los-asuntos-militares\">Innovaciones y Revoluciones en los Asuntos Militares<\/a>, 17 de mayo de 2017.<\/p>\n\n\n\n<p style=\"font-size:18px\"><a href=\"http:\/\/www.seguridadinternacional.es\/?q=es\/content\/podcast-sobre-la-situaci%C3%B3n-actual-del-yihadismo\">Situaci\u00f3n del yihadismo en 2016<\/a>, HistoCast, 16 de marzo de 2016.<\/p>\n\n\n\n<p style=\"font-size:18px\"><a href=\"http:\/\/www.seguridadinternacional.es\/?q=es\/content\/tertulia-sobre-drones-militares\">Tertulia sobre drones militares<\/a>, HistoCast, 19 de octubre de 2015.<\/p>\n\n\n\n<p style=\"font-size:18px\"><a href=\"http:\/\/www.seguridadinternacional.es\/?q=es\/content\/tertulia-extensa-sobre-yihadismo\">Tertulia sobre yihadismo<\/a>, HistoCast, 16 de febrero de 2015.<\/p>\n","protected":false},"excerpt":{"rendered":"<p>Estrategia nuclear de Estados Unidos, HistoCast, 29 de septiembre de 2025. C\u00f3mo iniciar una insurgencia | Estrategia podcast 140, 14 de mayo de 2025. Matrix Game: an\u00e1lisis y docencia de la pol\u00edtica internacional | Especiales wargaming, 13 de abril de <span class=\"readmore\"><a href=\"https:\/\/wpd.ugr.es\/~jjordan\/podcast\/\">Contin\u00faa la lectura<\/a><\/span><\/p>\n","protected":false},"author":1,"featured_media":0,"parent":0,"menu_order":0,"comment_status":"closed","ping_status":"closed","template":"","meta":[],"amp_enabled":true,"_links":{"self":[{"href":"https:\/\/wpd.ugr.es\/~jjordan\/wp-json\/wp\/v2\/pages\/27"}],"collection":[{"href":"https:\/\/wpd.ugr.es\/~jjordan\/wp-json\/wp\/v2\/pages"}],"about":[{"href":"https:\/\/wpd.ugr.es\/~jjordan\/wp-json\/wp\/v2\/types\/page"}],"author":[{"embeddable":true,"href":"https:\/\/wpd.ugr.es\/~jjordan\/wp-json\/wp\/v2\/users\/1"}],"replies":[{"embeddable":true,"href":"https:\/\/wpd.ugr.es\/~jjordan\/wp-json\/wp\/v2\/comments?post=27"}],"version-history":[{"count":20,"href":"https:\/\/wpd.ugr.es\/~jjordan\/wp-json\/wp\/v2\/pages\/27\/revisions"}],"predecessor-version":[{"id":138,"href":"https:\/\/wpd.ugr.es\/~jjordan\/wp-json\/wp\/v2\/pages\/27\/revisions\/138"}],"wp:attachment":[{"href":"https:\/\/wpd.ugr.es\/~jjordan\/wp-json\/wp\/v2\/media?parent=27"}],"curies":[{"name":"wp","href":"https:\/\/api.w.org\/{rel}","templated":true}]}}