{"id":8,"date":"2022-10-11T12:06:01","date_gmt":"2022-10-11T12:06:01","guid":{"rendered":"https:\/\/wpd.ugr.es\/~jjordan\/?page_id=8"},"modified":"2025-12-01T10:29:56","modified_gmt":"2025-12-01T10:29:56","slug":"8-2","status":"publish","type":"page","link":"https:\/\/wpd.ugr.es\/~jjordan\/","title":{"rendered":""},"content":{"rendered":"\n<p style=\"font-size:18px\"><strong>Javier Jord\u00e1n<\/strong> es Catedr\u00e1tico del Departamento de Ciencia Pol\u00edtica y de la Administraci\u00f3n de la Universidad de Granada. Es director del podcast sobre estudios estrat\u00e9gicos <strong><a href=\"https:\/\/global-strategy.org\/podcast\/\">Global Strategy<\/a><\/strong>.<\/p>\n\n\n<div class=\"wp-block-image\">\n<figure class=\"alignleft size-full\"><img decoding=\"async\" loading=\"lazy\" width=\"277\" height=\"315\" src=\"https:\/\/wpd.ugr.es\/~jjordan\/wp-content\/uploads\/2022\/10\/Javier-Jordan.png\" alt=\"\" class=\"wp-image-19\" srcset=\"https:\/\/wpd.ugr.es\/~jjordan\/wp-content\/uploads\/2022\/10\/Javier-Jordan.png 277w, https:\/\/wpd.ugr.es\/~jjordan\/wp-content\/uploads\/2022\/10\/Javier-Jordan-264x300.png 264w\" sizes=\"(max-width: 277px) 100vw, 277px\" \/><\/figure><\/div>\n\n\n<p style=\"font-size:18px\">Ha sido investigador invitado en el Centro de Estudios Internacionales de la Universidad de Oxford, en el Instituto Europeo de la London School of Economics, en el Instituto de Pol\u00edtica Internacional del King\u2019s College of London, as\u00ed como en el Leonard Davis Institute for International Relations de la Universidad Hebrea de Jerusal\u00e9n y en el Instituto Espa\u00f1ol de Estudios Estrat\u00e9gicos. Fue docente invitado para impartir seminarios sobre seguridad y defensa en el Instituto de Estudios Pol\u00edticos de Burdeos y en la Universidad de La Sapienza en Roma. Ha participado como experto en terrorismo en el Project Interchange en Israel y en el International Visitor Leadership Program del Departamento de Estado de Estados Unidos.<\/p>\n\n\n\n<p style=\"font-size:18px\">Ha sido ponente invitado en el Centro Nacional de Inteligencia, la Divisi\u00f3n de Formaci\u00f3n del Cuerpo Nacional de la Polic\u00eda, la Escuela de Polic\u00eda de Catalu\u00f1a, la Escuela de Guerra del Ej\u00e9rcito de Tierra, las Academias Generales de los tres ej\u00e9rcitos (Zaragoza, Mar\u00edn y San Javier), el Centro de Inteligencia de las Fuerzas Armadas, el Centro de Inteligencia contra el Terrorismo y el Crimen Organizado del Ministerio del Interior, el Centro Superior de Estudios de la Defensa Nacional, la Agencia Brasile\u00f1a de Inteligencia, la Facultad de Ciencias Sociales de Am\u00e9rica L\u00e1tina (FLACSO) de Ecuador, el Instituto Superior para la Defensa del Ministerio de Defensa de la Rep\u00fablica Dominicana, as\u00ed como en la Escuela Superior de Guerra Naval, la Fuerza A\u00e9rea y en la Escuela Nacional de Inteligencia de Per\u00fa, y en una veintena de universidades espa\u00f1olas.<\/p>\n\n\n\n<p style=\"font-size:18px\">Ha sido miembro de diversos grupos de trabajo en el Centro Superior de Estudios de la Defensa Nacional (CESEDEN), la Direcci\u00f3n de Doctrina, Investigaci\u00f3n, Org\u00e1nica y Materiales del Mando de Adiestramiento y Doctrina del Ej\u00e9rcito de Tierra (MADOC), el Centro Conjunto de Desarrollo de Conceptos del Estado Mayor de la Defensa, y el Real Instituto Elcano. En 2021 particip\u00f3 como experto en la elaboraci\u00f3n de la Estrategia de Seguridad Nacional.<\/p>\n\n\n\n<p style=\"font-size:18px\">En 2010 recibi\u00f3 la medalla al M\u00e9rito Policial con distintivo azul por su colaboraci\u00f3n con la Polic\u00eda de la Generalitat de Catalunya, en marzo de 2015 se le concedi\u00f3 la Encomienda de N\u00famero en la Orden del M\u00e9rito Civil, y en junio de 2021 la Cruz al M\u00e9rito Militar con distintivo blanco. En marzo de 2022 recibi\u00f3 el premio Serge Lazareff de la NATO Allied Command Operations Office of Legal Affairs. Y en junio de 2025 ingres\u00f3 como acad\u00e9mico correspondiente en la Academia de las Ciencias y las Artes Militares.<\/p>\n","protected":false},"excerpt":{"rendered":"<p>Javier Jord\u00e1n es Catedr\u00e1tico del Departamento de Ciencia Pol\u00edtica y de la Administraci\u00f3n de la Universidad de Granada. Es director del podcast sobre estudios estrat\u00e9gicos Global Strategy. Ha sido investigador invitado en el Centro de Estudios Internacionales de la Universidad <span class=\"readmore\"><a href=\"https:\/\/wpd.ugr.es\/~jjordan\/\">Contin\u00faa la lectura<\/a><\/span><\/p>\n","protected":false},"author":1,"featured_media":0,"parent":0,"menu_order":0,"comment_status":"closed","ping_status":"closed","template":"","meta":[],"amp_enabled":false,"_links":{"self":[{"href":"https:\/\/wpd.ugr.es\/~jjordan\/wp-json\/wp\/v2\/pages\/8"}],"collection":[{"href":"https:\/\/wpd.ugr.es\/~jjordan\/wp-json\/wp\/v2\/pages"}],"about":[{"href":"https:\/\/wpd.ugr.es\/~jjordan\/wp-json\/wp\/v2\/types\/page"}],"author":[{"embeddable":true,"href":"https:\/\/wpd.ugr.es\/~jjordan\/wp-json\/wp\/v2\/users\/1"}],"replies":[{"embeddable":true,"href":"https:\/\/wpd.ugr.es\/~jjordan\/wp-json\/wp\/v2\/comments?post=8"}],"version-history":[{"count":55,"href":"https:\/\/wpd.ugr.es\/~jjordan\/wp-json\/wp\/v2\/pages\/8\/revisions"}],"predecessor-version":[{"id":199,"href":"https:\/\/wpd.ugr.es\/~jjordan\/wp-json\/wp\/v2\/pages\/8\/revisions\/199"}],"wp:attachment":[{"href":"https:\/\/wpd.ugr.es\/~jjordan\/wp-json\/wp\/v2\/media?parent=8"}],"curies":[{"name":"wp","href":"https:\/\/api.w.org\/{rel}","templated":true}]}}