{"id":12,"date":"2020-06-15T11:31:41","date_gmt":"2020-06-15T11:31:41","guid":{"rendered":"https:\/\/wpd.ugr.es\/~josema\/wordpress\/?page_id=12"},"modified":"2026-02-10T14:11:55","modified_gmt":"2026-02-10T14:11:55","slug":"bionanometals-fqm-368","status":"publish","type":"page","link":"https:\/\/wpd.ugr.es\/~josema\/wordpress\/","title":{"rendered":"BioNanoMetals (FQM-368)"},"content":{"rendered":"\n<p>Our research team is part of the Department of Inorganic Chemistry (University of Granada). The laboratory is a multidisciplinary one devoted to the Nano- and Bioinorganic Chemistry, and our research is centered on <strong>Iron metabolism<\/strong> and the use of <strong>bacteria as platform of nanomaterials<\/strong>. Our team is formed by dynamical young scientists with a well defined and promising area of research. We also have meaningful <a href=\"https:\/\/wpd.ugr.es\/~josema\/wordpress\/collaborations\/\">collaborations<\/a><a href=\"https:\/\/wpd.ugr.es\/~laurasabio\/wordpress\/collaborations\/\"> <\/a>with other groups. This research subject is a truly multidisciplinary one, so students would get a very complete formation, ranging from chemistry to physics and biochemistry.<\/p>\n\n\n\n<p>The lab is very well equipped: Scanning and Transmission Electron Microscopes -SEM, TEM and HR-TEM; SQUID Magnetometer; UV-Vis spectrometer; X-Ray Powder Difractometer; Thermogravimetry analyser -TGA; Fourier Transform InfraRed -FTIR; Dynamic Light Scattering spectroscopy (DLS); Microplate Spectrophotometer.<\/p>\n\n\n<div class=\"wp-block-image is-style-default\">\n<figure class=\"aligncenter size-large\"><img loading=\"lazy\" decoding=\"async\" width=\"768\" height=\"1024\" src=\"https:\/\/wpd.ugr.es\/~josema\/wordpress\/wp-content\/uploads\/2021\/02\/IMG_0654-768x1024.jpg\" alt=\"\" class=\"wp-image-56\" srcset=\"https:\/\/wpd.ugr.es\/~josema\/wordpress\/wp-content\/uploads\/2021\/02\/IMG_0654-768x1024.jpg 768w, https:\/\/wpd.ugr.es\/~josema\/wordpress\/wp-content\/uploads\/2021\/02\/IMG_0654-225x300.jpg 225w, https:\/\/wpd.ugr.es\/~josema\/wordpress\/wp-content\/uploads\/2021\/02\/IMG_0654-1152x1536.jpg 1152w, https:\/\/wpd.ugr.es\/~josema\/wordpress\/wp-content\/uploads\/2021\/02\/IMG_0654-1536x2048.jpg 1536w, https:\/\/wpd.ugr.es\/~josema\/wordpress\/wp-content\/uploads\/2021\/02\/IMG_0654-scaled.jpg 1920w\" sizes=\"auto, (max-width: 768px) 100vw, 768px\" \/><\/figure><\/div>\n\n\n<p class=\"has-text-align-center has-normal-font-size\"><strong>Lab contact: +34 958 241 548<\/strong><\/p>\n\n\n\n<figure class=\"wp-block-table is-style-stripes\"><table><tbody><tr><td class=\"has-text-align-right\" data-align=\"right\"><strong>GROUP LEADER:<\/strong><\/td><td><strong>Jos\u00e9 Manuel Dom\u00ednguez Vera<\/strong><br>Contact: +34 958 248 097<br>E-mail: josema@ugr.es<\/td><\/tr><tr><td class=\"has-text-align-right\" data-align=\"right\"><strong>PROFESSOR:<\/strong><\/td><td>Natividad G\u00e1lvez Rodr\u00edguez<br>Contact: +34 958 249 386 <br>E-mail: ngalvez@ugr.es<\/td><\/tr><tr><td class=\"has-text-align-right\" data-align=\"right\"><strong>ASSOCIATE PROFESSOR<\/strong>:<\/td><td>Jos\u00e9 Manuel Delgado L\u00f3pez<br>Contact: +34 958 242 397<br>E-mail: jmdl@ugr.es<\/td><\/tr><tr><td class=\"has-text-align-right\" data-align=\"right\"><strong>RAM\u00d3N Y CAJAL:<\/strong><\/td><td>Gloria Bel\u00e9n Ram\u00edrez Rodr\u00edguez<br>E-mail: gloria@ugr.es<\/td><\/tr><tr><td class=\"has-text-align-right\" data-align=\"right\"><strong>MARIE CURIE <\/strong><br><strong>POSTDOCTORAL FELLOWSHIP:<\/strong><\/td><td>Alessandra Azzali<br>E-mail: a.azzali@ugr.es<\/td><\/tr><tr><td class=\"has-text-align-right\" data-align=\"right\"><strong>POSTDOCTORAL:<\/strong><\/td><td>Ana Isabel Gonz\u00e1lez Garnica<br>E-mail: agongar@ugr.es<\/td><\/tr><tr><td class=\"has-text-align-right\" data-align=\"right\"><strong><strong>PhD STUDENTS:<\/strong><\/strong><\/td><td>Gloria Pelayo Punzano<br>E-mail: gloriapelayo@ugr.es<br><br>Marta Salvach\u00faa de la Fuente<br>E-mail: martasalvachua@ugr.es<br><br>Pablo Alarc\u00f3n Guijo<br>E-mail: palarcon@ugr.es <br><br>Francisco Javier Heredia S\u00e1nchez<br>E-mail: franhrd@josema<br><br>Laura Cerezo Collado<br>E-mail: lauracerezo@josema<br><br>Juana Maria Carmona Bravo<br>E-mail: jmariacb@ugr.es<br><br>Clara Cabrera Cruces<br>E-mail: claraccruces@ugr.es<\/td><\/tr><tr><td class=\"has-text-align-right\" data-align=\"right\"><strong>RESEARCHERS:<\/strong><\/td><td>Paloma Albea Llodra<br>palomaalbea@ugr.es<\/td><\/tr><\/tbody><\/table><\/figure>\n\n\n<div class=\"wp-block-image\">\n<figure class=\"aligncenter size-thumbnail\"><img loading=\"lazy\" decoding=\"async\" width=\"150\" height=\"150\" src=\"https:\/\/wpd.ugr.es\/~josema\/wordpress\/wp-content\/uploads\/2020\/06\/logo_BNM-150x150.png\" alt=\"\" class=\"wp-image-8\"\/><\/figure><\/div>","protected":false},"excerpt":{"rendered":"<p>Our research team is part of the Department of Inorganic Chemistry (University of Granada). The laboratory is a multidisciplinary one devoted to the Nano- and Bioinorganic Chemistry, and our research &#8230;<\/p>\n","protected":false},"author":1,"featured_media":5,"parent":0,"menu_order":0,"comment_status":"closed","ping_status":"closed","template":"","meta":{"footnotes":""},"class_list":["post-12","page","type-page","status-publish","has-post-thumbnail","hentry"],"_links":{"self":[{"href":"https:\/\/wpd.ugr.es\/~josema\/wordpress\/wp-json\/wp\/v2\/pages\/12","targetHints":{"allow":["GET"]}}],"collection":[{"href":"https:\/\/wpd.ugr.es\/~josema\/wordpress\/wp-json\/wp\/v2\/pages"}],"about":[{"href":"https:\/\/wpd.ugr.es\/~josema\/wordpress\/wp-json\/wp\/v2\/types\/page"}],"author":[{"embeddable":true,"href":"https:\/\/wpd.ugr.es\/~josema\/wordpress\/wp-json\/wp\/v2\/users\/1"}],"replies":[{"embeddable":true,"href":"https:\/\/wpd.ugr.es\/~josema\/wordpress\/wp-json\/wp\/v2\/comments?post=12"}],"version-history":[{"count":30,"href":"https:\/\/wpd.ugr.es\/~josema\/wordpress\/wp-json\/wp\/v2\/pages\/12\/revisions"}],"predecessor-version":[{"id":241,"href":"https:\/\/wpd.ugr.es\/~josema\/wordpress\/wp-json\/wp\/v2\/pages\/12\/revisions\/241"}],"wp:featuredmedia":[{"embeddable":true,"href":"https:\/\/wpd.ugr.es\/~josema\/wordpress\/wp-json\/wp\/v2\/media\/5"}],"wp:attachment":[{"href":"https:\/\/wpd.ugr.es\/~josema\/wordpress\/wp-json\/wp\/v2\/media?parent=12"}],"curies":[{"name":"wp","href":"https:\/\/api.w.org\/{rel}","templated":true}]}}