{"id":14,"date":"2020-06-15T11:31:57","date_gmt":"2020-06-15T11:31:57","guid":{"rendered":"https:\/\/wpd.ugr.es\/~josema\/wordpress\/?page_id=14"},"modified":"2025-05-09T08:00:19","modified_gmt":"2025-05-09T08:00:19","slug":"collaborations","status":"publish","type":"page","link":"https:\/\/wpd.ugr.es\/~josema\/wordpress\/collaborations\/","title":{"rendered":"Collaborations"},"content":{"rendered":"\n<p><strong><a href=\"https:\/\/investiga.ugr.es\/laboratorio-singular\/laboratorio-singular-de-biofabricacion-y-bioimpresion-3d-biofab-i3d\/\">Juan A. Marchal.<mark style=\"background-color:rgba(0, 0, 0, 0);color:#8dcdfc\" class=\"has-inline-color\"> <\/mark><\/a><\/strong>University of Granada, Spain<\/p>\n\n\n\n<p><a href=\"http:\/\/www2.uca.es\/dept\/cmat_qinor\/nanomat\/people.html\"><strong>Jose J Calvino<\/strong><\/a>. University of C\u00e1diz, Spain<\/p>\n\n\n\n<p><a href=\"https:\/\/bioinorganicuab.wordpress.com\/\"><strong>Merc\u00e8 Capdevila<\/strong><\/a>. Universitat Aut\u00f2noma de Barcelona, Spain<\/p>\n\n\n\n<p><a href=\"https:\/\/www.rmit.edu.au\/contact\/staff-contacts\/academic-staff\/b\/bansal-professor-vipul\"><strong>Vipul Bansal<\/strong><\/a>. RMIT University, Melbourne, Australia<\/p>\n\n\n\n<p><a href=\"http:\/\/www.di.univr.it\/?ent=persona&amp;id=1204\"><strong>Pasquina Marzola<\/strong><\/a>. University of Verona, Italy<\/p>\n\n\n\n<p><a href=\"http:\/\/www.bionand.es\/es\/people\/maria-luisa-garcia-martin\"><strong>Marisa Garc\u00eda<\/strong><\/a>. Bionand, Malaga, Spain<\/p>\n\n\n\n<p><a href=\"https:\/\/www.ugr.es\/%7Ejosema\/Coll.html#\"><strong>Julio G\u00e1lvez<\/strong><\/a>. Department of Pharmacology, CIBM, University of Granada, Spain<\/p>\n","protected":false},"excerpt":{"rendered":"<p>Juan A. Marchal. University of Granada, Spain Jose J Calvino. University of C\u00e1diz, Spain Merc\u00e8 Capdevila. Universitat Aut\u00f2noma de Barcelona, Spain Vipul Bansal. RMIT University, Melbourne, Australia Pasquina Marzola. University &#8230;<\/p>\n","protected":false},"author":1,"featured_media":0,"parent":0,"menu_order":0,"comment_status":"closed","ping_status":"closed","template":"","meta":{"footnotes":""},"class_list":["post-14","page","type-page","status-publish","hentry"],"_links":{"self":[{"href":"https:\/\/wpd.ugr.es\/~josema\/wordpress\/wp-json\/wp\/v2\/pages\/14","targetHints":{"allow":["GET"]}}],"collection":[{"href":"https:\/\/wpd.ugr.es\/~josema\/wordpress\/wp-json\/wp\/v2\/pages"}],"about":[{"href":"https:\/\/wpd.ugr.es\/~josema\/wordpress\/wp-json\/wp\/v2\/types\/page"}],"author":[{"embeddable":true,"href":"https:\/\/wpd.ugr.es\/~josema\/wordpress\/wp-json\/wp\/v2\/users\/1"}],"replies":[{"embeddable":true,"href":"https:\/\/wpd.ugr.es\/~josema\/wordpress\/wp-json\/wp\/v2\/comments?post=14"}],"version-history":[{"count":2,"href":"https:\/\/wpd.ugr.es\/~josema\/wordpress\/wp-json\/wp\/v2\/pages\/14\/revisions"}],"predecessor-version":[{"id":213,"href":"https:\/\/wpd.ugr.es\/~josema\/wordpress\/wp-json\/wp\/v2\/pages\/14\/revisions\/213"}],"wp:attachment":[{"href":"https:\/\/wpd.ugr.es\/~josema\/wordpress\/wp-json\/wp\/v2\/media?parent=14"}],"curies":[{"name":"wp","href":"https:\/\/api.w.org\/{rel}","templated":true}]}}