{"id":18,"date":"2020-06-15T11:32:28","date_gmt":"2020-06-15T11:32:28","guid":{"rendered":"https:\/\/wpd.ugr.es\/~josema\/wordpress\/?page_id=18"},"modified":"2025-05-09T07:54:43","modified_gmt":"2025-05-09T07:54:43","slug":"projects-contracts-and-patents","status":"publish","type":"page","link":"https:\/\/wpd.ugr.es\/~josema\/wordpress\/projects-contracts-and-patents\/","title":{"rendered":"Projects, contracts and patents"},"content":{"rendered":"\n<h2 class=\"has-text-align-center wp-block-heading\"><mark style=\"background-color:rgba(0, 0, 0, 0)\" class=\"has-inline-color has-vivid-green-cyan-color\">PROJECTS<\/mark><\/h2>\n\n\n\n<p class=\"has-vivid-green-cyan-color has-text-color has-medium-font-size\"><strong>Active projects<\/strong><\/p>\n\n\n\n<p><\/p>\n\n\n\n<h4 class=\"wp-block-heading\">AVOIDING THE NEGATIVE IMPACTS PRODUCED BY PLASTIC MATERIALS IN HUMANITARIAN CONTEXTS (ANIPH) <\/h4>\n\n\n\n<p>Ref: 101181943<br>Funding: HORIZON-CL6-2024-CIRCBIO-01-5 (Enero 2025 &#8211; Diciembre 2028) <\/p>\n\n\n\n<p>Web page: <a href=\"https:\/\/aniph.eu\/ \">https:\/\/aniph.eu\/ <\/a><\/p>\n\n\n\n<h4 class=\"wp-block-heading\">ESTUDIO DE LA COMPOSICI\u00d3N Y ACTIVIDAD DE SUSTANCIAS POLIM\u00c9RICAS EXTRACELULARES SECRETADAS DURANTE LAS DIFERENTES FASES DE CRECIMIENTO DEL PAR\u00c1SITO DE LA ABEJA DE LA MIEL <em>Lotmaria passsim<\/em>.<\/h4>\n\n\n\n<p>Ref: IIIMP7<br>Funding: Instituto de Biotecnolog\u00eda (IBT), Universidad de Granada (Enero 2025- Diciembre 2025)<\/p>\n\n\n\n<h4 class=\"wp-block-heading\">HIDROGELES SOSTENIBLES A BASE DE PROTE\u00cdNAS PARA APLICACIONES BIOM\u00c9DICAS<\/h4>\n\n\n\n<p>Ref: PID2023-152537OB-I00.<br>Funding: Ministerio de Ciencia e Innovaci\u00f3n (Septiembre 2024- Agosto 2027)<\/p>\n\n\n\n<p class=\"has-vivid-green-cyan-color has-text-color has-medium-font-size\"><strong>Finished projects<\/strong> <\/p>\n\n\n\n<h4 class=\"wp-block-heading\">ESTUDIO DE LA CAPACIDAD DE LOS POLIOXOMETALATOS COMO SENSOR DE ACTIVIDAD METAB\u00d3LICA EN C\u00c9LULAS QUIESCENTES<\/h4>\n\n\n\n<p>Ref: IIMP9<br>Funding: Instituto de Biotecnolog\u00eda (IBT), Universidad de Granada (Enero 2024- Diciembre 2024)<\/p>\n\n\n\n<h4 class=\"wp-block-heading\">Probcel &#8211; CELULOSA PROBI\u00d3TICA. UN NUEVO MATERIAL PARA EL TRATAMIENTO DE INFECCIONES POR BACTERIAS RESISTENTES A ANTIBI\u00d3TICOS\/PROBIOTIC CELLULOSE. A NEW MATERIAL FOR THE TREATMENT OF ANTIBIOTIC-RESISTANT BACTERIA INFECTIONS<\/h4>\n\n\n\n<p>Ref: PDC2022-133234-I00<br>Funding: Ministerio de Ciencia e Innovaci\u00f3n (Diciembre 2022 &#8211; Noviembre 2024)<\/p>\n\n\n\n<h4 class=\"wp-block-heading\">SOPnano &#8211; ESCALADO Y OPTIMIZACI\u00d3N DE LA PRODUCCI\u00d3N DE NANOELICITORES PARA FORTIFICAR E INDUCIR DEFENSAS NATURALES EN PLANTAS \/ VALIDATION OF PLATFORM FOR CAPTURE, LABELLING AND ANALYSIS OF EXOSOMES BY MASS CYTOMETRY<\/h4>\n\n\n\n<p>Ref: PDC2022-133191-I00<br>Funding: Ministerio de Ciencia e Innovaci\u00f3n (Diciembre 2022 &#8211; Noviembre 2024)<\/p>\n\n\n\n<h4 class=\"wp-block-heading\">DETECCI\u00d3N Y MONITORIZACI\u00d3N IN-SITU DE IONES INORG\u00c1NICOS EN SUELOS MEDIANTE EL USO DE POLIOXOMETALATOS (iPOM)<\/h4>\n\n\n\n<p>Ref: TED2021-120392A-I00<br>Funding: Ministerio de Ciencia e Innovaci\u00f3n (Diciembre 2022 &#8211; Noviembre 2024)<\/p>\n\n\n\n<h4 class=\"wp-block-heading\">BIOMATERIALES BASADOS EN BIOPOL\u00cdMEROS COMPATIBLES Y PROBI\u00d3TICOS: NUEVOS ANTIBACTERIANOS \u00abANTIBIOVTC-FREE\u00bb PARA UNA ERA POST-ANTIBI\u00d3TICO<\/h4>\n\n\n\n<p>Ref: PPJIA2021-24<br>Funding: Universidad de Granada (Enero 2022 &#8211; Diciembre 2022)<\/p>\n\n\n\n<h4 class=\"wp-block-heading\">CELULOSA PROBI\u00d3TICA: UN BIOMATERIAL \u00abANTIBIOTIC-FREE\u00bb PARA INFECCIONES T\u00d3PICAS<\/h4>\n\n\n\n<p>Ref: IPR-850<br>Funding: Universidad de Granada y fondos FEDER (2021-2023)<\/p>\n\n\n\n<h4 class=\"wp-block-heading\">NANOFERTILIZANTES INTELIGENTES PARA UNA AGRICULTURA M\u00c1S EFICIENTE Y SOSTENIBLE (NanoFERTi)<\/h4>\n\n\n\n<p>Ref: P18-TP-969<br>Funding: Junta de Andaluc\u00eda, PAIDI 2020 (2021-2023)<\/p>\n\n\n\n<h4 class=\"wp-block-heading\">AEROGELES BASADOS EN BIOPOL\u00cdMEROS Y NANOPART\u00cdCULAS MET\u00c1LICAS PARA APLICACIONES BIOM\u00c9DICAS<\/h4>\n\n\n\n<p>Ref: PID2019-111461GB-I00<br>Funding: Ministerio Ciencia (Junio 2020-Mayo 2023)<\/p>\n\n\n\n<h4 class=\"wp-block-heading\">NANOFIBRAS MAGN\u00c9TICAS PARA LA DETECCI\u00d3N TEMPRANA DE DEP\u00d3SITOS AMILOIDES EN LA ENFERMEDAD DE ALZHEIMER<\/h4>\n\n\n\n<p>Ref: P18-RT-1373<br>Funding: Ministerio Ciencia (Enero 2020 -Mayo 2023)<\/p>\n\n\n\n<h4 class=\"wp-block-heading\">RED NACIONAL. MULTIFUNCTIONAL METALLODRUGS IN DIAGNOSIS AND THERAPY<\/h4>\n\n\n\n<p>Ref: RED2018-102471-T<br>Funding: Ministerio Ciencia (2020 \u2013 2022)<\/p>\n\n\n\n<h4 class=\"wp-block-heading\">S\u00cdNTESIS Y CARACTERIZACI\u00d3N DE NANOPART\u00cdCULAS DE APATITO DOPADAS CON UREA Y JASMONATO DE METILO<\/h4>\n\n\n\n<p>Ref: RTI2018-095794-A-C22<br>Funding: Ministerio de Ciencia, Innovaci\u00f3n y Universidades (2019-2021)<\/p>\n\n\n\n<h4 class=\"wp-block-heading\">NATURE-INSPIRED NANO-COMPOSITES ENABLING SMART TECHNOLOGIES (nanoSMART)<\/h4>\n\n\n\n<p>Ref: RYC-2016-21042<br>Funding: Ministerio de Econom\u00eda y Competitividad. Ram\u00f3n y Cajal Call 2016 (2018-2023)<\/p>\n\n\n\n<h4 class=\"wp-block-heading\">NANO-NUTRAC\u00c9UTICOS VEGETALES CON ACTIVIDAD ANTITUMORAL FRENTE AL C\u00c1NCER DE COLON<\/h4>\n\n\n\n<p>Ref: RTC-2017-6540-1<br>Funding: Plan Nacional Retos-Colaboraci\u00f3n (2018-2021)<\/p>\n\n\n\n<h4 class=\"wp-block-heading\">HIDROGELES MUCOADHESIVOS BASADOS EN EXOPOLISAC\u00c1RIDOS DE BACTERIAS<\/h4>\n\n\n\n<p>Funding: Unidad de Excelencia en Qu\u00edmica aplicada a Biomedicina y Medio Ambiente, Universidad de Granada (Octubre 2018 &#8211; Octubre 2019)<\/p>\n\n\n\n<h4 class=\"wp-block-heading\">NANOQU\u00cdMICA CON BACTERIAS, BIOPOL\u00cdMEROS Y BIOFIBRAS<\/h4>\n\n\n\n<p>Ref:CTQ2015-64538<br>Funding: MINECO (Diciembre 2015- Diciembre 2019)<\/p>\n\n\n\n<h4 class=\"wp-block-heading\">RED NACIONAL METALES EN TERAPIA Y DIAGN\u00d3STICO<\/h4>\n\n\n\n<p>Ref:CTQ2015-70371-REDT<br>Funding: MINECO<br>Principal researcher: Patricio G\u00e1mez Enamorado (Universidad de Barcelona)<\/p>\n\n\n\n<h4 class=\"wp-block-heading\">MAGNETIC-FLUORESCENT BIONANOPARTICLES FOR THERANOSTIC APPLICATIONS<\/h4>\n\n\n\n<p>Ref:CTQ2012-32236<br>Funding: MINECO (Enero 2013 \u2013 Diciembre 2015)<\/p>\n\n\n\n<h4 class=\"wp-block-heading\">ACCI\u00d3N INTEGRADA ITALO-ESPA\u00d1OLA: NEWS BIMODAL MRI AND OI AGENTS FOR DIAGNOSIS OF CANCER<\/h4>\n\n\n\n<p>Funding: MICINN (2010 \u2013 2012), 10.000 \u20ac<br>Principal researcher: JOS\u00c9 M. DOM\u00cdNGUEZ VERA (Universidad de Granada)<br>UGR, University of Verona (Italy)<\/p>\n\n\n\n<h4 class=\"wp-block-heading\">MULTIFUNCIONAL METALLIC NANOPARTICLES USING BIOPLATFORMS. BIOMEDICAL APPLICATIONS<\/h4>\n\n\n\n<p>Ref.: CTQ2009-09344<br>Funding: MICINN (2009 \u2013 2012)<br><\/p>\n\n\n\n<hr class=\"wp-block-separator has-css-opacity\"\/>\n\n\n\n<h2 class=\"has-text-align-center wp-block-heading\"><mark style=\"background-color:rgba(0, 0, 0, 0)\" class=\"has-inline-color has-vivid-green-cyan-color\">CONTRACTS<\/mark><\/h2>\n\n\n\n<h4 class=\"wp-block-heading\">Nuevas Estrategias de Innovaci\u00f3n Tecnol\u00f3gicas Orientadas a la Salud y el Bienestar Infantil y de la Mujer (CARMENTA)<\/h4>\n\n\n\n<p>Company: BIOSEARCH Life SA (2015 \u2013 2017)<\/p>\n\n\n\n<h4 class=\"wp-block-heading\">\u00abNANOPROB\u00bb: A new form of iron supplement.<\/h4>\n\n\n\n<p>Company: BIOSEARCH Life SA (2014 \u2013 2015)<\/p>\n\n\n\n<h4 class=\"wp-block-heading\">New applications of probiotics.<\/h4>\n\n\n\n<p>Company: BIOSEARCH Life SA (2011 \u2013 2014)<br><\/p>\n\n\n\n<hr class=\"wp-block-separator has-css-opacity\"\/>\n\n\n\n<h2 class=\"has-text-align-center wp-block-heading\"><mark style=\"background-color:rgba(0, 0, 0, 0)\" class=\"has-inline-color has-vivid-green-cyan-color\">PATENTS<\/mark><\/h2>\n\n\n\n<ol class=\"wp-block-list\">\n<li>Dominguez-Vera, J.M.; Galvez, N.; Delgado-L\u00f3pez, J.M.; Ram\u00edrez-Rodr\u00edguez, G.B.; Gonz\u00e1lez, A.; Sabio, L. <span class=\"has-inline-color has-very-dark-gray-color\">Biomaterial compuesto por celulosa bacteriana y probi\u00f3ticos y usos del mismo<\/span>. P202030674 (2020). Oficina espa\u00f1ola de patentes y marcas (OEPM)<\/li>\n\n\n\n<li>Dominguez-Vera, J.M.; Galvez, N.; Delgado-L\u00f3pez, J.M.; Ram\u00edrez-Rodr\u00edguez, G.B.; Gonz\u00e1lez, A.; Sabio, L.; Ba\u00f1uelos, O.; Olivares, M. <span class=\"has-inline-color has-very-dark-gray-color\">BIOCOMPOSITES COMPRISING PROBIOTICS, COLLAGEN AND BACTERIAL EXTRACELLULAR POLYSACCHARIDE AND USES THEREOF<\/span>. 20382195.4 &#8211; 1112 (2020). Transferred to BIOSEARCH LIFE SA<\/li>\n\n\n\n<li>Dominguez-Vera, J.M.; Galvez, N.; Martin, M.; Carmona, F., Rondon, D.; Olivares, M. <span class=\"has-inline-color has-very-dark-gray-color\">PROBIOTIC BACTERIA COMPRISING METALS, METAL NANOPARTICLES AND USES THEREOF<\/span>. P8748EP00 (2013). PCT\/EP2014\/063246. Transferred to BIOSEARCH LIFE SA<\/li>\n\n\n\n<li>Dominguez-Vera, J.M.; Galvez, N.; Fernandez, B.; Valero, E.; Calvino, J.J. <span class=\"has-inline-color has-very-dark-gray-color\">Multifunctional nanostructures as SPECT\/MRI bimodal diagnosis agents<\/span>. Universidad de Granada, Universidad de C\u00e1diz PCT Int. Appl. (2011), CODEN: PIXXD2 WO 2011045454 A2 20110421.<\/li>\n\n\n\n<li>Dominguez-Vera, J.M.; Galvez, N.; Valero, E.; Sanchez, P. <span class=\"has-inline-color has-very-dark-gray-color\">Multifunctional vectorized nanostructures that can be used as contrast imaging agents for optical imaging using MRI, fluorescence OI or scintigraphy for cancer diagnosis<\/span>. UGR, UCA PCT Int. Appl. (2011), CODEN: PIXXD2 WO 2011070203 A2 20110616<\/li>\n\n\n\n<li>Dominguez-Vera, J.M.; Galvez, N.; Fernandez, B.; Valero, E.; Boschi, F.; Calderan, L.; Marzola, P.; Calvino, J.J.; Hungria, A.B.; Cuesta, R. <span class=\"has-inline-color has-very-dark-gray-color\">Multifunctional nanostructures as trimodal MRI\/OI\/SPECT diagnosis agents<\/span>. UGR, UCA, UJAEN, Universidad de Verona. PCT Int. Appl. (2011), CODEN: PIXXD2 WO 2011070212 A2 20110616.<\/li>\n<\/ol>\n","protected":false},"excerpt":{"rendered":"<p>PROJECTS Active projects AVOIDING THE NEGATIVE IMPACTS PRODUCED BY PLASTIC MATERIALS IN HUMANITARIAN CONTEXTS (ANIPH) Ref: 101181943Funding: HORIZON-CL6-2024-CIRCBIO-01-5 (Enero 2025 &#8211; Diciembre 2028) Web page: https:\/\/aniph.eu\/ ESTUDIO DE LA COMPOSICI\u00d3N &#8230;<\/p>\n","protected":false},"author":1,"featured_media":0,"parent":0,"menu_order":0,"comment_status":"closed","ping_status":"closed","template":"","meta":{"footnotes":""},"class_list":["post-18","page","type-page","status-publish","hentry"],"_links":{"self":[{"href":"https:\/\/wpd.ugr.es\/~josema\/wordpress\/wp-json\/wp\/v2\/pages\/18","targetHints":{"allow":["GET"]}}],"collection":[{"href":"https:\/\/wpd.ugr.es\/~josema\/wordpress\/wp-json\/wp\/v2\/pages"}],"about":[{"href":"https:\/\/wpd.ugr.es\/~josema\/wordpress\/wp-json\/wp\/v2\/types\/page"}],"author":[{"embeddable":true,"href":"https:\/\/wpd.ugr.es\/~josema\/wordpress\/wp-json\/wp\/v2\/users\/1"}],"replies":[{"embeddable":true,"href":"https:\/\/wpd.ugr.es\/~josema\/wordpress\/wp-json\/wp\/v2\/comments?post=18"}],"version-history":[{"count":11,"href":"https:\/\/wpd.ugr.es\/~josema\/wordpress\/wp-json\/wp\/v2\/pages\/18\/revisions"}],"predecessor-version":[{"id":211,"href":"https:\/\/wpd.ugr.es\/~josema\/wordpress\/wp-json\/wp\/v2\/pages\/18\/revisions\/211"}],"wp:attachment":[{"href":"https:\/\/wpd.ugr.es\/~josema\/wordpress\/wp-json\/wp\/v2\/media?parent=18"}],"curies":[{"name":"wp","href":"https:\/\/api.w.org\/{rel}","templated":true}]}}