{"id":1213,"date":"2020-01-06T19:45:26","date_gmt":"2020-01-06T18:45:26","guid":{"rendered":"http:\/\/wpd.ugr.es\/~jperez\/?page_id=1213"},"modified":"2020-03-05T09:17:13","modified_gmt":"2020-03-05T08:17:13","slug":"algebra-lineal-y-geometria-ii","status":"publish","type":"page","link":"https:\/\/wpd.ugr.es\/~jperez\/algebra-lineal-y-geometria-ii\/","title":{"rendered":"Algebra Lineal y Geometr\u00eda II"},"content":{"rendered":"<div class=\"post\">\n<div class=\"entry\">\n<p>Bienvenido a la p\u00e1gina web de la asignatura ALGEBRA LINEAL Y GEOMETRIA II (Grupo B), obligatoria de 7&#8217;5 cr\u00e9ditos del segundo semestre del primer curso del Grado en F\u00edsicas de la UGR. Aqu\u00ed encontrar\u00e1s material relacionado con la asignatura.<\/p>\n<ul>\n<li><a href=\"https:\/\/wpd.ugr.es\/~jperez\/wordpress\/wp-content\/uploads\/GuiaDocenteALyG2_2019-20.pdf\">Guia Docente<\/a><\/li>\n<\/ul>\n<\/div>\n<\/div>\n<h2>Horario de clases<\/h2>\n<table>\n<tbody>\n<tr dir=\"ltr\" style=\"background: #e0e0e0;\">\n<th dir=\"ltr\">HORA<\/th>\n<th dir=\"ltr\">LUNES<\/th>\n<th dir=\"ltr\">MARTES<\/th>\n<th dir=\"ltr\">MIERCOLES<\/th>\n<th dir=\"ltr\">JUEVES<\/th>\n<th dir=\"ltr\">VIERNES<\/th>\n<\/tr>\n<tr dir=\"ltr\">\n<td dir=\"ltr\" style=\"background: #e0e0e0;\">10-11<\/td>\n<td dir=\"ltr\"><\/td>\n<td dir=\"ltr\"><\/td>\n<td dir=\"ltr\"><\/td>\n<td dir=\"ltr\">Grupo reducido B1 (Aula G08)<\/td>\n<td dir=\"ltr\"><\/td>\n<\/tr>\n<tr dir=\"ltr\">\n<td dir=\"ltr\" style=\"background: #e0e0e0;\">11-12<\/td>\n<td dir=\"ltr\">Grupo amplio (Aula G08)<\/td>\n<td dir=\"ltr\">Grupo amplio (Aula G08)<\/td>\n<td dir=\"ltr\">Grupo amplio (Aula G08)<\/td>\n<td dir=\"ltr\">Grupo reducido B2 (Aula A26)<\/td>\n<td dir=\"ltr\"><\/td>\n<\/tr>\n<\/tbody>\n<\/table>\n<h2>Tutor\u00edas<\/h2>\n<ul>\n<li> Presenciales: Martes y Jueves de 17:30 a 20:30h, despacho 4 del Departamento de Geometr\u00eda y Topolog\u00eda, o bien<br \/>\nDespacho de Direcci\u00f3n Instituto de Matem\u00e1ticas IEMath-GR (se ruega avisar antes por correo electr\u00f3nico)<\/li>\n<li> Por correo electr\u00f3nico: escribir a <a href=\"mailto:jperez@ugr.es\">jperez@ugr.es<\/a><\/li>\n<\/ul>\n<h2>Convocatorias de ex\u00e1menes<\/h2>\n<ul>\n<li> Convocatoria ordinaria de junio: Mi\u00e9rcoles 17 de junio de 2020<\/li>\n<li> Convocatoria extraordinaria (antigua convocatoria de septiembre): Viernes 10 de julio de 2020<\/li>\n<\/ul>\n<h2 class=\"title\">Material de la asignatura<\/h2>\n<ul>\n<li> <a href=\"https:\/\/wpd.ugr.es\/~jperez\/wordpress\/wp-content\/uploads\/raiz_ALyGII.pdf\">Apuntes en formato pdf<\/a> (incluye ejercicios propuestos)<\/li>\n<p><!-- \n\t\n\n<li><a href=\"https:\/\/wpd.ugr.es\/~jperez\/wordpress\/wp-content\/uploads\/determinante-por-cajas.pdf\">C\u00e1lculo de un determinante por cajas (\u00fatil para hacer el problema 14 del tema de diagonalizaci\u00f3n)<\/a><\/li>\n\n\n\t\n\n<li><a href=\"https:\/\/wpd.ugr.es\/~jperez\/wordpress\/wp-content\/uploads\/Control1.pdf\">Control del tema de diagonalizaci\u00f3n, curso 2017-2018<\/a><\/li>\n\n\n\n\n<li> <a href=\"https:\/\/wpd.ugr.es\/~jperez\/wordpress\/wp-content\/uploads\/SolControl1.pdf\">Soluciones de la prueba del tema de diagonalizaci\u00f3n, curso 2018-2019<\/a><\/li>\n\n\n \n\n<li> <a href=\"https:\/\/wpd.ugr.es\/~jperez\/wordpress\/wp-content\/uploads\/Calif-Tema-1-1.pdf\">Calificaciones de la prueba del tema de diagonalizaci\u00f3n<\/a>\n\t\n\n<li><a href=\"https:\/\/wpd.ugr.es\/~jperez\/wordpress\/wp-content\/uploads\/tensor-determinante.pdf\">El tensor determinante<\/a><\/li>\n\n\n\t\n\n<li><a href=\"https:\/\/wpd.ugr.es\/~jperez\/wordpress\/wp-content\/uploads\/Criterio-Descartes.pdf\">Criterio de Descartes sobre el n\u00famero de ra\u00edces positivas de un polinomio<\/a><\/li>\n\n\n        \n\n<li> <a href=\"https:\/\/wpd.ugr.es\/~jperez\/wordpress\/wp-content\/uploads\/SolControl2-1.pdf\">Soluciones de la prueba del tema de espacios vectoriales m\u00e9tricos, curso 2018-2019<\/a><\/li>\n\n\n\n\n\n<li> <a href=\"https:\/\/wpd.ugr.es\/~jperez\/wordpress\/wp-content\/uploads\/Calif-Tema-2.pdf\">Calificaciones de la prueba del tema de espacios vectoriales m\u00e9tricos<\/a>\n        \n\n<li><a href=\"https:\/\/wpd.ugr.es\/~jperez\/wordpress\/wp-content\/uploads\/Control2.pdf\">Control del tema de formas bilineales y cuadr\u00e1ticas, curso 2017-2018<\/a><\/li>\n\n\n\t\n\n<li><a href=\"https:\/\/wpd.ugr.es\/~jperez\/wordpress\/wp-content\/uploads\/Control3.pdf\">Control del tema de espacios vectoriales m\u00e9tricos eucl\u00eddeos, curso 2017-2018<\/a><\/li>\n\n\n        \n\n<li> <a href=\"https:\/\/wpd.ugr.es\/~jperez\/wordpress\/wp-content\/uploads\/Solfinal-1.pdf\">Soluciones del examen final, curso 2018-2019<\/a><\/li>\n\n\n        \n\n<li> <a href=\"https:\/\/prado.ugr.es\/moodle\/mod\/forum\/discuss.php?d=343021\" rel=\"noopener noreferrer\" target=\"_blank\">Calificaciones finales de Junio<\/a> (Acceso a Prado 2)\n        \n\n<li> <a href=\"https:\/\/wpd.ugr.es\/~jperez\/wordpress\/wp-content\/uploads\/Sol_extraordinario-1.pdf\">Soluciones del examen extraordinario, curso 2018-2019<\/a><\/li>\n\n\n\t\n\n<li><a href=\"https:\/\/wpd.ugr.es\/~jperez\/wordpress\/wp-content\/uploads\/final.pdf\">Examen final de la asignatura, curso 2017-2018<\/a><\/li>\n\n\n\t\n\n<li><a href=\"https:\/\/wpd.ugr.es\/~jperez\/wordpress\/wp-content\/uploads\/extraordinario.pdf\">Examen extraordinario de la asignatura, curso 2017-2018<\/a><\/li>\n\n\n\n\n<li> <a href=\"https:\/\/wpd.ugr.es\/~jperez\/wordpress\/wp-content\/uploads\/ejerc21-Diagonalizacion.pdf\">Resoluci\u00f3n del problema 21 del tema de diagonalizaci\u00f3n<\/a><\/li>\n\n\n\n\n<li> <a href=\"https:\/\/wpd.ugr.es\/~jperez\/wordpress\/wp-content\/uploads\/Tema3-AutovaloresAutovectores.pdf\">Notas sobre diagonalizaci\u00f3n<\/a>, del Profesor Miguel S\u00e1nchez (incluye ejercicios)<\/li>\n\n\n\n\n<li> <a href=\"https:\/\/wpd.ugr.es\/~jperez\/wordpress\/wp-content\/uploads\/Tema5-EVEuclideo.pdf\">Notas sobre espacios vectoriales eucl\u00eddeos<\/a>, del Profesor Manuel Barros (incluye ejercicios)\n\n\n<li> <a href=\"https:\/\/wpd.ugr.es\/~jperez\/wordpress\/wp-content\/uploads\/SolControl2.pdf\">Soluciones de la prueba del tema de formas bilineales y cuadr\u00e1ticas<\/a><\/li>\n\n\n\n\n<li> <a href=\"https:\/\/wpd.ugr.es\/~jperez\/wordpress\/wp-content\/uploads\/SolControl3.pdf\">Soluciones de la prueba del tema de espacios vectoriales m\u00e9tricos eucl\u00eddeos<\/a><\/li>\n\n\n\n\n<li> <a href=\"https:\/\/wpd.ugr.es\/~jperez\/wordpress\/wp-content\/uploads\/Solfinal.pdf\">Soluciones del examen final, convocatoria ordinaria de junio<\/a><\/li>\n\n\n\n\n<li> <a href=\"https:\/\/wpd.ugr.es\/~jperez\/wordpress\/wp-content\/uploads\/Calif-junio.pdf\">Calificaciones finales de la convocatoria ordinaria de junio<\/a><\/li>\n\n\n\n\n<li> <a href=\"https:\/\/wpd.ugr.es\/~jperez\/wordpress\/wp-content\/uploads\/Sol_extraordinario.pdf\">Soluciones del examen de la convocatoria extraordinaria de julio<\/a><\/li>\n\n\n\n\n<li> <a href=\"https:\/\/wpd.ugr.es\/~jperez\/wordpress\/wp-content\/uploads\/Calif-julio.pdf\">Calificaciones finales de la convocatoria extraordinaria de julio<\/a><\/li>\n\n\n-->\n<\/ul>\n<p><!-- \n\n\n<h2 class=\"title\">Otros<\/h2>\n\n\n\n\n<ol>\n\n\n<li><a href=\"https:\/\/wpd.ugr.es\/~jperez\/wordpress\/wp-content\/uploads\/Calif-Temas-12.pdf\">Calificaciones de la prueba del tema de formas bilineales y cuadr\u00e1ticas<\/a>\n<strong>Observaciones sobre la prueba:<\/strong> Las calificaciones obtenidas son, de nuevo, bajas. Salvo en casos escasos, son peores que las obtenidas en el control del tema 1. De nuevo los fallos principales son del tipo de los explicados arriba: segu\u00eds fallando en la pregunta te\u00f3rica, a menudo porque no sab\u00e9is ordenar un razonamiento o expresarlo correctamente.\n<\/li>\n\n\n\n\n<li><a href=\"https:\/\/wpd.ugr.es\/~jperez\/wordpress\/wp-content\/uploads\/Calif-Temas-123.pdf\">Calificaciones de la prueba del tema de espacios vectoriales m\u00e9tricos eucl\u00eddeos<\/a>\n<\/ol>\n\n\n--><\/p>\n","protected":false},"excerpt":{"rendered":"<p>Bienvenido a la p\u00e1gina web de la asignatura ALGEBRA LINEAL Y GEOMETRIA II (Grupo B), obligatoria de 7&#8217;5 cr\u00e9ditos del&hellip;<\/p>\n","protected":false},"author":1,"featured_media":0,"parent":0,"menu_order":0,"comment_status":"closed","ping_status":"closed","template":"","meta":{"_monsterinsights_skip_tracking":false,"_monsterinsights_sitenote_active":false,"_monsterinsights_sitenote_note":"","_monsterinsights_sitenote_category":0,"footnotes":""},"class_list":["post-1213","page","type-page","status-publish","hentry"],"_links":{"self":[{"href":"https:\/\/wpd.ugr.es\/~jperez\/wp-json\/wp\/v2\/pages\/1213","targetHints":{"allow":["GET"]}}],"collection":[{"href":"https:\/\/wpd.ugr.es\/~jperez\/wp-json\/wp\/v2\/pages"}],"about":[{"href":"https:\/\/wpd.ugr.es\/~jperez\/wp-json\/wp\/v2\/types\/page"}],"author":[{"embeddable":true,"href":"https:\/\/wpd.ugr.es\/~jperez\/wp-json\/wp\/v2\/users\/1"}],"replies":[{"embeddable":true,"href":"https:\/\/wpd.ugr.es\/~jperez\/wp-json\/wp\/v2\/comments?post=1213"}],"version-history":[{"count":8,"href":"https:\/\/wpd.ugr.es\/~jperez\/wp-json\/wp\/v2\/pages\/1213\/revisions"}],"predecessor-version":[{"id":1244,"href":"https:\/\/wpd.ugr.es\/~jperez\/wp-json\/wp\/v2\/pages\/1213\/revisions\/1244"}],"wp:attachment":[{"href":"https:\/\/wpd.ugr.es\/~jperez\/wp-json\/wp\/v2\/media?parent=1213"}],"curies":[{"name":"wp","href":"https:\/\/api.w.org\/{rel}","templated":true}]}}